{"id":481523,"date":"2025-03-20T08:36:20","date_gmt":"2025-03-20T08:36:22","guid":{"rendered":"https:\/\/www.erresse-shop.it\/?post_type=product&#038;p=481523"},"modified":"2026-02-17T10:37:20","modified_gmt":"2026-02-17T10:37:20","slug":"riedel-veritas-pay-3-get-4-cabernet","status":"publish","type":"product","link":"https:\/\/www.erresse-shop.it\/de\/shop\/tisch\/trinkglaeser\/riedel-veritas-pay-3-get-4-cabernet\/","title":{"rendered":"RIEDEL Veritas Pay 3 Get 4 Cabernet"},"content":{"rendered":"<article class=\"group\/turn w-full text-token-text-primary focus-visible:outline-2 focus-visible:outline-offset-[-4px]\" dir=\"auto\" tabindex=\"-1\" data-testid=\"conversation-turn-10\" data-scroll-anchor=\"true\">\n<div class=\"text-base my-auto mx-auto py-[18px] px-6\">\n<div class=\"mx-auto flex flex-1 text-base gap-4 md:gap-5 lg:gap-6 md:max-w-3xl\">\n<div class=\"group\/conversation-turn relative flex w-full min-w-0 flex-col agent-turn @xs\/thread:px-0 @sm\/thread:px-1.5 @md\/thread:px-4\">\n<div class=\"flex-col gap-1 md:gap-3\">\n<div class=\"flex max-w-full flex-col flex-grow\">\n<div class=\"min-h-8 text-message relative flex w-full flex-col items-end gap-2 whitespace-normal break-words text-start [.text-message+&amp;]:mt-5\" dir=\"auto\" data-message-author-role=\"assistant\" data-message-id=\"8f2a676c-74ea-4120-a2ff-e9546a300ccf\" data-message-model-slug=\"gpt-4o-mini\">\n<div class=\"flex w-full flex-col gap-1 empty:hidden first:pt-[3px]\">\n<div class=\"markdown prose w-full break-words dark:prose-invert dark\">\n<p data-start=\"0\" data-end=\"60\"><strong data-start=\"0\" data-end=\"60\">RIEDEL Veritas Cabernet-Set \u2013 4 Gl\u00e4ser zum Preis von 3<\/strong><\/p>\n<p data-start=\"62\" data-end=\"539\">Das RIEDEL Cabernet-Glas ist ideal f\u00fcr komplexe, vollmundige Rotweine mit hohem Tanningehalt. Die gro\u00dfz\u00fcgige Gr\u00f6\u00dfe des Glases l\u00e4sst das Bouquet des Weines voll zur Geltung kommen, mildert raue Tannine und betont den Fruchtcharakter. Perfekt f\u00fcr die perfekte Balance strukturierterer Weine. Dieses Glas verfeinert jeden Schluck und tr\u00e4gt dazu bei, die Bitterkeit der Tannine zu reduzieren \u2013 f\u00fcr ein perfekt ausgewogenes Geschmackserlebnis.<\/p>\n<p data-start=\"541\" data-end=\"883\">Als Teil der 2014 eingef\u00fchrten RIEDEL Veritas-Serie setzt dieses Glas weiterhin neue Ma\u00dfst\u00e4be in der Weinglasherstellung. Die Veritas-Serie wurde von Georg J. Riedel, der zehnten Generation der traditionsreichen Familie, kreiert und vereint \u00c4sthetik, Komfort und ein hervorragendes Preis-Leistungs-Verh\u00e4ltnis f\u00fcr ein einzigartiges Genusserlebnis.<\/p>\n<p data-start=\"885\" data-end=\"918\"><strong data-start=\"885\" data-end=\"918\">Produktmerkmale:<\/strong><\/p>\n<ul data-start=\"919\" data-end=\"1336\">\n<li data-start=\"919\" data-end=\"1005\">4er-Set RIEDEL Veritas Cabernet-Gl\u00e4ser (4 zum Preis von 3)<\/li>\n<li data-start=\"1006\" data-end=\"1073\">Perfekt f\u00fcr komplexe, vollmundige und tanninreiche Rotweine<\/li>\n<li data-start=\"1074\" data-end=\"1127\">Hergestellt aus hochwertigem, klarem Kristallglas<\/li>\n<li data-start=\"1128\" data-end=\"1177\">Maschinengeblasen f\u00fcr h\u00f6chste Pr\u00e4zision<\/li>\n<li data-start=\"1178\" data-end=\"1233\">Sp\u00fclmaschinenfest f\u00fcr einfache Pflege<\/li>\n<li data-start=\"1234\" data-end=\"1336\"><strong data-start=\"1236\" data-end=\"1247\">Premium<\/strong>: Maschinengeblasen f\u00fcr h\u00f6here Pr\u00e4zision als handgefertigtes Glas<\/li>\n<\/ul>\n<p data-start=\"1338\" data-end=\"1542\" data-is-last-node=\"\" data-is-only-node=\"\">Erweitern Sie Ihre Sammlung mit dem RIEDEL Veritas Cabernet Set und bereichern Sie das Verkostungserlebnis Ihrer Lieblingsrotweine. Profitieren Sie vom Vorteilsangebot und erhalten Sie 4 Gl\u00e4ser zum Preis von 3!<\/p>\n<\/div>\n<\/div>\n<\/div>\n<\/div>\n<\/div>\n<\/div>\n<\/div>\n<\/div>\n<\/article>\n<p data-start=\"1366\" data-end=\"1628\" data-is-last-node=\"\" data-is-only-node=\"\">Fassungsverm\u00f6gen: 709,0 ccm<br \/>\nH\u00f6he: 235,0 mm<\/p>\n","protected":false},"excerpt":{"rendered":"<p>RIEDEL Veritas Cabernet-Set \u2013 4 Gl\u00e4ser zum Preis von 3 Das RIEDEL Cabernet-Glas ist ideal f\u00fcr komplexe, vollmundige Rotweine mit<\/p>\n","protected":false},"featured_media":481556,"template":"","meta":{"_acf_changed":false,"inline_featured_image":false},"product_cat":[6787,6811],"product_tag":[25088,23705,11479,23911,11913,14411,22556,25022,21822,17756],"acf":[],"yoast_head":"<!-- This site is optimized with the Yoast SEO Premium plugin v18.6 (Yoast SEO v19.13) - https:\/\/yoast.com\/wordpress\/plugins\/seo\/ -->\n<title>RIEDEL Veritas Pay 3 Get 4 Cabernet - Erresse Shop<\/title>\n<meta name=\"description\" content=\"RIEDEL Veritas Cabernet-Set \u2013 4 Gl\u00e4ser zum Preis von 3 Das RIEDEL Cabernet-Glas ist ideal f\u00fcr komplexe, vollmundige Rotweine mit hohem Tanningehalt. Die\" \/>\n<meta name=\"robots\" content=\"index, follow, max-snippet:-1, max-image-preview:large, max-video-preview:-1\" \/>\n<link rel=\"canonical\" href=\"https:\/\/www.erresse-shop.it\/de\/shop\/tisch\/trinkglaeser\/riedel-veritas-pay-3-get-4-cabernet\/\" \/>\n<meta property=\"og:locale\" content=\"de_DE\" \/>\n<meta property=\"og:type\" content=\"article\" \/>\n<meta property=\"og:title\" content=\"RIEDEL Veritas Pay 3 Get 4 Cabernet\" \/>\n<meta property=\"og:description\" content=\"RIEDEL Veritas Cabernet-Set \u2013 4 Gl\u00e4ser zum Preis von 3 Das RIEDEL Cabernet-Glas ist ideal f\u00fcr komplexe, vollmundige Rotweine mit hohem Tanningehalt. Die\" \/>\n<meta property=\"og:url\" content=\"https:\/\/www.erresse-shop.it\/de\/shop\/tisch\/trinkglaeser\/riedel-veritas-pay-3-get-4-cabernet\/\" \/>\n<meta property=\"og:site_name\" content=\"Erresse Shop\" \/>\n<meta property=\"article:modified_time\" content=\"2026-02-17T10:37:20+00:00\" \/>\n<meta property=\"og:image\" content=\"https:\/\/www.erresse-shop.it\/wp-content\/uploads\/2025\/03\/RIEDEL-Veritas-Pay-3-Get-4-Cabernet.jpg\" \/>\n\t<meta property=\"og:image:width\" content=\"1200\" \/>\n\t<meta property=\"og:image:height\" content=\"1200\" \/>\n\t<meta property=\"og:image:type\" content=\"image\/jpeg\" \/>\n<meta name=\"twitter:card\" content=\"summary_large_image\" \/>\n<script type=\"application\/ld+json\" class=\"yoast-schema-graph\">{\"@context\":\"https:\/\/schema.org\",\"@graph\":[{\"@type\":\"WebPage\",\"@id\":\"https:\/\/www.erresse-shop.it\/de\/shop\/tisch\/trinkglaeser\/riedel-veritas-pay-3-get-4-cabernet\/\",\"url\":\"https:\/\/www.erresse-shop.it\/de\/shop\/tisch\/trinkglaeser\/riedel-veritas-pay-3-get-4-cabernet\/\",\"name\":\"RIEDEL Veritas Pay 3 Get 4 Cabernet - Erresse Shop\",\"isPartOf\":{\"@id\":\"https:\/\/www.erresse-shop.it\/de\/#website\"},\"datePublished\":\"2025-03-20T08:36:22+00:00\",\"dateModified\":\"2026-02-17T10:37:20+00:00\",\"description\":\"RIEDEL Veritas Cabernet-Set \u2013 4 Gl\u00e4ser zum Preis von 3 Das RIEDEL Cabernet-Glas ist ideal f\u00fcr komplexe, vollmundige Rotweine mit hohem Tanningehalt. Die\",\"breadcrumb\":{\"@id\":\"https:\/\/www.erresse-shop.it\/de\/shop\/tisch\/trinkglaeser\/riedel-veritas-pay-3-get-4-cabernet\/#breadcrumb\"},\"inLanguage\":\"de-DE\",\"potentialAction\":[{\"@type\":\"ReadAction\",\"target\":[\"https:\/\/www.erresse-shop.it\/de\/shop\/tisch\/trinkglaeser\/riedel-veritas-pay-3-get-4-cabernet\/\"]}]},{\"@type\":\"BreadcrumbList\",\"@id\":\"https:\/\/www.erresse-shop.it\/de\/shop\/tisch\/trinkglaeser\/riedel-veritas-pay-3-get-4-cabernet\/#breadcrumb\",\"itemListElement\":[{\"@type\":\"ListItem\",\"position\":1,\"name\":\"Home\",\"item\":\"https:\/\/www.erresse-shop.it\/de\/\"},{\"@type\":\"ListItem\",\"position\":2,\"name\":\"Shop\",\"item\":\"https:\/\/www.erresse-shop.it\/de\/shop\/\"},{\"@type\":\"ListItem\",\"position\":3,\"name\":\"RIEDEL Veritas Pay 3 Get 4 Cabernet\"}]},{\"@type\":\"WebSite\",\"@id\":\"https:\/\/www.erresse-shop.it\/de\/#website\",\"url\":\"https:\/\/www.erresse-shop.it\/de\/\",\"name\":\"Erresse Shop\",\"description\":\"Articoli di qualit\u00e0 per la casa\",\"potentialAction\":[{\"@type\":\"SearchAction\",\"target\":{\"@type\":\"EntryPoint\",\"urlTemplate\":\"https:\/\/www.erresse-shop.it\/de\/?s={search_term_string}\"},\"query-input\":\"required name=search_term_string\"}],\"inLanguage\":\"de-DE\"}]}<\/script>\n<!-- \/ Yoast SEO Premium plugin. -->","yoast_head_json":{"title":"RIEDEL Veritas Pay 3 Get 4 Cabernet - Erresse Shop","description":"RIEDEL Veritas Cabernet-Set \u2013 4 Gl\u00e4ser zum Preis von 3 Das RIEDEL Cabernet-Glas ist ideal f\u00fcr komplexe, vollmundige Rotweine mit hohem Tanningehalt. Die","robots":{"index":"index","follow":"follow","max-snippet":"max-snippet:-1","max-image-preview":"max-image-preview:large","max-video-preview":"max-video-preview:-1"},"canonical":"https:\/\/www.erresse-shop.it\/de\/shop\/tisch\/trinkglaeser\/riedel-veritas-pay-3-get-4-cabernet\/","og_locale":"de_DE","og_type":"article","og_title":"RIEDEL Veritas Pay 3 Get 4 Cabernet","og_description":"RIEDEL Veritas Cabernet-Set \u2013 4 Gl\u00e4ser zum Preis von 3 Das RIEDEL Cabernet-Glas ist ideal f\u00fcr komplexe, vollmundige Rotweine mit hohem Tanningehalt. Die","og_url":"https:\/\/www.erresse-shop.it\/de\/shop\/tisch\/trinkglaeser\/riedel-veritas-pay-3-get-4-cabernet\/","og_site_name":"Erresse Shop","article_modified_time":"2026-02-17T10:37:20+00:00","og_image":[{"width":1200,"height":1200,"url":"https:\/\/www.erresse-shop.it\/wp-content\/uploads\/2025\/03\/RIEDEL-Veritas-Pay-3-Get-4-Cabernet.jpg","type":"image\/jpeg"}],"twitter_card":"summary_large_image","schema":{"@context":"https:\/\/schema.org","@graph":[{"@type":"WebPage","@id":"https:\/\/www.erresse-shop.it\/de\/shop\/tisch\/trinkglaeser\/riedel-veritas-pay-3-get-4-cabernet\/","url":"https:\/\/www.erresse-shop.it\/de\/shop\/tisch\/trinkglaeser\/riedel-veritas-pay-3-get-4-cabernet\/","name":"RIEDEL Veritas Pay 3 Get 4 Cabernet - Erresse Shop","isPartOf":{"@id":"https:\/\/www.erresse-shop.it\/de\/#website"},"datePublished":"2025-03-20T08:36:22+00:00","dateModified":"2026-02-17T10:37:20+00:00","description":"RIEDEL Veritas Cabernet-Set \u2013 4 Gl\u00e4ser zum Preis von 3 Das RIEDEL Cabernet-Glas ist ideal f\u00fcr komplexe, vollmundige Rotweine mit hohem Tanningehalt. Die","breadcrumb":{"@id":"https:\/\/www.erresse-shop.it\/de\/shop\/tisch\/trinkglaeser\/riedel-veritas-pay-3-get-4-cabernet\/#breadcrumb"},"inLanguage":"de-DE","potentialAction":[{"@type":"ReadAction","target":["https:\/\/www.erresse-shop.it\/de\/shop\/tisch\/trinkglaeser\/riedel-veritas-pay-3-get-4-cabernet\/"]}]},{"@type":"BreadcrumbList","@id":"https:\/\/www.erresse-shop.it\/de\/shop\/tisch\/trinkglaeser\/riedel-veritas-pay-3-get-4-cabernet\/#breadcrumb","itemListElement":[{"@type":"ListItem","position":1,"name":"Home","item":"https:\/\/www.erresse-shop.it\/de\/"},{"@type":"ListItem","position":2,"name":"Shop","item":"https:\/\/www.erresse-shop.it\/de\/shop\/"},{"@type":"ListItem","position":3,"name":"RIEDEL Veritas Pay 3 Get 4 Cabernet"}]},{"@type":"WebSite","@id":"https:\/\/www.erresse-shop.it\/de\/#website","url":"https:\/\/www.erresse-shop.it\/de\/","name":"Erresse Shop","description":"Articoli di qualit\u00e0 per la casa","potentialAction":[{"@type":"SearchAction","target":{"@type":"EntryPoint","urlTemplate":"https:\/\/www.erresse-shop.it\/de\/?s={search_term_string}"},"query-input":"required name=search_term_string"}],"inLanguage":"de-DE"}]}},"df_price":39.825,"df_sale_price":39.825,"df_regular_price":88.5,"df_image_link":"https:\/\/www.erresse-shop.it\/wp-content\/uploads\/2025\/03\/RIEDEL-Veritas-Pay-3-Get-4-Cabernet-300x300.jpg","_links":{"self":[{"href":"https:\/\/www.erresse-shop.it\/de\/wp-json\/wp\/v2\/product\/481523"}],"collection":[{"href":"https:\/\/www.erresse-shop.it\/de\/wp-json\/wp\/v2\/product"}],"about":[{"href":"https:\/\/www.erresse-shop.it\/de\/wp-json\/wp\/v2\/types\/product"}],"wp:featuredmedia":[{"embeddable":true,"href":"https:\/\/www.erresse-shop.it\/de\/wp-json\/wp\/v2\/media\/481556"}],"wp:attachment":[{"href":"https:\/\/www.erresse-shop.it\/de\/wp-json\/wp\/v2\/media?parent=481523"}],"wp:term":[{"taxonomy":"product_cat","embeddable":true,"href":"https:\/\/www.erresse-shop.it\/de\/wp-json\/wp\/v2\/product_cat?post=481523"},{"taxonomy":"product_tag","embeddable":true,"href":"https:\/\/www.erresse-shop.it\/de\/wp-json\/wp\/v2\/product_tag?post=481523"}],"curies":[{"name":"wp","href":"https:\/\/api.w.org\/{rel}","templated":true}]}}