{"id":481440,"date":"2025-03-20T08:05:03","date_gmt":"2025-03-20T08:05:06","guid":{"rendered":"https:\/\/www.erresse-shop.it\/?post_type=product&#038;p=481440"},"modified":"2026-02-17T10:42:21","modified_gmt":"2026-02-17T10:42:21","slug":"riedel-veritas-pay-3-get-4-champagner-und-weinglaeser","status":"publish","type":"product","link":"https:\/\/www.erresse-shop.it\/de\/shop\/tisch\/trinkglaeser\/riedel-veritas-pay-3-get-4-champagner-und-weinglaeser\/","title":{"rendered":"RIEDEL Veritas Pay 3 Get 4 Champagner- und Weingl\u00e4ser"},"content":{"rendered":"<article class=\"group\/turn w-full text-token-text-primary focus-visible:outline-2 focus-visible:outline-offset-[-4px]\" dir=\"auto\" tabindex=\"-1\" data-testid=\"conversation-turn-10\" data-scroll-anchor=\"true\">\n<div class=\"text-base my-auto mx-auto py-[18px] px-6\">\n<div class=\"mx-auto flex flex-1 text-base gap-4 md:gap-5 lg:gap-6 md:max-w-3xl\">\n<div class=\"group\/conversation-turn relative flex w-full min-w-0 flex-col agent-turn @xs\/thread:px-0 @sm\/thread:px-1.5 @md\/thread:px-4\">\n<div class=\"flex-col gap-1 md:gap-3\">\n<div class=\"flex max-w-full flex-col flex-grow\">\n<div class=\"min-h-8 text-message relative flex w-full flex-col items-end gap-2 whitespace-normal break-words text-start [.text-message+&amp;]:mt-5\" dir=\"auto\" data-message-author-role=\"assistant\" data-message-id=\"8f2a676c-74ea-4120-a2ff-e9546a300ccf\" data-message-model-slug=\"gpt-4o-mini\">\n<div class=\"flex w-full flex-col gap-1 empty:hidden first:pt-[3px]\">\n<div class=\"markdown prose w-full break-words dark:prose-invert dark\">\n<p data-start=\"0\" data-end=\"74\"><strong data-start=\"0\" data-end=\"74\">RIEDEL Veritas Champagnerglas-Set \u2013 4 Gl\u00e4ser zum Preis von 3<\/strong><\/p>\n<p data-start=\"76\" data-end=\"626\">Entdecken Sie die prickelnde Wirkung des RIEDEL Veritas Champagnerglases. Es wurde entwickelt, um die komplexen Eigenschaften von Champagner und Schaumweinen hervorzuheben. Dank seines Designs k\u00f6nnen die Aromen dieses Glases intensiviert werden. Der gr\u00f6\u00dfere Randdurchmesser gibt die aromatischen Noten einzigartig frei und ist breiter als bei einem herk\u00f6mmlichen Glas. Die Moussierspitze im Glas f\u00f6rdert die Perlbildung und verst\u00e4rkt so die Spritzigkeit und Frische, die f\u00fcr trockene, frische und leichte Champagner typisch ist.<\/p>\n<p data-start=\"628\" data-end=\"995\">Als Teil der revolution\u00e4ren RIEDEL Veritas-Serie, die 2014 auf den Markt kam, setzt dieses Glas erneut Ma\u00dfst\u00e4be in der Weinglasherstellung. Die von Georg J. Riedel, der zehnten Generation der traditionsreichen Familie, kreierte Serie vereint \u00c4sthetik, Komfort und einen attraktiven Preis und kreiert Gl\u00e4ser, die perfekt f\u00fcr jeden Weinliebhaber sind.<\/p>\n<p data-start=\"997\" data-end=\"1030\"><strong data-start=\"997\" data-end=\"1030\">Produktmerkmale:<\/strong><\/p>\n<ul data-start=\"1031\" data-end=\"1542\">\n<li data-start=\"1031\" data-end=\"1121\">4er-Set RIEDEL Veritas Champagnergl\u00e4ser (4 St\u00fcck zum Preis von 3)<\/li>\n<li data-start=\"1122\" data-end=\"1181\">Ideal f\u00fcr trockenen, frischen und leichten Champagner und Schaumweine<\/li>\n<li data-start=\"1182\" data-end=\"1235\">Hergestellt aus hochwertigem transparentem Kristallglas<\/li>\n<li data-start=\"1236\" data-end=\"1285\">Maschinengefertigt f\u00fcr h\u00f6chste Pr\u00e4zision<\/li>\n<li data-start=\"1286\" data-end=\"1324\">Sp\u00fclmaschinenfest<\/li>\n<li data-start=\"1325\" data-end=\"1402\">Das Design optimiert die Bl\u00e4schenbildung dank des Moussierpunkts<\/li>\n<li data-start=\"1403\" data-end=\"1542\"><strong data-start=\"1405\" data-end=\"1416\">Premium<\/strong>: Der Vorteil eines RIEDEL-Glases aus maschinengeblasenem Glas f\u00fcr h\u00f6here Pr\u00e4zision als handgefertigte Gl\u00e4ser<\/li>\n<\/ul>\n<p data-start=\"1544\" data-end=\"1767\" data-is-last-node=\"\" data-is-only-node=\"\">Verleihen Sie Ihrer Sammlung Eleganz und Funktionalit\u00e4t mit dem RIEDEL Veritas 2er-Set Champagnergl\u00e4ser \u2013 perfekt f\u00fcr jeden Schluck Champagner und Sekt. Profitieren Sie vom Vorteilsangebot und erhalten Sie 4 Gl\u00e4ser zum Preis von 3!<\/p>\n<\/div>\n<\/div>\n<\/div>\n<\/div>\n<\/div>\n<\/div>\n<\/div>\n<\/div>\n<\/article>\n<p data-start=\"1366\" data-end=\"1628\" data-is-last-node=\"\" data-is-only-node=\"\">Fassungsverm\u00f6gen: 449,0 ccm<br \/>\nH\u00f6he: 235,0 mm<\/p>\n","protected":false},"excerpt":{"rendered":"<p>RIEDEL Veritas Champagnerglas-Set \u2013 4 Gl\u00e4ser zum Preis von 3 Entdecken Sie die prickelnde Wirkung des RIEDEL Veritas Champagnerglases. Es<\/p>\n","protected":false},"featured_media":481473,"template":"","meta":{"_acf_changed":false,"inline_featured_image":false},"product_cat":[6787,6811],"product_tag":[25088,23705,11479,23911,11913,14411,22556,25022,21822,17756],"acf":[],"yoast_head":"<!-- This site is optimized with the Yoast SEO Premium plugin v18.6 (Yoast SEO v19.13) - https:\/\/yoast.com\/wordpress\/plugins\/seo\/ -->\n<title>RIEDEL Veritas Pay 3 Get 4 Champagner- und Weingl\u00e4ser - Erresse Shop<\/title>\n<meta name=\"description\" content=\"RIEDEL Veritas Champagnerglas-Set \u2013 4 Gl\u00e4ser zum Preis von 3 Entdecken Sie die prickelnde Wirkung des RIEDEL Veritas Champagnerglases. Es wurde\" \/>\n<meta name=\"robots\" content=\"index, follow, max-snippet:-1, max-image-preview:large, max-video-preview:-1\" \/>\n<link rel=\"canonical\" href=\"https:\/\/www.erresse-shop.it\/de\/shop\/tisch\/trinkglaeser\/riedel-veritas-pay-3-get-4-champagner-und-weinglaeser\/\" \/>\n<meta property=\"og:locale\" content=\"de_DE\" \/>\n<meta property=\"og:type\" content=\"article\" \/>\n<meta property=\"og:title\" content=\"RIEDEL Veritas Pay 3 Get 4 Champagner- und Weingl\u00e4ser\" \/>\n<meta property=\"og:description\" content=\"RIEDEL Veritas Champagnerglas-Set \u2013 4 Gl\u00e4ser zum Preis von 3 Entdecken Sie die prickelnde Wirkung des RIEDEL Veritas Champagnerglases. Es wurde\" \/>\n<meta property=\"og:url\" content=\"https:\/\/www.erresse-shop.it\/de\/shop\/tisch\/trinkglaeser\/riedel-veritas-pay-3-get-4-champagner-und-weinglaeser\/\" \/>\n<meta property=\"og:site_name\" content=\"Erresse Shop\" \/>\n<meta property=\"article:modified_time\" content=\"2026-02-17T10:42:21+00:00\" \/>\n<meta property=\"og:image\" content=\"https:\/\/www.erresse-shop.it\/wp-content\/uploads\/2025\/03\/RIEDEL-Veritas-Pay-3-Get-4-Calici-da-vino-Champagne.jpg\" \/>\n\t<meta property=\"og:image:width\" content=\"1200\" \/>\n\t<meta property=\"og:image:height\" content=\"1200\" \/>\n\t<meta property=\"og:image:type\" content=\"image\/jpeg\" \/>\n<meta name=\"twitter:card\" content=\"summary_large_image\" \/>\n<script type=\"application\/ld+json\" class=\"yoast-schema-graph\">{\"@context\":\"https:\/\/schema.org\",\"@graph\":[{\"@type\":\"WebPage\",\"@id\":\"https:\/\/www.erresse-shop.it\/de\/shop\/tisch\/trinkglaeser\/riedel-veritas-pay-3-get-4-champagner-und-weinglaeser\/\",\"url\":\"https:\/\/www.erresse-shop.it\/de\/shop\/tisch\/trinkglaeser\/riedel-veritas-pay-3-get-4-champagner-und-weinglaeser\/\",\"name\":\"RIEDEL Veritas Pay 3 Get 4 Champagner- und Weingl\u00e4ser - Erresse Shop\",\"isPartOf\":{\"@id\":\"https:\/\/www.erresse-shop.it\/de\/#website\"},\"datePublished\":\"2025-03-20T08:05:06+00:00\",\"dateModified\":\"2026-02-17T10:42:21+00:00\",\"description\":\"RIEDEL Veritas Champagnerglas-Set \u2013 4 Gl\u00e4ser zum Preis von 3 Entdecken Sie die prickelnde Wirkung des RIEDEL Veritas Champagnerglases. Es wurde\",\"breadcrumb\":{\"@id\":\"https:\/\/www.erresse-shop.it\/de\/shop\/tisch\/trinkglaeser\/riedel-veritas-pay-3-get-4-champagner-und-weinglaeser\/#breadcrumb\"},\"inLanguage\":\"de-DE\",\"potentialAction\":[{\"@type\":\"ReadAction\",\"target\":[\"https:\/\/www.erresse-shop.it\/de\/shop\/tisch\/trinkglaeser\/riedel-veritas-pay-3-get-4-champagner-und-weinglaeser\/\"]}]},{\"@type\":\"BreadcrumbList\",\"@id\":\"https:\/\/www.erresse-shop.it\/de\/shop\/tisch\/trinkglaeser\/riedel-veritas-pay-3-get-4-champagner-und-weinglaeser\/#breadcrumb\",\"itemListElement\":[{\"@type\":\"ListItem\",\"position\":1,\"name\":\"Home\",\"item\":\"https:\/\/www.erresse-shop.it\/de\/\"},{\"@type\":\"ListItem\",\"position\":2,\"name\":\"Shop\",\"item\":\"https:\/\/www.erresse-shop.it\/de\/shop\/\"},{\"@type\":\"ListItem\",\"position\":3,\"name\":\"RIEDEL Veritas Pay 3 Get 4 Champagner- und Weingl\u00e4ser\"}]},{\"@type\":\"WebSite\",\"@id\":\"https:\/\/www.erresse-shop.it\/de\/#website\",\"url\":\"https:\/\/www.erresse-shop.it\/de\/\",\"name\":\"Erresse Shop\",\"description\":\"Articoli di qualit\u00e0 per la casa\",\"potentialAction\":[{\"@type\":\"SearchAction\",\"target\":{\"@type\":\"EntryPoint\",\"urlTemplate\":\"https:\/\/www.erresse-shop.it\/de\/?s={search_term_string}\"},\"query-input\":\"required name=search_term_string\"}],\"inLanguage\":\"de-DE\"}]}<\/script>\n<!-- \/ Yoast SEO Premium plugin. -->","yoast_head_json":{"title":"RIEDEL Veritas Pay 3 Get 4 Champagner- und Weingl\u00e4ser - Erresse Shop","description":"RIEDEL Veritas Champagnerglas-Set \u2013 4 Gl\u00e4ser zum Preis von 3 Entdecken Sie die prickelnde Wirkung des RIEDEL Veritas Champagnerglases. Es wurde","robots":{"index":"index","follow":"follow","max-snippet":"max-snippet:-1","max-image-preview":"max-image-preview:large","max-video-preview":"max-video-preview:-1"},"canonical":"https:\/\/www.erresse-shop.it\/de\/shop\/tisch\/trinkglaeser\/riedel-veritas-pay-3-get-4-champagner-und-weinglaeser\/","og_locale":"de_DE","og_type":"article","og_title":"RIEDEL Veritas Pay 3 Get 4 Champagner- und Weingl\u00e4ser","og_description":"RIEDEL Veritas Champagnerglas-Set \u2013 4 Gl\u00e4ser zum Preis von 3 Entdecken Sie die prickelnde Wirkung des RIEDEL Veritas Champagnerglases. Es wurde","og_url":"https:\/\/www.erresse-shop.it\/de\/shop\/tisch\/trinkglaeser\/riedel-veritas-pay-3-get-4-champagner-und-weinglaeser\/","og_site_name":"Erresse Shop","article_modified_time":"2026-02-17T10:42:21+00:00","og_image":[{"width":1200,"height":1200,"url":"https:\/\/www.erresse-shop.it\/wp-content\/uploads\/2025\/03\/RIEDEL-Veritas-Pay-3-Get-4-Calici-da-vino-Champagne.jpg","type":"image\/jpeg"}],"twitter_card":"summary_large_image","schema":{"@context":"https:\/\/schema.org","@graph":[{"@type":"WebPage","@id":"https:\/\/www.erresse-shop.it\/de\/shop\/tisch\/trinkglaeser\/riedel-veritas-pay-3-get-4-champagner-und-weinglaeser\/","url":"https:\/\/www.erresse-shop.it\/de\/shop\/tisch\/trinkglaeser\/riedel-veritas-pay-3-get-4-champagner-und-weinglaeser\/","name":"RIEDEL Veritas Pay 3 Get 4 Champagner- und Weingl\u00e4ser - Erresse Shop","isPartOf":{"@id":"https:\/\/www.erresse-shop.it\/de\/#website"},"datePublished":"2025-03-20T08:05:06+00:00","dateModified":"2026-02-17T10:42:21+00:00","description":"RIEDEL Veritas Champagnerglas-Set \u2013 4 Gl\u00e4ser zum Preis von 3 Entdecken Sie die prickelnde Wirkung des RIEDEL Veritas Champagnerglases. Es wurde","breadcrumb":{"@id":"https:\/\/www.erresse-shop.it\/de\/shop\/tisch\/trinkglaeser\/riedel-veritas-pay-3-get-4-champagner-und-weinglaeser\/#breadcrumb"},"inLanguage":"de-DE","potentialAction":[{"@type":"ReadAction","target":["https:\/\/www.erresse-shop.it\/de\/shop\/tisch\/trinkglaeser\/riedel-veritas-pay-3-get-4-champagner-und-weinglaeser\/"]}]},{"@type":"BreadcrumbList","@id":"https:\/\/www.erresse-shop.it\/de\/shop\/tisch\/trinkglaeser\/riedel-veritas-pay-3-get-4-champagner-und-weinglaeser\/#breadcrumb","itemListElement":[{"@type":"ListItem","position":1,"name":"Home","item":"https:\/\/www.erresse-shop.it\/de\/"},{"@type":"ListItem","position":2,"name":"Shop","item":"https:\/\/www.erresse-shop.it\/de\/shop\/"},{"@type":"ListItem","position":3,"name":"RIEDEL Veritas Pay 3 Get 4 Champagner- und Weingl\u00e4ser"}]},{"@type":"WebSite","@id":"https:\/\/www.erresse-shop.it\/de\/#website","url":"https:\/\/www.erresse-shop.it\/de\/","name":"Erresse Shop","description":"Articoli di qualit\u00e0 per la casa","potentialAction":[{"@type":"SearchAction","target":{"@type":"EntryPoint","urlTemplate":"https:\/\/www.erresse-shop.it\/de\/?s={search_term_string}"},"query-input":"required name=search_term_string"}],"inLanguage":"de-DE"}]}},"df_price":39.825,"df_sale_price":39.825,"df_regular_price":88.5,"df_image_link":"https:\/\/www.erresse-shop.it\/wp-content\/uploads\/2025\/03\/RIEDEL-Veritas-Pay-3-Get-4-Calici-da-vino-Champagne-300x300.jpg","_links":{"self":[{"href":"https:\/\/www.erresse-shop.it\/de\/wp-json\/wp\/v2\/product\/481440"}],"collection":[{"href":"https:\/\/www.erresse-shop.it\/de\/wp-json\/wp\/v2\/product"}],"about":[{"href":"https:\/\/www.erresse-shop.it\/de\/wp-json\/wp\/v2\/types\/product"}],"wp:featuredmedia":[{"embeddable":true,"href":"https:\/\/www.erresse-shop.it\/de\/wp-json\/wp\/v2\/media\/481473"}],"wp:attachment":[{"href":"https:\/\/www.erresse-shop.it\/de\/wp-json\/wp\/v2\/media?parent=481440"}],"wp:term":[{"taxonomy":"product_cat","embeddable":true,"href":"https:\/\/www.erresse-shop.it\/de\/wp-json\/wp\/v2\/product_cat?post=481440"},{"taxonomy":"product_tag","embeddable":true,"href":"https:\/\/www.erresse-shop.it\/de\/wp-json\/wp\/v2\/product_tag?post=481440"}],"curies":[{"name":"wp","href":"https:\/\/api.w.org\/{rel}","templated":true}]}}