{"id":481371,"date":"2025-03-20T07:30:12","date_gmt":"2025-03-20T07:30:13","guid":{"rendered":"https:\/\/www.erresse-shop.it\/?post_type=product&#038;p=481371"},"modified":"2025-03-20T07:46:51","modified_gmt":"2025-03-20T07:46:51","slug":"riedel-black-tie-bordeaux-grand-cru-copia","status":"publish","type":"product","link":"https:\/\/www.erresse-shop.it\/de\/shop\/tisch\/trinkglaeser\/riedel-black-tie-bordeaux-grand-cru-copia\/","title":{"rendered":"RIEDEL Veritas 4er Set Rieslinggl\u00e4ser und Dekanter Mosel"},"content":{"rendered":"<p data-start=\"0\" data-end=\"50\"><strong data-start=\"0\" data-end=\"50\">RIEDEL Veritas Riesling Set mit Dekanter Mosel<\/strong><\/p>\n<p data-start=\"52\" data-end=\"539\">Erh\u00f6hen Sie Ihr Weinerlebnis mit dem RIEDEL Veritas Riesling Set, bestehend aus 4 eleganten Gl\u00e4sern und einem Mosel-Dekanter. Das Rieslingglas ist perfekt f\u00fcr Liebhaber fruchtiger Wei\u00dfweine und gleicht hohe S\u00e4ure und Restzucker aus \u2013 f\u00fcr einen tadellosen Genuss. Der Mosel-Dekanter mit seinem ikonischen Design ist die ideale Wahl f\u00fcr alle, die ein einfaches und vielseitiges Werkzeug suchen, das unkompliziert zu bedienen und gleichzeitig elegant ist.<\/p>\n<p data-start=\"541\" data-end=\"863\">Die 2014 eingef\u00fchrte RIEDEL Veritas Serie hat die Welt der Weingl\u00e4ser revolutioniert. Diese Kollektion wurde unter der Leitung von Georg J. Riedel, der zehnten Generation der traditionsreichen Familie, entworfen und vereint \u00c4sthetik, Komfort und ein hervorragendes Preis-Leistungs-Verh\u00e4ltnis und setzt damit neue Ma\u00dfst\u00e4be im Glasdesign.<\/p>\n<p data-start=\"865\" data-end=\"898\"><strong data-start=\"865\" data-end=\"898\">Produktmerkmale:<\/strong><\/p>\n<ul data-start=\"899\" data-end=\"1411\">\n<li data-start=\"899\" data-end=\"978\">Set mit 4 RIEDEL Veritas Rieslinggl\u00e4sern und 1 RIEDEL Mosel Dekanter<\/li>\n<li data-start=\"979\" data-end=\"1075\">Ideale Gl\u00e4ser f\u00fcr fruchtige Wei\u00dfweine, perfekt f\u00fcr die Balance von S\u00e4ure und Restzucker<\/li>\n<li data-start=\"1076\" data-end=\"1166\">Mosel Dekanter mit schlichtem und elegantem Design. Elegant, f\u00fcr m\u00fcheloses Dekantieren<\/li>\n<li data-start=\"1167\" data-end=\"1220\">Hergestellt aus hochwertigem, klarem Kristall<\/li>\n<li data-start=\"1221\" data-end=\"1270\">Maschinengefertigt f\u00fcr h\u00f6chste Pr\u00e4zision<\/li>\n<li data-start=\"1271\" data-end=\"1298\">Sp\u00fclmaschinenfest<\/li>\n<li data-start=\"1299\" data-end=\"1411\">RIEDEL empfiehlt die Verwendung von Flaschenreinigungsperlen, um Flecken in der Karaffe zu entfernen<\/li>\n<\/ul>\n<p data-start=\"1413\" data-end=\"1577\" data-is-last-node=\"\" data-is-only-node=\"\">Erg\u00e4nzen Sie Ihre Sammlung mit diesem Set f\u00fcr ein herausragendes Geschmackserlebnis, das Funktionalit\u00e4t, Eleganz und unverwechselbare RIEDEL-Qualit\u00e4t vereint.<\/p>\n","protected":false},"excerpt":{"rendered":"<p>RIEDEL Veritas Riesling Set mit Dekanter Mosel Erh\u00f6hen Sie Ihr Weinerlebnis mit dem RIEDEL Veritas Riesling Set, bestehend aus 4<\/p>\n","protected":false},"featured_media":481399,"template":"","meta":{"_acf_changed":false,"inline_featured_image":false},"product_cat":[6787,6811],"product_tag":[25088,23705,11479,23911,22551,14411,22556,25022,21822,23352],"acf":[],"yoast_head":"<!-- This site is optimized with the Yoast SEO Premium plugin v18.6 (Yoast SEO v19.13) - https:\/\/yoast.com\/wordpress\/plugins\/seo\/ -->\n<title>RIEDEL Veritas 4er Set Rieslinggl\u00e4ser und Dekanter Mosel - Erresse Shop<\/title>\n<meta name=\"description\" content=\"RIEDEL Veritas Riesling Set mit Dekanter Mosel Erh\u00f6hen Sie Ihr Weinerlebnis mit dem RIEDEL Veritas Riesling Set, bestehend aus 4 eleganten Gl\u00e4sern und\" \/>\n<meta name=\"robots\" content=\"index, follow, max-snippet:-1, max-image-preview:large, max-video-preview:-1\" \/>\n<link rel=\"canonical\" href=\"https:\/\/www.erresse-shop.it\/de\/shop\/tisch\/trinkglaeser\/riedel-black-tie-bordeaux-grand-cru-copia\/\" \/>\n<meta property=\"og:locale\" content=\"de_DE\" \/>\n<meta property=\"og:type\" content=\"article\" \/>\n<meta property=\"og:title\" content=\"RIEDEL Veritas 4er Set Rieslinggl\u00e4ser und Dekanter Mosel\" \/>\n<meta property=\"og:description\" content=\"RIEDEL Veritas Riesling Set mit Dekanter Mosel Erh\u00f6hen Sie Ihr Weinerlebnis mit dem RIEDEL Veritas Riesling Set, bestehend aus 4 eleganten Gl\u00e4sern und\" \/>\n<meta property=\"og:url\" content=\"https:\/\/www.erresse-shop.it\/de\/shop\/tisch\/trinkglaeser\/riedel-black-tie-bordeaux-grand-cru-copia\/\" \/>\n<meta property=\"og:site_name\" content=\"Erresse Shop\" \/>\n<meta property=\"article:modified_time\" content=\"2025-03-20T07:46:51+00:00\" \/>\n<meta property=\"og:image\" content=\"https:\/\/www.erresse-shop.it\/wp-content\/uploads\/2025\/03\/RIEDEL-Veritas-Set-4-Calici-Riesling-e-Decanter-Mosel.jpg\" \/>\n\t<meta property=\"og:image:width\" content=\"1200\" \/>\n\t<meta property=\"og:image:height\" content=\"1200\" \/>\n\t<meta property=\"og:image:type\" content=\"image\/jpeg\" \/>\n<meta name=\"twitter:card\" content=\"summary_large_image\" \/>\n<script type=\"application\/ld+json\" class=\"yoast-schema-graph\">{\"@context\":\"https:\/\/schema.org\",\"@graph\":[{\"@type\":\"WebPage\",\"@id\":\"https:\/\/www.erresse-shop.it\/de\/shop\/tisch\/trinkglaeser\/riedel-black-tie-bordeaux-grand-cru-copia\/\",\"url\":\"https:\/\/www.erresse-shop.it\/de\/shop\/tisch\/trinkglaeser\/riedel-black-tie-bordeaux-grand-cru-copia\/\",\"name\":\"RIEDEL Veritas 4er Set Rieslinggl\u00e4ser und Dekanter Mosel - Erresse Shop\",\"isPartOf\":{\"@id\":\"https:\/\/www.erresse-shop.it\/de\/#website\"},\"datePublished\":\"2025-03-20T07:30:13+00:00\",\"dateModified\":\"2025-03-20T07:46:51+00:00\",\"description\":\"RIEDEL Veritas Riesling Set mit Dekanter Mosel Erh\u00f6hen Sie Ihr Weinerlebnis mit dem RIEDEL Veritas Riesling Set, bestehend aus 4 eleganten Gl\u00e4sern und\",\"breadcrumb\":{\"@id\":\"https:\/\/www.erresse-shop.it\/de\/shop\/tisch\/trinkglaeser\/riedel-black-tie-bordeaux-grand-cru-copia\/#breadcrumb\"},\"inLanguage\":\"de-DE\",\"potentialAction\":[{\"@type\":\"ReadAction\",\"target\":[\"https:\/\/www.erresse-shop.it\/de\/shop\/tisch\/trinkglaeser\/riedel-black-tie-bordeaux-grand-cru-copia\/\"]}]},{\"@type\":\"BreadcrumbList\",\"@id\":\"https:\/\/www.erresse-shop.it\/de\/shop\/tisch\/trinkglaeser\/riedel-black-tie-bordeaux-grand-cru-copia\/#breadcrumb\",\"itemListElement\":[{\"@type\":\"ListItem\",\"position\":1,\"name\":\"Home\",\"item\":\"https:\/\/www.erresse-shop.it\/de\/\"},{\"@type\":\"ListItem\",\"position\":2,\"name\":\"Shop\",\"item\":\"https:\/\/www.erresse-shop.it\/de\/shop\/\"},{\"@type\":\"ListItem\",\"position\":3,\"name\":\"RIEDEL Veritas 4er Set Rieslinggl\u00e4ser und Dekanter Mosel\"}]},{\"@type\":\"WebSite\",\"@id\":\"https:\/\/www.erresse-shop.it\/de\/#website\",\"url\":\"https:\/\/www.erresse-shop.it\/de\/\",\"name\":\"Erresse Shop\",\"description\":\"Articoli di qualit\u00e0 per la casa\",\"potentialAction\":[{\"@type\":\"SearchAction\",\"target\":{\"@type\":\"EntryPoint\",\"urlTemplate\":\"https:\/\/www.erresse-shop.it\/de\/?s={search_term_string}\"},\"query-input\":\"required name=search_term_string\"}],\"inLanguage\":\"de-DE\"}]}<\/script>\n<!-- \/ Yoast SEO Premium plugin. -->","yoast_head_json":{"title":"RIEDEL Veritas 4er Set Rieslinggl\u00e4ser und Dekanter Mosel - Erresse Shop","description":"RIEDEL Veritas Riesling Set mit Dekanter Mosel Erh\u00f6hen Sie Ihr Weinerlebnis mit dem RIEDEL Veritas Riesling Set, bestehend aus 4 eleganten Gl\u00e4sern und","robots":{"index":"index","follow":"follow","max-snippet":"max-snippet:-1","max-image-preview":"max-image-preview:large","max-video-preview":"max-video-preview:-1"},"canonical":"https:\/\/www.erresse-shop.it\/de\/shop\/tisch\/trinkglaeser\/riedel-black-tie-bordeaux-grand-cru-copia\/","og_locale":"de_DE","og_type":"article","og_title":"RIEDEL Veritas 4er Set Rieslinggl\u00e4ser und Dekanter Mosel","og_description":"RIEDEL Veritas Riesling Set mit Dekanter Mosel Erh\u00f6hen Sie Ihr Weinerlebnis mit dem RIEDEL Veritas Riesling Set, bestehend aus 4 eleganten Gl\u00e4sern und","og_url":"https:\/\/www.erresse-shop.it\/de\/shop\/tisch\/trinkglaeser\/riedel-black-tie-bordeaux-grand-cru-copia\/","og_site_name":"Erresse Shop","article_modified_time":"2025-03-20T07:46:51+00:00","og_image":[{"width":1200,"height":1200,"url":"https:\/\/www.erresse-shop.it\/wp-content\/uploads\/2025\/03\/RIEDEL-Veritas-Set-4-Calici-Riesling-e-Decanter-Mosel.jpg","type":"image\/jpeg"}],"twitter_card":"summary_large_image","schema":{"@context":"https:\/\/schema.org","@graph":[{"@type":"WebPage","@id":"https:\/\/www.erresse-shop.it\/de\/shop\/tisch\/trinkglaeser\/riedel-black-tie-bordeaux-grand-cru-copia\/","url":"https:\/\/www.erresse-shop.it\/de\/shop\/tisch\/trinkglaeser\/riedel-black-tie-bordeaux-grand-cru-copia\/","name":"RIEDEL Veritas 4er Set Rieslinggl\u00e4ser und Dekanter Mosel - Erresse Shop","isPartOf":{"@id":"https:\/\/www.erresse-shop.it\/de\/#website"},"datePublished":"2025-03-20T07:30:13+00:00","dateModified":"2025-03-20T07:46:51+00:00","description":"RIEDEL Veritas Riesling Set mit Dekanter Mosel Erh\u00f6hen Sie Ihr Weinerlebnis mit dem RIEDEL Veritas Riesling Set, bestehend aus 4 eleganten Gl\u00e4sern und","breadcrumb":{"@id":"https:\/\/www.erresse-shop.it\/de\/shop\/tisch\/trinkglaeser\/riedel-black-tie-bordeaux-grand-cru-copia\/#breadcrumb"},"inLanguage":"de-DE","potentialAction":[{"@type":"ReadAction","target":["https:\/\/www.erresse-shop.it\/de\/shop\/tisch\/trinkglaeser\/riedel-black-tie-bordeaux-grand-cru-copia\/"]}]},{"@type":"BreadcrumbList","@id":"https:\/\/www.erresse-shop.it\/de\/shop\/tisch\/trinkglaeser\/riedel-black-tie-bordeaux-grand-cru-copia\/#breadcrumb","itemListElement":[{"@type":"ListItem","position":1,"name":"Home","item":"https:\/\/www.erresse-shop.it\/de\/"},{"@type":"ListItem","position":2,"name":"Shop","item":"https:\/\/www.erresse-shop.it\/de\/shop\/"},{"@type":"ListItem","position":3,"name":"RIEDEL Veritas 4er Set Rieslinggl\u00e4ser und Dekanter Mosel"}]},{"@type":"WebSite","@id":"https:\/\/www.erresse-shop.it\/de\/#website","url":"https:\/\/www.erresse-shop.it\/de\/","name":"Erresse Shop","description":"Articoli di qualit\u00e0 per la casa","potentialAction":[{"@type":"SearchAction","target":{"@type":"EntryPoint","urlTemplate":"https:\/\/www.erresse-shop.it\/de\/?s={search_term_string}"},"query-input":"required name=search_term_string"}],"inLanguage":"de-DE"}]}},"df_price":92,"df_sale_price":92,"df_regular_price":115,"df_image_link":"https:\/\/www.erresse-shop.it\/wp-content\/uploads\/2025\/03\/RIEDEL-Veritas-Set-4-Calici-Riesling-e-Decanter-Mosel-300x300.jpg","_links":{"self":[{"href":"https:\/\/www.erresse-shop.it\/de\/wp-json\/wp\/v2\/product\/481371"}],"collection":[{"href":"https:\/\/www.erresse-shop.it\/de\/wp-json\/wp\/v2\/product"}],"about":[{"href":"https:\/\/www.erresse-shop.it\/de\/wp-json\/wp\/v2\/types\/product"}],"wp:featuredmedia":[{"embeddable":true,"href":"https:\/\/www.erresse-shop.it\/de\/wp-json\/wp\/v2\/media\/481399"}],"wp:attachment":[{"href":"https:\/\/www.erresse-shop.it\/de\/wp-json\/wp\/v2\/media?parent=481371"}],"wp:term":[{"taxonomy":"product_cat","embeddable":true,"href":"https:\/\/www.erresse-shop.it\/de\/wp-json\/wp\/v2\/product_cat?post=481371"},{"taxonomy":"product_tag","embeddable":true,"href":"https:\/\/www.erresse-shop.it\/de\/wp-json\/wp\/v2\/product_tag?post=481371"}],"curies":[{"name":"wp","href":"https:\/\/api.w.org\/{rel}","templated":true}]}}