{"id":481337,"date":"2025-03-20T07:16:50","date_gmt":"2025-03-20T07:16:51","guid":{"rendered":"https:\/\/www.erresse-shop.it\/?post_type=product&#038;p=481337"},"modified":"2025-03-20T07:28:51","modified_gmt":"2025-03-20T07:28:51","slug":"riedel-black-tie-chardonnay-copia","status":"publish","type":"product","link":"https:\/\/www.erresse-shop.it\/de\/shop\/tisch\/trinkglaeser\/riedel-black-tie-chardonnay-copia\/","title":{"rendered":"RIEDEL Black Tie Bordeaux Grand Cru"},"content":{"rendered":"<p data-start=\"0\" data-end=\"62\"><strong data-start=\"0\" data-end=\"62\">RIEDEL Handgefertigtes Bordeaux Grand Cru Glas Black Tie<\/strong><\/p>\n<p data-start=\"64\" data-end=\"565\">Das Bordeaux Grand Cru Glas wurde entwickelt, um komplexe, vollmundige Rotweine mit hohem Tanningehalt zu unterstreichen. Diese Form, eine der Originale von Claus J. RIEDEL in der neunten Generation, ist perfekt, um das sensorische Erlebnis strukturierterer Weine zu optimieren. Die gro\u00dfz\u00fcgigen Abmessungen des Glases erm\u00f6glichen es dem Bouquet, sich voll zu entfalten, die raueren Tannine zu gl\u00e4tten und den Fruchtcharakter des Weines zu betonen, Bitterkeit zu reduzieren und die Gesamtbalance zu verbessern.<\/p>\n<p data-start=\"567\" data-end=\"907\">Das handgefertigte Glas verf\u00fcgt \u00fcber einen klaren Kristallstiel und einen schwarzen Kristallboden, der von Hand gefertigt wurde und einen Hauch einzigartiger Eleganz verleiht. Der dekorative Fu\u00df ist ein Blickfang, w\u00e4hrend das Gesamtdesign eine perfekte Kombination aus traditioneller Handwerkskunst und der Pr\u00e4zision moderner Produktion darstellt.<\/p>\n<p data-start=\"909\" data-end=\"942\"><strong data-start=\"909\" data-end=\"942\">Produktmerkmale:<\/strong><\/p>\n<ul data-start=\"943\" data-end=\"1249\">\n<li data-start=\"943\" data-end=\"967\">Handgefertigtes Glas<\/li>\n<li data-start=\"968\" data-end=\"1043\">Transparenter Kristallstiel und schwarzer, handgefertigter Kristallfu\u00df<\/li>\n<li data-start=\"1044\" data-end=\"1106\">Ideal f\u00fcr komplexe, vollmundige Rotweine mit hohem Tanningehalt<\/li>\n<li data-start=\"1107\" data-end=\"1165\">Optimiert den Ausdruck des Bouquets und gleicht die Tannine aus<\/li>\n<li data-start=\"1166\" data-end=\"1195\">Elegantes und raffiniertes Design<\/li>\n<li data-start=\"1196\" data-end=\"1223\">Sp\u00fclmaschinenfest<\/li>\n<li data-start=\"1224\" data-end=\"1249\">Verpackung: 1 Glas<\/li>\n<\/ul>\n<p data-start=\"1251\" data-end=\"1435\"><strong data-start=\"1251\" data-end=\"1259\">Hinweis<\/strong>: Da es sich um ein handwerkliches Verfahren handelt, kann jedes Glas leichte Unvollkommenheiten, Gr\u00f6\u00dfenabweichungen oder Oberfl\u00e4chenabweichungen aufweisen, was jedes St\u00fcck zu einem Unikat macht.<\/p>\n<p data-start=\"1437\" data-end=\"1601\" data-is-last-node=\"\" data-is-only-node=\"\">W\u00e4hlen Sie das RIEDEL Handcrafted Black Tie Bordeaux Grand Cru Glas, um das Erlebnis Ihres Lieblingsrotweins mit einem Hauch von Klasse zu bereichern. Raffinesse.<\/p>\n<p class=\"product-info__characteristics-paragraph flex justify-between\">Hubraum: 953,0 ccm<br \/>\nH\u00f6he: 282,0 mm<\/p>\n","protected":false},"excerpt":{"rendered":"<p>RIEDEL Handgefertigtes Bordeaux Grand Cru Glas Black Tie Das Bordeaux Grand Cru Glas wurde entwickelt, um komplexe, vollmundige Rotweine mit<\/p>\n","protected":false},"featured_media":481364,"template":"","meta":{"_acf_changed":false,"inline_featured_image":false},"product_cat":[6787,6811],"product_tag":[25088,23705,11479,23911,14411,22556,25022,21822],"acf":[],"yoast_head":"<!-- This site is optimized with the Yoast SEO Premium plugin v18.6 (Yoast SEO v19.13) - https:\/\/yoast.com\/wordpress\/plugins\/seo\/ -->\n<title>RIEDEL Black Tie Bordeaux Grand Cru - Erresse Shop<\/title>\n<meta name=\"description\" content=\"RIEDEL Handgefertigtes Bordeaux Grand Cru Glas Black Tie Das Bordeaux Grand Cru Glas wurde entwickelt, um komplexe, vollmundige Rotweine mit hohem\" \/>\n<meta name=\"robots\" content=\"index, follow, max-snippet:-1, max-image-preview:large, max-video-preview:-1\" \/>\n<link rel=\"canonical\" href=\"https:\/\/www.erresse-shop.it\/de\/shop\/tisch\/trinkglaeser\/riedel-black-tie-chardonnay-copia\/\" \/>\n<meta property=\"og:locale\" content=\"de_DE\" \/>\n<meta property=\"og:type\" content=\"article\" \/>\n<meta property=\"og:title\" content=\"RIEDEL Black Tie Bordeaux Grand Cru\" \/>\n<meta property=\"og:description\" content=\"RIEDEL Handgefertigtes Bordeaux Grand Cru Glas Black Tie Das Bordeaux Grand Cru Glas wurde entwickelt, um komplexe, vollmundige Rotweine mit hohem\" \/>\n<meta property=\"og:url\" content=\"https:\/\/www.erresse-shop.it\/de\/shop\/tisch\/trinkglaeser\/riedel-black-tie-chardonnay-copia\/\" \/>\n<meta property=\"og:site_name\" content=\"Erresse Shop\" \/>\n<meta property=\"article:modified_time\" content=\"2025-03-20T07:28:51+00:00\" \/>\n<meta property=\"og:image\" content=\"https:\/\/www.erresse-shop.it\/wp-content\/uploads\/2025\/03\/RIEDEL-Black-Tie-Bordeaux-Grand-Cru.jpg\" \/>\n\t<meta property=\"og:image:width\" content=\"1200\" \/>\n\t<meta property=\"og:image:height\" content=\"1200\" \/>\n\t<meta property=\"og:image:type\" content=\"image\/jpeg\" \/>\n<meta name=\"twitter:card\" content=\"summary_large_image\" \/>\n<script type=\"application\/ld+json\" class=\"yoast-schema-graph\">{\"@context\":\"https:\/\/schema.org\",\"@graph\":[{\"@type\":\"WebPage\",\"@id\":\"https:\/\/www.erresse-shop.it\/de\/shop\/tisch\/trinkglaeser\/riedel-black-tie-chardonnay-copia\/\",\"url\":\"https:\/\/www.erresse-shop.it\/de\/shop\/tisch\/trinkglaeser\/riedel-black-tie-chardonnay-copia\/\",\"name\":\"RIEDEL Black Tie Bordeaux Grand Cru - Erresse Shop\",\"isPartOf\":{\"@id\":\"https:\/\/www.erresse-shop.it\/de\/#website\"},\"datePublished\":\"2025-03-20T07:16:51+00:00\",\"dateModified\":\"2025-03-20T07:28:51+00:00\",\"description\":\"RIEDEL Handgefertigtes Bordeaux Grand Cru Glas Black Tie Das Bordeaux Grand Cru Glas wurde entwickelt, um komplexe, vollmundige Rotweine mit hohem\",\"breadcrumb\":{\"@id\":\"https:\/\/www.erresse-shop.it\/de\/shop\/tisch\/trinkglaeser\/riedel-black-tie-chardonnay-copia\/#breadcrumb\"},\"inLanguage\":\"de-DE\",\"potentialAction\":[{\"@type\":\"ReadAction\",\"target\":[\"https:\/\/www.erresse-shop.it\/de\/shop\/tisch\/trinkglaeser\/riedel-black-tie-chardonnay-copia\/\"]}]},{\"@type\":\"BreadcrumbList\",\"@id\":\"https:\/\/www.erresse-shop.it\/de\/shop\/tisch\/trinkglaeser\/riedel-black-tie-chardonnay-copia\/#breadcrumb\",\"itemListElement\":[{\"@type\":\"ListItem\",\"position\":1,\"name\":\"Home\",\"item\":\"https:\/\/www.erresse-shop.it\/de\/\"},{\"@type\":\"ListItem\",\"position\":2,\"name\":\"Shop\",\"item\":\"https:\/\/www.erresse-shop.it\/de\/shop\/\"},{\"@type\":\"ListItem\",\"position\":3,\"name\":\"RIEDEL Black Tie Bordeaux Grand Cru\"}]},{\"@type\":\"WebSite\",\"@id\":\"https:\/\/www.erresse-shop.it\/de\/#website\",\"url\":\"https:\/\/www.erresse-shop.it\/de\/\",\"name\":\"Erresse Shop\",\"description\":\"Articoli di qualit\u00e0 per la casa\",\"potentialAction\":[{\"@type\":\"SearchAction\",\"target\":{\"@type\":\"EntryPoint\",\"urlTemplate\":\"https:\/\/www.erresse-shop.it\/de\/?s={search_term_string}\"},\"query-input\":\"required name=search_term_string\"}],\"inLanguage\":\"de-DE\"}]}<\/script>\n<!-- \/ Yoast SEO Premium plugin. -->","yoast_head_json":{"title":"RIEDEL Black Tie Bordeaux Grand Cru - Erresse Shop","description":"RIEDEL Handgefertigtes Bordeaux Grand Cru Glas Black Tie Das Bordeaux Grand Cru Glas wurde entwickelt, um komplexe, vollmundige Rotweine mit hohem","robots":{"index":"index","follow":"follow","max-snippet":"max-snippet:-1","max-image-preview":"max-image-preview:large","max-video-preview":"max-video-preview:-1"},"canonical":"https:\/\/www.erresse-shop.it\/de\/shop\/tisch\/trinkglaeser\/riedel-black-tie-chardonnay-copia\/","og_locale":"de_DE","og_type":"article","og_title":"RIEDEL Black Tie Bordeaux Grand Cru","og_description":"RIEDEL Handgefertigtes Bordeaux Grand Cru Glas Black Tie Das Bordeaux Grand Cru Glas wurde entwickelt, um komplexe, vollmundige Rotweine mit hohem","og_url":"https:\/\/www.erresse-shop.it\/de\/shop\/tisch\/trinkglaeser\/riedel-black-tie-chardonnay-copia\/","og_site_name":"Erresse Shop","article_modified_time":"2025-03-20T07:28:51+00:00","og_image":[{"width":1200,"height":1200,"url":"https:\/\/www.erresse-shop.it\/wp-content\/uploads\/2025\/03\/RIEDEL-Black-Tie-Bordeaux-Grand-Cru.jpg","type":"image\/jpeg"}],"twitter_card":"summary_large_image","schema":{"@context":"https:\/\/schema.org","@graph":[{"@type":"WebPage","@id":"https:\/\/www.erresse-shop.it\/de\/shop\/tisch\/trinkglaeser\/riedel-black-tie-chardonnay-copia\/","url":"https:\/\/www.erresse-shop.it\/de\/shop\/tisch\/trinkglaeser\/riedel-black-tie-chardonnay-copia\/","name":"RIEDEL Black Tie Bordeaux Grand Cru - Erresse Shop","isPartOf":{"@id":"https:\/\/www.erresse-shop.it\/de\/#website"},"datePublished":"2025-03-20T07:16:51+00:00","dateModified":"2025-03-20T07:28:51+00:00","description":"RIEDEL Handgefertigtes Bordeaux Grand Cru Glas Black Tie Das Bordeaux Grand Cru Glas wurde entwickelt, um komplexe, vollmundige Rotweine mit hohem","breadcrumb":{"@id":"https:\/\/www.erresse-shop.it\/de\/shop\/tisch\/trinkglaeser\/riedel-black-tie-chardonnay-copia\/#breadcrumb"},"inLanguage":"de-DE","potentialAction":[{"@type":"ReadAction","target":["https:\/\/www.erresse-shop.it\/de\/shop\/tisch\/trinkglaeser\/riedel-black-tie-chardonnay-copia\/"]}]},{"@type":"BreadcrumbList","@id":"https:\/\/www.erresse-shop.it\/de\/shop\/tisch\/trinkglaeser\/riedel-black-tie-chardonnay-copia\/#breadcrumb","itemListElement":[{"@type":"ListItem","position":1,"name":"Home","item":"https:\/\/www.erresse-shop.it\/de\/"},{"@type":"ListItem","position":2,"name":"Shop","item":"https:\/\/www.erresse-shop.it\/de\/shop\/"},{"@type":"ListItem","position":3,"name":"RIEDEL Black Tie Bordeaux Grand Cru"}]},{"@type":"WebSite","@id":"https:\/\/www.erresse-shop.it\/de\/#website","url":"https:\/\/www.erresse-shop.it\/de\/","name":"Erresse Shop","description":"Articoli di qualit\u00e0 per la casa","potentialAction":[{"@type":"SearchAction","target":{"@type":"EntryPoint","urlTemplate":"https:\/\/www.erresse-shop.it\/de\/?s={search_term_string}"},"query-input":"required name=search_term_string"}],"inLanguage":"de-DE"}]}},"df_price":31.05,"df_sale_price":31.05,"df_regular_price":69,"df_image_link":"https:\/\/www.erresse-shop.it\/wp-content\/uploads\/2025\/03\/RIEDEL-Black-Tie-Bordeaux-Grand-Cru-300x300.jpg","_links":{"self":[{"href":"https:\/\/www.erresse-shop.it\/de\/wp-json\/wp\/v2\/product\/481337"}],"collection":[{"href":"https:\/\/www.erresse-shop.it\/de\/wp-json\/wp\/v2\/product"}],"about":[{"href":"https:\/\/www.erresse-shop.it\/de\/wp-json\/wp\/v2\/types\/product"}],"wp:featuredmedia":[{"embeddable":true,"href":"https:\/\/www.erresse-shop.it\/de\/wp-json\/wp\/v2\/media\/481364"}],"wp:attachment":[{"href":"https:\/\/www.erresse-shop.it\/de\/wp-json\/wp\/v2\/media?parent=481337"}],"wp:term":[{"taxonomy":"product_cat","embeddable":true,"href":"https:\/\/www.erresse-shop.it\/de\/wp-json\/wp\/v2\/product_cat?post=481337"},{"taxonomy":"product_tag","embeddable":true,"href":"https:\/\/www.erresse-shop.it\/de\/wp-json\/wp\/v2\/product_tag?post=481337"}],"curies":[{"name":"wp","href":"https:\/\/api.w.org\/{rel}","templated":true}]}}