{"id":481234,"date":"2025-03-19T14:37:05","date_gmt":"2025-03-19T14:37:06","guid":{"rendered":"https:\/\/www.erresse-shop.it\/?post_type=product&#038;p=481234"},"modified":"2026-02-23T07:54:36","modified_gmt":"2026-02-23T07:54:36","slug":"riedel-black-tie-riesling","status":"publish","type":"product","link":"https:\/\/www.erresse-shop.it\/de\/shop\/tisch\/trinkglaeser\/riedel-black-tie-riesling\/","title":{"rendered":"RIEDEL Black Tie Riesling"},"content":{"rendered":"<p data-start=\"0\" data-end=\"56\"><strong data-start=\"0\" data-end=\"56\">RIEDEL Handgefertigtes Black Tie Rieslingglas<\/strong><\/p>\n<p data-start=\"58\" data-end=\"507\">Das RIEDEL Rieslingglas wurde entwickelt, um den hohen S\u00e4uregehalt und den Restzuckergehalt fruchtiger Wei\u00dfweine auszugleichen. Seine weiterentwickelte Form verst\u00e4rkt das sensorische Erlebnis und betont die Frische und Mineralit\u00e4t der Weine, w\u00e4hrend die gr\u00f6\u00dfere Gr\u00f6\u00dfe eine aromatischere und umfassendere Verkostung erm\u00f6glicht. Perfekt f\u00fcr Riesling und andere aromatische Wei\u00dfweine. Das ideale Glas unterstreicht frische und fruchtige Aromen.<\/p>\n<p data-start=\"509\" data-end=\"529\"><strong data-start=\"509\" data-end=\"529\">Eigenschaften:<\/strong><\/p>\n<ul data-start=\"530\" data-end=\"890\">\n<li data-start=\"530\" data-end=\"625\"><strong data-start=\"532\" data-end=\"552\">Exklusives Design<\/strong>: Die Form verst\u00e4rkt das aromatische Erlebnis und balanciert S\u00e4ure und S\u00fc\u00dfe.<\/li>\n<li data-start=\"626\" data-end=\"703\"><strong data-start=\"628\" data-end=\"652\">Dekorativer schwarzer Boden<\/strong>: Eleganter, handgefertigter schwarzer Kristallboden.<\/li>\n<li data-start=\"704\" data-end=\"748\"><strong data-start=\"706\" data-end=\"727\">Klarer Stiel<\/strong>: D\u00fcnn und elegant<\/li>\n<li data-start=\"749\" data-end=\"828\"><strong data-start=\"751\" data-end=\"767\">Handgefertigt<\/strong>: Jedes Glas ist ein Unikat und wird von erfahrenen Glasmachern gefertigt. (Da jedes St\u00fcck handgefertigt ist, k\u00f6nnen leichte Unterschiede in Gr\u00f6\u00dfe und Gewicht auftreten.)<\/li>\n<li data-start=\"829\" data-end=\"890\"><strong data-start=\"831\" data-end=\"860\">Sp\u00fclmaschinenfest<\/strong> f\u00fcr einfache Reinigung<\/li>\n<\/ul>\n<p data-start=\"892\" data-end=\"1033\"><strong data-start=\"1009\" data-end=\"1023\">Verpackung<\/strong>: 1 St\u00fcck.<\/p>\n<p data-start=\"1035\" data-end=\"1158\" data-is-last-node=\"\" data-is-only-node=\"\">Elegant und funktional \u2013 dieses Glas ist der perfekte Begleiter f\u00fcr raffinierte Verkostungen und besondere Anl\u00e4sse.<\/p>\n<p class=\"product-info__characteristics-paragraph flex justify-between\">Fassungsverm\u00f6gen: 400,0 ccm<br \/>\nH\u00f6he: 252,0 mm<\/p>\n","protected":false},"excerpt":{"rendered":"<p>RIEDEL Handgefertigtes Black Tie Rieslingglas Das RIEDEL Rieslingglas wurde entwickelt, um den hohen S\u00e4uregehalt und den Restzuckergehalt fruchtiger Wei\u00dfweine auszugleichen.<\/p>\n","protected":false},"featured_media":481261,"template":"","meta":{"_acf_changed":false,"inline_featured_image":false},"product_cat":[6787,6811],"product_tag":[25088,23705,11479,23911,14411,22556,25022,21822],"acf":[],"yoast_head":"<!-- This site is optimized with the Yoast SEO Premium plugin v18.6 (Yoast SEO v19.13) - https:\/\/yoast.com\/wordpress\/plugins\/seo\/ -->\n<title>RIEDEL Black Tie Riesling - Erresse Shop<\/title>\n<meta name=\"description\" content=\"RIEDEL Handgefertigtes Black Tie Rieslingglas Das RIEDEL Rieslingglas wurde entwickelt, um den hohen S\u00e4uregehalt und den Restzuckergehalt fruchtiger\" \/>\n<meta name=\"robots\" content=\"index, follow, max-snippet:-1, max-image-preview:large, max-video-preview:-1\" \/>\n<link rel=\"canonical\" href=\"https:\/\/www.erresse-shop.it\/de\/shop\/tisch\/trinkglaeser\/riedel-black-tie-riesling\/\" \/>\n<meta property=\"og:locale\" content=\"de_DE\" \/>\n<meta property=\"og:type\" content=\"article\" \/>\n<meta property=\"og:title\" content=\"RIEDEL Black Tie Riesling\" \/>\n<meta property=\"og:description\" content=\"RIEDEL Handgefertigtes Black Tie Rieslingglas Das RIEDEL Rieslingglas wurde entwickelt, um den hohen S\u00e4uregehalt und den Restzuckergehalt fruchtiger\" \/>\n<meta property=\"og:url\" content=\"https:\/\/www.erresse-shop.it\/de\/shop\/tisch\/trinkglaeser\/riedel-black-tie-riesling\/\" \/>\n<meta property=\"og:site_name\" content=\"Erresse Shop\" \/>\n<meta property=\"article:modified_time\" content=\"2026-02-23T07:54:36+00:00\" \/>\n<meta property=\"og:image\" content=\"https:\/\/www.erresse-shop.it\/wp-content\/uploads\/2025\/03\/RIEDEL-Black-Tie-Riesling.jpg\" \/>\n\t<meta property=\"og:image:width\" content=\"1200\" \/>\n\t<meta property=\"og:image:height\" content=\"1200\" \/>\n\t<meta property=\"og:image:type\" content=\"image\/jpeg\" \/>\n<meta name=\"twitter:card\" content=\"summary_large_image\" \/>\n<script type=\"application\/ld+json\" class=\"yoast-schema-graph\">{\"@context\":\"https:\/\/schema.org\",\"@graph\":[{\"@type\":\"WebPage\",\"@id\":\"https:\/\/www.erresse-shop.it\/de\/shop\/tisch\/trinkglaeser\/riedel-black-tie-riesling\/\",\"url\":\"https:\/\/www.erresse-shop.it\/de\/shop\/tisch\/trinkglaeser\/riedel-black-tie-riesling\/\",\"name\":\"RIEDEL Black Tie Riesling - Erresse Shop\",\"isPartOf\":{\"@id\":\"https:\/\/www.erresse-shop.it\/de\/#website\"},\"datePublished\":\"2025-03-19T14:37:06+00:00\",\"dateModified\":\"2026-02-23T07:54:36+00:00\",\"description\":\"RIEDEL Handgefertigtes Black Tie Rieslingglas Das RIEDEL Rieslingglas wurde entwickelt, um den hohen S\u00e4uregehalt und den Restzuckergehalt fruchtiger\",\"breadcrumb\":{\"@id\":\"https:\/\/www.erresse-shop.it\/de\/shop\/tisch\/trinkglaeser\/riedel-black-tie-riesling\/#breadcrumb\"},\"inLanguage\":\"de-DE\",\"potentialAction\":[{\"@type\":\"ReadAction\",\"target\":[\"https:\/\/www.erresse-shop.it\/de\/shop\/tisch\/trinkglaeser\/riedel-black-tie-riesling\/\"]}]},{\"@type\":\"BreadcrumbList\",\"@id\":\"https:\/\/www.erresse-shop.it\/de\/shop\/tisch\/trinkglaeser\/riedel-black-tie-riesling\/#breadcrumb\",\"itemListElement\":[{\"@type\":\"ListItem\",\"position\":1,\"name\":\"Home\",\"item\":\"https:\/\/www.erresse-shop.it\/de\/\"},{\"@type\":\"ListItem\",\"position\":2,\"name\":\"Shop\",\"item\":\"https:\/\/www.erresse-shop.it\/de\/shop\/\"},{\"@type\":\"ListItem\",\"position\":3,\"name\":\"RIEDEL Black Tie Riesling\"}]},{\"@type\":\"WebSite\",\"@id\":\"https:\/\/www.erresse-shop.it\/de\/#website\",\"url\":\"https:\/\/www.erresse-shop.it\/de\/\",\"name\":\"Erresse Shop\",\"description\":\"Articoli di qualit\u00e0 per la casa\",\"potentialAction\":[{\"@type\":\"SearchAction\",\"target\":{\"@type\":\"EntryPoint\",\"urlTemplate\":\"https:\/\/www.erresse-shop.it\/de\/?s={search_term_string}\"},\"query-input\":\"required name=search_term_string\"}],\"inLanguage\":\"de-DE\"}]}<\/script>\n<!-- \/ Yoast SEO Premium plugin. -->","yoast_head_json":{"title":"RIEDEL Black Tie Riesling - Erresse Shop","description":"RIEDEL Handgefertigtes Black Tie Rieslingglas Das RIEDEL Rieslingglas wurde entwickelt, um den hohen S\u00e4uregehalt und den Restzuckergehalt fruchtiger","robots":{"index":"index","follow":"follow","max-snippet":"max-snippet:-1","max-image-preview":"max-image-preview:large","max-video-preview":"max-video-preview:-1"},"canonical":"https:\/\/www.erresse-shop.it\/de\/shop\/tisch\/trinkglaeser\/riedel-black-tie-riesling\/","og_locale":"de_DE","og_type":"article","og_title":"RIEDEL Black Tie Riesling","og_description":"RIEDEL Handgefertigtes Black Tie Rieslingglas Das RIEDEL Rieslingglas wurde entwickelt, um den hohen S\u00e4uregehalt und den Restzuckergehalt fruchtiger","og_url":"https:\/\/www.erresse-shop.it\/de\/shop\/tisch\/trinkglaeser\/riedel-black-tie-riesling\/","og_site_name":"Erresse Shop","article_modified_time":"2026-02-23T07:54:36+00:00","og_image":[{"width":1200,"height":1200,"url":"https:\/\/www.erresse-shop.it\/wp-content\/uploads\/2025\/03\/RIEDEL-Black-Tie-Riesling.jpg","type":"image\/jpeg"}],"twitter_card":"summary_large_image","schema":{"@context":"https:\/\/schema.org","@graph":[{"@type":"WebPage","@id":"https:\/\/www.erresse-shop.it\/de\/shop\/tisch\/trinkglaeser\/riedel-black-tie-riesling\/","url":"https:\/\/www.erresse-shop.it\/de\/shop\/tisch\/trinkglaeser\/riedel-black-tie-riesling\/","name":"RIEDEL Black Tie Riesling - Erresse Shop","isPartOf":{"@id":"https:\/\/www.erresse-shop.it\/de\/#website"},"datePublished":"2025-03-19T14:37:06+00:00","dateModified":"2026-02-23T07:54:36+00:00","description":"RIEDEL Handgefertigtes Black Tie Rieslingglas Das RIEDEL Rieslingglas wurde entwickelt, um den hohen S\u00e4uregehalt und den Restzuckergehalt fruchtiger","breadcrumb":{"@id":"https:\/\/www.erresse-shop.it\/de\/shop\/tisch\/trinkglaeser\/riedel-black-tie-riesling\/#breadcrumb"},"inLanguage":"de-DE","potentialAction":[{"@type":"ReadAction","target":["https:\/\/www.erresse-shop.it\/de\/shop\/tisch\/trinkglaeser\/riedel-black-tie-riesling\/"]}]},{"@type":"BreadcrumbList","@id":"https:\/\/www.erresse-shop.it\/de\/shop\/tisch\/trinkglaeser\/riedel-black-tie-riesling\/#breadcrumb","itemListElement":[{"@type":"ListItem","position":1,"name":"Home","item":"https:\/\/www.erresse-shop.it\/de\/"},{"@type":"ListItem","position":2,"name":"Shop","item":"https:\/\/www.erresse-shop.it\/de\/shop\/"},{"@type":"ListItem","position":3,"name":"RIEDEL Black Tie Riesling"}]},{"@type":"WebSite","@id":"https:\/\/www.erresse-shop.it\/de\/#website","url":"https:\/\/www.erresse-shop.it\/de\/","name":"Erresse Shop","description":"Articoli di qualit\u00e0 per la casa","potentialAction":[{"@type":"SearchAction","target":{"@type":"EntryPoint","urlTemplate":"https:\/\/www.erresse-shop.it\/de\/?s={search_term_string}"},"query-input":"required name=search_term_string"}],"inLanguage":"de-DE"}]}},"df_price":52.95,"df_sale_price":52.95,"df_regular_price":69,"df_image_link":"https:\/\/www.erresse-shop.it\/wp-content\/uploads\/2025\/03\/RIEDEL-Black-Tie-Riesling-300x300.jpg","_links":{"self":[{"href":"https:\/\/www.erresse-shop.it\/de\/wp-json\/wp\/v2\/product\/481234"}],"collection":[{"href":"https:\/\/www.erresse-shop.it\/de\/wp-json\/wp\/v2\/product"}],"about":[{"href":"https:\/\/www.erresse-shop.it\/de\/wp-json\/wp\/v2\/types\/product"}],"wp:featuredmedia":[{"embeddable":true,"href":"https:\/\/www.erresse-shop.it\/de\/wp-json\/wp\/v2\/media\/481261"}],"wp:attachment":[{"href":"https:\/\/www.erresse-shop.it\/de\/wp-json\/wp\/v2\/media?parent=481234"}],"wp:term":[{"taxonomy":"product_cat","embeddable":true,"href":"https:\/\/www.erresse-shop.it\/de\/wp-json\/wp\/v2\/product_cat?post=481234"},{"taxonomy":"product_tag","embeddable":true,"href":"https:\/\/www.erresse-shop.it\/de\/wp-json\/wp\/v2\/product_tag?post=481234"}],"curies":[{"name":"wp","href":"https:\/\/api.w.org\/{rel}","templated":true}]}}