{"id":481166,"date":"2025-03-19T14:02:24","date_gmt":"2025-03-19T14:02:25","guid":{"rendered":"https:\/\/www.erresse-shop.it\/?post_type=product&#038;p=481166"},"modified":"2026-02-23T07:57:09","modified_gmt":"2026-02-23T07:57:09","slug":"riedel-resort-highball","status":"publish","type":"product","link":"https:\/\/www.erresse-shop.it\/de\/shop\/tisch\/trinkglaeser\/riedel-resort-highball\/","title":{"rendered":"RIEDEL Resort Highball"},"content":{"rendered":"<p data-start=\"0\" data-end=\"467\">Das RIEDEL Resort Highball-Glas ist eine au\u00dfergew\u00f6hnliche Kombination aus Eleganz und Langlebigkeit. Hergestellt aus unzerbrechlichem Eastman Tritan\u2122, einem innovativen Material, das Klarheit, Brillanz und Langlebigkeit bietet. BPA-frei und lebensmittelecht eignet sich dieses Glas ideal f\u00fcr den Au\u00dfenbereich, wie z. B. Pools und Spas, wo herk\u00f6mmliche Stielgl\u00e4ser nicht geeignet sind. Dank seines funktionalen und stapelbaren Designs ist es praktisch zu verstauen und perfekt f\u00fcr jeden Anlass.<\/p>\n<p data-start=\"822\" data-end=\"911\" data-is-last-node=\"\" data-is-only-node=\"\">Perfekt f\u00fcr alle, die Eleganz und Funktionalit\u00e4t in einem langlebigen und hochwertigen Glas suchen.<\/p>\n<p><strong>Produktdetails:<\/strong><\/p>\n<ul>\n<li>Dieses Produkt ist maschinell hergestellt.<\/li>\n<li>Dekorierte Produkte sind nicht sp\u00fclmaschinenfest.<\/li>\n<li>Das Dekor kann durch aggressive Reinigungsmittel in der Maschine besch\u00e4digt werden.<\/li>\n<li>Reinigen Sie diese Artikel nur von Hand mit einem weichen Tuch. So k\u00f6nnen Sie die Eleganz und den Glanz Ihrer Lieblingsprodukte viele Jahre lang genie\u00dfen.<\/li>\n<\/ul>\n<p class=\"product-info__characteristics-paragraph flex justify-between\">Fassungsverm\u00f6gen: 447,0 ccm<br \/>\nH\u00f6he: 156,0 mm<\/p>\n","protected":false},"excerpt":{"rendered":"<p>Das RIEDEL Resort Highball-Glas ist eine au\u00dfergew\u00f6hnliche Kombination aus Eleganz und Langlebigkeit. Hergestellt aus unzerbrechlichem Eastman Tritan\u2122, einem innovativen Material,<\/p>\n","protected":false},"featured_media":481193,"template":"","meta":{"_acf_changed":false,"inline_featured_image":false},"product_cat":[6787,6811],"product_tag":[25088,23705,11479,23911,14411,22556,25022,21822],"acf":[],"yoast_head":"<!-- This site is optimized with the Yoast SEO Premium plugin v18.6 (Yoast SEO v19.13) - https:\/\/yoast.com\/wordpress\/plugins\/seo\/ -->\n<title>RIEDEL Resort Highball - Erresse Shop<\/title>\n<meta name=\"description\" content=\"Das RIEDEL Resort Highball-Glas ist eine au\u00dfergew\u00f6hnliche Kombination aus Eleganz und Langlebigkeit. Hergestellt aus unzerbrechlichem Eastman Tritan\u2122,\" \/>\n<meta name=\"robots\" content=\"index, follow, max-snippet:-1, max-image-preview:large, max-video-preview:-1\" \/>\n<link rel=\"canonical\" href=\"https:\/\/www.erresse-shop.it\/de\/shop\/tisch\/trinkglaeser\/riedel-resort-highball\/\" \/>\n<meta property=\"og:locale\" content=\"de_DE\" \/>\n<meta property=\"og:type\" content=\"article\" \/>\n<meta property=\"og:title\" content=\"RIEDEL Resort Highball\" \/>\n<meta property=\"og:description\" content=\"Das RIEDEL Resort Highball-Glas ist eine au\u00dfergew\u00f6hnliche Kombination aus Eleganz und Langlebigkeit. Hergestellt aus unzerbrechlichem Eastman Tritan\u2122,\" \/>\n<meta property=\"og:url\" content=\"https:\/\/www.erresse-shop.it\/de\/shop\/tisch\/trinkglaeser\/riedel-resort-highball\/\" \/>\n<meta property=\"og:site_name\" content=\"Erresse Shop\" \/>\n<meta property=\"article:modified_time\" content=\"2026-02-23T07:57:09+00:00\" \/>\n<meta property=\"og:image\" content=\"https:\/\/www.erresse-shop.it\/wp-content\/uploads\/2025\/03\/RIEDEL-Resort-Highball.jpg\" \/>\n\t<meta property=\"og:image:width\" content=\"1200\" \/>\n\t<meta property=\"og:image:height\" content=\"1200\" \/>\n\t<meta property=\"og:image:type\" content=\"image\/jpeg\" \/>\n<meta name=\"twitter:card\" content=\"summary_large_image\" \/>\n<script type=\"application\/ld+json\" class=\"yoast-schema-graph\">{\"@context\":\"https:\/\/schema.org\",\"@graph\":[{\"@type\":\"WebPage\",\"@id\":\"https:\/\/www.erresse-shop.it\/de\/shop\/tisch\/trinkglaeser\/riedel-resort-highball\/\",\"url\":\"https:\/\/www.erresse-shop.it\/de\/shop\/tisch\/trinkglaeser\/riedel-resort-highball\/\",\"name\":\"RIEDEL Resort Highball - Erresse Shop\",\"isPartOf\":{\"@id\":\"https:\/\/www.erresse-shop.it\/de\/#website\"},\"datePublished\":\"2025-03-19T14:02:25+00:00\",\"dateModified\":\"2026-02-23T07:57:09+00:00\",\"description\":\"Das RIEDEL Resort Highball-Glas ist eine au\u00dfergew\u00f6hnliche Kombination aus Eleganz und Langlebigkeit. Hergestellt aus unzerbrechlichem Eastman Tritan\u2122,\",\"breadcrumb\":{\"@id\":\"https:\/\/www.erresse-shop.it\/de\/shop\/tisch\/trinkglaeser\/riedel-resort-highball\/#breadcrumb\"},\"inLanguage\":\"de-DE\",\"potentialAction\":[{\"@type\":\"ReadAction\",\"target\":[\"https:\/\/www.erresse-shop.it\/de\/shop\/tisch\/trinkglaeser\/riedel-resort-highball\/\"]}]},{\"@type\":\"BreadcrumbList\",\"@id\":\"https:\/\/www.erresse-shop.it\/de\/shop\/tisch\/trinkglaeser\/riedel-resort-highball\/#breadcrumb\",\"itemListElement\":[{\"@type\":\"ListItem\",\"position\":1,\"name\":\"Home\",\"item\":\"https:\/\/www.erresse-shop.it\/de\/\"},{\"@type\":\"ListItem\",\"position\":2,\"name\":\"Shop\",\"item\":\"https:\/\/www.erresse-shop.it\/de\/shop\/\"},{\"@type\":\"ListItem\",\"position\":3,\"name\":\"RIEDEL Resort Highball\"}]},{\"@type\":\"WebSite\",\"@id\":\"https:\/\/www.erresse-shop.it\/de\/#website\",\"url\":\"https:\/\/www.erresse-shop.it\/de\/\",\"name\":\"Erresse Shop\",\"description\":\"Articoli di qualit\u00e0 per la casa\",\"potentialAction\":[{\"@type\":\"SearchAction\",\"target\":{\"@type\":\"EntryPoint\",\"urlTemplate\":\"https:\/\/www.erresse-shop.it\/de\/?s={search_term_string}\"},\"query-input\":\"required name=search_term_string\"}],\"inLanguage\":\"de-DE\"}]}<\/script>\n<!-- \/ Yoast SEO Premium plugin. -->","yoast_head_json":{"title":"RIEDEL Resort Highball - Erresse Shop","description":"Das RIEDEL Resort Highball-Glas ist eine au\u00dfergew\u00f6hnliche Kombination aus Eleganz und Langlebigkeit. Hergestellt aus unzerbrechlichem Eastman Tritan\u2122,","robots":{"index":"index","follow":"follow","max-snippet":"max-snippet:-1","max-image-preview":"max-image-preview:large","max-video-preview":"max-video-preview:-1"},"canonical":"https:\/\/www.erresse-shop.it\/de\/shop\/tisch\/trinkglaeser\/riedel-resort-highball\/","og_locale":"de_DE","og_type":"article","og_title":"RIEDEL Resort Highball","og_description":"Das RIEDEL Resort Highball-Glas ist eine au\u00dfergew\u00f6hnliche Kombination aus Eleganz und Langlebigkeit. Hergestellt aus unzerbrechlichem Eastman Tritan\u2122,","og_url":"https:\/\/www.erresse-shop.it\/de\/shop\/tisch\/trinkglaeser\/riedel-resort-highball\/","og_site_name":"Erresse Shop","article_modified_time":"2026-02-23T07:57:09+00:00","og_image":[{"width":1200,"height":1200,"url":"https:\/\/www.erresse-shop.it\/wp-content\/uploads\/2025\/03\/RIEDEL-Resort-Highball.jpg","type":"image\/jpeg"}],"twitter_card":"summary_large_image","schema":{"@context":"https:\/\/schema.org","@graph":[{"@type":"WebPage","@id":"https:\/\/www.erresse-shop.it\/de\/shop\/tisch\/trinkglaeser\/riedel-resort-highball\/","url":"https:\/\/www.erresse-shop.it\/de\/shop\/tisch\/trinkglaeser\/riedel-resort-highball\/","name":"RIEDEL Resort Highball - Erresse Shop","isPartOf":{"@id":"https:\/\/www.erresse-shop.it\/de\/#website"},"datePublished":"2025-03-19T14:02:25+00:00","dateModified":"2026-02-23T07:57:09+00:00","description":"Das RIEDEL Resort Highball-Glas ist eine au\u00dfergew\u00f6hnliche Kombination aus Eleganz und Langlebigkeit. Hergestellt aus unzerbrechlichem Eastman Tritan\u2122,","breadcrumb":{"@id":"https:\/\/www.erresse-shop.it\/de\/shop\/tisch\/trinkglaeser\/riedel-resort-highball\/#breadcrumb"},"inLanguage":"de-DE","potentialAction":[{"@type":"ReadAction","target":["https:\/\/www.erresse-shop.it\/de\/shop\/tisch\/trinkglaeser\/riedel-resort-highball\/"]}]},{"@type":"BreadcrumbList","@id":"https:\/\/www.erresse-shop.it\/de\/shop\/tisch\/trinkglaeser\/riedel-resort-highball\/#breadcrumb","itemListElement":[{"@type":"ListItem","position":1,"name":"Home","item":"https:\/\/www.erresse-shop.it\/de\/"},{"@type":"ListItem","position":2,"name":"Shop","item":"https:\/\/www.erresse-shop.it\/de\/shop\/"},{"@type":"ListItem","position":3,"name":"RIEDEL Resort Highball"}]},{"@type":"WebSite","@id":"https:\/\/www.erresse-shop.it\/de\/#website","url":"https:\/\/www.erresse-shop.it\/de\/","name":"Erresse Shop","description":"Articoli di qualit\u00e0 per la casa","potentialAction":[{"@type":"SearchAction","target":{"@type":"EntryPoint","urlTemplate":"https:\/\/www.erresse-shop.it\/de\/?s={search_term_string}"},"query-input":"required name=search_term_string"}],"inLanguage":"de-DE"}]}},"df_price":20.25,"df_sale_price":20.25,"df_regular_price":45,"df_image_link":"https:\/\/www.erresse-shop.it\/wp-content\/uploads\/2025\/03\/RIEDEL-Resort-Highball-300x300.jpg","_links":{"self":[{"href":"https:\/\/www.erresse-shop.it\/de\/wp-json\/wp\/v2\/product\/481166"}],"collection":[{"href":"https:\/\/www.erresse-shop.it\/de\/wp-json\/wp\/v2\/product"}],"about":[{"href":"https:\/\/www.erresse-shop.it\/de\/wp-json\/wp\/v2\/types\/product"}],"wp:featuredmedia":[{"embeddable":true,"href":"https:\/\/www.erresse-shop.it\/de\/wp-json\/wp\/v2\/media\/481193"}],"wp:attachment":[{"href":"https:\/\/www.erresse-shop.it\/de\/wp-json\/wp\/v2\/media?parent=481166"}],"wp:term":[{"taxonomy":"product_cat","embeddable":true,"href":"https:\/\/www.erresse-shop.it\/de\/wp-json\/wp\/v2\/product_cat?post=481166"},{"taxonomy":"product_tag","embeddable":true,"href":"https:\/\/www.erresse-shop.it\/de\/wp-json\/wp\/v2\/product_tag?post=481166"}],"curies":[{"name":"wp","href":"https:\/\/api.w.org\/{rel}","templated":true}]}}