{"id":481138,"date":"2025-03-19T13:42:39","date_gmt":"2025-03-19T13:42:40","guid":{"rendered":"https:\/\/www.erresse-shop.it\/?post_type=product&#038;p=481138"},"modified":"2026-02-23T08:00:34","modified_gmt":"2026-02-23T08:00:34","slug":"riedel-2er-set-martini-cocktailglaeser","status":"publish","type":"product","link":"https:\/\/www.erresse-shop.it\/de\/shop\/tisch\/weinbar-korkenzieher-dekanter-eiskubel\/weinglaeser\/riedel-2er-set-martini-cocktailglaeser\/","title":{"rendered":"RIEDEL 2er-Set Martini-\/Cocktailgl\u00e4ser"},"content":{"rendered":"<p>Das diamantf\u00f6rmige, maschinell bearbeitete Cocktailglas ist das perfekte Geschenk oder eine Erg\u00e4nzung f\u00fcr Ihre Sammlung. Seine steilen, schr\u00e4gen Seiten betonen die Aromen des klassischen Martini und \u00e4hnlicher Cocktails.<\/p>\n<p>Perfekt f\u00fcr eine Vielzahl von Weinen, Getr\u00e4nken und Cocktails. Sorgf\u00e4ltig gefertigt, um je nach Sorte maximale Pr\u00e4zision zu gew\u00e4hrleisten, bieten diese Gl\u00e4ser h\u00f6chsten Mixgenuss und ein H\u00f6chstma\u00df an Geschmack.<\/p>\n<p><strong>Produktdetails:<\/strong><\/p>\n<ul>\n<li>Dieses Produkt ist maschinell bearbeitet.<\/li>\n<li>Dieser Artikel ist sp\u00fclmaschinenfest.<\/li>\n<li>2er-Pack.<\/li>\n<li>Dieses Produkt besteht aus klarem Kristallglas.<\/li>\n<\/ul>\n<p class=\"product-info__characteristics-paragraph flex justify-between\">Fassungsverm\u00f6gen: 650,0 ccm<br \/>\nH\u00f6he: 215,0 mm<\/p>\n","protected":false},"excerpt":{"rendered":"<p>Das diamantf\u00f6rmige, maschinell bearbeitete Cocktailglas ist das perfekte Geschenk oder eine Erg\u00e4nzung f\u00fcr Ihre Sammlung. Seine steilen, schr\u00e4gen Seiten betonen<\/p>\n","protected":false},"featured_media":481159,"template":"","meta":{"_acf_changed":false,"inline_featured_image":false},"product_cat":[6850,14459],"product_tag":[25088,23705,11479,23911,23661,24416,21986,25022,21822,23683],"acf":[],"yoast_head":"<!-- This site is optimized with the Yoast SEO Premium plugin v18.6 (Yoast SEO v19.13) - https:\/\/yoast.com\/wordpress\/plugins\/seo\/ -->\n<title>RIEDEL 2er-Set Martini-\/Cocktailgl\u00e4ser - Erresse Shop<\/title>\n<meta name=\"description\" content=\"Das diamantf\u00f6rmige, maschinell bearbeitete Cocktailglas ist das perfekte Geschenk oder eine Erg\u00e4nzung f\u00fcr Ihre Sammlung. Seine steilen, schr\u00e4gen Seiten\" \/>\n<meta name=\"robots\" content=\"index, follow, max-snippet:-1, max-image-preview:large, max-video-preview:-1\" \/>\n<link rel=\"canonical\" href=\"https:\/\/www.erresse-shop.it\/de\/shop\/tisch\/weinbar-korkenzieher-dekanter-eiskubel\/weinglaeser\/riedel-2er-set-martini-cocktailglaeser\/\" \/>\n<meta property=\"og:locale\" content=\"de_DE\" \/>\n<meta property=\"og:type\" content=\"article\" \/>\n<meta property=\"og:title\" content=\"RIEDEL 2er-Set Martini-\/Cocktailgl\u00e4ser\" \/>\n<meta property=\"og:description\" content=\"Das diamantf\u00f6rmige, maschinell bearbeitete Cocktailglas ist das perfekte Geschenk oder eine Erg\u00e4nzung f\u00fcr Ihre Sammlung. Seine steilen, schr\u00e4gen Seiten\" \/>\n<meta property=\"og:url\" content=\"https:\/\/www.erresse-shop.it\/de\/shop\/tisch\/weinbar-korkenzieher-dekanter-eiskubel\/weinglaeser\/riedel-2er-set-martini-cocktailglaeser\/\" \/>\n<meta property=\"og:site_name\" content=\"Erresse Shop\" \/>\n<meta property=\"article:modified_time\" content=\"2026-02-23T08:00:34+00:00\" \/>\n<meta property=\"og:image\" content=\"https:\/\/www.erresse-shop.it\/wp-content\/uploads\/2025\/03\/RIEDEL-Set-2-Bicchieri-Martini_Cocktail.jpg\" \/>\n\t<meta property=\"og:image:width\" content=\"1200\" \/>\n\t<meta property=\"og:image:height\" content=\"1200\" \/>\n\t<meta property=\"og:image:type\" content=\"image\/jpeg\" \/>\n<meta name=\"twitter:card\" content=\"summary_large_image\" \/>\n<script type=\"application\/ld+json\" class=\"yoast-schema-graph\">{\"@context\":\"https:\/\/schema.org\",\"@graph\":[{\"@type\":\"WebPage\",\"@id\":\"https:\/\/www.erresse-shop.it\/de\/shop\/tisch\/weinbar-korkenzieher-dekanter-eiskubel\/weinglaeser\/riedel-2er-set-martini-cocktailglaeser\/\",\"url\":\"https:\/\/www.erresse-shop.it\/de\/shop\/tisch\/weinbar-korkenzieher-dekanter-eiskubel\/weinglaeser\/riedel-2er-set-martini-cocktailglaeser\/\",\"name\":\"RIEDEL 2er-Set Martini-\/Cocktailgl\u00e4ser - Erresse Shop\",\"isPartOf\":{\"@id\":\"https:\/\/www.erresse-shop.it\/de\/#website\"},\"datePublished\":\"2025-03-19T13:42:40+00:00\",\"dateModified\":\"2026-02-23T08:00:34+00:00\",\"description\":\"Das diamantf\u00f6rmige, maschinell bearbeitete Cocktailglas ist das perfekte Geschenk oder eine Erg\u00e4nzung f\u00fcr Ihre Sammlung. Seine steilen, schr\u00e4gen Seiten\",\"breadcrumb\":{\"@id\":\"https:\/\/www.erresse-shop.it\/de\/shop\/tisch\/weinbar-korkenzieher-dekanter-eiskubel\/weinglaeser\/riedel-2er-set-martini-cocktailglaeser\/#breadcrumb\"},\"inLanguage\":\"de-DE\",\"potentialAction\":[{\"@type\":\"ReadAction\",\"target\":[\"https:\/\/www.erresse-shop.it\/de\/shop\/tisch\/weinbar-korkenzieher-dekanter-eiskubel\/weinglaeser\/riedel-2er-set-martini-cocktailglaeser\/\"]}]},{\"@type\":\"BreadcrumbList\",\"@id\":\"https:\/\/www.erresse-shop.it\/de\/shop\/tisch\/weinbar-korkenzieher-dekanter-eiskubel\/weinglaeser\/riedel-2er-set-martini-cocktailglaeser\/#breadcrumb\",\"itemListElement\":[{\"@type\":\"ListItem\",\"position\":1,\"name\":\"Home\",\"item\":\"https:\/\/www.erresse-shop.it\/de\/\"},{\"@type\":\"ListItem\",\"position\":2,\"name\":\"Shop\",\"item\":\"https:\/\/www.erresse-shop.it\/de\/shop\/\"},{\"@type\":\"ListItem\",\"position\":3,\"name\":\"RIEDEL 2er-Set Martini-\/Cocktailgl\u00e4ser\"}]},{\"@type\":\"WebSite\",\"@id\":\"https:\/\/www.erresse-shop.it\/de\/#website\",\"url\":\"https:\/\/www.erresse-shop.it\/de\/\",\"name\":\"Erresse Shop\",\"description\":\"Articoli di qualit\u00e0 per la casa\",\"potentialAction\":[{\"@type\":\"SearchAction\",\"target\":{\"@type\":\"EntryPoint\",\"urlTemplate\":\"https:\/\/www.erresse-shop.it\/de\/?s={search_term_string}\"},\"query-input\":\"required name=search_term_string\"}],\"inLanguage\":\"de-DE\"}]}<\/script>\n<!-- \/ Yoast SEO Premium plugin. -->","yoast_head_json":{"title":"RIEDEL 2er-Set Martini-\/Cocktailgl\u00e4ser - Erresse Shop","description":"Das diamantf\u00f6rmige, maschinell bearbeitete Cocktailglas ist das perfekte Geschenk oder eine Erg\u00e4nzung f\u00fcr Ihre Sammlung. Seine steilen, schr\u00e4gen Seiten","robots":{"index":"index","follow":"follow","max-snippet":"max-snippet:-1","max-image-preview":"max-image-preview:large","max-video-preview":"max-video-preview:-1"},"canonical":"https:\/\/www.erresse-shop.it\/de\/shop\/tisch\/weinbar-korkenzieher-dekanter-eiskubel\/weinglaeser\/riedel-2er-set-martini-cocktailglaeser\/","og_locale":"de_DE","og_type":"article","og_title":"RIEDEL 2er-Set Martini-\/Cocktailgl\u00e4ser","og_description":"Das diamantf\u00f6rmige, maschinell bearbeitete Cocktailglas ist das perfekte Geschenk oder eine Erg\u00e4nzung f\u00fcr Ihre Sammlung. Seine steilen, schr\u00e4gen Seiten","og_url":"https:\/\/www.erresse-shop.it\/de\/shop\/tisch\/weinbar-korkenzieher-dekanter-eiskubel\/weinglaeser\/riedel-2er-set-martini-cocktailglaeser\/","og_site_name":"Erresse Shop","article_modified_time":"2026-02-23T08:00:34+00:00","og_image":[{"width":1200,"height":1200,"url":"https:\/\/www.erresse-shop.it\/wp-content\/uploads\/2025\/03\/RIEDEL-Set-2-Bicchieri-Martini_Cocktail.jpg","type":"image\/jpeg"}],"twitter_card":"summary_large_image","schema":{"@context":"https:\/\/schema.org","@graph":[{"@type":"WebPage","@id":"https:\/\/www.erresse-shop.it\/de\/shop\/tisch\/weinbar-korkenzieher-dekanter-eiskubel\/weinglaeser\/riedel-2er-set-martini-cocktailglaeser\/","url":"https:\/\/www.erresse-shop.it\/de\/shop\/tisch\/weinbar-korkenzieher-dekanter-eiskubel\/weinglaeser\/riedel-2er-set-martini-cocktailglaeser\/","name":"RIEDEL 2er-Set Martini-\/Cocktailgl\u00e4ser - Erresse Shop","isPartOf":{"@id":"https:\/\/www.erresse-shop.it\/de\/#website"},"datePublished":"2025-03-19T13:42:40+00:00","dateModified":"2026-02-23T08:00:34+00:00","description":"Das diamantf\u00f6rmige, maschinell bearbeitete Cocktailglas ist das perfekte Geschenk oder eine Erg\u00e4nzung f\u00fcr Ihre Sammlung. Seine steilen, schr\u00e4gen Seiten","breadcrumb":{"@id":"https:\/\/www.erresse-shop.it\/de\/shop\/tisch\/weinbar-korkenzieher-dekanter-eiskubel\/weinglaeser\/riedel-2er-set-martini-cocktailglaeser\/#breadcrumb"},"inLanguage":"de-DE","potentialAction":[{"@type":"ReadAction","target":["https:\/\/www.erresse-shop.it\/de\/shop\/tisch\/weinbar-korkenzieher-dekanter-eiskubel\/weinglaeser\/riedel-2er-set-martini-cocktailglaeser\/"]}]},{"@type":"BreadcrumbList","@id":"https:\/\/www.erresse-shop.it\/de\/shop\/tisch\/weinbar-korkenzieher-dekanter-eiskubel\/weinglaeser\/riedel-2er-set-martini-cocktailglaeser\/#breadcrumb","itemListElement":[{"@type":"ListItem","position":1,"name":"Home","item":"https:\/\/www.erresse-shop.it\/de\/"},{"@type":"ListItem","position":2,"name":"Shop","item":"https:\/\/www.erresse-shop.it\/de\/shop\/"},{"@type":"ListItem","position":3,"name":"RIEDEL 2er-Set Martini-\/Cocktailgl\u00e4ser"}]},{"@type":"WebSite","@id":"https:\/\/www.erresse-shop.it\/de\/#website","url":"https:\/\/www.erresse-shop.it\/de\/","name":"Erresse Shop","description":"Articoli di qualit\u00e0 per la casa","potentialAction":[{"@type":"SearchAction","target":{"@type":"EntryPoint","urlTemplate":"https:\/\/www.erresse-shop.it\/de\/?s={search_term_string}"},"query-input":"required name=search_term_string"}],"inLanguage":"de-DE"}]}},"df_price":11.205,"df_sale_price":11.205,"df_regular_price":24.9,"df_image_link":"https:\/\/www.erresse-shop.it\/wp-content\/uploads\/2025\/03\/RIEDEL-Set-2-Bicchieri-Martini_Cocktail-300x300.jpg","_links":{"self":[{"href":"https:\/\/www.erresse-shop.it\/de\/wp-json\/wp\/v2\/product\/481138"}],"collection":[{"href":"https:\/\/www.erresse-shop.it\/de\/wp-json\/wp\/v2\/product"}],"about":[{"href":"https:\/\/www.erresse-shop.it\/de\/wp-json\/wp\/v2\/types\/product"}],"wp:featuredmedia":[{"embeddable":true,"href":"https:\/\/www.erresse-shop.it\/de\/wp-json\/wp\/v2\/media\/481159"}],"wp:attachment":[{"href":"https:\/\/www.erresse-shop.it\/de\/wp-json\/wp\/v2\/media?parent=481138"}],"wp:term":[{"taxonomy":"product_cat","embeddable":true,"href":"https:\/\/www.erresse-shop.it\/de\/wp-json\/wp\/v2\/product_cat?post=481138"},{"taxonomy":"product_tag","embeddable":true,"href":"https:\/\/www.erresse-shop.it\/de\/wp-json\/wp\/v2\/product_tag?post=481138"}],"curies":[{"name":"wp","href":"https:\/\/api.w.org\/{rel}","templated":true}]}}