{"id":481111,"date":"2025-03-19T13:23:08","date_gmt":"2025-03-19T13:23:09","guid":{"rendered":"https:\/\/www.erresse-shop.it\/?post_type=product&#038;p=481111"},"modified":"2026-02-23T08:02:34","modified_gmt":"2026-02-23T08:02:34","slug":"riedel-set-2-glaeser-chardonnay-gin-tonic","status":"publish","type":"product","link":"https:\/\/www.erresse-shop.it\/de\/shop\/tisch\/weinbar-korkenzieher-dekanter-eiskubel\/weinglaeser\/riedel-set-2-glaeser-chardonnay-gin-tonic\/","title":{"rendered":"RIEDEL Set 2 Gl\u00e4ser Chardonnay\/Gin Tonic"},"content":{"rendered":"<p>Das elegante, maschinell gefertigte Chardonnay\/Gin &amp; Tonic-Glas bietet Wein- und Cocktailliebhabern ein Design, das beides perfekt zur Geltung bringt. Der breite Kelch betont die cremige Textur des Chardonnays am Gaumen, w\u00e4hrend die vielseitige Form die erfrischenden Botanicals eines klassischen Gin Tonic perfekt in Szene setzt.<\/p>\n<p>Perfekt f\u00fcr eine Vielzahl von Weinen, Getr\u00e4nken und Cocktails. Sorgf\u00e4ltig gefertigt, um je nach Rebsorte maximale Pr\u00e4zision zu gew\u00e4hrleisten, bieten diese Gl\u00e4ser h\u00f6chsten Mixgenuss und Trinkgenuss.<\/p>\n<p><strong>Produktdetails:<\/strong><\/p>\n<ul>\n<li>Dieses Produkt ist maschinell gefertigt.<\/li>\n<li>Dieser Artikel ist sp\u00fclmaschinenfest.<\/li>\n<li>2er-Pack.<\/li>\n<\/ul>\n<p class=\"product-info__characteristics-paragraph flex justify-between\">Fassungsverm\u00f6gen: 650,0 ccm<br \/>\nH\u00f6he: 215,0 mm<\/p>\n","protected":false},"excerpt":{"rendered":"<p>Das elegante, maschinell gefertigte Chardonnay\/Gin &amp; Tonic-Glas bietet Wein- und Cocktailliebhabern ein Design, das beides perfekt zur Geltung bringt. Der<\/p>\n","protected":false},"featured_media":481132,"template":"","meta":{"_acf_changed":false,"inline_featured_image":false},"product_cat":[6850,14459],"product_tag":[25088,23705,11479,23911,23661,24416,21986,25022,21822,23683],"acf":[],"yoast_head":"<!-- This site is optimized with the Yoast SEO Premium plugin v18.6 (Yoast SEO v19.13) - https:\/\/yoast.com\/wordpress\/plugins\/seo\/ -->\n<title>RIEDEL Set 2 Gl\u00e4ser Chardonnay\/Gin Tonic - Erresse Shop<\/title>\n<meta name=\"description\" content=\"Das elegante, maschinell gefertigte Chardonnay\/Gin &amp; Tonic-Glas bietet Wein- und Cocktailliebhabern ein Design, das beides perfekt zur Geltung bringt.\" \/>\n<meta name=\"robots\" content=\"index, follow, max-snippet:-1, max-image-preview:large, max-video-preview:-1\" \/>\n<link rel=\"canonical\" href=\"https:\/\/www.erresse-shop.it\/de\/shop\/tisch\/weinbar-korkenzieher-dekanter-eiskubel\/weinglaeser\/riedel-set-2-glaeser-chardonnay-gin-tonic\/\" \/>\n<meta property=\"og:locale\" content=\"de_DE\" \/>\n<meta property=\"og:type\" content=\"article\" \/>\n<meta property=\"og:title\" content=\"RIEDEL Set 2 Gl\u00e4ser Chardonnay\/Gin Tonic\" \/>\n<meta property=\"og:description\" content=\"Das elegante, maschinell gefertigte Chardonnay\/Gin &amp; Tonic-Glas bietet Wein- und Cocktailliebhabern ein Design, das beides perfekt zur Geltung bringt.\" \/>\n<meta property=\"og:url\" content=\"https:\/\/www.erresse-shop.it\/de\/shop\/tisch\/weinbar-korkenzieher-dekanter-eiskubel\/weinglaeser\/riedel-set-2-glaeser-chardonnay-gin-tonic\/\" \/>\n<meta property=\"og:site_name\" content=\"Erresse Shop\" \/>\n<meta property=\"article:modified_time\" content=\"2026-02-23T08:02:34+00:00\" \/>\n<meta property=\"og:image\" content=\"https:\/\/www.erresse-shop.it\/wp-content\/uploads\/2025\/03\/RIEDEL-Set-2-Calici-Chardonnay_Gin-Tonic.jpg\" \/>\n\t<meta property=\"og:image:width\" content=\"1200\" \/>\n\t<meta property=\"og:image:height\" content=\"1200\" \/>\n\t<meta property=\"og:image:type\" content=\"image\/jpeg\" \/>\n<meta name=\"twitter:card\" content=\"summary_large_image\" \/>\n<script type=\"application\/ld+json\" class=\"yoast-schema-graph\">{\"@context\":\"https:\/\/schema.org\",\"@graph\":[{\"@type\":\"WebPage\",\"@id\":\"https:\/\/www.erresse-shop.it\/de\/shop\/tisch\/weinbar-korkenzieher-dekanter-eiskubel\/weinglaeser\/riedel-set-2-glaeser-chardonnay-gin-tonic\/\",\"url\":\"https:\/\/www.erresse-shop.it\/de\/shop\/tisch\/weinbar-korkenzieher-dekanter-eiskubel\/weinglaeser\/riedel-set-2-glaeser-chardonnay-gin-tonic\/\",\"name\":\"RIEDEL Set 2 Gl\u00e4ser Chardonnay\/Gin Tonic - Erresse Shop\",\"isPartOf\":{\"@id\":\"https:\/\/www.erresse-shop.it\/de\/#website\"},\"datePublished\":\"2025-03-19T13:23:09+00:00\",\"dateModified\":\"2026-02-23T08:02:34+00:00\",\"description\":\"Das elegante, maschinell gefertigte Chardonnay\/Gin &amp; Tonic-Glas bietet Wein- und Cocktailliebhabern ein Design, das beides perfekt zur Geltung bringt.\",\"breadcrumb\":{\"@id\":\"https:\/\/www.erresse-shop.it\/de\/shop\/tisch\/weinbar-korkenzieher-dekanter-eiskubel\/weinglaeser\/riedel-set-2-glaeser-chardonnay-gin-tonic\/#breadcrumb\"},\"inLanguage\":\"de-DE\",\"potentialAction\":[{\"@type\":\"ReadAction\",\"target\":[\"https:\/\/www.erresse-shop.it\/de\/shop\/tisch\/weinbar-korkenzieher-dekanter-eiskubel\/weinglaeser\/riedel-set-2-glaeser-chardonnay-gin-tonic\/\"]}]},{\"@type\":\"BreadcrumbList\",\"@id\":\"https:\/\/www.erresse-shop.it\/de\/shop\/tisch\/weinbar-korkenzieher-dekanter-eiskubel\/weinglaeser\/riedel-set-2-glaeser-chardonnay-gin-tonic\/#breadcrumb\",\"itemListElement\":[{\"@type\":\"ListItem\",\"position\":1,\"name\":\"Home\",\"item\":\"https:\/\/www.erresse-shop.it\/de\/\"},{\"@type\":\"ListItem\",\"position\":2,\"name\":\"Shop\",\"item\":\"https:\/\/www.erresse-shop.it\/de\/shop\/\"},{\"@type\":\"ListItem\",\"position\":3,\"name\":\"RIEDEL Set 2 Gl\u00e4ser Chardonnay\/Gin Tonic\"}]},{\"@type\":\"WebSite\",\"@id\":\"https:\/\/www.erresse-shop.it\/de\/#website\",\"url\":\"https:\/\/www.erresse-shop.it\/de\/\",\"name\":\"Erresse Shop\",\"description\":\"Articoli di qualit\u00e0 per la casa\",\"potentialAction\":[{\"@type\":\"SearchAction\",\"target\":{\"@type\":\"EntryPoint\",\"urlTemplate\":\"https:\/\/www.erresse-shop.it\/de\/?s={search_term_string}\"},\"query-input\":\"required name=search_term_string\"}],\"inLanguage\":\"de-DE\"}]}<\/script>\n<!-- \/ Yoast SEO Premium plugin. -->","yoast_head_json":{"title":"RIEDEL Set 2 Gl\u00e4ser Chardonnay\/Gin Tonic - Erresse Shop","description":"Das elegante, maschinell gefertigte Chardonnay\/Gin &amp; Tonic-Glas bietet Wein- und Cocktailliebhabern ein Design, das beides perfekt zur Geltung bringt.","robots":{"index":"index","follow":"follow","max-snippet":"max-snippet:-1","max-image-preview":"max-image-preview:large","max-video-preview":"max-video-preview:-1"},"canonical":"https:\/\/www.erresse-shop.it\/de\/shop\/tisch\/weinbar-korkenzieher-dekanter-eiskubel\/weinglaeser\/riedel-set-2-glaeser-chardonnay-gin-tonic\/","og_locale":"de_DE","og_type":"article","og_title":"RIEDEL Set 2 Gl\u00e4ser Chardonnay\/Gin Tonic","og_description":"Das elegante, maschinell gefertigte Chardonnay\/Gin &amp; Tonic-Glas bietet Wein- und Cocktailliebhabern ein Design, das beides perfekt zur Geltung bringt.","og_url":"https:\/\/www.erresse-shop.it\/de\/shop\/tisch\/weinbar-korkenzieher-dekanter-eiskubel\/weinglaeser\/riedel-set-2-glaeser-chardonnay-gin-tonic\/","og_site_name":"Erresse Shop","article_modified_time":"2026-02-23T08:02:34+00:00","og_image":[{"width":1200,"height":1200,"url":"https:\/\/www.erresse-shop.it\/wp-content\/uploads\/2025\/03\/RIEDEL-Set-2-Calici-Chardonnay_Gin-Tonic.jpg","type":"image\/jpeg"}],"twitter_card":"summary_large_image","schema":{"@context":"https:\/\/schema.org","@graph":[{"@type":"WebPage","@id":"https:\/\/www.erresse-shop.it\/de\/shop\/tisch\/weinbar-korkenzieher-dekanter-eiskubel\/weinglaeser\/riedel-set-2-glaeser-chardonnay-gin-tonic\/","url":"https:\/\/www.erresse-shop.it\/de\/shop\/tisch\/weinbar-korkenzieher-dekanter-eiskubel\/weinglaeser\/riedel-set-2-glaeser-chardonnay-gin-tonic\/","name":"RIEDEL Set 2 Gl\u00e4ser Chardonnay\/Gin Tonic - Erresse Shop","isPartOf":{"@id":"https:\/\/www.erresse-shop.it\/de\/#website"},"datePublished":"2025-03-19T13:23:09+00:00","dateModified":"2026-02-23T08:02:34+00:00","description":"Das elegante, maschinell gefertigte Chardonnay\/Gin &amp; Tonic-Glas bietet Wein- und Cocktailliebhabern ein Design, das beides perfekt zur Geltung bringt.","breadcrumb":{"@id":"https:\/\/www.erresse-shop.it\/de\/shop\/tisch\/weinbar-korkenzieher-dekanter-eiskubel\/weinglaeser\/riedel-set-2-glaeser-chardonnay-gin-tonic\/#breadcrumb"},"inLanguage":"de-DE","potentialAction":[{"@type":"ReadAction","target":["https:\/\/www.erresse-shop.it\/de\/shop\/tisch\/weinbar-korkenzieher-dekanter-eiskubel\/weinglaeser\/riedel-set-2-glaeser-chardonnay-gin-tonic\/"]}]},{"@type":"BreadcrumbList","@id":"https:\/\/www.erresse-shop.it\/de\/shop\/tisch\/weinbar-korkenzieher-dekanter-eiskubel\/weinglaeser\/riedel-set-2-glaeser-chardonnay-gin-tonic\/#breadcrumb","itemListElement":[{"@type":"ListItem","position":1,"name":"Home","item":"https:\/\/www.erresse-shop.it\/de\/"},{"@type":"ListItem","position":2,"name":"Shop","item":"https:\/\/www.erresse-shop.it\/de\/shop\/"},{"@type":"ListItem","position":3,"name":"RIEDEL Set 2 Gl\u00e4ser Chardonnay\/Gin Tonic"}]},{"@type":"WebSite","@id":"https:\/\/www.erresse-shop.it\/de\/#website","url":"https:\/\/www.erresse-shop.it\/de\/","name":"Erresse Shop","description":"Articoli di qualit\u00e0 per la casa","potentialAction":[{"@type":"SearchAction","target":{"@type":"EntryPoint","urlTemplate":"https:\/\/www.erresse-shop.it\/de\/?s={search_term_string}"},"query-input":"required name=search_term_string"}],"inLanguage":"de-DE"}]}},"df_price":11.205,"df_sale_price":11.205,"df_regular_price":24.9,"df_image_link":"https:\/\/www.erresse-shop.it\/wp-content\/uploads\/2025\/03\/RIEDEL-Set-2-Calici-Chardonnay_Gin-Tonic-300x300.jpg","_links":{"self":[{"href":"https:\/\/www.erresse-shop.it\/de\/wp-json\/wp\/v2\/product\/481111"}],"collection":[{"href":"https:\/\/www.erresse-shop.it\/de\/wp-json\/wp\/v2\/product"}],"about":[{"href":"https:\/\/www.erresse-shop.it\/de\/wp-json\/wp\/v2\/types\/product"}],"wp:featuredmedia":[{"embeddable":true,"href":"https:\/\/www.erresse-shop.it\/de\/wp-json\/wp\/v2\/media\/481132"}],"wp:attachment":[{"href":"https:\/\/www.erresse-shop.it\/de\/wp-json\/wp\/v2\/media?parent=481111"}],"wp:term":[{"taxonomy":"product_cat","embeddable":true,"href":"https:\/\/www.erresse-shop.it\/de\/wp-json\/wp\/v2\/product_cat?post=481111"},{"taxonomy":"product_tag","embeddable":true,"href":"https:\/\/www.erresse-shop.it\/de\/wp-json\/wp\/v2\/product_tag?post=481111"}],"curies":[{"name":"wp","href":"https:\/\/api.w.org\/{rel}","templated":true}]}}