{"id":481056,"date":"2025-03-19T11:45:06","date_gmt":"2025-03-19T11:45:08","guid":{"rendered":"https:\/\/www.erresse-shop.it\/?post_type=product&#038;p=481056"},"modified":"2025-03-19T13:20:23","modified_gmt":"2025-03-19T13:20:23","slug":"riedel-amedeo-dekanter-copia","status":"publish","type":"product","link":"https:\/\/www.erresse-shop.it\/de\/shop\/tisch\/weinbar-korkenzieher-dekanter-eiskubel\/dekanter\/riedel-amedeo-dekanter-copia\/","title":{"rendered":"RIEDEL Amedeo Dekanter Gr\u00fcn Wei\u00df Rot"},"content":{"rendered":"<p><strong>RIEDEL<\/strong> bietet eine gro\u00dfe Auswahl eleganter mundgeblasener Glaskaraffen passend zu jedem Lebensstil. Eine Karaffe ist ein unverzichtbarer Gegenstand f\u00fcr jeden Weinliebhaber und alle Dekanter von RIEDEL werden aus edlem Kristallglas gefertigt, um edlen Weinen die Behandlung zu geben, die sie verdienen. Sowohl gereifte als auch junge Weine k\u00f6nnen vom Dekantieren profitieren, sei es um Ablagerungen zu entfernen oder um den Wein weicher und runder zu machen.<\/p>\n<p>Der Dekanter <strong>Amadeo<\/strong> wurde 2006 anl\u00e4sslich des 250-j\u00e4hrigen Jubil\u00e4ums von RIEDEL auf den Markt gebracht. Der Name geht auf den \u00f6sterreichischen Komponisten Wolfgang Amadeus Mozart zur\u00fcck, der im selben Jahr auch seinen 250. Geburtstag feierte. Diese mundgeblasene Glaskaraffe hat die Form einer Leier und gie\u00dft Wein wie ein Traum aus. Der Wein l\u00e4sst sich leicht durch die gr\u00f6\u00dfte \u00d6ffnung des Beh\u00e4lters dekantieren und durch die schmalste \u00d6ffnung in das Glas gie\u00dfen.<\/p>\n<p>Diese Karaffe bietet Platz f\u00fcr eine Standardflasche Wein.<\/p>\n<p>Diese Version zeichnet sich durch ein anspruchsvolles Design mit abwechselnd drei Streifen in auff\u00e4lligen Gr\u00fcn-, Wei\u00df- und Rott\u00f6nen aus, die sich perfekt in die ikonische Silhouette von Amadeo einf\u00fcgen. Die kr\u00e4ftige und doch elegante Farbkombination unterstreicht die einzigartige Form der Karaffe und macht sie zu einem atemberaubenden Mittelpunkt und einem zeitlosen St\u00fcck Ihrer Glaswaren.<\/p>\n<p>Handgefertigt. Handw\u00e4sche nur.<br \/>\nAltura: 350,0 mm<br \/>\nCilindrada: 750,0 cc<\/p>\n","protected":false},"excerpt":{"rendered":"<p>RIEDEL bietet eine gro\u00dfe Auswahl eleganter mundgeblasener Glaskaraffen passend zu jedem Lebensstil. Eine Karaffe ist ein unverzichtbarer Gegenstand f\u00fcr jeden<\/p>\n","protected":false},"featured_media":481077,"template":"","meta":{"_acf_changed":false,"inline_featured_image":false},"product_cat":[6787,6850,18540],"product_tag":[22551,24681,11489,23683],"acf":[],"yoast_head":"<!-- This site is optimized with the Yoast SEO Premium plugin v18.6 (Yoast SEO v19.13) - https:\/\/yoast.com\/wordpress\/plugins\/seo\/ -->\n<title>RIEDEL Amedeo Dekanter Gr\u00fcn Wei\u00df Rot - Erresse Shop<\/title>\n<meta name=\"description\" content=\"RIEDEL bietet eine gro\u00dfe Auswahl eleganter mundgeblasener Glaskaraffen passend zu jedem Lebensstil. Eine Karaffe ist ein unverzichtbarer Gegenstand f\u00fcr\" \/>\n<meta name=\"robots\" content=\"index, follow, max-snippet:-1, max-image-preview:large, max-video-preview:-1\" \/>\n<link rel=\"canonical\" href=\"https:\/\/www.erresse-shop.it\/de\/shop\/tisch\/weinbar-korkenzieher-dekanter-eiskubel\/dekanter\/riedel-amedeo-dekanter-copia\/\" \/>\n<meta property=\"og:locale\" content=\"de_DE\" \/>\n<meta property=\"og:type\" content=\"article\" \/>\n<meta property=\"og:title\" content=\"RIEDEL Amedeo Dekanter Gr\u00fcn Wei\u00df Rot\" \/>\n<meta property=\"og:description\" content=\"RIEDEL bietet eine gro\u00dfe Auswahl eleganter mundgeblasener Glaskaraffen passend zu jedem Lebensstil. Eine Karaffe ist ein unverzichtbarer Gegenstand f\u00fcr\" \/>\n<meta property=\"og:url\" content=\"https:\/\/www.erresse-shop.it\/de\/shop\/tisch\/weinbar-korkenzieher-dekanter-eiskubel\/dekanter\/riedel-amedeo-dekanter-copia\/\" \/>\n<meta property=\"og:site_name\" content=\"Erresse Shop\" \/>\n<meta property=\"article:modified_time\" content=\"2025-03-19T13:20:23+00:00\" \/>\n<meta property=\"og:image\" content=\"https:\/\/www.erresse-shop.it\/wp-content\/uploads\/2025\/03\/RIEDEL-Amadeo-Decanter-Verde-Bianco-Rosso.jpg\" \/>\n\t<meta property=\"og:image:width\" content=\"1200\" \/>\n\t<meta property=\"og:image:height\" content=\"1200\" \/>\n\t<meta property=\"og:image:type\" content=\"image\/jpeg\" \/>\n<meta name=\"twitter:card\" content=\"summary_large_image\" \/>\n<script type=\"application\/ld+json\" class=\"yoast-schema-graph\">{\"@context\":\"https:\/\/schema.org\",\"@graph\":[{\"@type\":\"WebPage\",\"@id\":\"https:\/\/www.erresse-shop.it\/de\/shop\/tisch\/weinbar-korkenzieher-dekanter-eiskubel\/dekanter\/riedel-amedeo-dekanter-copia\/\",\"url\":\"https:\/\/www.erresse-shop.it\/de\/shop\/tisch\/weinbar-korkenzieher-dekanter-eiskubel\/dekanter\/riedel-amedeo-dekanter-copia\/\",\"name\":\"RIEDEL Amedeo Dekanter Gr\u00fcn Wei\u00df Rot - Erresse Shop\",\"isPartOf\":{\"@id\":\"https:\/\/www.erresse-shop.it\/de\/#website\"},\"datePublished\":\"2025-03-19T11:45:08+00:00\",\"dateModified\":\"2025-03-19T13:20:23+00:00\",\"description\":\"RIEDEL bietet eine gro\u00dfe Auswahl eleganter mundgeblasener Glaskaraffen passend zu jedem Lebensstil. Eine Karaffe ist ein unverzichtbarer Gegenstand f\u00fcr\",\"breadcrumb\":{\"@id\":\"https:\/\/www.erresse-shop.it\/de\/shop\/tisch\/weinbar-korkenzieher-dekanter-eiskubel\/dekanter\/riedel-amedeo-dekanter-copia\/#breadcrumb\"},\"inLanguage\":\"de-DE\",\"potentialAction\":[{\"@type\":\"ReadAction\",\"target\":[\"https:\/\/www.erresse-shop.it\/de\/shop\/tisch\/weinbar-korkenzieher-dekanter-eiskubel\/dekanter\/riedel-amedeo-dekanter-copia\/\"]}]},{\"@type\":\"BreadcrumbList\",\"@id\":\"https:\/\/www.erresse-shop.it\/de\/shop\/tisch\/weinbar-korkenzieher-dekanter-eiskubel\/dekanter\/riedel-amedeo-dekanter-copia\/#breadcrumb\",\"itemListElement\":[{\"@type\":\"ListItem\",\"position\":1,\"name\":\"Home\",\"item\":\"https:\/\/www.erresse-shop.it\/de\/\"},{\"@type\":\"ListItem\",\"position\":2,\"name\":\"Shop\",\"item\":\"https:\/\/www.erresse-shop.it\/de\/shop\/\"},{\"@type\":\"ListItem\",\"position\":3,\"name\":\"RIEDEL Amedeo Dekanter Gr\u00fcn Wei\u00df Rot\"}]},{\"@type\":\"WebSite\",\"@id\":\"https:\/\/www.erresse-shop.it\/de\/#website\",\"url\":\"https:\/\/www.erresse-shop.it\/de\/\",\"name\":\"Erresse Shop\",\"description\":\"Articoli di qualit\u00e0 per la casa\",\"potentialAction\":[{\"@type\":\"SearchAction\",\"target\":{\"@type\":\"EntryPoint\",\"urlTemplate\":\"https:\/\/www.erresse-shop.it\/de\/?s={search_term_string}\"},\"query-input\":\"required name=search_term_string\"}],\"inLanguage\":\"de-DE\"}]}<\/script>\n<!-- \/ Yoast SEO Premium plugin. -->","yoast_head_json":{"title":"RIEDEL Amedeo Dekanter Gr\u00fcn Wei\u00df Rot - Erresse Shop","description":"RIEDEL bietet eine gro\u00dfe Auswahl eleganter mundgeblasener Glaskaraffen passend zu jedem Lebensstil. Eine Karaffe ist ein unverzichtbarer Gegenstand f\u00fcr","robots":{"index":"index","follow":"follow","max-snippet":"max-snippet:-1","max-image-preview":"max-image-preview:large","max-video-preview":"max-video-preview:-1"},"canonical":"https:\/\/www.erresse-shop.it\/de\/shop\/tisch\/weinbar-korkenzieher-dekanter-eiskubel\/dekanter\/riedel-amedeo-dekanter-copia\/","og_locale":"de_DE","og_type":"article","og_title":"RIEDEL Amedeo Dekanter Gr\u00fcn Wei\u00df Rot","og_description":"RIEDEL bietet eine gro\u00dfe Auswahl eleganter mundgeblasener Glaskaraffen passend zu jedem Lebensstil. Eine Karaffe ist ein unverzichtbarer Gegenstand f\u00fcr","og_url":"https:\/\/www.erresse-shop.it\/de\/shop\/tisch\/weinbar-korkenzieher-dekanter-eiskubel\/dekanter\/riedel-amedeo-dekanter-copia\/","og_site_name":"Erresse Shop","article_modified_time":"2025-03-19T13:20:23+00:00","og_image":[{"width":1200,"height":1200,"url":"https:\/\/www.erresse-shop.it\/wp-content\/uploads\/2025\/03\/RIEDEL-Amadeo-Decanter-Verde-Bianco-Rosso.jpg","type":"image\/jpeg"}],"twitter_card":"summary_large_image","schema":{"@context":"https:\/\/schema.org","@graph":[{"@type":"WebPage","@id":"https:\/\/www.erresse-shop.it\/de\/shop\/tisch\/weinbar-korkenzieher-dekanter-eiskubel\/dekanter\/riedel-amedeo-dekanter-copia\/","url":"https:\/\/www.erresse-shop.it\/de\/shop\/tisch\/weinbar-korkenzieher-dekanter-eiskubel\/dekanter\/riedel-amedeo-dekanter-copia\/","name":"RIEDEL Amedeo Dekanter Gr\u00fcn Wei\u00df Rot - Erresse Shop","isPartOf":{"@id":"https:\/\/www.erresse-shop.it\/de\/#website"},"datePublished":"2025-03-19T11:45:08+00:00","dateModified":"2025-03-19T13:20:23+00:00","description":"RIEDEL bietet eine gro\u00dfe Auswahl eleganter mundgeblasener Glaskaraffen passend zu jedem Lebensstil. Eine Karaffe ist ein unverzichtbarer Gegenstand f\u00fcr","breadcrumb":{"@id":"https:\/\/www.erresse-shop.it\/de\/shop\/tisch\/weinbar-korkenzieher-dekanter-eiskubel\/dekanter\/riedel-amedeo-dekanter-copia\/#breadcrumb"},"inLanguage":"de-DE","potentialAction":[{"@type":"ReadAction","target":["https:\/\/www.erresse-shop.it\/de\/shop\/tisch\/weinbar-korkenzieher-dekanter-eiskubel\/dekanter\/riedel-amedeo-dekanter-copia\/"]}]},{"@type":"BreadcrumbList","@id":"https:\/\/www.erresse-shop.it\/de\/shop\/tisch\/weinbar-korkenzieher-dekanter-eiskubel\/dekanter\/riedel-amedeo-dekanter-copia\/#breadcrumb","itemListElement":[{"@type":"ListItem","position":1,"name":"Home","item":"https:\/\/www.erresse-shop.it\/de\/"},{"@type":"ListItem","position":2,"name":"Shop","item":"https:\/\/www.erresse-shop.it\/de\/shop\/"},{"@type":"ListItem","position":3,"name":"RIEDEL Amedeo Dekanter Gr\u00fcn Wei\u00df Rot"}]},{"@type":"WebSite","@id":"https:\/\/www.erresse-shop.it\/de\/#website","url":"https:\/\/www.erresse-shop.it\/de\/","name":"Erresse Shop","description":"Articoli di qualit\u00e0 per la casa","potentialAction":[{"@type":"SearchAction","target":{"@type":"EntryPoint","urlTemplate":"https:\/\/www.erresse-shop.it\/de\/?s={search_term_string}"},"query-input":"required name=search_term_string"}],"inLanguage":"de-DE"}]}},"df_price":168.75,"df_sale_price":168.75,"df_regular_price":375,"df_image_link":"https:\/\/www.erresse-shop.it\/wp-content\/uploads\/2025\/03\/RIEDEL-Amadeo-Decanter-Verde-Bianco-Rosso-300x300.jpg","_links":{"self":[{"href":"https:\/\/www.erresse-shop.it\/de\/wp-json\/wp\/v2\/product\/481056"}],"collection":[{"href":"https:\/\/www.erresse-shop.it\/de\/wp-json\/wp\/v2\/product"}],"about":[{"href":"https:\/\/www.erresse-shop.it\/de\/wp-json\/wp\/v2\/types\/product"}],"wp:featuredmedia":[{"embeddable":true,"href":"https:\/\/www.erresse-shop.it\/de\/wp-json\/wp\/v2\/media\/481077"}],"wp:attachment":[{"href":"https:\/\/www.erresse-shop.it\/de\/wp-json\/wp\/v2\/media?parent=481056"}],"wp:term":[{"taxonomy":"product_cat","embeddable":true,"href":"https:\/\/www.erresse-shop.it\/de\/wp-json\/wp\/v2\/product_cat?post=481056"},{"taxonomy":"product_tag","embeddable":true,"href":"https:\/\/www.erresse-shop.it\/de\/wp-json\/wp\/v2\/product_tag?post=481056"}],"curies":[{"name":"wp","href":"https:\/\/api.w.org\/{rel}","templated":true}]}}