{"id":480961,"date":"2025-03-19T10:49:51","date_gmt":"2025-03-19T10:49:52","guid":{"rendered":"https:\/\/www.erresse-shop.it\/?post_type=product&#038;p=480961"},"modified":"2026-02-23T08:04:57","modified_gmt":"2026-02-23T08:04:57","slug":"riedel-noblesse-4er-set-universalglaeser","status":"publish","type":"product","link":"https:\/\/www.erresse-shop.it\/de\/shop\/tisch\/trinkglaeser\/riedel-noblesse-4er-set-universalglaeser\/","title":{"rendered":"RIEDEL Noblesse 4er Set Universalgl\u00e4ser"},"content":{"rendered":"<p>Das Universalglas eignet sich f\u00fcr alle Getr\u00e4nke, einschlie\u00dflich Wein und Cocktails. Dank seiner praktischen Gr\u00f6\u00dfe und der vielseitigen Form eignet es sich auch f\u00fcr alkoholfreie Getr\u00e4nke wie Fruchts\u00e4fte oder Wasser.<\/p>\n<p>Die Noblesse-Serie verleiht Ihrem Zuhause einen Hauch von Klasse und feiert die R\u00fcckkehr klassischen Designs. Gefertigt aus wundersch\u00f6n geschliffenem, hochwertigem Kristallglas sind diese Produkte ein Must-have f\u00fcr alle, die ihrem Zuhause neuen Glanz verleihen m\u00f6chten.<\/p>\n<p><strong>Produktdetails:<\/strong><\/p>\n<ul>\n<li>Dieses Produkt ist maschinell gefertigt. Herstellungsbedingt k\u00f6nnen minimale Ma\u00dftoleranzen auftreten.<\/li>\n<li>Dieses Produkt besteht aus Glas, das beim Kippen oder Fallenlassen zerbrechen und scharfe Splitter bilden kann.<\/li>\n<li>Dieser Artikel ist sp\u00fclmaschinenfest.<\/li>\n<\/ul>\n<p>Fassungsverm\u00f6gen: 350,0 ccm<br \/>\nH\u00f6he: 147,0 mm<\/p>\n","protected":false},"excerpt":{"rendered":"<p>Das Universalglas eignet sich f\u00fcr alle Getr\u00e4nke, einschlie\u00dflich Wein und Cocktails. Dank seiner praktischen Gr\u00f6\u00dfe und der vielseitigen Form eignet<\/p>\n","protected":false},"featured_media":480994,"template":"","meta":{"_acf_changed":false,"inline_featured_image":false},"product_cat":[6787,6811],"product_tag":[25088,23705,11479,23911,14411,22556,25022,21822],"acf":[],"yoast_head":"<!-- This site is optimized with the Yoast SEO Premium plugin v18.6 (Yoast SEO v19.13) - https:\/\/yoast.com\/wordpress\/plugins\/seo\/ -->\n<title>RIEDEL Noblesse 4er Set Universalgl\u00e4ser - Erresse Shop<\/title>\n<meta name=\"description\" content=\"Das Universalglas eignet sich f\u00fcr alle Getr\u00e4nke, einschlie\u00dflich Wein und Cocktails. Dank seiner praktischen Gr\u00f6\u00dfe und der vielseitigen Form eignet es sich\" \/>\n<meta name=\"robots\" content=\"index, follow, max-snippet:-1, max-image-preview:large, max-video-preview:-1\" \/>\n<link rel=\"canonical\" href=\"https:\/\/www.erresse-shop.it\/de\/shop\/tisch\/trinkglaeser\/riedel-noblesse-4er-set-universalglaeser\/\" \/>\n<meta property=\"og:locale\" content=\"de_DE\" \/>\n<meta property=\"og:type\" content=\"article\" \/>\n<meta property=\"og:title\" content=\"RIEDEL Noblesse 4er Set Universalgl\u00e4ser\" \/>\n<meta property=\"og:description\" content=\"Das Universalglas eignet sich f\u00fcr alle Getr\u00e4nke, einschlie\u00dflich Wein und Cocktails. Dank seiner praktischen Gr\u00f6\u00dfe und der vielseitigen Form eignet es sich\" \/>\n<meta property=\"og:url\" content=\"https:\/\/www.erresse-shop.it\/de\/shop\/tisch\/trinkglaeser\/riedel-noblesse-4er-set-universalglaeser\/\" \/>\n<meta property=\"og:site_name\" content=\"Erresse Shop\" \/>\n<meta property=\"article:modified_time\" content=\"2026-02-23T08:04:57+00:00\" \/>\n<meta property=\"og:image\" content=\"https:\/\/www.erresse-shop.it\/wp-content\/uploads\/2025\/03\/RIEDEL-Noblesse-Set-4-Bicchieri-Universali.jpg\" \/>\n\t<meta property=\"og:image:width\" content=\"1200\" \/>\n\t<meta property=\"og:image:height\" content=\"1200\" \/>\n\t<meta property=\"og:image:type\" content=\"image\/jpeg\" \/>\n<meta name=\"twitter:card\" content=\"summary_large_image\" \/>\n<script type=\"application\/ld+json\" class=\"yoast-schema-graph\">{\"@context\":\"https:\/\/schema.org\",\"@graph\":[{\"@type\":\"WebPage\",\"@id\":\"https:\/\/www.erresse-shop.it\/de\/shop\/tisch\/trinkglaeser\/riedel-noblesse-4er-set-universalglaeser\/\",\"url\":\"https:\/\/www.erresse-shop.it\/de\/shop\/tisch\/trinkglaeser\/riedel-noblesse-4er-set-universalglaeser\/\",\"name\":\"RIEDEL Noblesse 4er Set Universalgl\u00e4ser - Erresse Shop\",\"isPartOf\":{\"@id\":\"https:\/\/www.erresse-shop.it\/de\/#website\"},\"datePublished\":\"2025-03-19T10:49:52+00:00\",\"dateModified\":\"2026-02-23T08:04:57+00:00\",\"description\":\"Das Universalglas eignet sich f\u00fcr alle Getr\u00e4nke, einschlie\u00dflich Wein und Cocktails. Dank seiner praktischen Gr\u00f6\u00dfe und der vielseitigen Form eignet es sich\",\"breadcrumb\":{\"@id\":\"https:\/\/www.erresse-shop.it\/de\/shop\/tisch\/trinkglaeser\/riedel-noblesse-4er-set-universalglaeser\/#breadcrumb\"},\"inLanguage\":\"de-DE\",\"potentialAction\":[{\"@type\":\"ReadAction\",\"target\":[\"https:\/\/www.erresse-shop.it\/de\/shop\/tisch\/trinkglaeser\/riedel-noblesse-4er-set-universalglaeser\/\"]}]},{\"@type\":\"BreadcrumbList\",\"@id\":\"https:\/\/www.erresse-shop.it\/de\/shop\/tisch\/trinkglaeser\/riedel-noblesse-4er-set-universalglaeser\/#breadcrumb\",\"itemListElement\":[{\"@type\":\"ListItem\",\"position\":1,\"name\":\"Home\",\"item\":\"https:\/\/www.erresse-shop.it\/de\/\"},{\"@type\":\"ListItem\",\"position\":2,\"name\":\"Shop\",\"item\":\"https:\/\/www.erresse-shop.it\/de\/shop\/\"},{\"@type\":\"ListItem\",\"position\":3,\"name\":\"RIEDEL Noblesse 4er Set Universalgl\u00e4ser\"}]},{\"@type\":\"WebSite\",\"@id\":\"https:\/\/www.erresse-shop.it\/de\/#website\",\"url\":\"https:\/\/www.erresse-shop.it\/de\/\",\"name\":\"Erresse Shop\",\"description\":\"Articoli di qualit\u00e0 per la casa\",\"potentialAction\":[{\"@type\":\"SearchAction\",\"target\":{\"@type\":\"EntryPoint\",\"urlTemplate\":\"https:\/\/www.erresse-shop.it\/de\/?s={search_term_string}\"},\"query-input\":\"required name=search_term_string\"}],\"inLanguage\":\"de-DE\"}]}<\/script>\n<!-- \/ Yoast SEO Premium plugin. -->","yoast_head_json":{"title":"RIEDEL Noblesse 4er Set Universalgl\u00e4ser - Erresse Shop","description":"Das Universalglas eignet sich f\u00fcr alle Getr\u00e4nke, einschlie\u00dflich Wein und Cocktails. Dank seiner praktischen Gr\u00f6\u00dfe und der vielseitigen Form eignet es sich","robots":{"index":"index","follow":"follow","max-snippet":"max-snippet:-1","max-image-preview":"max-image-preview:large","max-video-preview":"max-video-preview:-1"},"canonical":"https:\/\/www.erresse-shop.it\/de\/shop\/tisch\/trinkglaeser\/riedel-noblesse-4er-set-universalglaeser\/","og_locale":"de_DE","og_type":"article","og_title":"RIEDEL Noblesse 4er Set Universalgl\u00e4ser","og_description":"Das Universalglas eignet sich f\u00fcr alle Getr\u00e4nke, einschlie\u00dflich Wein und Cocktails. Dank seiner praktischen Gr\u00f6\u00dfe und der vielseitigen Form eignet es sich","og_url":"https:\/\/www.erresse-shop.it\/de\/shop\/tisch\/trinkglaeser\/riedel-noblesse-4er-set-universalglaeser\/","og_site_name":"Erresse Shop","article_modified_time":"2026-02-23T08:04:57+00:00","og_image":[{"width":1200,"height":1200,"url":"https:\/\/www.erresse-shop.it\/wp-content\/uploads\/2025\/03\/RIEDEL-Noblesse-Set-4-Bicchieri-Universali.jpg","type":"image\/jpeg"}],"twitter_card":"summary_large_image","schema":{"@context":"https:\/\/schema.org","@graph":[{"@type":"WebPage","@id":"https:\/\/www.erresse-shop.it\/de\/shop\/tisch\/trinkglaeser\/riedel-noblesse-4er-set-universalglaeser\/","url":"https:\/\/www.erresse-shop.it\/de\/shop\/tisch\/trinkglaeser\/riedel-noblesse-4er-set-universalglaeser\/","name":"RIEDEL Noblesse 4er Set Universalgl\u00e4ser - Erresse Shop","isPartOf":{"@id":"https:\/\/www.erresse-shop.it\/de\/#website"},"datePublished":"2025-03-19T10:49:52+00:00","dateModified":"2026-02-23T08:04:57+00:00","description":"Das Universalglas eignet sich f\u00fcr alle Getr\u00e4nke, einschlie\u00dflich Wein und Cocktails. Dank seiner praktischen Gr\u00f6\u00dfe und der vielseitigen Form eignet es sich","breadcrumb":{"@id":"https:\/\/www.erresse-shop.it\/de\/shop\/tisch\/trinkglaeser\/riedel-noblesse-4er-set-universalglaeser\/#breadcrumb"},"inLanguage":"de-DE","potentialAction":[{"@type":"ReadAction","target":["https:\/\/www.erresse-shop.it\/de\/shop\/tisch\/trinkglaeser\/riedel-noblesse-4er-set-universalglaeser\/"]}]},{"@type":"BreadcrumbList","@id":"https:\/\/www.erresse-shop.it\/de\/shop\/tisch\/trinkglaeser\/riedel-noblesse-4er-set-universalglaeser\/#breadcrumb","itemListElement":[{"@type":"ListItem","position":1,"name":"Home","item":"https:\/\/www.erresse-shop.it\/de\/"},{"@type":"ListItem","position":2,"name":"Shop","item":"https:\/\/www.erresse-shop.it\/de\/shop\/"},{"@type":"ListItem","position":3,"name":"RIEDEL Noblesse 4er Set Universalgl\u00e4ser"}]},{"@type":"WebSite","@id":"https:\/\/www.erresse-shop.it\/de\/#website","url":"https:\/\/www.erresse-shop.it\/de\/","name":"Erresse Shop","description":"Articoli di qualit\u00e0 per la casa","potentialAction":[{"@type":"SearchAction","target":{"@type":"EntryPoint","urlTemplate":"https:\/\/www.erresse-shop.it\/de\/?s={search_term_string}"},"query-input":"required name=search_term_string"}],"inLanguage":"de-DE"}]}},"df_price":13.905,"df_sale_price":13.905,"df_regular_price":30.9,"df_image_link":"https:\/\/www.erresse-shop.it\/wp-content\/uploads\/2025\/03\/RIEDEL-Noblesse-Set-4-Bicchieri-Universali-300x300.jpg","_links":{"self":[{"href":"https:\/\/www.erresse-shop.it\/de\/wp-json\/wp\/v2\/product\/480961"}],"collection":[{"href":"https:\/\/www.erresse-shop.it\/de\/wp-json\/wp\/v2\/product"}],"about":[{"href":"https:\/\/www.erresse-shop.it\/de\/wp-json\/wp\/v2\/types\/product"}],"wp:featuredmedia":[{"embeddable":true,"href":"https:\/\/www.erresse-shop.it\/de\/wp-json\/wp\/v2\/media\/480994"}],"wp:attachment":[{"href":"https:\/\/www.erresse-shop.it\/de\/wp-json\/wp\/v2\/media?parent=480961"}],"wp:term":[{"taxonomy":"product_cat","embeddable":true,"href":"https:\/\/www.erresse-shop.it\/de\/wp-json\/wp\/v2\/product_cat?post=480961"},{"taxonomy":"product_tag","embeddable":true,"href":"https:\/\/www.erresse-shop.it\/de\/wp-json\/wp\/v2\/product_tag?post=480961"}],"curies":[{"name":"wp","href":"https:\/\/api.w.org\/{rel}","templated":true}]}}