{"id":480927,"date":"2025-03-19T09:55:46","date_gmt":"2025-03-19T09:55:47","guid":{"rendered":"https:\/\/www.erresse-shop.it\/?post_type=product&#038;p=480927"},"modified":"2026-02-23T08:07:19","modified_gmt":"2026-02-23T08:07:19","slug":"riedel-highland-set-4-becher","status":"publish","type":"product","link":"https:\/\/www.erresse-shop.it\/de\/shop\/tisch\/trinkglaeser\/riedel-highland-set-4-becher\/","title":{"rendered":"RIEDEL Highland Set 4 Becher"},"content":{"rendered":"<p>Diese Becher sind perfekt, um Ihrem Zuhause einen Hauch von Luxus zu verleihen.<br \/>\nDiese pr\u00e4chtigen Gl\u00e4ser aus edlem Kristall sind ein Must-Have f\u00fcr alle, die ihre Barecke in neuem Glanz erstrahlen lassen m\u00f6chten.<\/p>\n<p>Die Highland-Serie ist perfekt f\u00fcr Dinnerpartys, da jedes Set vier verschiedene Modelle umfasst: \u201eCross\u201c, \u201eDiamond\u201c, \u201eSquare\u201c und \u201eStraight\u201c. Mit ihrem klassischen und zugleich originellen Design sind sie der wahre Ausdruck Ihres pers\u00f6nlichen Lebensstils. Diese eleganten und hochwertigen Gl\u00e4ser verleihen Ihrer Barecke oder Ihrem Tisch einen Hauch von Klasse und zus\u00e4tzliches Licht.<\/p>\n<p><strong>Produktdetails:<\/strong><\/p>\n<ul>\n<li>Dieses Produkt ist maschinell hergestellt. Fertigungsbedingt k\u00f6nnen minimale Ma\u00dftoleranzen auftreten.<\/li>\n<li>Dieses Produkt besteht aus Glas, das beim Kippen oder Fallenlassen zerbrechen und scharfe Splitter bilden kann.<\/li>\n<li>Dieser Artikel ist sp\u00fclmaschinenfest.<\/li>\n<\/ul>\n<p>Hubraum: 345,0 ccm<br \/>\nH\u00f6he: 102,0 mm<\/p>\n","protected":false},"excerpt":{"rendered":"<p>Diese Becher sind perfekt, um Ihrem Zuhause einen Hauch von Luxus zu verleihen. Diese pr\u00e4chtigen Gl\u00e4ser aus edlem Kristall sind<\/p>\n","protected":false},"featured_media":480954,"template":"","meta":{"_acf_changed":false,"inline_featured_image":false},"product_cat":[6787,6811],"product_tag":[25088,23705,11479,23911,14411,22556,25022,21822],"acf":[],"yoast_head":"<!-- This site is optimized with the Yoast SEO Premium plugin v18.6 (Yoast SEO v19.13) - https:\/\/yoast.com\/wordpress\/plugins\/seo\/ -->\n<title>RIEDEL Highland Set 4 Becher - Erresse Shop<\/title>\n<meta name=\"description\" content=\"Diese Becher sind perfekt, um Ihrem Zuhause einen Hauch von Luxus zu verleihen. Diese pr\u00e4chtigen Gl\u00e4ser aus edlem Kristall sind ein Must-Have f\u00fcr alle,\" \/>\n<meta name=\"robots\" content=\"index, follow, max-snippet:-1, max-image-preview:large, max-video-preview:-1\" \/>\n<link rel=\"canonical\" href=\"https:\/\/www.erresse-shop.it\/de\/shop\/tisch\/trinkglaeser\/riedel-highland-set-4-becher\/\" \/>\n<meta property=\"og:locale\" content=\"de_DE\" \/>\n<meta property=\"og:type\" content=\"article\" \/>\n<meta property=\"og:title\" content=\"RIEDEL Highland Set 4 Becher\" \/>\n<meta property=\"og:description\" content=\"Diese Becher sind perfekt, um Ihrem Zuhause einen Hauch von Luxus zu verleihen. Diese pr\u00e4chtigen Gl\u00e4ser aus edlem Kristall sind ein Must-Have f\u00fcr alle,\" \/>\n<meta property=\"og:url\" content=\"https:\/\/www.erresse-shop.it\/de\/shop\/tisch\/trinkglaeser\/riedel-highland-set-4-becher\/\" \/>\n<meta property=\"og:site_name\" content=\"Erresse Shop\" \/>\n<meta property=\"article:modified_time\" content=\"2026-02-23T08:07:19+00:00\" \/>\n<meta property=\"og:image\" content=\"https:\/\/www.erresse-shop.it\/wp-content\/uploads\/2025\/03\/RIEDEL-Highland-Set-4-Tumbler.jpg\" \/>\n\t<meta property=\"og:image:width\" content=\"1200\" \/>\n\t<meta property=\"og:image:height\" content=\"1200\" \/>\n\t<meta property=\"og:image:type\" content=\"image\/jpeg\" \/>\n<meta name=\"twitter:card\" content=\"summary_large_image\" \/>\n<script type=\"application\/ld+json\" class=\"yoast-schema-graph\">{\"@context\":\"https:\/\/schema.org\",\"@graph\":[{\"@type\":\"WebPage\",\"@id\":\"https:\/\/www.erresse-shop.it\/de\/shop\/tisch\/trinkglaeser\/riedel-highland-set-4-becher\/\",\"url\":\"https:\/\/www.erresse-shop.it\/de\/shop\/tisch\/trinkglaeser\/riedel-highland-set-4-becher\/\",\"name\":\"RIEDEL Highland Set 4 Becher - Erresse Shop\",\"isPartOf\":{\"@id\":\"https:\/\/www.erresse-shop.it\/de\/#website\"},\"datePublished\":\"2025-03-19T09:55:47+00:00\",\"dateModified\":\"2026-02-23T08:07:19+00:00\",\"description\":\"Diese Becher sind perfekt, um Ihrem Zuhause einen Hauch von Luxus zu verleihen. Diese pr\u00e4chtigen Gl\u00e4ser aus edlem Kristall sind ein Must-Have f\u00fcr alle,\",\"breadcrumb\":{\"@id\":\"https:\/\/www.erresse-shop.it\/de\/shop\/tisch\/trinkglaeser\/riedel-highland-set-4-becher\/#breadcrumb\"},\"inLanguage\":\"de-DE\",\"potentialAction\":[{\"@type\":\"ReadAction\",\"target\":[\"https:\/\/www.erresse-shop.it\/de\/shop\/tisch\/trinkglaeser\/riedel-highland-set-4-becher\/\"]}]},{\"@type\":\"BreadcrumbList\",\"@id\":\"https:\/\/www.erresse-shop.it\/de\/shop\/tisch\/trinkglaeser\/riedel-highland-set-4-becher\/#breadcrumb\",\"itemListElement\":[{\"@type\":\"ListItem\",\"position\":1,\"name\":\"Home\",\"item\":\"https:\/\/www.erresse-shop.it\/de\/\"},{\"@type\":\"ListItem\",\"position\":2,\"name\":\"Shop\",\"item\":\"https:\/\/www.erresse-shop.it\/de\/shop\/\"},{\"@type\":\"ListItem\",\"position\":3,\"name\":\"RIEDEL Highland Set 4 Becher\"}]},{\"@type\":\"WebSite\",\"@id\":\"https:\/\/www.erresse-shop.it\/de\/#website\",\"url\":\"https:\/\/www.erresse-shop.it\/de\/\",\"name\":\"Erresse Shop\",\"description\":\"Articoli di qualit\u00e0 per la casa\",\"potentialAction\":[{\"@type\":\"SearchAction\",\"target\":{\"@type\":\"EntryPoint\",\"urlTemplate\":\"https:\/\/www.erresse-shop.it\/de\/?s={search_term_string}\"},\"query-input\":\"required name=search_term_string\"}],\"inLanguage\":\"de-DE\"}]}<\/script>\n<!-- \/ Yoast SEO Premium plugin. -->","yoast_head_json":{"title":"RIEDEL Highland Set 4 Becher - Erresse Shop","description":"Diese Becher sind perfekt, um Ihrem Zuhause einen Hauch von Luxus zu verleihen. Diese pr\u00e4chtigen Gl\u00e4ser aus edlem Kristall sind ein Must-Have f\u00fcr alle,","robots":{"index":"index","follow":"follow","max-snippet":"max-snippet:-1","max-image-preview":"max-image-preview:large","max-video-preview":"max-video-preview:-1"},"canonical":"https:\/\/www.erresse-shop.it\/de\/shop\/tisch\/trinkglaeser\/riedel-highland-set-4-becher\/","og_locale":"de_DE","og_type":"article","og_title":"RIEDEL Highland Set 4 Becher","og_description":"Diese Becher sind perfekt, um Ihrem Zuhause einen Hauch von Luxus zu verleihen. Diese pr\u00e4chtigen Gl\u00e4ser aus edlem Kristall sind ein Must-Have f\u00fcr alle,","og_url":"https:\/\/www.erresse-shop.it\/de\/shop\/tisch\/trinkglaeser\/riedel-highland-set-4-becher\/","og_site_name":"Erresse Shop","article_modified_time":"2026-02-23T08:07:19+00:00","og_image":[{"width":1200,"height":1200,"url":"https:\/\/www.erresse-shop.it\/wp-content\/uploads\/2025\/03\/RIEDEL-Highland-Set-4-Tumbler.jpg","type":"image\/jpeg"}],"twitter_card":"summary_large_image","schema":{"@context":"https:\/\/schema.org","@graph":[{"@type":"WebPage","@id":"https:\/\/www.erresse-shop.it\/de\/shop\/tisch\/trinkglaeser\/riedel-highland-set-4-becher\/","url":"https:\/\/www.erresse-shop.it\/de\/shop\/tisch\/trinkglaeser\/riedel-highland-set-4-becher\/","name":"RIEDEL Highland Set 4 Becher - Erresse Shop","isPartOf":{"@id":"https:\/\/www.erresse-shop.it\/de\/#website"},"datePublished":"2025-03-19T09:55:47+00:00","dateModified":"2026-02-23T08:07:19+00:00","description":"Diese Becher sind perfekt, um Ihrem Zuhause einen Hauch von Luxus zu verleihen. Diese pr\u00e4chtigen Gl\u00e4ser aus edlem Kristall sind ein Must-Have f\u00fcr alle,","breadcrumb":{"@id":"https:\/\/www.erresse-shop.it\/de\/shop\/tisch\/trinkglaeser\/riedel-highland-set-4-becher\/#breadcrumb"},"inLanguage":"de-DE","potentialAction":[{"@type":"ReadAction","target":["https:\/\/www.erresse-shop.it\/de\/shop\/tisch\/trinkglaeser\/riedel-highland-set-4-becher\/"]}]},{"@type":"BreadcrumbList","@id":"https:\/\/www.erresse-shop.it\/de\/shop\/tisch\/trinkglaeser\/riedel-highland-set-4-becher\/#breadcrumb","itemListElement":[{"@type":"ListItem","position":1,"name":"Home","item":"https:\/\/www.erresse-shop.it\/de\/"},{"@type":"ListItem","position":2,"name":"Shop","item":"https:\/\/www.erresse-shop.it\/de\/shop\/"},{"@type":"ListItem","position":3,"name":"RIEDEL Highland Set 4 Becher"}]},{"@type":"WebSite","@id":"https:\/\/www.erresse-shop.it\/de\/#website","url":"https:\/\/www.erresse-shop.it\/de\/","name":"Erresse Shop","description":"Articoli di qualit\u00e0 per la casa","potentialAction":[{"@type":"SearchAction","target":{"@type":"EntryPoint","urlTemplate":"https:\/\/www.erresse-shop.it\/de\/?s={search_term_string}"},"query-input":"required name=search_term_string"}],"inLanguage":"de-DE"}]}},"df_price":13.455,"df_sale_price":13.455,"df_regular_price":29.9,"df_image_link":"https:\/\/www.erresse-shop.it\/wp-content\/uploads\/2025\/03\/RIEDEL-Highland-Set-4-Tumbler-300x300.jpg","_links":{"self":[{"href":"https:\/\/www.erresse-shop.it\/de\/wp-json\/wp\/v2\/product\/480927"}],"collection":[{"href":"https:\/\/www.erresse-shop.it\/de\/wp-json\/wp\/v2\/product"}],"about":[{"href":"https:\/\/www.erresse-shop.it\/de\/wp-json\/wp\/v2\/types\/product"}],"wp:featuredmedia":[{"embeddable":true,"href":"https:\/\/www.erresse-shop.it\/de\/wp-json\/wp\/v2\/media\/480954"}],"wp:attachment":[{"href":"https:\/\/www.erresse-shop.it\/de\/wp-json\/wp\/v2\/media?parent=480927"}],"wp:term":[{"taxonomy":"product_cat","embeddable":true,"href":"https:\/\/www.erresse-shop.it\/de\/wp-json\/wp\/v2\/product_cat?post=480927"},{"taxonomy":"product_tag","embeddable":true,"href":"https:\/\/www.erresse-shop.it\/de\/wp-json\/wp\/v2\/product_tag?post=480927"}],"curies":[{"name":"wp","href":"https:\/\/api.w.org\/{rel}","templated":true}]}}