{"id":480811,"date":"2025-03-19T08:41:24","date_gmt":"2025-03-19T08:41:26","guid":{"rendered":"https:\/\/www.erresse-shop.it\/?post_type=product&#038;p=480811"},"modified":"2025-10-26T18:21:33","modified_gmt":"2025-10-26T18:21:33","slug":"wd-lifestyle-teekanne-mit-glasfilter-gruner-griff-copia-2","status":"publish","type":"product","link":"https:\/\/www.erresse-shop.it\/de\/shop\/tisch\/tassen\/teekannen-zuckerdosen-milchkannen\/wd-lifestyle-teekanne-mit-glasfilter-gruner-griff-copia-2\/","title":{"rendered":"LE CREUSET Teekanne mit Metall-Teesieb 1.3 L Orange"},"content":{"rendered":"<div class=\"flex-shrink-0 flex flex-col relative items-end\">\n<div class=\"pt-0\">\n<div class=\"gizmo-bot-avatar flex h-8 w-8 items-center justify-center overflow-hidden rounded-full\">\n<div class=\"relative p-1 rounded-sm flex items-center justify-center bg-token-main-surface-primary text-token-text-primary h-8 w-8\">Servieren Sie Ihr Lieblingshei\u00dfgetr\u00e4nk in unserer Edelstahl-Teekanne mit Sieb. Die klassische Form verleiht dem Teeritual einen Vintage-Touch. Dank dieses Elements bleiben die Teebl\u00e4tter in der Teekanne ziehen, ohne sich mit dem Wasser zu vermischen.<\/div>\n<\/div>\n<\/div>\n<\/div>\n<div><\/div>\n<div><strong>Produktdetails:<\/strong><\/div>\n<div class=\"flex-shrink-0 flex flex-col relative items-end\">\n<div class=\"pt-0\">\n<div class=\"gizmo-bot-avatar flex h-8 w-8 items-center justify-center overflow-hidden rounded-full\">\n<ul>\n<li class=\"mb-3\">Immer auf dem neuesten Stand: Unser Steinzeug ist kratzfest und leicht zu reinigen.<\/li>\n<li class=\"mb-3\">Perfekte Verarbeitung: Hergestellt aus hochwertiger Keramik, halten unsere Steinzeugprodukte eine gleichm\u00e4\u00dfige Temperatur und garantieren Langlebigkeit und Langlebigkeit.<\/li>\n<li class=\"mb-3\">Ein Regenbogen voller Farben: Erh\u00e4ltlich in einer gro\u00dfen Farbpalette, verleiht unser Sortiment Ihrem Zuhause einen Hauch von Farbe. K\u00fcche.<\/li>\n<li class=\"mb-3\">F\u00fcr Hei\u00dfes und Kaltes geeignet: Unser Steinzeug ist hitzebest\u00e4ndig von -23 \u00b0C bis +260 \u00b0C.<\/li>\n<li class=\"mb-3\">Klassenbester: Unsere Produkte werden aus den hochwertigsten Materialien in Fabriken weltweit hergestellt, um die Qualit\u00e4t zu gew\u00e4hrleisten, die Sie von Le Creuset erwarten.<\/li>\n<\/ul>\n<div class=\"col-12 d-flex p-0 pt-1-2 border-image-top-2\">\n<div class=\"col-4 p-0 t-style-2 t-lyon\"><strong>Material:<\/strong> Steinzeug<\/div>\n<\/div>\n<div class=\"col-12 d-flex p-0 pt-1-2 border-image-top-2\">\n<div class=\"col-4 p-0 t-style-2 t-lyon\"><strong>Hergestellt in:<\/strong> China<\/div>\n<\/div>\n<div class=\"col-12 d-flex p-0 pt-1-2 border-image-top-2\">\n<div class=\"col-4 p-0 t-style-2 t-lyon\"><strong>Garantie:<\/strong> 10 Jahre<\/div>\n<\/div>\n<\/div>\n<\/div>\n<\/div>\n<div><\/div>\n<div>Fassungsverm\u00f6gen: 1,3 l<\/div>\n<div><\/div>\n<div><strong>W\u00e4rmequelle:<\/strong><\/div>\n<div><\/div>\n<div>Grillfunktion<\/div>\n<div><\/div>\n<div><strong>Reinigung und Pflege:<\/strong><\/div>\n<div>\n<ul>\n<li class=\"mb-3\">Warten Sie, bis das Produkt vollst\u00e4ndig abgek\u00fchlt ist, bevor Sie mit der Reinigung beginnen.<\/li>\n<li class=\"mb-3\">Entfernen Sie alle R\u00fcckst\u00e4nde vom Boden und den Seiten des Produkts. Bei hartn\u00e4ckigen Speiseresten f\u00fcllen Sie das Produkt mit warmem Seifenwasser und lassen es 15\u201320 Minuten einweichen, bevor Sie es wie gewohnt sp\u00fclen.<\/li>\n<li class=\"mb-3\">Mit der Hand sp\u00fclen und trocknen. Oder geben Sie Ihr Steinzeugprodukt f\u00fcr einen vollst\u00e4ndigen Sp\u00fclgang in die Sp\u00fclmaschine.<\/li>\n<\/ul>\n<\/div>\n","protected":false},"excerpt":{"rendered":"<p>Servieren Sie Ihr Lieblingshei\u00dfgetr\u00e4nk in unserer Edelstahl-Teekanne mit Sieb. Die klassische Form verleiht dem Teeritual einen Vintage-Touch. Dank dieses Elements<\/p>\n","protected":false},"featured_media":480844,"template":"","meta":{"_acf_changed":false,"inline_featured_image":false},"product_cat":[6844,6787],"product_tag":[13557],"acf":[],"yoast_head":"<!-- This site is optimized with the Yoast SEO Premium plugin v18.6 (Yoast SEO v19.13) - https:\/\/yoast.com\/wordpress\/plugins\/seo\/ -->\n<title>WD LIFESTYLE Glasbecher Alligator<\/title>\n<meta name=\"description\" content=\"Entdecken Sie WD LIFESTYLE Glasbecher Alligator bei ErresseShop. Qualit\u00e4t, Stil und Funktionalit\u00e4t \u2013 jetzt online bestellen!\" \/>\n<meta name=\"robots\" content=\"index, follow, max-snippet:-1, max-image-preview:large, max-video-preview:-1\" \/>\n<link rel=\"canonical\" href=\"https:\/\/www.erresse-shop.it\/de\/shop\/tisch\/tassen\/teekannen-zuckerdosen-milchkannen\/wd-lifestyle-teekanne-mit-glasfilter-gruner-griff-copia-2\/\" \/>\n<meta property=\"og:locale\" content=\"de_DE\" \/>\n<meta property=\"og:type\" content=\"article\" \/>\n<meta property=\"og:title\" content=\"LE CREUSET Teekanne mit Metall-Teesieb 1.3 L Orange\" \/>\n<meta property=\"og:description\" content=\"Entdecken Sie WD LIFESTYLE Glasbecher Alligator bei ErresseShop. Qualit\u00e4t, Stil und Funktionalit\u00e4t \u2013 jetzt online bestellen!\" \/>\n<meta property=\"og:url\" content=\"https:\/\/www.erresse-shop.it\/de\/shop\/tisch\/tassen\/teekannen-zuckerdosen-milchkannen\/wd-lifestyle-teekanne-mit-glasfilter-gruner-griff-copia-2\/\" \/>\n<meta property=\"og:site_name\" content=\"Erresse Shop\" \/>\n<meta property=\"article:modified_time\" content=\"2025-10-26T18:21:33+00:00\" \/>\n<meta property=\"og:image\" content=\"https:\/\/www.erresse-shop.it\/wp-content\/uploads\/2025\/03\/LE-CREUSET-Teiera-con-Infusore-di-Metallo-1.3-L-Arancio.jpg\" \/>\n\t<meta property=\"og:image:width\" content=\"1200\" \/>\n\t<meta property=\"og:image:height\" content=\"1200\" \/>\n\t<meta property=\"og:image:type\" content=\"image\/jpeg\" \/>\n<meta name=\"twitter:card\" content=\"summary_large_image\" \/>\n<script type=\"application\/ld+json\" class=\"yoast-schema-graph\">{\"@context\":\"https:\/\/schema.org\",\"@graph\":[{\"@type\":\"WebPage\",\"@id\":\"https:\/\/www.erresse-shop.it\/de\/shop\/tisch\/tassen\/teekannen-zuckerdosen-milchkannen\/wd-lifestyle-teekanne-mit-glasfilter-gruner-griff-copia-2\/\",\"url\":\"https:\/\/www.erresse-shop.it\/de\/shop\/tisch\/tassen\/teekannen-zuckerdosen-milchkannen\/wd-lifestyle-teekanne-mit-glasfilter-gruner-griff-copia-2\/\",\"name\":\"WD LIFESTYLE Glasbecher Alligator\",\"isPartOf\":{\"@id\":\"https:\/\/www.erresse-shop.it\/de\/#website\"},\"datePublished\":\"2025-03-19T08:41:26+00:00\",\"dateModified\":\"2025-10-26T18:21:33+00:00\",\"description\":\"Entdecken Sie WD LIFESTYLE Glasbecher Alligator bei ErresseShop. Qualit\u00e4t, Stil und Funktionalit\u00e4t \u2013 jetzt online bestellen!\",\"breadcrumb\":{\"@id\":\"https:\/\/www.erresse-shop.it\/de\/shop\/tisch\/tassen\/teekannen-zuckerdosen-milchkannen\/wd-lifestyle-teekanne-mit-glasfilter-gruner-griff-copia-2\/#breadcrumb\"},\"inLanguage\":\"de-DE\",\"potentialAction\":[{\"@type\":\"ReadAction\",\"target\":[\"https:\/\/www.erresse-shop.it\/de\/shop\/tisch\/tassen\/teekannen-zuckerdosen-milchkannen\/wd-lifestyle-teekanne-mit-glasfilter-gruner-griff-copia-2\/\"]}]},{\"@type\":\"BreadcrumbList\",\"@id\":\"https:\/\/www.erresse-shop.it\/de\/shop\/tisch\/tassen\/teekannen-zuckerdosen-milchkannen\/wd-lifestyle-teekanne-mit-glasfilter-gruner-griff-copia-2\/#breadcrumb\",\"itemListElement\":[{\"@type\":\"ListItem\",\"position\":1,\"name\":\"Home\",\"item\":\"https:\/\/www.erresse-shop.it\/de\/\"},{\"@type\":\"ListItem\",\"position\":2,\"name\":\"Shop\",\"item\":\"https:\/\/www.erresse-shop.it\/de\/shop\/\"},{\"@type\":\"ListItem\",\"position\":3,\"name\":\"LE CREUSET Teekanne mit Metall-Teesieb 1.3 L Orange\"}]},{\"@type\":\"WebSite\",\"@id\":\"https:\/\/www.erresse-shop.it\/de\/#website\",\"url\":\"https:\/\/www.erresse-shop.it\/de\/\",\"name\":\"Erresse Shop\",\"description\":\"Articoli di qualit\u00e0 per la casa\",\"potentialAction\":[{\"@type\":\"SearchAction\",\"target\":{\"@type\":\"EntryPoint\",\"urlTemplate\":\"https:\/\/www.erresse-shop.it\/de\/?s={search_term_string}\"},\"query-input\":\"required name=search_term_string\"}],\"inLanguage\":\"de-DE\"}]}<\/script>\n<!-- \/ Yoast SEO Premium plugin. -->","yoast_head_json":{"title":"WD LIFESTYLE Glasbecher Alligator","description":"Entdecken Sie WD LIFESTYLE Glasbecher Alligator bei ErresseShop. Qualit\u00e4t, Stil und Funktionalit\u00e4t \u2013 jetzt online bestellen!","robots":{"index":"index","follow":"follow","max-snippet":"max-snippet:-1","max-image-preview":"max-image-preview:large","max-video-preview":"max-video-preview:-1"},"canonical":"https:\/\/www.erresse-shop.it\/de\/shop\/tisch\/tassen\/teekannen-zuckerdosen-milchkannen\/wd-lifestyle-teekanne-mit-glasfilter-gruner-griff-copia-2\/","og_locale":"de_DE","og_type":"article","og_title":"LE CREUSET Teekanne mit Metall-Teesieb 1.3 L Orange","og_description":"Entdecken Sie WD LIFESTYLE Glasbecher Alligator bei ErresseShop. Qualit\u00e4t, Stil und Funktionalit\u00e4t \u2013 jetzt online bestellen!","og_url":"https:\/\/www.erresse-shop.it\/de\/shop\/tisch\/tassen\/teekannen-zuckerdosen-milchkannen\/wd-lifestyle-teekanne-mit-glasfilter-gruner-griff-copia-2\/","og_site_name":"Erresse Shop","article_modified_time":"2025-10-26T18:21:33+00:00","og_image":[{"width":1200,"height":1200,"url":"https:\/\/www.erresse-shop.it\/wp-content\/uploads\/2025\/03\/LE-CREUSET-Teiera-con-Infusore-di-Metallo-1.3-L-Arancio.jpg","type":"image\/jpeg"}],"twitter_card":"summary_large_image","schema":{"@context":"https:\/\/schema.org","@graph":[{"@type":"WebPage","@id":"https:\/\/www.erresse-shop.it\/de\/shop\/tisch\/tassen\/teekannen-zuckerdosen-milchkannen\/wd-lifestyle-teekanne-mit-glasfilter-gruner-griff-copia-2\/","url":"https:\/\/www.erresse-shop.it\/de\/shop\/tisch\/tassen\/teekannen-zuckerdosen-milchkannen\/wd-lifestyle-teekanne-mit-glasfilter-gruner-griff-copia-2\/","name":"WD LIFESTYLE Glasbecher Alligator","isPartOf":{"@id":"https:\/\/www.erresse-shop.it\/de\/#website"},"datePublished":"2025-03-19T08:41:26+00:00","dateModified":"2025-10-26T18:21:33+00:00","description":"Entdecken Sie WD LIFESTYLE Glasbecher Alligator bei ErresseShop. Qualit\u00e4t, Stil und Funktionalit\u00e4t \u2013 jetzt online bestellen!","breadcrumb":{"@id":"https:\/\/www.erresse-shop.it\/de\/shop\/tisch\/tassen\/teekannen-zuckerdosen-milchkannen\/wd-lifestyle-teekanne-mit-glasfilter-gruner-griff-copia-2\/#breadcrumb"},"inLanguage":"de-DE","potentialAction":[{"@type":"ReadAction","target":["https:\/\/www.erresse-shop.it\/de\/shop\/tisch\/tassen\/teekannen-zuckerdosen-milchkannen\/wd-lifestyle-teekanne-mit-glasfilter-gruner-griff-copia-2\/"]}]},{"@type":"BreadcrumbList","@id":"https:\/\/www.erresse-shop.it\/de\/shop\/tisch\/tassen\/teekannen-zuckerdosen-milchkannen\/wd-lifestyle-teekanne-mit-glasfilter-gruner-griff-copia-2\/#breadcrumb","itemListElement":[{"@type":"ListItem","position":1,"name":"Home","item":"https:\/\/www.erresse-shop.it\/de\/"},{"@type":"ListItem","position":2,"name":"Shop","item":"https:\/\/www.erresse-shop.it\/de\/shop\/"},{"@type":"ListItem","position":3,"name":"LE CREUSET Teekanne mit Metall-Teesieb 1.3 L Orange"}]},{"@type":"WebSite","@id":"https:\/\/www.erresse-shop.it\/de\/#website","url":"https:\/\/www.erresse-shop.it\/de\/","name":"Erresse Shop","description":"Articoli di qualit\u00e0 per la casa","potentialAction":[{"@type":"SearchAction","target":{"@type":"EntryPoint","urlTemplate":"https:\/\/www.erresse-shop.it\/de\/?s={search_term_string}"},"query-input":"required name=search_term_string"}],"inLanguage":"de-DE"}]}},"df_price":45,"df_sale_price":45,"df_regular_price":75,"df_image_link":"https:\/\/www.erresse-shop.it\/wp-content\/uploads\/2025\/03\/LE-CREUSET-Teiera-con-Infusore-di-Metallo-1.3-L-Arancio-300x300.jpg","_links":{"self":[{"href":"https:\/\/www.erresse-shop.it\/de\/wp-json\/wp\/v2\/product\/480811"}],"collection":[{"href":"https:\/\/www.erresse-shop.it\/de\/wp-json\/wp\/v2\/product"}],"about":[{"href":"https:\/\/www.erresse-shop.it\/de\/wp-json\/wp\/v2\/types\/product"}],"wp:featuredmedia":[{"embeddable":true,"href":"https:\/\/www.erresse-shop.it\/de\/wp-json\/wp\/v2\/media\/480844"}],"wp:attachment":[{"href":"https:\/\/www.erresse-shop.it\/de\/wp-json\/wp\/v2\/media?parent=480811"}],"wp:term":[{"taxonomy":"product_cat","embeddable":true,"href":"https:\/\/www.erresse-shop.it\/de\/wp-json\/wp\/v2\/product_cat?post=480811"},{"taxonomy":"product_tag","embeddable":true,"href":"https:\/\/www.erresse-shop.it\/de\/wp-json\/wp\/v2\/product_tag?post=480811"}],"curies":[{"name":"wp","href":"https:\/\/api.w.org\/{rel}","templated":true}]}}