{"id":480632,"date":"2025-03-19T08:03:40","date_gmt":"2025-03-19T08:04:01","guid":{"rendered":"https:\/\/www.erresse-shop.it\/?post_type=product&#038;p=480632"},"modified":"2025-03-19T08:10:21","modified_gmt":"2025-03-19T08:10:21","slug":"le-creuset-4er-set-mini-cocottes-10-cm-kirsche-copia","status":"publish","type":"product","link":"https:\/\/www.erresse-shop.it\/de\/shop\/toepfe-pfannen\/schalldaempfer-und-kokotten\/le-creuset-4er-set-mini-cocottes-10-cm-kirsche-copia\/","title":{"rendered":"LE CREUSET 4er-Set Mini-Cocottes 10 cm Orange"},"content":{"rendered":"<p>Dieses Set aus vier Mini-Cocottes zaubert Ihnen ein L\u00e4cheln ins Gesicht. Die s\u00fc\u00dfen Cocottes aus hochwertigem Le Creuset Steinzeug sind sp\u00fclmaschinen-, ofen-, mikrowellen- und gefriergeeignet. Servieren Sie darin Snacks, Vorspeisen, Desserts und H\u00e4ppchen.<\/p>\n<p style=\"text-align: justify;\"><strong>Produktdetails:<\/strong><\/p>\n<ul>\n<li class=\"mb-3\">Immer auf dem neuesten Stand: Unser Steinzeug ist kratzfest und leicht zu reinigen.<\/li>\n<li class=\"mb-3\">Perfekt verarbeitet: Hergestellt aus hochwertiger Keramik, halten unsere Steinzeugprodukte eine gleichm\u00e4\u00dfige Temperatur und sind robust und langlebig.<\/li>\n<li class=\"mb-3\">Eine moderne Ikone: Mit dem unverwechselbaren Drei-Ring-Design passt dieses Produkt zu unserem legend\u00e4ren Gusseisen-Kochgeschirr und ist die perfekte Erg\u00e4nzung Ihrer Le Creuset Kollektion.<\/li>\n<li class=\"mb-3\">F\u00fcr Hei\u00dfes und Kaltes geeignet: Unser Steinzeug ist hitzebest\u00e4ndig von -23 \u00b0C bis +260 \u00b0C.<\/li>\n<li class=\"mb-3\">Klassenbester: Unsere Produkte werden aus den besten Materialien in Manufakturen weltweit gefertigt, um die Qualit\u00e4t zu gew\u00e4hrleisten, die Sie von Le Creuset erwarten.<\/li>\n<\/ul>\n<p>Material: Steinzeug<br \/>\nHergestellt in: Thailand<br \/>\nGarantie: 10 Jahre<\/p>\n<p>Fassungsverm\u00f6gen: 0.25 L<\/p>\n<p><strong>W\u00e4rmequelle:<\/strong><\/p>\n<ul>\n<li>Backofen<\/li>\n<li>Grillfunktion<\/li>\n<li>Mikrowelle<\/li>\n<\/ul>\n<p><strong>Reinigung und Pflege:<\/strong><\/p>\n<ul>\n<li class=\"mb-3\">Warten Sie, bis das Produkt vollst\u00e4ndig abgek\u00fchlt ist, bevor Sie mit der Reinigung beginnen.<\/li>\n<li class=\"mb-3\">Entfernen Sie alle R\u00fcckst\u00e4nde vom Boden und den Seiten des Produkts. Bei hartn\u00e4ckigen Speiseresten f\u00fcllen Sie das Produkt mit warmem Seifenwasser und lassen Sie es 15\u201320 Minuten einweichen, bevor Sie es wie gewohnt sp\u00fclen.<\/li>\n<li class=\"mb-3\">Von Hand sp\u00fclen und abtrocknen. Oder geben Sie Ihr Steinzeugprodukt f\u00fcr einen vollst\u00e4ndigen Sp\u00fclgang in die Sp\u00fclmaschine.<\/li>\n<\/ul>\n","protected":false},"excerpt":{"rendered":"<p>Dieses Set aus vier Mini-Cocottes zaubert Ihnen ein L\u00e4cheln ins Gesicht. Die s\u00fc\u00dfen Cocottes aus hochwertigem Le Creuset Steinzeug sind<\/p>\n","protected":false},"featured_media":480665,"template":"","meta":{"_acf_changed":false,"inline_featured_image":false},"product_cat":[6709,14793],"product_tag":[11387,11381,14827,11383,11385,21533,12201,24392,12992,12205],"acf":[],"yoast_head":"<!-- This site is optimized with the Yoast SEO Premium plugin v18.6 (Yoast SEO v19.13) - https:\/\/yoast.com\/wordpress\/plugins\/seo\/ -->\n<title>LE CREUSET 4er-Set Mini-Cocottes 10 cm Orange - Erresse Shop<\/title>\n<meta name=\"description\" content=\"Dieses Set aus vier Mini-Cocottes zaubert Ihnen ein L\u00e4cheln ins Gesicht. Die s\u00fc\u00dfen Cocottes aus hochwertigem Le Creuset Steinzeug sind sp\u00fclmaschinen-,\" \/>\n<meta name=\"robots\" content=\"index, follow, max-snippet:-1, max-image-preview:large, max-video-preview:-1\" \/>\n<link rel=\"canonical\" href=\"https:\/\/www.erresse-shop.it\/de\/shop\/toepfe-pfannen\/schalldaempfer-und-kokotten\/le-creuset-4er-set-mini-cocottes-10-cm-kirsche-copia\/\" \/>\n<meta property=\"og:locale\" content=\"de_DE\" \/>\n<meta property=\"og:type\" content=\"article\" \/>\n<meta property=\"og:title\" content=\"LE CREUSET 4er-Set Mini-Cocottes 10 cm Orange\" \/>\n<meta property=\"og:description\" content=\"Dieses Set aus vier Mini-Cocottes zaubert Ihnen ein L\u00e4cheln ins Gesicht. Die s\u00fc\u00dfen Cocottes aus hochwertigem Le Creuset Steinzeug sind sp\u00fclmaschinen-,\" \/>\n<meta property=\"og:url\" content=\"https:\/\/www.erresse-shop.it\/de\/shop\/toepfe-pfannen\/schalldaempfer-und-kokotten\/le-creuset-4er-set-mini-cocottes-10-cm-kirsche-copia\/\" \/>\n<meta property=\"og:site_name\" content=\"Erresse Shop\" \/>\n<meta property=\"article:modified_time\" content=\"2025-03-19T08:10:21+00:00\" \/>\n<meta property=\"og:image\" content=\"https:\/\/www.erresse-shop.it\/wp-content\/uploads\/2025\/03\/LE-CREUSET-Set-4-Mini-Cocotte-10-cm-Arancio.jpg\" \/>\n\t<meta property=\"og:image:width\" content=\"1200\" \/>\n\t<meta property=\"og:image:height\" content=\"1200\" \/>\n\t<meta property=\"og:image:type\" content=\"image\/jpeg\" \/>\n<meta name=\"twitter:card\" content=\"summary_large_image\" \/>\n<script type=\"application\/ld+json\" class=\"yoast-schema-graph\">{\"@context\":\"https:\/\/schema.org\",\"@graph\":[{\"@type\":\"WebPage\",\"@id\":\"https:\/\/www.erresse-shop.it\/de\/shop\/toepfe-pfannen\/schalldaempfer-und-kokotten\/le-creuset-4er-set-mini-cocottes-10-cm-kirsche-copia\/\",\"url\":\"https:\/\/www.erresse-shop.it\/de\/shop\/toepfe-pfannen\/schalldaempfer-und-kokotten\/le-creuset-4er-set-mini-cocottes-10-cm-kirsche-copia\/\",\"name\":\"LE CREUSET 4er-Set Mini-Cocottes 10 cm Orange - Erresse Shop\",\"isPartOf\":{\"@id\":\"https:\/\/www.erresse-shop.it\/de\/#website\"},\"datePublished\":\"2025-03-19T08:04:01+00:00\",\"dateModified\":\"2025-03-19T08:10:21+00:00\",\"description\":\"Dieses Set aus vier Mini-Cocottes zaubert Ihnen ein L\u00e4cheln ins Gesicht. Die s\u00fc\u00dfen Cocottes aus hochwertigem Le Creuset Steinzeug sind sp\u00fclmaschinen-,\",\"breadcrumb\":{\"@id\":\"https:\/\/www.erresse-shop.it\/de\/shop\/toepfe-pfannen\/schalldaempfer-und-kokotten\/le-creuset-4er-set-mini-cocottes-10-cm-kirsche-copia\/#breadcrumb\"},\"inLanguage\":\"de-DE\",\"potentialAction\":[{\"@type\":\"ReadAction\",\"target\":[\"https:\/\/www.erresse-shop.it\/de\/shop\/toepfe-pfannen\/schalldaempfer-und-kokotten\/le-creuset-4er-set-mini-cocottes-10-cm-kirsche-copia\/\"]}]},{\"@type\":\"BreadcrumbList\",\"@id\":\"https:\/\/www.erresse-shop.it\/de\/shop\/toepfe-pfannen\/schalldaempfer-und-kokotten\/le-creuset-4er-set-mini-cocottes-10-cm-kirsche-copia\/#breadcrumb\",\"itemListElement\":[{\"@type\":\"ListItem\",\"position\":1,\"name\":\"Home\",\"item\":\"https:\/\/www.erresse-shop.it\/de\/\"},{\"@type\":\"ListItem\",\"position\":2,\"name\":\"Shop\",\"item\":\"https:\/\/www.erresse-shop.it\/de\/shop\/\"},{\"@type\":\"ListItem\",\"position\":3,\"name\":\"LE CREUSET 4er-Set Mini-Cocottes 10 cm Orange\"}]},{\"@type\":\"WebSite\",\"@id\":\"https:\/\/www.erresse-shop.it\/de\/#website\",\"url\":\"https:\/\/www.erresse-shop.it\/de\/\",\"name\":\"Erresse Shop\",\"description\":\"Articoli di qualit\u00e0 per la casa\",\"potentialAction\":[{\"@type\":\"SearchAction\",\"target\":{\"@type\":\"EntryPoint\",\"urlTemplate\":\"https:\/\/www.erresse-shop.it\/de\/?s={search_term_string}\"},\"query-input\":\"required name=search_term_string\"}],\"inLanguage\":\"de-DE\"}]}<\/script>\n<!-- \/ Yoast SEO Premium plugin. -->","yoast_head_json":{"title":"LE CREUSET 4er-Set Mini-Cocottes 10 cm Orange - Erresse Shop","description":"Dieses Set aus vier Mini-Cocottes zaubert Ihnen ein L\u00e4cheln ins Gesicht. Die s\u00fc\u00dfen Cocottes aus hochwertigem Le Creuset Steinzeug sind sp\u00fclmaschinen-,","robots":{"index":"index","follow":"follow","max-snippet":"max-snippet:-1","max-image-preview":"max-image-preview:large","max-video-preview":"max-video-preview:-1"},"canonical":"https:\/\/www.erresse-shop.it\/de\/shop\/toepfe-pfannen\/schalldaempfer-und-kokotten\/le-creuset-4er-set-mini-cocottes-10-cm-kirsche-copia\/","og_locale":"de_DE","og_type":"article","og_title":"LE CREUSET 4er-Set Mini-Cocottes 10 cm Orange","og_description":"Dieses Set aus vier Mini-Cocottes zaubert Ihnen ein L\u00e4cheln ins Gesicht. Die s\u00fc\u00dfen Cocottes aus hochwertigem Le Creuset Steinzeug sind sp\u00fclmaschinen-,","og_url":"https:\/\/www.erresse-shop.it\/de\/shop\/toepfe-pfannen\/schalldaempfer-und-kokotten\/le-creuset-4er-set-mini-cocottes-10-cm-kirsche-copia\/","og_site_name":"Erresse Shop","article_modified_time":"2025-03-19T08:10:21+00:00","og_image":[{"width":1200,"height":1200,"url":"https:\/\/www.erresse-shop.it\/wp-content\/uploads\/2025\/03\/LE-CREUSET-Set-4-Mini-Cocotte-10-cm-Arancio.jpg","type":"image\/jpeg"}],"twitter_card":"summary_large_image","schema":{"@context":"https:\/\/schema.org","@graph":[{"@type":"WebPage","@id":"https:\/\/www.erresse-shop.it\/de\/shop\/toepfe-pfannen\/schalldaempfer-und-kokotten\/le-creuset-4er-set-mini-cocottes-10-cm-kirsche-copia\/","url":"https:\/\/www.erresse-shop.it\/de\/shop\/toepfe-pfannen\/schalldaempfer-und-kokotten\/le-creuset-4er-set-mini-cocottes-10-cm-kirsche-copia\/","name":"LE CREUSET 4er-Set Mini-Cocottes 10 cm Orange - Erresse Shop","isPartOf":{"@id":"https:\/\/www.erresse-shop.it\/de\/#website"},"datePublished":"2025-03-19T08:04:01+00:00","dateModified":"2025-03-19T08:10:21+00:00","description":"Dieses Set aus vier Mini-Cocottes zaubert Ihnen ein L\u00e4cheln ins Gesicht. Die s\u00fc\u00dfen Cocottes aus hochwertigem Le Creuset Steinzeug sind sp\u00fclmaschinen-,","breadcrumb":{"@id":"https:\/\/www.erresse-shop.it\/de\/shop\/toepfe-pfannen\/schalldaempfer-und-kokotten\/le-creuset-4er-set-mini-cocottes-10-cm-kirsche-copia\/#breadcrumb"},"inLanguage":"de-DE","potentialAction":[{"@type":"ReadAction","target":["https:\/\/www.erresse-shop.it\/de\/shop\/toepfe-pfannen\/schalldaempfer-und-kokotten\/le-creuset-4er-set-mini-cocottes-10-cm-kirsche-copia\/"]}]},{"@type":"BreadcrumbList","@id":"https:\/\/www.erresse-shop.it\/de\/shop\/toepfe-pfannen\/schalldaempfer-und-kokotten\/le-creuset-4er-set-mini-cocottes-10-cm-kirsche-copia\/#breadcrumb","itemListElement":[{"@type":"ListItem","position":1,"name":"Home","item":"https:\/\/www.erresse-shop.it\/de\/"},{"@type":"ListItem","position":2,"name":"Shop","item":"https:\/\/www.erresse-shop.it\/de\/shop\/"},{"@type":"ListItem","position":3,"name":"LE CREUSET 4er-Set Mini-Cocottes 10 cm Orange"}]},{"@type":"WebSite","@id":"https:\/\/www.erresse-shop.it\/de\/#website","url":"https:\/\/www.erresse-shop.it\/de\/","name":"Erresse Shop","description":"Articoli di qualit\u00e0 per la casa","potentialAction":[{"@type":"SearchAction","target":{"@type":"EntryPoint","urlTemplate":"https:\/\/www.erresse-shop.it\/de\/?s={search_term_string}"},"query-input":"required name=search_term_string"}],"inLanguage":"de-DE"}]}},"df_price":69,"df_sale_price":69,"df_regular_price":89,"df_image_link":"https:\/\/www.erresse-shop.it\/wp-content\/uploads\/2025\/03\/LE-CREUSET-Set-4-Mini-Cocotte-10-cm-Arancio-300x300.jpg","_links":{"self":[{"href":"https:\/\/www.erresse-shop.it\/de\/wp-json\/wp\/v2\/product\/480632"}],"collection":[{"href":"https:\/\/www.erresse-shop.it\/de\/wp-json\/wp\/v2\/product"}],"about":[{"href":"https:\/\/www.erresse-shop.it\/de\/wp-json\/wp\/v2\/types\/product"}],"wp:featuredmedia":[{"embeddable":true,"href":"https:\/\/www.erresse-shop.it\/de\/wp-json\/wp\/v2\/media\/480665"}],"wp:attachment":[{"href":"https:\/\/www.erresse-shop.it\/de\/wp-json\/wp\/v2\/media?parent=480632"}],"wp:term":[{"taxonomy":"product_cat","embeddable":true,"href":"https:\/\/www.erresse-shop.it\/de\/wp-json\/wp\/v2\/product_cat?post=480632"},{"taxonomy":"product_tag","embeddable":true,"href":"https:\/\/www.erresse-shop.it\/de\/wp-json\/wp\/v2\/product_tag?post=480632"}],"curies":[{"name":"wp","href":"https:\/\/api.w.org\/{rel}","templated":true}]}}