{"id":479607,"date":"2025-03-18T10:23:54","date_gmt":"2025-03-18T10:23:54","guid":{"rendered":"https:\/\/www.erresse-shop.it\/?post_type=product&#038;p=479607"},"modified":"2025-03-18T10:31:00","modified_gmt":"2025-03-18T10:31:00","slug":"le-creuset-kuchentopf-mit-hohem-deckel-evolution-26-cm-orange-copia","status":"publish","type":"product","link":"https:\/\/www.erresse-shop.it\/de\/shop\/toepfe-pfannen\/schalldaempfer-und-kokotten\/le-creuset-kuchentopf-mit-hohem-deckel-evolution-26-cm-orange-copia\/","title":{"rendered":"LE CREUSET K\u00fcchentopf mit hohem Deckel Evolution 26 cm Baiser"},"content":{"rendered":"<p>K\u00f6cheln Sie einen Eintopf auf dem Herd oder im Backofen, damit sich die k\u00f6stlichen Aromen intensivieren und vermischen. Mit seinen schr\u00e4gen Seiten, dem gew\u00f6lbten Deckel und der gleichm\u00e4\u00dfigen W\u00e4rmeverteilung macht dieser emaillierte Gusseisen-Evolution-Br\u00e4ter das Kochen Ihrer einzigartigen Gerichte noch angenehmer.<\/p>\n<ul>\n<li class=\"mb-3\">Unser hitzebest\u00e4ndiger Deckelknopf (bis 260 \u00b0C) bietet optimalen Halt, selbst mit Topflappen.<\/li>\n<li class=\"mb-3\">Schnelle Reinigung: Die d\u00fcnne, glasierte Innenschicht erleichtert die Reinigung.<\/li>\n<li class=\"mb-3\">Traumhafte Griffe: Dank unserer breiten Griffe k\u00f6nnen Sie den Topf auch mit Ofenhandschuhen problemlos vom Herd auf den Tisch stellen.<\/li>\n<li class=\"mb-3\">Vielseitigkeit: Dieses Produkt ist ofenfest, grillfest und f\u00fcr den Herd geeignet.<\/li>\n<li class=\"mb-3\">Hervorragender Geschmack: Das glasierte Gusseisen speichert die W\u00e4rme f\u00fcr gleichm\u00e4\u00dfiges Garen und Br\u00e4unen. Ihre k\u00f6stlichen Kreationen bleiben l\u00e4nger warm.<\/li>\n<li class=\"mb-3\">Erh\u00e4lt die Saftigkeit: Unser Deckel h\u00e4lt den beim Kochen entstehenden Dampf zur\u00fcck und verst\u00e4rkt die Aromen \u2013 f\u00fcr au\u00dfergew\u00f6hnliche Kochergebnisse.<\/li>\n<li class=\"mb-3\">Griffig: Die eleganten und komfortablen Griffe erm\u00f6glichen ein sicheres Anheben des Produkts.<\/li>\n<li class=\"mb-3\">Klassenbester: Unsere Produkte werden aus den hochwertigsten Materialien in Fabriken weltweit hergestellt, um die Qualit\u00e4t zu gew\u00e4hrleisten, die Sie von Le Creuset erwarten.<\/li>\n<\/ul>\n<p>Material: Verglastes Gusseisen<br \/>\nHergestellt in: Frankreich<br \/>\nGarantie: Lebenslang<\/p>\n<p><strong>W\u00e4rmequelle:<\/strong><\/p>\n<ul>\n<li>Backofen<\/li>\n<li>Grillfunktion<\/li>\n<li>Elektroherd<\/li>\n<li>Glaskeramik<\/li>\n<li>Gasherd<\/li>\n<li>Induktionskochfeld<\/li>\n<\/ul>\n<p><strong>Reinigung und Pflege:<\/strong><\/p>\n<ul>\n<li>Warten Sie, bis das Produkt abgek\u00fchlt ist, bevor Sie mit der Reinigung beginnen.<\/li>\n<li>Entfernen Sie Speisereste vom Boden und den Seiten des Produkts. Sollten Speisereste festsitzen, f\u00fcllen Sie das Produkt mit hei\u00dfem Seifenwasser und lassen Sie es 15\u201320 Minuten einweichen, bevor Sie es wie gewohnt sp\u00fclen.<\/li>\n<li>Verwenden Sie keine Scheuermittel oder Metallschw\u00e4mme oder -b\u00fcrsten oder sehr harte Schw\u00e4mme oder B\u00fcrsten auf den Oberfl\u00e4chen.<\/li>\n<li>Nach dem Sp\u00fclen gr\u00fcndlich abtrocknen und an einem trockenen Ort aufbewahren.<\/li>\n<\/ul>\n","protected":false},"excerpt":{"rendered":"<p>K\u00f6cheln Sie einen Eintopf auf dem Herd oder im Backofen, damit sich die k\u00f6stlichen Aromen intensivieren und vermischen. Mit seinen<\/p>\n","protected":false},"featured_media":479640,"template":"","meta":{"_acf_changed":false,"inline_featured_image":false},"product_cat":[6709,14793],"product_tag":[25088,11381,14827,24404,11383,21533,12315,13712,25022],"acf":[],"yoast_head":"<!-- This site is optimized with the Yoast SEO Premium plugin v18.6 (Yoast SEO v19.13) - https:\/\/yoast.com\/wordpress\/plugins\/seo\/ -->\n<title>LE CREUSET La Marmite 26 cm Rhone<\/title>\n<meta name=\"description\" content=\"Entdecken Sie LE CREUSET La Marmite 26 cm Rhone bei ErresseShop. Qualit\u00e4t, Stil und Funktionalit\u00e4t \u2013 jetzt online bestellen!\" \/>\n<meta name=\"robots\" content=\"index, follow, max-snippet:-1, max-image-preview:large, max-video-preview:-1\" \/>\n<link rel=\"canonical\" href=\"https:\/\/www.erresse-shop.it\/de\/shop\/toepfe-pfannen\/schalldaempfer-und-kokotten\/le-creuset-kuchentopf-mit-hohem-deckel-evolution-26-cm-orange-copia\/\" \/>\n<meta property=\"og:locale\" content=\"de_DE\" \/>\n<meta property=\"og:type\" content=\"article\" \/>\n<meta property=\"og:title\" content=\"LE CREUSET K\u00fcchentopf mit hohem Deckel Evolution 26 cm Baiser\" \/>\n<meta property=\"og:description\" content=\"Entdecken Sie LE CREUSET La Marmite 26 cm Rhone bei ErresseShop. Qualit\u00e4t, Stil und Funktionalit\u00e4t \u2013 jetzt online bestellen!\" \/>\n<meta property=\"og:url\" content=\"https:\/\/www.erresse-shop.it\/de\/shop\/toepfe-pfannen\/schalldaempfer-und-kokotten\/le-creuset-kuchentopf-mit-hohem-deckel-evolution-26-cm-orange-copia\/\" \/>\n<meta property=\"og:site_name\" content=\"Erresse Shop\" \/>\n<meta property=\"article:modified_time\" content=\"2025-03-18T10:31:00+00:00\" \/>\n<meta property=\"og:image\" content=\"https:\/\/www.erresse-shop.it\/wp-content\/uploads\/2025\/03\/LE-CREUSET-Marmitta-con-Coperchio-Alto-Evolution-in-Ghisa-26-cm-Meringa.jpg\" \/>\n\t<meta property=\"og:image:width\" content=\"1200\" \/>\n\t<meta property=\"og:image:height\" content=\"1200\" \/>\n\t<meta property=\"og:image:type\" content=\"image\/jpeg\" \/>\n<meta name=\"twitter:card\" content=\"summary_large_image\" \/>\n<script type=\"application\/ld+json\" class=\"yoast-schema-graph\">{\"@context\":\"https:\/\/schema.org\",\"@graph\":[{\"@type\":\"WebPage\",\"@id\":\"https:\/\/www.erresse-shop.it\/de\/shop\/toepfe-pfannen\/schalldaempfer-und-kokotten\/le-creuset-kuchentopf-mit-hohem-deckel-evolution-26-cm-orange-copia\/\",\"url\":\"https:\/\/www.erresse-shop.it\/de\/shop\/toepfe-pfannen\/schalldaempfer-und-kokotten\/le-creuset-kuchentopf-mit-hohem-deckel-evolution-26-cm-orange-copia\/\",\"name\":\"LE CREUSET La Marmite 26 cm Rhone\",\"isPartOf\":{\"@id\":\"https:\/\/www.erresse-shop.it\/de\/#website\"},\"datePublished\":\"2025-03-18T10:23:54+00:00\",\"dateModified\":\"2025-03-18T10:31:00+00:00\",\"description\":\"Entdecken Sie LE CREUSET La Marmite 26 cm Rhone bei ErresseShop. Qualit\u00e4t, Stil und Funktionalit\u00e4t \u2013 jetzt online bestellen!\",\"breadcrumb\":{\"@id\":\"https:\/\/www.erresse-shop.it\/de\/shop\/toepfe-pfannen\/schalldaempfer-und-kokotten\/le-creuset-kuchentopf-mit-hohem-deckel-evolution-26-cm-orange-copia\/#breadcrumb\"},\"inLanguage\":\"de-DE\",\"potentialAction\":[{\"@type\":\"ReadAction\",\"target\":[\"https:\/\/www.erresse-shop.it\/de\/shop\/toepfe-pfannen\/schalldaempfer-und-kokotten\/le-creuset-kuchentopf-mit-hohem-deckel-evolution-26-cm-orange-copia\/\"]}]},{\"@type\":\"BreadcrumbList\",\"@id\":\"https:\/\/www.erresse-shop.it\/de\/shop\/toepfe-pfannen\/schalldaempfer-und-kokotten\/le-creuset-kuchentopf-mit-hohem-deckel-evolution-26-cm-orange-copia\/#breadcrumb\",\"itemListElement\":[{\"@type\":\"ListItem\",\"position\":1,\"name\":\"Home\",\"item\":\"https:\/\/www.erresse-shop.it\/de\/\"},{\"@type\":\"ListItem\",\"position\":2,\"name\":\"Shop\",\"item\":\"https:\/\/www.erresse-shop.it\/de\/shop\/\"},{\"@type\":\"ListItem\",\"position\":3,\"name\":\"LE CREUSET K\u00fcchentopf mit hohem Deckel Evolution 26 cm Baiser\"}]},{\"@type\":\"WebSite\",\"@id\":\"https:\/\/www.erresse-shop.it\/de\/#website\",\"url\":\"https:\/\/www.erresse-shop.it\/de\/\",\"name\":\"Erresse Shop\",\"description\":\"Articoli di qualit\u00e0 per la casa\",\"potentialAction\":[{\"@type\":\"SearchAction\",\"target\":{\"@type\":\"EntryPoint\",\"urlTemplate\":\"https:\/\/www.erresse-shop.it\/de\/?s={search_term_string}\"},\"query-input\":\"required name=search_term_string\"}],\"inLanguage\":\"de-DE\"}]}<\/script>\n<!-- \/ Yoast SEO Premium plugin. -->","yoast_head_json":{"title":"LE CREUSET La Marmite 26 cm Rhone","description":"Entdecken Sie LE CREUSET La Marmite 26 cm Rhone bei ErresseShop. Qualit\u00e4t, Stil und Funktionalit\u00e4t \u2013 jetzt online bestellen!","robots":{"index":"index","follow":"follow","max-snippet":"max-snippet:-1","max-image-preview":"max-image-preview:large","max-video-preview":"max-video-preview:-1"},"canonical":"https:\/\/www.erresse-shop.it\/de\/shop\/toepfe-pfannen\/schalldaempfer-und-kokotten\/le-creuset-kuchentopf-mit-hohem-deckel-evolution-26-cm-orange-copia\/","og_locale":"de_DE","og_type":"article","og_title":"LE CREUSET K\u00fcchentopf mit hohem Deckel Evolution 26 cm Baiser","og_description":"Entdecken Sie LE CREUSET La Marmite 26 cm Rhone bei ErresseShop. Qualit\u00e4t, Stil und Funktionalit\u00e4t \u2013 jetzt online bestellen!","og_url":"https:\/\/www.erresse-shop.it\/de\/shop\/toepfe-pfannen\/schalldaempfer-und-kokotten\/le-creuset-kuchentopf-mit-hohem-deckel-evolution-26-cm-orange-copia\/","og_site_name":"Erresse Shop","article_modified_time":"2025-03-18T10:31:00+00:00","og_image":[{"width":1200,"height":1200,"url":"https:\/\/www.erresse-shop.it\/wp-content\/uploads\/2025\/03\/LE-CREUSET-Marmitta-con-Coperchio-Alto-Evolution-in-Ghisa-26-cm-Meringa.jpg","type":"image\/jpeg"}],"twitter_card":"summary_large_image","schema":{"@context":"https:\/\/schema.org","@graph":[{"@type":"WebPage","@id":"https:\/\/www.erresse-shop.it\/de\/shop\/toepfe-pfannen\/schalldaempfer-und-kokotten\/le-creuset-kuchentopf-mit-hohem-deckel-evolution-26-cm-orange-copia\/","url":"https:\/\/www.erresse-shop.it\/de\/shop\/toepfe-pfannen\/schalldaempfer-und-kokotten\/le-creuset-kuchentopf-mit-hohem-deckel-evolution-26-cm-orange-copia\/","name":"LE CREUSET La Marmite 26 cm Rhone","isPartOf":{"@id":"https:\/\/www.erresse-shop.it\/de\/#website"},"datePublished":"2025-03-18T10:23:54+00:00","dateModified":"2025-03-18T10:31:00+00:00","description":"Entdecken Sie LE CREUSET La Marmite 26 cm Rhone bei ErresseShop. Qualit\u00e4t, Stil und Funktionalit\u00e4t \u2013 jetzt online bestellen!","breadcrumb":{"@id":"https:\/\/www.erresse-shop.it\/de\/shop\/toepfe-pfannen\/schalldaempfer-und-kokotten\/le-creuset-kuchentopf-mit-hohem-deckel-evolution-26-cm-orange-copia\/#breadcrumb"},"inLanguage":"de-DE","potentialAction":[{"@type":"ReadAction","target":["https:\/\/www.erresse-shop.it\/de\/shop\/toepfe-pfannen\/schalldaempfer-und-kokotten\/le-creuset-kuchentopf-mit-hohem-deckel-evolution-26-cm-orange-copia\/"]}]},{"@type":"BreadcrumbList","@id":"https:\/\/www.erresse-shop.it\/de\/shop\/toepfe-pfannen\/schalldaempfer-und-kokotten\/le-creuset-kuchentopf-mit-hohem-deckel-evolution-26-cm-orange-copia\/#breadcrumb","itemListElement":[{"@type":"ListItem","position":1,"name":"Home","item":"https:\/\/www.erresse-shop.it\/de\/"},{"@type":"ListItem","position":2,"name":"Shop","item":"https:\/\/www.erresse-shop.it\/de\/shop\/"},{"@type":"ListItem","position":3,"name":"LE CREUSET K\u00fcchentopf mit hohem Deckel Evolution 26 cm Baiser"}]},{"@type":"WebSite","@id":"https:\/\/www.erresse-shop.it\/de\/#website","url":"https:\/\/www.erresse-shop.it\/de\/","name":"Erresse Shop","description":"Articoli di qualit\u00e0 per la casa","potentialAction":[{"@type":"SearchAction","target":{"@type":"EntryPoint","urlTemplate":"https:\/\/www.erresse-shop.it\/de\/?s={search_term_string}"},"query-input":"required name=search_term_string"}],"inLanguage":"de-DE"}]}},"df_price":209.95,"df_sale_price":209.95,"df_regular_price":315,"df_image_link":"https:\/\/www.erresse-shop.it\/wp-content\/uploads\/2025\/03\/LE-CREUSET-Marmitta-con-Coperchio-Alto-Evolution-in-Ghisa-26-cm-Meringa-300x300.jpg","_links":{"self":[{"href":"https:\/\/www.erresse-shop.it\/de\/wp-json\/wp\/v2\/product\/479607"}],"collection":[{"href":"https:\/\/www.erresse-shop.it\/de\/wp-json\/wp\/v2\/product"}],"about":[{"href":"https:\/\/www.erresse-shop.it\/de\/wp-json\/wp\/v2\/types\/product"}],"wp:featuredmedia":[{"embeddable":true,"href":"https:\/\/www.erresse-shop.it\/de\/wp-json\/wp\/v2\/media\/479640"}],"wp:attachment":[{"href":"https:\/\/www.erresse-shop.it\/de\/wp-json\/wp\/v2\/media?parent=479607"}],"wp:term":[{"taxonomy":"product_cat","embeddable":true,"href":"https:\/\/www.erresse-shop.it\/de\/wp-json\/wp\/v2\/product_cat?post=479607"},{"taxonomy":"product_tag","embeddable":true,"href":"https:\/\/www.erresse-shop.it\/de\/wp-json\/wp\/v2\/product_tag?post=479607"}],"curies":[{"name":"wp","href":"https:\/\/api.w.org\/{rel}","templated":true}]}}