{"id":479324,"date":"2025-03-18T07:24:38","date_gmt":"2025-03-18T07:24:39","guid":{"rendered":"https:\/\/www.erresse-shop.it\/?post_type=product&#038;p=479324"},"modified":"2025-05-07T16:33:26","modified_gmt":"2025-05-07T16:33:26","slug":"le-creuset-brot-brater-aus-gusseisen-cm-kirschrot-copia","status":"publish","type":"product","link":"https:\/\/www.erresse-shop.it\/de\/shop\/toepfe-pfannen\/toepfe-und-backformen\/le-creuset-brot-brater-aus-gusseisen-cm-kirschrot-copia\/","title":{"rendered":"LE CREUSET Brot Br\u00e4ter aus Gusseisen 24 cm Azure"},"content":{"rendered":"<p>Es war noch nie einfacher, zu Hause ein perfektes Brot zu backen. Der speziell f\u00fcrs Backen entwickelte Brot Br\u00e4ter ist aus unserem legend\u00e4ren Gusseisen gefertigt, um eine ideale Hitzeverteilung zu gew\u00e4hrleisten und Ergebnisse wie von der B\u00e4ckerei zu erm\u00f6glichen. Ein gew\u00f6lbter Deckel hindert den Dampf am Austreten und l\u00e4sst ihn im Inneren zirkulieren, damit der Teig bestm\u00f6glich aufgehen und einen k\u00f6stlichen Geschmack entwickeln kann. Der flache Boden f\u00f6rdert indessen eine gleichm\u00e4\u00dfige Br\u00e4unung und f\u00fchrt zu einer goldenen, knusprigen Kruste, in die unser ber\u00fchmtes Drei-Ringe-Design gepr\u00e4gt ist. Mit seiner mattschwarz emaillierten Innenseite, dem ergonomischen Deckelknopf sowie den ergonomischen Griffen liefert der Brot Br\u00e4ter von Le Creuset m\u00fchelos professionelle Backwaren in den eigenen vier W\u00e4nden.<\/p>\n<ul>\n<li>Unser hitzebest\u00e4ndiger Deckelknopf (bis 260 \u00b0C) ist auf eine bessere Griffigkeit ausgelegt, auch wenn der Deckel mit Ofenhandschuhen angehoben wird.<\/li>\n<li>Dank unserer gro\u00dfen Griffe k\u00f6nnen Sie die Produkte problemlos vom Kochfeld \u00fcber den Backofen zum Tisch wechseln, auch mit Ofenhandschuhen.<\/li>\n<li>Das Gusseisen speichert die W\u00e4rme sehr gut, perfekt f\u00fcr gleichm\u00e4\u00dfiges Kochen und Braten. Ihre k\u00f6stlichen Kreationen bleiben zudem auf dem Tisch l\u00e4nger warm.<\/li>\n<li>Einfache Handhabung: Die eleganten und praktischen Griffe erm\u00f6glichen ein sicheres Anheben.<\/li>\n<li>Nicht zu hei\u00df: Kochen Sie mit einer gleichm\u00e4\u00dfigen, niedrigen bis mittleren Hitze, um Ihr Gusseisen zu schonen und leckere Ergebnisse zu erzielen.<\/li>\n<li>Branchenf\u00fchrend: Unsere Produkte werden in Herstellungsbetrieben auf der ganzen Welt aus den hochwertigsten Materialien gefertigt \u2013 damit wir die Qualit\u00e4t gew\u00e4hrleisten k\u00f6nnen, die Sie von Le Creuset erwarten.<\/li>\n<\/ul>\n<p>Material: Emailliertes Gusseisen<br \/>\nHergestellt in: Frankreich<br \/>\nGarantie: 30 Jahre<\/p>\n<p><strong>W\u00e4rmquelle:<\/strong><\/p>\n<ul>\n<li>Backofen mit Grillfunktion<\/li>\n<li>Backofen<\/li>\n<li>Elektroherd<\/li>\n<li>Glaskeramik-Kochfeld<\/li>\n<li>Gasherd<\/li>\n<li>Induktionsherd<\/li>\n<\/ul>\n<p><strong>Reinigung:<\/strong><\/p>\n<ul>\n<li>Lassen Sie Ihr Produkt abk\u00fchlen, bevor Sie es reinigen.<\/li>\n<li>Entfernen Sie alle Reste vom Boden und den Seiten des Produkts. Falls Speisereste anhaften, f\u00fcllen Sie das Produkt mit warmem Sp\u00fclwasser und lassen Sie es 15 bis 20 Minuten einweichen, bevor Sie es wie gewohnt sp\u00fclen.<\/li>\n<li>Verwenden Sie auf keiner der Oberfl\u00e4chen scheuernde Reinigungsmittel oder Metall, raue oder sehr harte Reinigungspads bzw. -b\u00fcrsten.<\/li>\n<li>Trocknen Sie die Produkte nach dem Sp\u00fclen gut ab und bewahren Sie sie an einem trockenen Ort auf.<\/li>\n<\/ul>\n","protected":false},"excerpt":{"rendered":"<p>Es war noch nie einfacher, zu Hause ein perfektes Brot zu backen. Der speziell f\u00fcrs Backen entwickelte Brot Br\u00e4ter ist<\/p>\n","protected":false},"featured_media":479374,"template":"","meta":{"_acf_changed":false,"inline_featured_image":false},"product_cat":[6709,14806],"product_tag":[11555,11383,11385,21533,12315,11471],"acf":[],"yoast_head":"<!-- This site is optimized with the Yoast SEO Premium plugin v18.6 (Yoast SEO v19.13) - https:\/\/yoast.com\/wordpress\/plugins\/seo\/ -->\n<title>LE CREUSET Brot Br\u00e4ter aus Gusseisen cm Kirschrot<\/title>\n<meta name=\"description\" content=\"Entdecken Sie LE CREUSET Brot Br\u00e4ter aus Gusseisen cm Kirschrot bei ErresseShop. Qualit\u00e4t, Stil und Funktionalit\u00e4t \u2013 jetzt online bestellen!\" \/>\n<meta name=\"robots\" content=\"index, follow, max-snippet:-1, max-image-preview:large, max-video-preview:-1\" \/>\n<link rel=\"canonical\" href=\"https:\/\/www.erresse-shop.it\/de\/shop\/toepfe-pfannen\/toepfe-und-backformen\/le-creuset-brot-brater-aus-gusseisen-cm-kirschrot-copia\/\" \/>\n<meta property=\"og:locale\" content=\"de_DE\" \/>\n<meta property=\"og:type\" content=\"article\" \/>\n<meta property=\"og:title\" content=\"LE CREUSET Brot Br\u00e4ter aus Gusseisen 24 cm Azure\" \/>\n<meta property=\"og:description\" content=\"Entdecken Sie LE CREUSET Brot Br\u00e4ter aus Gusseisen cm Kirschrot bei ErresseShop. Qualit\u00e4t, Stil und Funktionalit\u00e4t \u2013 jetzt online bestellen!\" \/>\n<meta property=\"og:url\" content=\"https:\/\/www.erresse-shop.it\/de\/shop\/toepfe-pfannen\/toepfe-und-backformen\/le-creuset-brot-brater-aus-gusseisen-cm-kirschrot-copia\/\" \/>\n<meta property=\"og:site_name\" content=\"Erresse Shop\" \/>\n<meta property=\"article:modified_time\" content=\"2025-05-07T16:33:26+00:00\" \/>\n<meta property=\"og:image\" content=\"https:\/\/www.erresse-shop.it\/wp-content\/uploads\/2025\/03\/LE-CREUSET-Cocotte-per-Pane-24-cm-Azure-1.jpg\" \/>\n\t<meta property=\"og:image:width\" content=\"1200\" \/>\n\t<meta property=\"og:image:height\" content=\"1200\" \/>\n\t<meta property=\"og:image:type\" content=\"image\/jpeg\" \/>\n<meta name=\"twitter:card\" content=\"summary_large_image\" \/>\n<script type=\"application\/ld+json\" class=\"yoast-schema-graph\">{\"@context\":\"https:\/\/schema.org\",\"@graph\":[{\"@type\":\"WebPage\",\"@id\":\"https:\/\/www.erresse-shop.it\/de\/shop\/toepfe-pfannen\/toepfe-und-backformen\/le-creuset-brot-brater-aus-gusseisen-cm-kirschrot-copia\/\",\"url\":\"https:\/\/www.erresse-shop.it\/de\/shop\/toepfe-pfannen\/toepfe-und-backformen\/le-creuset-brot-brater-aus-gusseisen-cm-kirschrot-copia\/\",\"name\":\"LE CREUSET Brot Br\u00e4ter aus Gusseisen cm Kirschrot\",\"isPartOf\":{\"@id\":\"https:\/\/www.erresse-shop.it\/de\/#website\"},\"datePublished\":\"2025-03-18T07:24:39+00:00\",\"dateModified\":\"2025-05-07T16:33:26+00:00\",\"description\":\"Entdecken Sie LE CREUSET Brot Br\u00e4ter aus Gusseisen cm Kirschrot bei ErresseShop. Qualit\u00e4t, Stil und Funktionalit\u00e4t \u2013 jetzt online bestellen!\",\"breadcrumb\":{\"@id\":\"https:\/\/www.erresse-shop.it\/de\/shop\/toepfe-pfannen\/toepfe-und-backformen\/le-creuset-brot-brater-aus-gusseisen-cm-kirschrot-copia\/#breadcrumb\"},\"inLanguage\":\"de-DE\",\"potentialAction\":[{\"@type\":\"ReadAction\",\"target\":[\"https:\/\/www.erresse-shop.it\/de\/shop\/toepfe-pfannen\/toepfe-und-backformen\/le-creuset-brot-brater-aus-gusseisen-cm-kirschrot-copia\/\"]}]},{\"@type\":\"BreadcrumbList\",\"@id\":\"https:\/\/www.erresse-shop.it\/de\/shop\/toepfe-pfannen\/toepfe-und-backformen\/le-creuset-brot-brater-aus-gusseisen-cm-kirschrot-copia\/#breadcrumb\",\"itemListElement\":[{\"@type\":\"ListItem\",\"position\":1,\"name\":\"Home\",\"item\":\"https:\/\/www.erresse-shop.it\/de\/\"},{\"@type\":\"ListItem\",\"position\":2,\"name\":\"Shop\",\"item\":\"https:\/\/www.erresse-shop.it\/de\/shop\/\"},{\"@type\":\"ListItem\",\"position\":3,\"name\":\"LE CREUSET Brot Br\u00e4ter aus Gusseisen 24 cm Azure\"}]},{\"@type\":\"WebSite\",\"@id\":\"https:\/\/www.erresse-shop.it\/de\/#website\",\"url\":\"https:\/\/www.erresse-shop.it\/de\/\",\"name\":\"Erresse Shop\",\"description\":\"Articoli di qualit\u00e0 per la casa\",\"potentialAction\":[{\"@type\":\"SearchAction\",\"target\":{\"@type\":\"EntryPoint\",\"urlTemplate\":\"https:\/\/www.erresse-shop.it\/de\/?s={search_term_string}\"},\"query-input\":\"required name=search_term_string\"}],\"inLanguage\":\"de-DE\"}]}<\/script>\n<!-- \/ Yoast SEO Premium plugin. -->","yoast_head_json":{"title":"LE CREUSET Brot Br\u00e4ter aus Gusseisen cm Kirschrot","description":"Entdecken Sie LE CREUSET Brot Br\u00e4ter aus Gusseisen cm Kirschrot bei ErresseShop. Qualit\u00e4t, Stil und Funktionalit\u00e4t \u2013 jetzt online bestellen!","robots":{"index":"index","follow":"follow","max-snippet":"max-snippet:-1","max-image-preview":"max-image-preview:large","max-video-preview":"max-video-preview:-1"},"canonical":"https:\/\/www.erresse-shop.it\/de\/shop\/toepfe-pfannen\/toepfe-und-backformen\/le-creuset-brot-brater-aus-gusseisen-cm-kirschrot-copia\/","og_locale":"de_DE","og_type":"article","og_title":"LE CREUSET Brot Br\u00e4ter aus Gusseisen 24 cm Azure","og_description":"Entdecken Sie LE CREUSET Brot Br\u00e4ter aus Gusseisen cm Kirschrot bei ErresseShop. Qualit\u00e4t, Stil und Funktionalit\u00e4t \u2013 jetzt online bestellen!","og_url":"https:\/\/www.erresse-shop.it\/de\/shop\/toepfe-pfannen\/toepfe-und-backformen\/le-creuset-brot-brater-aus-gusseisen-cm-kirschrot-copia\/","og_site_name":"Erresse Shop","article_modified_time":"2025-05-07T16:33:26+00:00","og_image":[{"width":1200,"height":1200,"url":"https:\/\/www.erresse-shop.it\/wp-content\/uploads\/2025\/03\/LE-CREUSET-Cocotte-per-Pane-24-cm-Azure-1.jpg","type":"image\/jpeg"}],"twitter_card":"summary_large_image","schema":{"@context":"https:\/\/schema.org","@graph":[{"@type":"WebPage","@id":"https:\/\/www.erresse-shop.it\/de\/shop\/toepfe-pfannen\/toepfe-und-backformen\/le-creuset-brot-brater-aus-gusseisen-cm-kirschrot-copia\/","url":"https:\/\/www.erresse-shop.it\/de\/shop\/toepfe-pfannen\/toepfe-und-backformen\/le-creuset-brot-brater-aus-gusseisen-cm-kirschrot-copia\/","name":"LE CREUSET Brot Br\u00e4ter aus Gusseisen cm Kirschrot","isPartOf":{"@id":"https:\/\/www.erresse-shop.it\/de\/#website"},"datePublished":"2025-03-18T07:24:39+00:00","dateModified":"2025-05-07T16:33:26+00:00","description":"Entdecken Sie LE CREUSET Brot Br\u00e4ter aus Gusseisen cm Kirschrot bei ErresseShop. Qualit\u00e4t, Stil und Funktionalit\u00e4t \u2013 jetzt online bestellen!","breadcrumb":{"@id":"https:\/\/www.erresse-shop.it\/de\/shop\/toepfe-pfannen\/toepfe-und-backformen\/le-creuset-brot-brater-aus-gusseisen-cm-kirschrot-copia\/#breadcrumb"},"inLanguage":"de-DE","potentialAction":[{"@type":"ReadAction","target":["https:\/\/www.erresse-shop.it\/de\/shop\/toepfe-pfannen\/toepfe-und-backformen\/le-creuset-brot-brater-aus-gusseisen-cm-kirschrot-copia\/"]}]},{"@type":"BreadcrumbList","@id":"https:\/\/www.erresse-shop.it\/de\/shop\/toepfe-pfannen\/toepfe-und-backformen\/le-creuset-brot-brater-aus-gusseisen-cm-kirschrot-copia\/#breadcrumb","itemListElement":[{"@type":"ListItem","position":1,"name":"Home","item":"https:\/\/www.erresse-shop.it\/de\/"},{"@type":"ListItem","position":2,"name":"Shop","item":"https:\/\/www.erresse-shop.it\/de\/shop\/"},{"@type":"ListItem","position":3,"name":"LE CREUSET Brot Br\u00e4ter aus Gusseisen 24 cm Azure"}]},{"@type":"WebSite","@id":"https:\/\/www.erresse-shop.it\/de\/#website","url":"https:\/\/www.erresse-shop.it\/de\/","name":"Erresse Shop","description":"Articoli di qualit\u00e0 per la casa","potentialAction":[{"@type":"SearchAction","target":{"@type":"EntryPoint","urlTemplate":"https:\/\/www.erresse-shop.it\/de\/?s={search_term_string}"},"query-input":"required name=search_term_string"}],"inLanguage":"de-DE"}]}},"df_price":125.55,"df_sale_price":125.55,"df_regular_price":279,"df_image_link":"https:\/\/www.erresse-shop.it\/wp-content\/uploads\/2025\/03\/LE-CREUSET-Cocotte-per-Pane-24-cm-Azure-1-300x300.jpg","_links":{"self":[{"href":"https:\/\/www.erresse-shop.it\/de\/wp-json\/wp\/v2\/product\/479324"}],"collection":[{"href":"https:\/\/www.erresse-shop.it\/de\/wp-json\/wp\/v2\/product"}],"about":[{"href":"https:\/\/www.erresse-shop.it\/de\/wp-json\/wp\/v2\/types\/product"}],"wp:featuredmedia":[{"embeddable":true,"href":"https:\/\/www.erresse-shop.it\/de\/wp-json\/wp\/v2\/media\/479374"}],"wp:attachment":[{"href":"https:\/\/www.erresse-shop.it\/de\/wp-json\/wp\/v2\/media?parent=479324"}],"wp:term":[{"taxonomy":"product_cat","embeddable":true,"href":"https:\/\/www.erresse-shop.it\/de\/wp-json\/wp\/v2\/product_cat?post=479324"},{"taxonomy":"product_tag","embeddable":true,"href":"https:\/\/www.erresse-shop.it\/de\/wp-json\/wp\/v2\/product_tag?post=479324"}],"curies":[{"name":"wp","href":"https:\/\/api.w.org\/{rel}","templated":true}]}}