{"id":479290,"date":"2025-03-18T07:03:22","date_gmt":"2025-03-18T07:03:23","guid":{"rendered":"https:\/\/www.erresse-shop.it\/?post_type=product&#038;p=479290"},"modified":"2025-03-18T07:21:02","modified_gmt":"2025-03-18T07:21:02","slug":"le-creuset-bistro-grillplatte-aus-gusseisen-32-cm-kirschrot-copia","status":"publish","type":"product","link":"https:\/\/www.erresse-shop.it\/de\/shop\/toepfe-pfannen\/grillpfannen\/le-creuset-bistro-grillplatte-aus-gusseisen-32-cm-kirschrot-copia\/","title":{"rendered":"LE CREUSET Extra gro\u00dfer runder Gusseisengrill 32 cm Kirschrot"},"content":{"rendered":"<p>Mit diesem robusten Grill bewahren Sie den k\u00f6stlichen Geschmack von gegrilltem Fleisch und gebratenem Fisch bequem in Ihrer K\u00fcche. Nutzen Sie die gro\u00dfe Grillfl\u00e4che optimal und grillen Sie Steaks, Koteletts, W\u00fcrstchen, Garnelen, H\u00e4hnchen, Fisch und Gem\u00fcse in gro\u00dfen Mengen.<\/p>\n<ul>\n<li class=\"mb-3\">Vielseitigkeit: Dieses Produkt ist f\u00fcr Backofen, Herd und Backofen mit Grillfunktion geeignet.<\/li>\n<li class=\"mb-3\">Hervorragender Geschmack: Das emaillierte Gusseisen speichert die W\u00e4rme f\u00fcr gleichm\u00e4\u00dfiges Garen und Br\u00e4unen. Ihre k\u00f6stlichen Kreationen bleiben auch am Tisch l\u00e4nger warm.<\/li>\n<li class=\"mb-3\">Grillrillen: Kreieren Sie authentische Grillstreifen f\u00fcr fantastisch aussehende Speisen.<\/li>\n<li class=\"mb-3\">Nicht zu hei\u00df: Grillen Sie bei konstant niedriger bis mittlerer Hitze, um Ihr emailliertes Gusseisenprodukt zu pflegen und k\u00f6stliche Ergebnisse zu erzielen.<\/li>\n<li class=\"mb-3\">Wird mit der Zeit immer besser: Die Emaille-Innenseite entwickelt eine nat\u00fcrliche Patina, die fast wie eine Antihaftbeschichtung wirkt. Die Oberfl\u00e4che verhindert, dass Lebensmittel selbst bei geringen \u00d6lmengen anhaften. Reinigen Sie das Produkt nur mit Wasser, damit sich die Patina bilden kann.<\/li>\n<li class=\"mb-3\">Klassenbester: Unsere Produkte werden aus den hochwertigsten Materialien in Fabriken weltweit hergestellt, um die Qualit\u00e4t zu gew\u00e4hrleisten, die Sie von Le Creuset erwarten.<\/li>\n<\/ul>\n<p>Material: Verglastes Gusseisen<br \/>\nHergestellt in: Frankreich<br \/>\nGarantie: Lebenslang<\/p>\n<p><strong>W\u00e4rmequelle:<\/strong><\/p>\n<ul>\n<li>Backofen<\/li>\n<li>Grillofen<\/li>\n<li>Elektrokochfeld<\/li>\n<li>Glaskeramik<\/li>\n<li>Gaskochfeld<\/li>\n<li>Induktionskochfeld<\/li>\n<\/ul>\n<p><strong>Reinigung und Pflege:<\/strong><\/p>\n<ul>\n<li>Warten Sie, bis das Produkt abgek\u00fchlt ist, bevor Sie mit der Reinigung beginnen.<\/li>\n<li>Wischen Sie alle R\u00fcckst\u00e4nde vom Boden und den Seiten des Produkts ab. Sollten Speisereste festsitzen, f\u00fcllen Sie das Produkt mit warmem Seifenwasser und lassen Sie es 15\u201320 Minuten einweichen, bevor Sie es wie gewohnt sp\u00fclen.<\/li>\n<li>Verwenden Sie keine Scheuermittel oder Metallschw\u00e4mme oder -b\u00fcrsten oder verwenden Sie keine sehr harten Schw\u00e4mme oder B\u00fcrsten auf den Oberfl\u00e4chen.<\/li>\n<li>Nach dem Sp\u00fclen gr\u00fcndlich trocknen und an einem trockenen Ort aufbewahren.<\/li>\n<\/ul>\n","protected":false},"excerpt":{"rendered":"<p>Mit diesem robusten Grill bewahren Sie den k\u00f6stlichen Geschmack von gegrilltem Fleisch und gebratenem Fisch bequem in Ihrer K\u00fcche. Nutzen<\/p>\n","protected":false},"featured_media":479317,"template":"","meta":{"_acf_changed":false,"inline_featured_image":false},"product_cat":[6823,6709],"product_tag":[25088,11833,11383,12210,11385,13382,12201,14874,12315,12212,25022],"acf":[],"yoast_head":"<!-- This site is optimized with the Yoast SEO Premium plugin v18.6 (Yoast SEO v19.13) - https:\/\/yoast.com\/wordpress\/plugins\/seo\/ -->\n<title>LE CREUSET Bistro Grillplatte aus Gusseisen 32 cm Kirschrot<\/title>\n<meta name=\"description\" content=\"Entdecken Sie LE CREUSET Bistro Grillplatte aus Gusseisen 32 cm Kirschrot bei ErresseShop. Qualit\u00e4t, Stil und Funktionalit\u00e4t \u2013 jetzt online bestellen!\" \/>\n<meta name=\"robots\" content=\"index, follow, max-snippet:-1, max-image-preview:large, max-video-preview:-1\" \/>\n<link rel=\"canonical\" href=\"https:\/\/www.erresse-shop.it\/de\/shop\/toepfe-pfannen\/grillpfannen\/le-creuset-bistro-grillplatte-aus-gusseisen-32-cm-kirschrot-copia\/\" \/>\n<meta property=\"og:locale\" content=\"de_DE\" \/>\n<meta property=\"og:type\" content=\"article\" \/>\n<meta property=\"og:title\" content=\"LE CREUSET Extra gro\u00dfer runder Gusseisengrill 32 cm Kirschrot\" \/>\n<meta property=\"og:description\" content=\"Entdecken Sie LE CREUSET Bistro Grillplatte aus Gusseisen 32 cm Kirschrot bei ErresseShop. Qualit\u00e4t, Stil und Funktionalit\u00e4t \u2013 jetzt online bestellen!\" \/>\n<meta property=\"og:url\" content=\"https:\/\/www.erresse-shop.it\/de\/shop\/toepfe-pfannen\/grillpfannen\/le-creuset-bistro-grillplatte-aus-gusseisen-32-cm-kirschrot-copia\/\" \/>\n<meta property=\"og:site_name\" content=\"Erresse Shop\" \/>\n<meta property=\"article:modified_time\" content=\"2025-03-18T07:21:02+00:00\" \/>\n<meta property=\"og:image\" content=\"https:\/\/www.erresse-shop.it\/wp-content\/uploads\/2025\/03\/LE-CREUSET-Grill-Rotondo-Extralarge-in-Ghisa-32-cm-Ciliegia.jpg\" \/>\n\t<meta property=\"og:image:width\" content=\"1200\" \/>\n\t<meta property=\"og:image:height\" content=\"1200\" \/>\n\t<meta property=\"og:image:type\" content=\"image\/jpeg\" \/>\n<meta name=\"twitter:card\" content=\"summary_large_image\" \/>\n<script type=\"application\/ld+json\" class=\"yoast-schema-graph\">{\"@context\":\"https:\/\/schema.org\",\"@graph\":[{\"@type\":\"WebPage\",\"@id\":\"https:\/\/www.erresse-shop.it\/de\/shop\/toepfe-pfannen\/grillpfannen\/le-creuset-bistro-grillplatte-aus-gusseisen-32-cm-kirschrot-copia\/\",\"url\":\"https:\/\/www.erresse-shop.it\/de\/shop\/toepfe-pfannen\/grillpfannen\/le-creuset-bistro-grillplatte-aus-gusseisen-32-cm-kirschrot-copia\/\",\"name\":\"LE CREUSET Bistro Grillplatte aus Gusseisen 32 cm Kirschrot\",\"isPartOf\":{\"@id\":\"https:\/\/www.erresse-shop.it\/de\/#website\"},\"datePublished\":\"2025-03-18T07:03:23+00:00\",\"dateModified\":\"2025-03-18T07:21:02+00:00\",\"description\":\"Entdecken Sie LE CREUSET Bistro Grillplatte aus Gusseisen 32 cm Kirschrot bei ErresseShop. Qualit\u00e4t, Stil und Funktionalit\u00e4t \u2013 jetzt online bestellen!\",\"breadcrumb\":{\"@id\":\"https:\/\/www.erresse-shop.it\/de\/shop\/toepfe-pfannen\/grillpfannen\/le-creuset-bistro-grillplatte-aus-gusseisen-32-cm-kirschrot-copia\/#breadcrumb\"},\"inLanguage\":\"de-DE\",\"potentialAction\":[{\"@type\":\"ReadAction\",\"target\":[\"https:\/\/www.erresse-shop.it\/de\/shop\/toepfe-pfannen\/grillpfannen\/le-creuset-bistro-grillplatte-aus-gusseisen-32-cm-kirschrot-copia\/\"]}]},{\"@type\":\"BreadcrumbList\",\"@id\":\"https:\/\/www.erresse-shop.it\/de\/shop\/toepfe-pfannen\/grillpfannen\/le-creuset-bistro-grillplatte-aus-gusseisen-32-cm-kirschrot-copia\/#breadcrumb\",\"itemListElement\":[{\"@type\":\"ListItem\",\"position\":1,\"name\":\"Home\",\"item\":\"https:\/\/www.erresse-shop.it\/de\/\"},{\"@type\":\"ListItem\",\"position\":2,\"name\":\"Shop\",\"item\":\"https:\/\/www.erresse-shop.it\/de\/shop\/\"},{\"@type\":\"ListItem\",\"position\":3,\"name\":\"LE CREUSET Extra gro\u00dfer runder Gusseisengrill 32 cm Kirschrot\"}]},{\"@type\":\"WebSite\",\"@id\":\"https:\/\/www.erresse-shop.it\/de\/#website\",\"url\":\"https:\/\/www.erresse-shop.it\/de\/\",\"name\":\"Erresse Shop\",\"description\":\"Articoli di qualit\u00e0 per la casa\",\"potentialAction\":[{\"@type\":\"SearchAction\",\"target\":{\"@type\":\"EntryPoint\",\"urlTemplate\":\"https:\/\/www.erresse-shop.it\/de\/?s={search_term_string}\"},\"query-input\":\"required name=search_term_string\"}],\"inLanguage\":\"de-DE\"}]}<\/script>\n<!-- \/ Yoast SEO Premium plugin. -->","yoast_head_json":{"title":"LE CREUSET Bistro Grillplatte aus Gusseisen 32 cm Kirschrot","description":"Entdecken Sie LE CREUSET Bistro Grillplatte aus Gusseisen 32 cm Kirschrot bei ErresseShop. Qualit\u00e4t, Stil und Funktionalit\u00e4t \u2013 jetzt online bestellen!","robots":{"index":"index","follow":"follow","max-snippet":"max-snippet:-1","max-image-preview":"max-image-preview:large","max-video-preview":"max-video-preview:-1"},"canonical":"https:\/\/www.erresse-shop.it\/de\/shop\/toepfe-pfannen\/grillpfannen\/le-creuset-bistro-grillplatte-aus-gusseisen-32-cm-kirschrot-copia\/","og_locale":"de_DE","og_type":"article","og_title":"LE CREUSET Extra gro\u00dfer runder Gusseisengrill 32 cm Kirschrot","og_description":"Entdecken Sie LE CREUSET Bistro Grillplatte aus Gusseisen 32 cm Kirschrot bei ErresseShop. Qualit\u00e4t, Stil und Funktionalit\u00e4t \u2013 jetzt online bestellen!","og_url":"https:\/\/www.erresse-shop.it\/de\/shop\/toepfe-pfannen\/grillpfannen\/le-creuset-bistro-grillplatte-aus-gusseisen-32-cm-kirschrot-copia\/","og_site_name":"Erresse Shop","article_modified_time":"2025-03-18T07:21:02+00:00","og_image":[{"width":1200,"height":1200,"url":"https:\/\/www.erresse-shop.it\/wp-content\/uploads\/2025\/03\/LE-CREUSET-Grill-Rotondo-Extralarge-in-Ghisa-32-cm-Ciliegia.jpg","type":"image\/jpeg"}],"twitter_card":"summary_large_image","schema":{"@context":"https:\/\/schema.org","@graph":[{"@type":"WebPage","@id":"https:\/\/www.erresse-shop.it\/de\/shop\/toepfe-pfannen\/grillpfannen\/le-creuset-bistro-grillplatte-aus-gusseisen-32-cm-kirschrot-copia\/","url":"https:\/\/www.erresse-shop.it\/de\/shop\/toepfe-pfannen\/grillpfannen\/le-creuset-bistro-grillplatte-aus-gusseisen-32-cm-kirschrot-copia\/","name":"LE CREUSET Bistro Grillplatte aus Gusseisen 32 cm Kirschrot","isPartOf":{"@id":"https:\/\/www.erresse-shop.it\/de\/#website"},"datePublished":"2025-03-18T07:03:23+00:00","dateModified":"2025-03-18T07:21:02+00:00","description":"Entdecken Sie LE CREUSET Bistro Grillplatte aus Gusseisen 32 cm Kirschrot bei ErresseShop. Qualit\u00e4t, Stil und Funktionalit\u00e4t \u2013 jetzt online bestellen!","breadcrumb":{"@id":"https:\/\/www.erresse-shop.it\/de\/shop\/toepfe-pfannen\/grillpfannen\/le-creuset-bistro-grillplatte-aus-gusseisen-32-cm-kirschrot-copia\/#breadcrumb"},"inLanguage":"de-DE","potentialAction":[{"@type":"ReadAction","target":["https:\/\/www.erresse-shop.it\/de\/shop\/toepfe-pfannen\/grillpfannen\/le-creuset-bistro-grillplatte-aus-gusseisen-32-cm-kirschrot-copia\/"]}]},{"@type":"BreadcrumbList","@id":"https:\/\/www.erresse-shop.it\/de\/shop\/toepfe-pfannen\/grillpfannen\/le-creuset-bistro-grillplatte-aus-gusseisen-32-cm-kirschrot-copia\/#breadcrumb","itemListElement":[{"@type":"ListItem","position":1,"name":"Home","item":"https:\/\/www.erresse-shop.it\/de\/"},{"@type":"ListItem","position":2,"name":"Shop","item":"https:\/\/www.erresse-shop.it\/de\/shop\/"},{"@type":"ListItem","position":3,"name":"LE CREUSET Extra gro\u00dfer runder Gusseisengrill 32 cm Kirschrot"}]},{"@type":"WebSite","@id":"https:\/\/www.erresse-shop.it\/de\/#website","url":"https:\/\/www.erresse-shop.it\/de\/","name":"Erresse Shop","description":"Articoli di qualit\u00e0 per la casa","potentialAction":[{"@type":"SearchAction","target":{"@type":"EntryPoint","urlTemplate":"https:\/\/www.erresse-shop.it\/de\/?s={search_term_string}"},"query-input":"required name=search_term_string"}],"inLanguage":"de-DE"}]}},"df_price":85.05,"df_sale_price":85.05,"df_regular_price":189,"df_image_link":"https:\/\/www.erresse-shop.it\/wp-content\/uploads\/2025\/03\/LE-CREUSET-Grill-Rotondo-Extralarge-in-Ghisa-32-cm-Ciliegia-300x300.jpg","_links":{"self":[{"href":"https:\/\/www.erresse-shop.it\/de\/wp-json\/wp\/v2\/product\/479290"}],"collection":[{"href":"https:\/\/www.erresse-shop.it\/de\/wp-json\/wp\/v2\/product"}],"about":[{"href":"https:\/\/www.erresse-shop.it\/de\/wp-json\/wp\/v2\/types\/product"}],"wp:featuredmedia":[{"embeddable":true,"href":"https:\/\/www.erresse-shop.it\/de\/wp-json\/wp\/v2\/media\/479317"}],"wp:attachment":[{"href":"https:\/\/www.erresse-shop.it\/de\/wp-json\/wp\/v2\/media?parent=479290"}],"wp:term":[{"taxonomy":"product_cat","embeddable":true,"href":"https:\/\/www.erresse-shop.it\/de\/wp-json\/wp\/v2\/product_cat?post=479290"},{"taxonomy":"product_tag","embeddable":true,"href":"https:\/\/www.erresse-shop.it\/de\/wp-json\/wp\/v2\/product_tag?post=479290"}],"curies":[{"name":"wp","href":"https:\/\/api.w.org\/{rel}","templated":true}]}}