{"id":479072,"date":"2025-03-17T13:52:57","date_gmt":"2025-03-17T13:52:58","guid":{"rendered":"https:\/\/www.erresse-shop.it\/?post_type=product&#038;p=479072"},"modified":"2025-05-25T11:33:43","modified_gmt":"2025-05-25T11:33:43","slug":"le-creuset-runder-grill-bbq-outdoor-aus-gusseisen-25-cn-schwarz-copia","status":"publish","type":"product","link":"https:\/\/www.erresse-shop.it\/de\/shop\/toepfe-pfannen\/grillpfannen\/le-creuset-runder-grill-bbq-outdoor-aus-gusseisen-25-cn-schwarz-copia\/","title":{"rendered":"LE CREUSET Quadratischer Grill BBQ Outdoor aus Gusseisen 30 Schwarz"},"content":{"rendered":"<p>Mit dem BBQ-Grillkorb aus emailliertem Gusseisen, der f\u00fcr die Verwendung \u00fcber offenem Feuer konzipiert ist, k\u00f6nnen Sie mehr als nur in der K\u00fcche grillen. Die L\u00f6cher im Korb verhindern, dass kleine Zutaten herausfallen, lassen aber gleichzeitig die Hitze an das Grillgut und sorgen f\u00fcr ein perfektes Grillaroma. Ideal f\u00fcr Meeresfr\u00fcchte, Gem\u00fcse und mehr.<\/p>\n<ul>\n<li class=\"mb-3\">Hervorragender Geschmack: Das emaillierte Gusseisen speichert die W\u00e4rme f\u00fcr gleichm\u00e4\u00dfiges Garen und Br\u00e4unen. Ihre k\u00f6stlichen Kreationen bleiben l\u00e4nger warm.<\/li>\n<li class=\"mb-3\">Verbessert mit der Zeit: Die emaillierte Innenseite bildet eine nat\u00fcrliche Patina. Die Oberfl\u00e4che verhindert, dass Speisen selbst bei geringer W\u00fcrzung anhaften. Sp\u00fclen Sie das Produkt vorzugsweise nur mit Wasser ab.<\/li>\n<li class=\"mb-3\">Klassenbeste Qualit\u00e4t: Unsere Produkte werden aus hochwertigsten Materialien in Fabriken weltweit hergestellt, um die Qualit\u00e4t zu gew\u00e4hrleisten, die Sie von Le Creuset erwarten.<\/li>\n<\/ul>\n<p>Material: emailliertes Gusseisen<br \/>\nHergestellt in: Frankreich<br \/>\nGarantie: Lebenslang<\/p>\n<p><strong>W\u00e4rmequelle:<\/strong><\/p>\n<div class=\"text-center icons-align col-md-4 col-xl-2 pb-3 col-6 col-sm-2 heatsource-item\">\n<ul>\n<li>Backofen<\/li>\n<li>Grill<\/li>\n<li>Holzofen<\/li>\n<li>Pizzaofen<\/li>\n<\/ul>\n<\/div>\n<p><strong>Reinigung und Pflege:<\/strong><\/p>\n<ul>\n<li class=\"mb-3\">Warten Sie, bis das Produkt vollst\u00e4ndig abgek\u00fchlt ist, bevor Sie mit der Reinigung beginnen.<\/li>\n<li class=\"mb-3\">Entfernen Entfernen Sie R\u00fcckst\u00e4nde vom Boden und den R\u00e4ndern des Produkts. Bei hartn\u00e4ckigen Speiseresten f\u00fcllen Sie das Produkt mit warmem Seifenwasser und lassen Sie es vor dem Sp\u00fclen 15\u201320 Minuten einweichen.<\/li>\n<li class=\"mb-3\">Verwenden Sie keine aggressiven Reinigungsmittel, Scheuer- und\/oder Metallschw\u00e4mme oder sehr harte B\u00fcrsten zur Reinigung der Oberfl\u00e4chen.<\/li>\n<li class=\"mb-3\">Trocknen Sie das Produkt nach dem Sp\u00fclen gr\u00fcndlich ab und lagern Sie es an einem trockenen Ort.<\/li>\n<\/ul>\n","protected":false},"excerpt":{"rendered":"<p>Mit dem BBQ-Grillkorb aus emailliertem Gusseisen, der f\u00fcr die Verwendung \u00fcber offenem Feuer konzipiert ist, k\u00f6nnen Sie mehr als nur<\/p>\n","protected":false},"featured_media":479105,"template":"","meta":{"_acf_changed":false,"inline_featured_image":false},"product_cat":[6823,6709],"product_tag":[25088,11833,11383,12210,11385,12211,11718,25022],"acf":[],"yoast_head":"<!-- This site is optimized with the Yoast SEO Premium plugin v18.6 (Yoast SEO v19.13) - https:\/\/yoast.com\/wordpress\/plugins\/seo\/ -->\n<title>LE CREUSET Bratpfanne Evolution Doppelschnabel 26 cm Nectar<\/title>\n<meta name=\"description\" content=\"Entdecken Sie LE CREUSET Bratpfanne Evolution Doppelschnabel 26 cm Nectar bei ErresseShop. Qualit\u00e4t, Stil und Funktionalit\u00e4t \u2013 jetzt online bestellen!\" \/>\n<meta name=\"robots\" content=\"index, follow, max-snippet:-1, max-image-preview:large, max-video-preview:-1\" \/>\n<link rel=\"canonical\" href=\"https:\/\/www.erresse-shop.it\/de\/shop\/toepfe-pfannen\/grillpfannen\/le-creuset-runder-grill-bbq-outdoor-aus-gusseisen-25-cn-schwarz-copia\/\" \/>\n<meta property=\"og:locale\" content=\"de_DE\" \/>\n<meta property=\"og:type\" content=\"article\" \/>\n<meta property=\"og:title\" content=\"LE CREUSET Quadratischer Grill BBQ Outdoor aus Gusseisen 30 Schwarz\" \/>\n<meta property=\"og:description\" content=\"Entdecken Sie LE CREUSET Bratpfanne Evolution Doppelschnabel 26 cm Nectar bei ErresseShop. Qualit\u00e4t, Stil und Funktionalit\u00e4t \u2013 jetzt online bestellen!\" \/>\n<meta property=\"og:url\" content=\"https:\/\/www.erresse-shop.it\/de\/shop\/toepfe-pfannen\/grillpfannen\/le-creuset-runder-grill-bbq-outdoor-aus-gusseisen-25-cn-schwarz-copia\/\" \/>\n<meta property=\"og:site_name\" content=\"Erresse Shop\" \/>\n<meta property=\"article:modified_time\" content=\"2025-05-25T11:33:43+00:00\" \/>\n<meta property=\"og:image\" content=\"https:\/\/www.erresse-shop.it\/wp-content\/uploads\/2025\/03\/LE-CREUSET-Cestello-Quadrato-BBQ-Outdoor-in-Ghisa-30-cm-Nero.jpg\" \/>\n\t<meta property=\"og:image:width\" content=\"1200\" \/>\n\t<meta property=\"og:image:height\" content=\"1200\" \/>\n\t<meta property=\"og:image:type\" content=\"image\/jpeg\" \/>\n<meta name=\"twitter:card\" content=\"summary_large_image\" \/>\n<script type=\"application\/ld+json\" class=\"yoast-schema-graph\">{\"@context\":\"https:\/\/schema.org\",\"@graph\":[{\"@type\":\"WebPage\",\"@id\":\"https:\/\/www.erresse-shop.it\/de\/shop\/toepfe-pfannen\/grillpfannen\/le-creuset-runder-grill-bbq-outdoor-aus-gusseisen-25-cn-schwarz-copia\/\",\"url\":\"https:\/\/www.erresse-shop.it\/de\/shop\/toepfe-pfannen\/grillpfannen\/le-creuset-runder-grill-bbq-outdoor-aus-gusseisen-25-cn-schwarz-copia\/\",\"name\":\"LE CREUSET Bratpfanne Evolution Doppelschnabel 26 cm Nectar\",\"isPartOf\":{\"@id\":\"https:\/\/www.erresse-shop.it\/de\/#website\"},\"datePublished\":\"2025-03-17T13:52:58+00:00\",\"dateModified\":\"2025-05-25T11:33:43+00:00\",\"description\":\"Entdecken Sie LE CREUSET Bratpfanne Evolution Doppelschnabel 26 cm Nectar bei ErresseShop. Qualit\u00e4t, Stil und Funktionalit\u00e4t \u2013 jetzt online bestellen!\",\"breadcrumb\":{\"@id\":\"https:\/\/www.erresse-shop.it\/de\/shop\/toepfe-pfannen\/grillpfannen\/le-creuset-runder-grill-bbq-outdoor-aus-gusseisen-25-cn-schwarz-copia\/#breadcrumb\"},\"inLanguage\":\"de-DE\",\"potentialAction\":[{\"@type\":\"ReadAction\",\"target\":[\"https:\/\/www.erresse-shop.it\/de\/shop\/toepfe-pfannen\/grillpfannen\/le-creuset-runder-grill-bbq-outdoor-aus-gusseisen-25-cn-schwarz-copia\/\"]}]},{\"@type\":\"BreadcrumbList\",\"@id\":\"https:\/\/www.erresse-shop.it\/de\/shop\/toepfe-pfannen\/grillpfannen\/le-creuset-runder-grill-bbq-outdoor-aus-gusseisen-25-cn-schwarz-copia\/#breadcrumb\",\"itemListElement\":[{\"@type\":\"ListItem\",\"position\":1,\"name\":\"Home\",\"item\":\"https:\/\/www.erresse-shop.it\/de\/\"},{\"@type\":\"ListItem\",\"position\":2,\"name\":\"Shop\",\"item\":\"https:\/\/www.erresse-shop.it\/de\/shop\/\"},{\"@type\":\"ListItem\",\"position\":3,\"name\":\"LE CREUSET Quadratischer Grill BBQ Outdoor aus Gusseisen 30 Schwarz\"}]},{\"@type\":\"WebSite\",\"@id\":\"https:\/\/www.erresse-shop.it\/de\/#website\",\"url\":\"https:\/\/www.erresse-shop.it\/de\/\",\"name\":\"Erresse Shop\",\"description\":\"Articoli di qualit\u00e0 per la casa\",\"potentialAction\":[{\"@type\":\"SearchAction\",\"target\":{\"@type\":\"EntryPoint\",\"urlTemplate\":\"https:\/\/www.erresse-shop.it\/de\/?s={search_term_string}\"},\"query-input\":\"required name=search_term_string\"}],\"inLanguage\":\"de-DE\"}]}<\/script>\n<!-- \/ Yoast SEO Premium plugin. -->","yoast_head_json":{"title":"LE CREUSET Bratpfanne Evolution Doppelschnabel 26 cm Nectar","description":"Entdecken Sie LE CREUSET Bratpfanne Evolution Doppelschnabel 26 cm Nectar bei ErresseShop. Qualit\u00e4t, Stil und Funktionalit\u00e4t \u2013 jetzt online bestellen!","robots":{"index":"index","follow":"follow","max-snippet":"max-snippet:-1","max-image-preview":"max-image-preview:large","max-video-preview":"max-video-preview:-1"},"canonical":"https:\/\/www.erresse-shop.it\/de\/shop\/toepfe-pfannen\/grillpfannen\/le-creuset-runder-grill-bbq-outdoor-aus-gusseisen-25-cn-schwarz-copia\/","og_locale":"de_DE","og_type":"article","og_title":"LE CREUSET Quadratischer Grill BBQ Outdoor aus Gusseisen 30 Schwarz","og_description":"Entdecken Sie LE CREUSET Bratpfanne Evolution Doppelschnabel 26 cm Nectar bei ErresseShop. Qualit\u00e4t, Stil und Funktionalit\u00e4t \u2013 jetzt online bestellen!","og_url":"https:\/\/www.erresse-shop.it\/de\/shop\/toepfe-pfannen\/grillpfannen\/le-creuset-runder-grill-bbq-outdoor-aus-gusseisen-25-cn-schwarz-copia\/","og_site_name":"Erresse Shop","article_modified_time":"2025-05-25T11:33:43+00:00","og_image":[{"width":1200,"height":1200,"url":"https:\/\/www.erresse-shop.it\/wp-content\/uploads\/2025\/03\/LE-CREUSET-Cestello-Quadrato-BBQ-Outdoor-in-Ghisa-30-cm-Nero.jpg","type":"image\/jpeg"}],"twitter_card":"summary_large_image","schema":{"@context":"https:\/\/schema.org","@graph":[{"@type":"WebPage","@id":"https:\/\/www.erresse-shop.it\/de\/shop\/toepfe-pfannen\/grillpfannen\/le-creuset-runder-grill-bbq-outdoor-aus-gusseisen-25-cn-schwarz-copia\/","url":"https:\/\/www.erresse-shop.it\/de\/shop\/toepfe-pfannen\/grillpfannen\/le-creuset-runder-grill-bbq-outdoor-aus-gusseisen-25-cn-schwarz-copia\/","name":"LE CREUSET Bratpfanne Evolution Doppelschnabel 26 cm Nectar","isPartOf":{"@id":"https:\/\/www.erresse-shop.it\/de\/#website"},"datePublished":"2025-03-17T13:52:58+00:00","dateModified":"2025-05-25T11:33:43+00:00","description":"Entdecken Sie LE CREUSET Bratpfanne Evolution Doppelschnabel 26 cm Nectar bei ErresseShop. Qualit\u00e4t, Stil und Funktionalit\u00e4t \u2013 jetzt online bestellen!","breadcrumb":{"@id":"https:\/\/www.erresse-shop.it\/de\/shop\/toepfe-pfannen\/grillpfannen\/le-creuset-runder-grill-bbq-outdoor-aus-gusseisen-25-cn-schwarz-copia\/#breadcrumb"},"inLanguage":"de-DE","potentialAction":[{"@type":"ReadAction","target":["https:\/\/www.erresse-shop.it\/de\/shop\/toepfe-pfannen\/grillpfannen\/le-creuset-runder-grill-bbq-outdoor-aus-gusseisen-25-cn-schwarz-copia\/"]}]},{"@type":"BreadcrumbList","@id":"https:\/\/www.erresse-shop.it\/de\/shop\/toepfe-pfannen\/grillpfannen\/le-creuset-runder-grill-bbq-outdoor-aus-gusseisen-25-cn-schwarz-copia\/#breadcrumb","itemListElement":[{"@type":"ListItem","position":1,"name":"Home","item":"https:\/\/www.erresse-shop.it\/de\/"},{"@type":"ListItem","position":2,"name":"Shop","item":"https:\/\/www.erresse-shop.it\/de\/shop\/"},{"@type":"ListItem","position":3,"name":"LE CREUSET Quadratischer Grill BBQ Outdoor aus Gusseisen 30 Schwarz"}]},{"@type":"WebSite","@id":"https:\/\/www.erresse-shop.it\/de\/#website","url":"https:\/\/www.erresse-shop.it\/de\/","name":"Erresse Shop","description":"Articoli di qualit\u00e0 per la casa","potentialAction":[{"@type":"SearchAction","target":{"@type":"EntryPoint","urlTemplate":"https:\/\/www.erresse-shop.it\/de\/?s={search_term_string}"},"query-input":"required name=search_term_string"}],"inLanguage":"de-DE"}]}},"df_price":76.05,"df_sale_price":76.05,"df_regular_price":169,"df_image_link":"https:\/\/www.erresse-shop.it\/wp-content\/uploads\/2025\/03\/LE-CREUSET-Cestello-Quadrato-BBQ-Outdoor-in-Ghisa-30-cm-Nero-300x300.jpg","_links":{"self":[{"href":"https:\/\/www.erresse-shop.it\/de\/wp-json\/wp\/v2\/product\/479072"}],"collection":[{"href":"https:\/\/www.erresse-shop.it\/de\/wp-json\/wp\/v2\/product"}],"about":[{"href":"https:\/\/www.erresse-shop.it\/de\/wp-json\/wp\/v2\/types\/product"}],"wp:featuredmedia":[{"embeddable":true,"href":"https:\/\/www.erresse-shop.it\/de\/wp-json\/wp\/v2\/media\/479105"}],"wp:attachment":[{"href":"https:\/\/www.erresse-shop.it\/de\/wp-json\/wp\/v2\/media?parent=479072"}],"wp:term":[{"taxonomy":"product_cat","embeddable":true,"href":"https:\/\/www.erresse-shop.it\/de\/wp-json\/wp\/v2\/product_cat?post=479072"},{"taxonomy":"product_tag","embeddable":true,"href":"https:\/\/www.erresse-shop.it\/de\/wp-json\/wp\/v2\/product_tag?post=479072"}],"curies":[{"name":"wp","href":"https:\/\/api.w.org\/{rel}","templated":true}]}}