{"id":478781,"date":"2025-03-17T10:53:22","date_gmt":"2025-03-17T10:53:23","guid":{"rendered":"https:\/\/www.erresse-shop.it\/?post_type=product&#038;p=478781"},"modified":"2025-03-27T09:47:49","modified_gmt":"2025-03-27T09:47:49","slug":"le-creuset-risotto-evolution-pfanne-aus-gusseisen-30-cm-baiser-copia","status":"publish","type":"product","link":"https:\/\/www.erresse-shop.it\/de\/shop\/toepfe-pfannen\/schmorpfannen\/le-creuset-risotto-evolution-pfanne-aus-gusseisen-30-cm-baiser-copia\/","title":{"rendered":"LE CREUSET Risotto-Evolution-Pfanne aus Gusseisen 30 cm Sea Salt"},"content":{"rendered":"<p><strong>K\u00d6STLICHE GERICHTE KREIERN<\/strong><\/p>\n<p>Ob Risotto, k\u00f6stliche Pasta oder Brot \u2013 diese Cocotte ist genau das Richtige f\u00fcr Sie. Dank des niedrigen Rands und des breiten Bodens l\u00e4sst sie sich ganz einfach umr\u00fchren. Das emaillierte Gusseisen sorgt w\u00e4hrend des Kochens f\u00fcr eine gleichm\u00e4\u00dfige W\u00e4rmeverteilung.<\/p>\n<ul>\n<li>Unser hitzebest\u00e4ndiger Deckelknopf (bis 260 \u00b0C) liegt gut in der Hand, auch wenn Sie den Deckel mit einem Topflappen anheben.<\/li>\n<li>Schnelle Reinigung: Die d\u00fcnne emaillierte Innenschicht erleichtert die Reinigung.<\/li>\n<li>Traumhafte Griffe: Dank der gro\u00dfen Griffe k\u00f6nnen Sie die Cocotte auch mit Ofenhandschuhen problemlos vom Herd auf den Tisch stellen.<\/li>\n<li>Vielseitigkeit: Dieses Produkt ist f\u00fcr Backofen, Herd und Grill geeignet.<\/li>\n<li>Hervorragender Geschmack: Das emaillierte Gusseisen speichert die W\u00e4rme f\u00fcr gleichm\u00e4\u00dfiges Garen und Br\u00e4unen. Ihre k\u00f6stlichen Kreationen bleiben l\u00e4nger warm.<\/li>\n<li>Erh\u00e4lt die Saftigkeit: Unser Deckel h\u00e4lt den beim Kochen entstehenden Dampf zur\u00fcck und verst\u00e4rkt die Aromen \u2013 f\u00fcr au\u00dfergew\u00f6hnliche Kochergebnisse.<\/li>\n<li>Grifffreundlich: Die eleganten und komfortablen Griffe erm\u00f6glichen ein sicheres Anheben des Produkts.<\/li>\n<li>Nicht zu hei\u00df: Kochen Sie bei konstant niedriger bis mittlerer Hitze, um Ihr Gusseisenprodukt zu schonen und k\u00f6stliche Ergebnisse zu erzielen.<\/li>\n<li>Unsere Produkte werden aus den hochwertigsten Materialien in Fabriken weltweit hergestellt, um die Qualit\u00e4t zu gew\u00e4hrleisten, die Sie von Le Creuset erwarten.<\/li>\n<\/ul>\n<p>Material: Gusseisen<br \/>\nHergestellt in: Frankreich<br \/>\nGarantie: Lebenslang<\/p>\n<p><strong>W\u00e4rmequelle:<\/strong><\/p>\n<ul>\n<li>Backofen<\/li>\n<li>Grillofen<\/li>\n<li>Elektroherd<\/li>\n<li>Glaskeramik<\/li>\n<li>Gasherd<\/li>\n<li>Induktion Kochfeld<\/li>\n<\/ul>\n<p><strong>Reinigung und Pflege:<\/strong><\/p>\n<ul>\n<li>Warten Sie, bis das Produkt abgek\u00fchlt ist, bevor Sie mit der Reinigung beginnen.<\/li>\n<li>Entfernen Sie Speisereste vom Boden und den Seiten des Produkts. Sollten Speisereste festsitzen, f\u00fcllen Sie das Produkt mit hei\u00dfem Sp\u00fclwasser und lassen Sie es 15\u201320 Minuten einweichen, bevor Sie es wie gewohnt sp\u00fclen.<\/li>\n<li>Verwenden Sie keine Scheuermittel oder Metallschw\u00e4mme oder -b\u00fcrsten oder sehr harte Schw\u00e4mme oder B\u00fcrsten auf den Oberfl\u00e4chen.<\/li>\n<li>Nach dem Sp\u00fclen gr\u00fcndlich abtrocknen und an einem trockenen Ort aufbewahren.<\/li>\n<\/ul>\n","protected":false},"excerpt":{"rendered":"<p>K\u00d6STLICHE GERICHTE KREIERN Ob Risotto, k\u00f6stliche Pasta oder Brot \u2013 diese Cocotte ist genau das Richtige f\u00fcr Sie. Dank des<\/p>\n","protected":false},"featured_media":478815,"template":"","meta":{"_acf_changed":false,"inline_featured_image":false},"product_cat":[6709,14798],"product_tag":[11385,21533,12315,11873,11607,11875,12205],"acf":[],"yoast_head":"<!-- This site is optimized with the Yoast SEO Premium plugin v18.6 (Yoast SEO v19.13) - https:\/\/yoast.com\/wordpress\/plugins\/seo\/ -->\n<title>LE CREUSET Gourmet-Profitopf Gusseisen 30 cm Ofenrot<\/title>\n<meta name=\"description\" content=\"Entdecken Sie LE CREUSET Gourmet-Profitopf Gusseisen 30 cm Ofenrot bei ErresseShop. Qualit\u00e4t, Stil und Funktionalit\u00e4t \u2013 jetzt online bestellen!\" \/>\n<meta name=\"robots\" content=\"index, follow, max-snippet:-1, max-image-preview:large, max-video-preview:-1\" \/>\n<link rel=\"canonical\" href=\"https:\/\/www.erresse-shop.it\/de\/shop\/toepfe-pfannen\/schmorpfannen\/le-creuset-risotto-evolution-pfanne-aus-gusseisen-30-cm-baiser-copia\/\" \/>\n<meta property=\"og:locale\" content=\"de_DE\" \/>\n<meta property=\"og:type\" content=\"article\" \/>\n<meta property=\"og:title\" content=\"LE CREUSET Risotto-Evolution-Pfanne aus Gusseisen 30 cm Sea Salt\" \/>\n<meta property=\"og:description\" content=\"Entdecken Sie LE CREUSET Gourmet-Profitopf Gusseisen 30 cm Ofenrot bei ErresseShop. Qualit\u00e4t, Stil und Funktionalit\u00e4t \u2013 jetzt online bestellen!\" \/>\n<meta property=\"og:url\" content=\"https:\/\/www.erresse-shop.it\/de\/shop\/toepfe-pfannen\/schmorpfannen\/le-creuset-risotto-evolution-pfanne-aus-gusseisen-30-cm-baiser-copia\/\" \/>\n<meta property=\"og:site_name\" content=\"Erresse Shop\" \/>\n<meta property=\"article:modified_time\" content=\"2025-03-27T09:47:49+00:00\" \/>\n<meta property=\"og:image\" content=\"https:\/\/www.erresse-shop.it\/wp-content\/uploads\/2025\/03\/LE-CREUSET-Tegame-Risotto-Evolution-in-Ghisa-30-cm-Sea-Salt.jpg\" \/>\n\t<meta property=\"og:image:width\" content=\"1200\" \/>\n\t<meta property=\"og:image:height\" content=\"1200\" \/>\n\t<meta property=\"og:image:type\" content=\"image\/jpeg\" \/>\n<meta name=\"twitter:card\" content=\"summary_large_image\" \/>\n<script type=\"application\/ld+json\" class=\"yoast-schema-graph\">{\"@context\":\"https:\/\/schema.org\",\"@graph\":[{\"@type\":\"WebPage\",\"@id\":\"https:\/\/www.erresse-shop.it\/de\/shop\/toepfe-pfannen\/schmorpfannen\/le-creuset-risotto-evolution-pfanne-aus-gusseisen-30-cm-baiser-copia\/\",\"url\":\"https:\/\/www.erresse-shop.it\/de\/shop\/toepfe-pfannen\/schmorpfannen\/le-creuset-risotto-evolution-pfanne-aus-gusseisen-30-cm-baiser-copia\/\",\"name\":\"LE CREUSET Gourmet-Profitopf Gusseisen 30 cm Ofenrot\",\"isPartOf\":{\"@id\":\"https:\/\/www.erresse-shop.it\/de\/#website\"},\"datePublished\":\"2025-03-17T10:53:23+00:00\",\"dateModified\":\"2025-03-27T09:47:49+00:00\",\"description\":\"Entdecken Sie LE CREUSET Gourmet-Profitopf Gusseisen 30 cm Ofenrot bei ErresseShop. Qualit\u00e4t, Stil und Funktionalit\u00e4t \u2013 jetzt online bestellen!\",\"breadcrumb\":{\"@id\":\"https:\/\/www.erresse-shop.it\/de\/shop\/toepfe-pfannen\/schmorpfannen\/le-creuset-risotto-evolution-pfanne-aus-gusseisen-30-cm-baiser-copia\/#breadcrumb\"},\"inLanguage\":\"de-DE\",\"potentialAction\":[{\"@type\":\"ReadAction\",\"target\":[\"https:\/\/www.erresse-shop.it\/de\/shop\/toepfe-pfannen\/schmorpfannen\/le-creuset-risotto-evolution-pfanne-aus-gusseisen-30-cm-baiser-copia\/\"]}]},{\"@type\":\"BreadcrumbList\",\"@id\":\"https:\/\/www.erresse-shop.it\/de\/shop\/toepfe-pfannen\/schmorpfannen\/le-creuset-risotto-evolution-pfanne-aus-gusseisen-30-cm-baiser-copia\/#breadcrumb\",\"itemListElement\":[{\"@type\":\"ListItem\",\"position\":1,\"name\":\"Home\",\"item\":\"https:\/\/www.erresse-shop.it\/de\/\"},{\"@type\":\"ListItem\",\"position\":2,\"name\":\"Shop\",\"item\":\"https:\/\/www.erresse-shop.it\/de\/shop\/\"},{\"@type\":\"ListItem\",\"position\":3,\"name\":\"LE CREUSET Risotto-Evolution-Pfanne aus Gusseisen 30 cm Sea Salt\"}]},{\"@type\":\"WebSite\",\"@id\":\"https:\/\/www.erresse-shop.it\/de\/#website\",\"url\":\"https:\/\/www.erresse-shop.it\/de\/\",\"name\":\"Erresse Shop\",\"description\":\"Articoli di qualit\u00e0 per la casa\",\"potentialAction\":[{\"@type\":\"SearchAction\",\"target\":{\"@type\":\"EntryPoint\",\"urlTemplate\":\"https:\/\/www.erresse-shop.it\/de\/?s={search_term_string}\"},\"query-input\":\"required name=search_term_string\"}],\"inLanguage\":\"de-DE\"}]}<\/script>\n<!-- \/ Yoast SEO Premium plugin. -->","yoast_head_json":{"title":"LE CREUSET Gourmet-Profitopf Gusseisen 30 cm Ofenrot","description":"Entdecken Sie LE CREUSET Gourmet-Profitopf Gusseisen 30 cm Ofenrot bei ErresseShop. Qualit\u00e4t, Stil und Funktionalit\u00e4t \u2013 jetzt online bestellen!","robots":{"index":"index","follow":"follow","max-snippet":"max-snippet:-1","max-image-preview":"max-image-preview:large","max-video-preview":"max-video-preview:-1"},"canonical":"https:\/\/www.erresse-shop.it\/de\/shop\/toepfe-pfannen\/schmorpfannen\/le-creuset-risotto-evolution-pfanne-aus-gusseisen-30-cm-baiser-copia\/","og_locale":"de_DE","og_type":"article","og_title":"LE CREUSET Risotto-Evolution-Pfanne aus Gusseisen 30 cm Sea Salt","og_description":"Entdecken Sie LE CREUSET Gourmet-Profitopf Gusseisen 30 cm Ofenrot bei ErresseShop. Qualit\u00e4t, Stil und Funktionalit\u00e4t \u2013 jetzt online bestellen!","og_url":"https:\/\/www.erresse-shop.it\/de\/shop\/toepfe-pfannen\/schmorpfannen\/le-creuset-risotto-evolution-pfanne-aus-gusseisen-30-cm-baiser-copia\/","og_site_name":"Erresse Shop","article_modified_time":"2025-03-27T09:47:49+00:00","og_image":[{"width":1200,"height":1200,"url":"https:\/\/www.erresse-shop.it\/wp-content\/uploads\/2025\/03\/LE-CREUSET-Tegame-Risotto-Evolution-in-Ghisa-30-cm-Sea-Salt.jpg","type":"image\/jpeg"}],"twitter_card":"summary_large_image","schema":{"@context":"https:\/\/schema.org","@graph":[{"@type":"WebPage","@id":"https:\/\/www.erresse-shop.it\/de\/shop\/toepfe-pfannen\/schmorpfannen\/le-creuset-risotto-evolution-pfanne-aus-gusseisen-30-cm-baiser-copia\/","url":"https:\/\/www.erresse-shop.it\/de\/shop\/toepfe-pfannen\/schmorpfannen\/le-creuset-risotto-evolution-pfanne-aus-gusseisen-30-cm-baiser-copia\/","name":"LE CREUSET Gourmet-Profitopf Gusseisen 30 cm Ofenrot","isPartOf":{"@id":"https:\/\/www.erresse-shop.it\/de\/#website"},"datePublished":"2025-03-17T10:53:23+00:00","dateModified":"2025-03-27T09:47:49+00:00","description":"Entdecken Sie LE CREUSET Gourmet-Profitopf Gusseisen 30 cm Ofenrot bei ErresseShop. Qualit\u00e4t, Stil und Funktionalit\u00e4t \u2013 jetzt online bestellen!","breadcrumb":{"@id":"https:\/\/www.erresse-shop.it\/de\/shop\/toepfe-pfannen\/schmorpfannen\/le-creuset-risotto-evolution-pfanne-aus-gusseisen-30-cm-baiser-copia\/#breadcrumb"},"inLanguage":"de-DE","potentialAction":[{"@type":"ReadAction","target":["https:\/\/www.erresse-shop.it\/de\/shop\/toepfe-pfannen\/schmorpfannen\/le-creuset-risotto-evolution-pfanne-aus-gusseisen-30-cm-baiser-copia\/"]}]},{"@type":"BreadcrumbList","@id":"https:\/\/www.erresse-shop.it\/de\/shop\/toepfe-pfannen\/schmorpfannen\/le-creuset-risotto-evolution-pfanne-aus-gusseisen-30-cm-baiser-copia\/#breadcrumb","itemListElement":[{"@type":"ListItem","position":1,"name":"Home","item":"https:\/\/www.erresse-shop.it\/de\/"},{"@type":"ListItem","position":2,"name":"Shop","item":"https:\/\/www.erresse-shop.it\/de\/shop\/"},{"@type":"ListItem","position":3,"name":"LE CREUSET Risotto-Evolution-Pfanne aus Gusseisen 30 cm Sea Salt"}]},{"@type":"WebSite","@id":"https:\/\/www.erresse-shop.it\/de\/#website","url":"https:\/\/www.erresse-shop.it\/de\/","name":"Erresse Shop","description":"Articoli di qualit\u00e0 per la casa","potentialAction":[{"@type":"SearchAction","target":{"@type":"EntryPoint","urlTemplate":"https:\/\/www.erresse-shop.it\/de\/?s={search_term_string}"},"query-input":"required name=search_term_string"}],"inLanguage":"de-DE"}]}},"df_price":170.55,"df_sale_price":170.55,"df_regular_price":379,"df_image_link":"https:\/\/www.erresse-shop.it\/wp-content\/uploads\/2025\/03\/LE-CREUSET-Tegame-Risotto-Evolution-in-Ghisa-30-cm-Sea-Salt-300x300.jpg","_links":{"self":[{"href":"https:\/\/www.erresse-shop.it\/de\/wp-json\/wp\/v2\/product\/478781"}],"collection":[{"href":"https:\/\/www.erresse-shop.it\/de\/wp-json\/wp\/v2\/product"}],"about":[{"href":"https:\/\/www.erresse-shop.it\/de\/wp-json\/wp\/v2\/types\/product"}],"wp:featuredmedia":[{"embeddable":true,"href":"https:\/\/www.erresse-shop.it\/de\/wp-json\/wp\/v2\/media\/478815"}],"wp:attachment":[{"href":"https:\/\/www.erresse-shop.it\/de\/wp-json\/wp\/v2\/media?parent=478781"}],"wp:term":[{"taxonomy":"product_cat","embeddable":true,"href":"https:\/\/www.erresse-shop.it\/de\/wp-json\/wp\/v2\/product_cat?post=478781"},{"taxonomy":"product_tag","embeddable":true,"href":"https:\/\/www.erresse-shop.it\/de\/wp-json\/wp\/v2\/product_tag?post=478781"}],"curies":[{"name":"wp","href":"https:\/\/api.w.org\/{rel}","templated":true}]}}