{"id":478617,"date":"2025-03-17T09:55:41","date_gmt":"2025-03-17T09:55:42","guid":{"rendered":"https:\/\/www.erresse-shop.it\/?post_type=product&#038;p=478617"},"modified":"2025-03-17T10:13:28","modified_gmt":"2025-03-17T10:13:28","slug":"le-creuset-gusseisen-evolution-oval-cocotte-27-cm-garnet-copia","status":"publish","type":"product","link":"https:\/\/www.erresse-shop.it\/de\/shop\/toepfe-pfannen\/schalldaempfer-und-kokotten\/le-creuset-gusseisen-evolution-oval-cocotte-27-cm-garnet-copia\/","title":{"rendered":"LE CREUSET Gusseisen Evolution Oval Cocotte 27 cm Sea Salt"},"content":{"rendered":"<p><strong>ALLE AN DEN TISCH!<\/strong><\/p>\n<p>Diese ovale Cocotte ist ebenso vielseitig wie das klassische runde Modell und bietet Platz f\u00fcr eine ganze Lammkeule, ohne den gesamten Ofen einzunehmen. So haben Sie auch Platz f\u00fcr Beilagen. Wohin auch immer Ihre kulinarische Inspiration Sie f\u00fchrt, Sie haben den perfekten Begleiter f\u00fcr eine berauschende Reise der Geschm\u00e4cker und Aromen gefunden.<\/p>\n<p style=\"text-align: justify;\"><strong>Produktdetails:<\/strong><\/p>\n<ul>\n<li class=\"mb-3\">Unser hitzebest\u00e4ndiger Knopf (bis 260 \u00b0C) ist f\u00fcr einen hervorragenden Griff konzipiert, selbst wenn Sie zum Anheben des Deckels einen Topflappen verwenden.<\/li>\n<li class=\"mb-3\">Schnelle Reinigung: Eine d\u00fcnne Glasurschicht auf der Innenseite erleichtert die Reinigung.<\/li>\n<li class=\"mb-3\">Traumgriffe: Dank unserer gro\u00dfen Griffe gelingt der Wechsel vom Herd zum Tisch ganz einfach, sogar mit Ofenhandschuhen.<\/li>\n<li class=\"mb-3\">Vielseitigkeit: Dieses Produkt ist f\u00fcr den Backofen, Herd und Backofen im Grillmodus geeignet.<\/li>\n<li class=\"mb-3\">K\u00f6stliches Essen: Emailliertes Gusseisen speichert die W\u00e4rme f\u00fcr gleichm\u00e4\u00dfiges Kochen und Br\u00e4unen. Auch am Tisch bleiben Ihre k\u00f6stlichen Kreationen l\u00e4nger warm.<\/li>\n<li class=\"mb-3\">Erh\u00e4lt die Saftigkeit: Unser Deckel h\u00e4lt den beim Kochen entstehenden Dampf zur\u00fcck und verst\u00e4rkt den Geschmack \u2013 f\u00fcr au\u00dfergew\u00f6hnliche Kochergebnisse.<\/li>\n<li class=\"mb-3\">Leicht zu greifen: Die eleganten und komfortablen Griffe erm\u00f6glichen Ihnen ein sicheres Anheben des Produkts.<\/li>\n<li class=\"mb-3\">Ein Regenbogen aus Farben: Unser Sortiment ist in einer gro\u00dfen Farbauswahl erh\u00e4ltlich und bringt einen Farbtupfer in Ihre K\u00fcche.<\/li>\n<li class=\"mb-3\">Nicht zu hei\u00df: Kochen Sie bei gleichm\u00e4\u00dfiger, niedriger bis mittlerer Hitze, um Ihr Gusseisenprodukt zu schonen und k\u00f6stliche Ergebnisse zu erzielen.<\/li>\n<li class=\"mb-3\">Sie haben die Wahl: Erh\u00e4ltlich in verschiedenen Gr\u00f6\u00dfen f\u00fcr Ihre K\u00fcchenbed\u00fcrfnisse.<\/li>\n<li class=\"mb-3\">Klassenbester: Unsere Produkte werden aus den hochwertigsten Materialien in Fabriken auf der ganzen Welt hergestellt, um die Qualit\u00e4t zu liefern, die Sie von Le Creuset erwarten.<\/li>\n<\/ul>\n<p>Material: verglastes Gusseisen<br \/>\nHergestellt in: Frankreich<br \/>\nGarantie: Lebenslang<\/p>\n<p>Fassungsverm\u00f6gen: 4,1 L<\/p>\n<p><strong>W\u00e4rmequelle:<\/strong><\/p>\n<ul>\n<li>Backofen<\/li>\n<li>Grillmodus-Ofen<\/li>\n<li>Elektroherd<\/li>\n<li>Glaskeramik<\/li>\n<li>Gasplan<\/li>\n<li>Induktionskochfeld<\/li>\n<\/ul>\n<p><strong>Reinigung und Pflege:<\/strong><\/p>\n<ul>\n<li>Warten Sie, bis das Produkt abgek\u00fchlt ist, bevor Sie mit der Reinigung beginnen.<\/li>\n<li>Entfernen Sie s\u00e4mtliche R\u00fcckst\u00e4nde vom Boden und den Seiten des Produkts. Wenn Speisereste daran haften bleiben, f\u00fcllen Sie das Produkt mit warmem Seifenwasser und lassen Sie es 15\u201320 Minuten einweichen, bevor Sie es wie gewohnt sp\u00fclen.<\/li>\n<li>Verwenden Sie auf keiner der Oberfl\u00e4chen Scheuermittel oder Metall-, Scheuer- oder sehr harte Schw\u00e4mme bzw. B\u00fcrsten.<\/li>\n<li>Nach dem Waschen gr\u00fcndlich trocknen und an einem trockenen Ort aufbewahren.<\/li>\n<\/ul>\n","protected":false},"excerpt":{"rendered":"<p>ALLE AN DEN TISCH! Diese ovale Cocotte ist ebenso vielseitig wie das klassische runde Modell und bietet Platz f\u00fcr eine<\/p>\n","protected":false},"featured_media":478650,"template":"","meta":{"_acf_changed":false,"inline_featured_image":false},"product_cat":[6709,14793],"product_tag":[25088,11387,11381,14827,11383,11385,21533,12201,12315,24392,25022],"acf":[],"yoast_head":"<!-- This site is optimized with the Yoast SEO Premium plugin v18.6 (Yoast SEO v19.13) - https:\/\/yoast.com\/wordpress\/plugins\/seo\/ -->\n<title>LE CREUSET Gusseisen Evolution Oval Cocotte 27 cm Rhone<\/title>\n<meta name=\"description\" content=\"Entdecken Sie LE CREUSET Gusseisen Evolution Oval Cocotte 27 cm Rhone bei ErresseShop. Qualit\u00e4t, Stil und Funktionalit\u00e4t \u2013 jetzt online bestellen!\" \/>\n<meta name=\"robots\" content=\"index, follow, max-snippet:-1, max-image-preview:large, max-video-preview:-1\" \/>\n<link rel=\"canonical\" href=\"https:\/\/www.erresse-shop.it\/de\/shop\/toepfe-pfannen\/schalldaempfer-und-kokotten\/le-creuset-gusseisen-evolution-oval-cocotte-27-cm-garnet-copia\/\" \/>\n<meta property=\"og:locale\" content=\"de_DE\" \/>\n<meta property=\"og:type\" content=\"article\" \/>\n<meta property=\"og:title\" content=\"LE CREUSET Gusseisen Evolution Oval Cocotte 27 cm Sea Salt\" \/>\n<meta property=\"og:description\" content=\"Entdecken Sie LE CREUSET Gusseisen Evolution Oval Cocotte 27 cm Rhone bei ErresseShop. Qualit\u00e4t, Stil und Funktionalit\u00e4t \u2013 jetzt online bestellen!\" \/>\n<meta property=\"og:url\" content=\"https:\/\/www.erresse-shop.it\/de\/shop\/toepfe-pfannen\/schalldaempfer-und-kokotten\/le-creuset-gusseisen-evolution-oval-cocotte-27-cm-garnet-copia\/\" \/>\n<meta property=\"og:site_name\" content=\"Erresse Shop\" \/>\n<meta property=\"article:modified_time\" content=\"2025-03-17T10:13:28+00:00\" \/>\n<meta property=\"og:image\" content=\"https:\/\/www.erresse-shop.it\/wp-content\/uploads\/2025\/03\/LE-CREUSET-Cocotte-Ovale-Evolution-in-Ghisa-27-cm-Sea-Salt.jpg\" \/>\n\t<meta property=\"og:image:width\" content=\"1200\" \/>\n\t<meta property=\"og:image:height\" content=\"1200\" \/>\n\t<meta property=\"og:image:type\" content=\"image\/jpeg\" \/>\n<meta name=\"twitter:card\" content=\"summary_large_image\" \/>\n<script type=\"application\/ld+json\" class=\"yoast-schema-graph\">{\"@context\":\"https:\/\/schema.org\",\"@graph\":[{\"@type\":\"WebPage\",\"@id\":\"https:\/\/www.erresse-shop.it\/de\/shop\/toepfe-pfannen\/schalldaempfer-und-kokotten\/le-creuset-gusseisen-evolution-oval-cocotte-27-cm-garnet-copia\/\",\"url\":\"https:\/\/www.erresse-shop.it\/de\/shop\/toepfe-pfannen\/schalldaempfer-und-kokotten\/le-creuset-gusseisen-evolution-oval-cocotte-27-cm-garnet-copia\/\",\"name\":\"LE CREUSET Gusseisen Evolution Oval Cocotte 27 cm Rhone\",\"isPartOf\":{\"@id\":\"https:\/\/www.erresse-shop.it\/de\/#website\"},\"datePublished\":\"2025-03-17T09:55:42+00:00\",\"dateModified\":\"2025-03-17T10:13:28+00:00\",\"description\":\"Entdecken Sie LE CREUSET Gusseisen Evolution Oval Cocotte 27 cm Rhone bei ErresseShop. Qualit\u00e4t, Stil und Funktionalit\u00e4t \u2013 jetzt online bestellen!\",\"breadcrumb\":{\"@id\":\"https:\/\/www.erresse-shop.it\/de\/shop\/toepfe-pfannen\/schalldaempfer-und-kokotten\/le-creuset-gusseisen-evolution-oval-cocotte-27-cm-garnet-copia\/#breadcrumb\"},\"inLanguage\":\"de-DE\",\"potentialAction\":[{\"@type\":\"ReadAction\",\"target\":[\"https:\/\/www.erresse-shop.it\/de\/shop\/toepfe-pfannen\/schalldaempfer-und-kokotten\/le-creuset-gusseisen-evolution-oval-cocotte-27-cm-garnet-copia\/\"]}]},{\"@type\":\"BreadcrumbList\",\"@id\":\"https:\/\/www.erresse-shop.it\/de\/shop\/toepfe-pfannen\/schalldaempfer-und-kokotten\/le-creuset-gusseisen-evolution-oval-cocotte-27-cm-garnet-copia\/#breadcrumb\",\"itemListElement\":[{\"@type\":\"ListItem\",\"position\":1,\"name\":\"Home\",\"item\":\"https:\/\/www.erresse-shop.it\/de\/\"},{\"@type\":\"ListItem\",\"position\":2,\"name\":\"Shop\",\"item\":\"https:\/\/www.erresse-shop.it\/de\/shop\/\"},{\"@type\":\"ListItem\",\"position\":3,\"name\":\"LE CREUSET Gusseisen Evolution Oval Cocotte 27 cm Sea Salt\"}]},{\"@type\":\"WebSite\",\"@id\":\"https:\/\/www.erresse-shop.it\/de\/#website\",\"url\":\"https:\/\/www.erresse-shop.it\/de\/\",\"name\":\"Erresse Shop\",\"description\":\"Articoli di qualit\u00e0 per la casa\",\"potentialAction\":[{\"@type\":\"SearchAction\",\"target\":{\"@type\":\"EntryPoint\",\"urlTemplate\":\"https:\/\/www.erresse-shop.it\/de\/?s={search_term_string}\"},\"query-input\":\"required name=search_term_string\"}],\"inLanguage\":\"de-DE\"}]}<\/script>\n<!-- \/ Yoast SEO Premium plugin. -->","yoast_head_json":{"title":"LE CREUSET Gusseisen Evolution Oval Cocotte 27 cm Rhone","description":"Entdecken Sie LE CREUSET Gusseisen Evolution Oval Cocotte 27 cm Rhone bei ErresseShop. Qualit\u00e4t, Stil und Funktionalit\u00e4t \u2013 jetzt online bestellen!","robots":{"index":"index","follow":"follow","max-snippet":"max-snippet:-1","max-image-preview":"max-image-preview:large","max-video-preview":"max-video-preview:-1"},"canonical":"https:\/\/www.erresse-shop.it\/de\/shop\/toepfe-pfannen\/schalldaempfer-und-kokotten\/le-creuset-gusseisen-evolution-oval-cocotte-27-cm-garnet-copia\/","og_locale":"de_DE","og_type":"article","og_title":"LE CREUSET Gusseisen Evolution Oval Cocotte 27 cm Sea Salt","og_description":"Entdecken Sie LE CREUSET Gusseisen Evolution Oval Cocotte 27 cm Rhone bei ErresseShop. Qualit\u00e4t, Stil und Funktionalit\u00e4t \u2013 jetzt online bestellen!","og_url":"https:\/\/www.erresse-shop.it\/de\/shop\/toepfe-pfannen\/schalldaempfer-und-kokotten\/le-creuset-gusseisen-evolution-oval-cocotte-27-cm-garnet-copia\/","og_site_name":"Erresse Shop","article_modified_time":"2025-03-17T10:13:28+00:00","og_image":[{"width":1200,"height":1200,"url":"https:\/\/www.erresse-shop.it\/wp-content\/uploads\/2025\/03\/LE-CREUSET-Cocotte-Ovale-Evolution-in-Ghisa-27-cm-Sea-Salt.jpg","type":"image\/jpeg"}],"twitter_card":"summary_large_image","schema":{"@context":"https:\/\/schema.org","@graph":[{"@type":"WebPage","@id":"https:\/\/www.erresse-shop.it\/de\/shop\/toepfe-pfannen\/schalldaempfer-und-kokotten\/le-creuset-gusseisen-evolution-oval-cocotte-27-cm-garnet-copia\/","url":"https:\/\/www.erresse-shop.it\/de\/shop\/toepfe-pfannen\/schalldaempfer-und-kokotten\/le-creuset-gusseisen-evolution-oval-cocotte-27-cm-garnet-copia\/","name":"LE CREUSET Gusseisen Evolution Oval Cocotte 27 cm Rhone","isPartOf":{"@id":"https:\/\/www.erresse-shop.it\/de\/#website"},"datePublished":"2025-03-17T09:55:42+00:00","dateModified":"2025-03-17T10:13:28+00:00","description":"Entdecken Sie LE CREUSET Gusseisen Evolution Oval Cocotte 27 cm Rhone bei ErresseShop. Qualit\u00e4t, Stil und Funktionalit\u00e4t \u2013 jetzt online bestellen!","breadcrumb":{"@id":"https:\/\/www.erresse-shop.it\/de\/shop\/toepfe-pfannen\/schalldaempfer-und-kokotten\/le-creuset-gusseisen-evolution-oval-cocotte-27-cm-garnet-copia\/#breadcrumb"},"inLanguage":"de-DE","potentialAction":[{"@type":"ReadAction","target":["https:\/\/www.erresse-shop.it\/de\/shop\/toepfe-pfannen\/schalldaempfer-und-kokotten\/le-creuset-gusseisen-evolution-oval-cocotte-27-cm-garnet-copia\/"]}]},{"@type":"BreadcrumbList","@id":"https:\/\/www.erresse-shop.it\/de\/shop\/toepfe-pfannen\/schalldaempfer-und-kokotten\/le-creuset-gusseisen-evolution-oval-cocotte-27-cm-garnet-copia\/#breadcrumb","itemListElement":[{"@type":"ListItem","position":1,"name":"Home","item":"https:\/\/www.erresse-shop.it\/de\/"},{"@type":"ListItem","position":2,"name":"Shop","item":"https:\/\/www.erresse-shop.it\/de\/shop\/"},{"@type":"ListItem","position":3,"name":"LE CREUSET Gusseisen Evolution Oval Cocotte 27 cm Sea Salt"}]},{"@type":"WebSite","@id":"https:\/\/www.erresse-shop.it\/de\/#website","url":"https:\/\/www.erresse-shop.it\/de\/","name":"Erresse Shop","description":"Articoli di qualit\u00e0 per la casa","potentialAction":[{"@type":"SearchAction","target":{"@type":"EntryPoint","urlTemplate":"https:\/\/www.erresse-shop.it\/de\/?s={search_term_string}"},"query-input":"required name=search_term_string"}],"inLanguage":"de-DE"}]}},"df_price":219.95,"df_sale_price":219.95,"df_regular_price":325,"df_image_link":"https:\/\/www.erresse-shop.it\/wp-content\/uploads\/2025\/03\/LE-CREUSET-Cocotte-Ovale-Evolution-in-Ghisa-27-cm-Sea-Salt-300x300.jpg","_links":{"self":[{"href":"https:\/\/www.erresse-shop.it\/de\/wp-json\/wp\/v2\/product\/478617"}],"collection":[{"href":"https:\/\/www.erresse-shop.it\/de\/wp-json\/wp\/v2\/product"}],"about":[{"href":"https:\/\/www.erresse-shop.it\/de\/wp-json\/wp\/v2\/types\/product"}],"wp:featuredmedia":[{"embeddable":true,"href":"https:\/\/www.erresse-shop.it\/de\/wp-json\/wp\/v2\/media\/478650"}],"wp:attachment":[{"href":"https:\/\/www.erresse-shop.it\/de\/wp-json\/wp\/v2\/media?parent=478617"}],"wp:term":[{"taxonomy":"product_cat","embeddable":true,"href":"https:\/\/www.erresse-shop.it\/de\/wp-json\/wp\/v2\/product_cat?post=478617"},{"taxonomy":"product_tag","embeddable":true,"href":"https:\/\/www.erresse-shop.it\/de\/wp-json\/wp\/v2\/product_tag?post=478617"}],"curies":[{"name":"wp","href":"https:\/\/api.w.org\/{rel}","templated":true}]}}