{"id":478265,"date":"2025-03-17T07:04:49","date_gmt":"2025-03-17T07:04:50","guid":{"rendered":"https:\/\/www.erresse-shop.it\/?post_type=product&#038;p=478265"},"modified":"2026-02-23T08:49:31","modified_gmt":"2026-02-23T08:49:31","slug":"le-creuset-rechteckiger-gusseisengrill-32x22-cm-sea-salt","status":"publish","type":"product","link":"https:\/\/www.erresse-shop.it\/de\/shop\/toepfe-pfannen\/grillpfannen\/le-creuset-rechteckiger-gusseisengrill-32x22-cm-sea-salt\/","title":{"rendered":"LE CREUSET Rechteckiger Gusseisengrill 32\u00d722 cm Sea Salt"},"content":{"rendered":"<p>Genie\u00dfen Sie alle D\u00fcfte und Aromen eines Grillabends im Freien in Ihrer K\u00fcche. Mit diesem Grill aus emailliertem Gusseisen k\u00f6nnen Sie ganz einfach H\u00fchnchen, Steaks, Fisch, Gem\u00fcse und mehr grillen. Dabei bleiben Geschmack und Aroma erhalten und Sie erzielen den Grilleffekt wie bei einem perfekten Barbecue. Dank seiner Form nimmt er wenig Platz ein.<\/p>\n<ul>\n<li>Vielseitigkeit: Dieses Produkt ist f\u00fcr den Backofen, Herd und Backofen im Grillmodus geeignet.<\/li>\n<li>Hervorragend schmeckendes Essen: Emailliertes Gusseisen speichert die W\u00e4rme f\u00fcr gleichm\u00e4\u00dfiges Garen und Br\u00e4unen. Auch am Tisch bleiben Ihre k\u00f6stlichen Kreationen l\u00e4nger warm.<\/li>\n<li>Grillrillen: Kreieren Sie authentische Grillstreifen f\u00fcr fantastisch aussehende Speisen.<\/li>\n<li>Nicht zu hei\u00df: Kochen Sie bei gleichm\u00e4\u00dfiger, niedriger bis mittlerer Hitze, um Ihr Gusseisenprodukt zu schonen und k\u00f6stliche Ergebnisse zu erzielen.<\/li>\n<li>Wird mit der Zeit besser: Die glasierte Innenseite entwickelt eine nat\u00fcrliche Patina, die fast wie eine Antihaftbeschichtung wirkt. Seine Oberfl\u00e4che verf\u00fcgt \u00fcber Eigenschaften, die ein Anhaften der Speisen auch bei geringeren \u00d6lmengen verhindern. Waschen Sie das Produkt nur mit Wasser, damit sich die Patina bilden kann.<\/li>\n<li>Klassenbester: Unsere Produkte werden aus den hochwertigsten Materialien in Fabriken auf der ganzen Welt hergestellt, um die Qualit\u00e4t zu liefern, die Sie von Le Creuset erwarten.<\/li>\n<\/ul>\n<p>Material: verglastes Gusseisen<br \/>\nHergestellt in: Frankreich<br \/>\nGarantie: Lebenslang<\/p>\n<p><strong>W\u00e4rmequelle:<\/strong><\/p>\n<ul>\n<li>Backofen<\/li>\n<li>Grillmodus-Ofen<\/li>\n<li>Elektroherd<\/li>\n<li>Glaskeramik<\/li>\n<li>Gasplan<\/li>\n<li>Induktionskochfeld<\/li>\n<\/ul>\n<p><strong>Reinigung und Pflege:<\/strong><\/p>\n<ul>\n<li class=\"mb-3\">Warten Sie, bis das Produkt vollst\u00e4ndig abgek\u00fchlt ist, bevor Sie mit der Reinigung beginnen.<\/li>\n<li class=\"mb-3\">Entfernen Sie alle R\u00fcckst\u00e4nde vom Boden und den Seitenw\u00e4nden des Produkts. Bei hartn\u00e4ckigen Speiseresten f\u00fcllen Sie das Produkt mit warmem Seifenwasser und lassen es 15\u201320 Minuten einweichen, bevor Sie es wie gewohnt waschen.<\/li>\n<li class=\"mb-3\">Verwenden Sie zum Reinigen der Oberfl\u00e4chen keine Scheuermittel oder Metall, Scheuerschw\u00e4mme oder sehr harte und steife B\u00fcrsten.<\/li>\n<li>Trocknen Sie das Produkt nach dem Waschen gr\u00fcndlich ab und lagern Sie es an einem trockenen Ort.<\/li>\n<\/ul>\n","protected":false},"excerpt":{"rendered":"<p>Genie\u00dfen Sie alle D\u00fcfte und Aromen eines Grillabends im Freien in Ihrer K\u00fcche. Mit diesem Grill aus emailliertem Gusseisen k\u00f6nnen<\/p>\n","protected":false},"featured_media":478292,"template":"","meta":{"_acf_changed":false,"inline_featured_image":false},"product_cat":[6823,6709],"product_tag":[25088,11833,11383,12210,11385,21533,12211,12315,25022],"acf":[],"yoast_head":"<!-- This site is optimized with the Yoast SEO Premium plugin v18.6 (Yoast SEO v19.13) - https:\/\/yoast.com\/wordpress\/plugins\/seo\/ -->\n<title>LE CREUSET Rechteckiger Gusseisengrill 32\u00d722 cm Sea Salt - Erresse Shop<\/title>\n<meta name=\"description\" content=\"Genie\u00dfen Sie alle D\u00fcfte und Aromen eines Grillabends im Freien in Ihrer K\u00fcche. Mit diesem Grill aus emailliertem Gusseisen k\u00f6nnen Sie ganz einfach\" \/>\n<meta name=\"robots\" content=\"index, follow, max-snippet:-1, max-image-preview:large, max-video-preview:-1\" \/>\n<link rel=\"canonical\" href=\"https:\/\/www.erresse-shop.it\/de\/shop\/toepfe-pfannen\/grillpfannen\/le-creuset-rechteckiger-gusseisengrill-32x22-cm-sea-salt\/\" \/>\n<meta property=\"og:locale\" content=\"de_DE\" \/>\n<meta property=\"og:type\" content=\"article\" \/>\n<meta property=\"og:title\" content=\"LE CREUSET Rechteckiger Gusseisengrill 32\u00d722 cm Sea Salt\" \/>\n<meta property=\"og:description\" content=\"Genie\u00dfen Sie alle D\u00fcfte und Aromen eines Grillabends im Freien in Ihrer K\u00fcche. Mit diesem Grill aus emailliertem Gusseisen k\u00f6nnen Sie ganz einfach\" \/>\n<meta property=\"og:url\" content=\"https:\/\/www.erresse-shop.it\/de\/shop\/toepfe-pfannen\/grillpfannen\/le-creuset-rechteckiger-gusseisengrill-32x22-cm-sea-salt\/\" \/>\n<meta property=\"og:site_name\" content=\"Erresse Shop\" \/>\n<meta property=\"article:modified_time\" content=\"2026-02-23T08:49:31+00:00\" \/>\n<meta property=\"og:image\" content=\"https:\/\/www.erresse-shop.it\/wp-content\/uploads\/2025\/03\/LE-CREUSET-Griglia-Rettangolare-in-Ghisa-32\u00d722-cm-Sea-Salt.jpg\" \/>\n\t<meta property=\"og:image:width\" content=\"1200\" \/>\n\t<meta property=\"og:image:height\" content=\"1200\" \/>\n\t<meta property=\"og:image:type\" content=\"image\/jpeg\" \/>\n<meta name=\"twitter:card\" content=\"summary_large_image\" \/>\n<script type=\"application\/ld+json\" class=\"yoast-schema-graph\">{\"@context\":\"https:\/\/schema.org\",\"@graph\":[{\"@type\":\"WebPage\",\"@id\":\"https:\/\/www.erresse-shop.it\/de\/shop\/toepfe-pfannen\/grillpfannen\/le-creuset-rechteckiger-gusseisengrill-32x22-cm-sea-salt\/\",\"url\":\"https:\/\/www.erresse-shop.it\/de\/shop\/toepfe-pfannen\/grillpfannen\/le-creuset-rechteckiger-gusseisengrill-32x22-cm-sea-salt\/\",\"name\":\"LE CREUSET Rechteckiger Gusseisengrill 32\u00d722 cm Sea Salt - Erresse Shop\",\"isPartOf\":{\"@id\":\"https:\/\/www.erresse-shop.it\/de\/#website\"},\"datePublished\":\"2025-03-17T07:04:50+00:00\",\"dateModified\":\"2026-02-23T08:49:31+00:00\",\"description\":\"Genie\u00dfen Sie alle D\u00fcfte und Aromen eines Grillabends im Freien in Ihrer K\u00fcche. Mit diesem Grill aus emailliertem Gusseisen k\u00f6nnen Sie ganz einfach\",\"breadcrumb\":{\"@id\":\"https:\/\/www.erresse-shop.it\/de\/shop\/toepfe-pfannen\/grillpfannen\/le-creuset-rechteckiger-gusseisengrill-32x22-cm-sea-salt\/#breadcrumb\"},\"inLanguage\":\"de-DE\",\"potentialAction\":[{\"@type\":\"ReadAction\",\"target\":[\"https:\/\/www.erresse-shop.it\/de\/shop\/toepfe-pfannen\/grillpfannen\/le-creuset-rechteckiger-gusseisengrill-32x22-cm-sea-salt\/\"]}]},{\"@type\":\"BreadcrumbList\",\"@id\":\"https:\/\/www.erresse-shop.it\/de\/shop\/toepfe-pfannen\/grillpfannen\/le-creuset-rechteckiger-gusseisengrill-32x22-cm-sea-salt\/#breadcrumb\",\"itemListElement\":[{\"@type\":\"ListItem\",\"position\":1,\"name\":\"Home\",\"item\":\"https:\/\/www.erresse-shop.it\/de\/\"},{\"@type\":\"ListItem\",\"position\":2,\"name\":\"Shop\",\"item\":\"https:\/\/www.erresse-shop.it\/de\/shop\/\"},{\"@type\":\"ListItem\",\"position\":3,\"name\":\"LE CREUSET Rechteckiger Gusseisengrill 32\u00d722 cm Sea Salt\"}]},{\"@type\":\"WebSite\",\"@id\":\"https:\/\/www.erresse-shop.it\/de\/#website\",\"url\":\"https:\/\/www.erresse-shop.it\/de\/\",\"name\":\"Erresse Shop\",\"description\":\"Articoli di qualit\u00e0 per la casa\",\"potentialAction\":[{\"@type\":\"SearchAction\",\"target\":{\"@type\":\"EntryPoint\",\"urlTemplate\":\"https:\/\/www.erresse-shop.it\/de\/?s={search_term_string}\"},\"query-input\":\"required name=search_term_string\"}],\"inLanguage\":\"de-DE\"}]}<\/script>\n<!-- \/ Yoast SEO Premium plugin. -->","yoast_head_json":{"title":"LE CREUSET Rechteckiger Gusseisengrill 32\u00d722 cm Sea Salt - Erresse Shop","description":"Genie\u00dfen Sie alle D\u00fcfte und Aromen eines Grillabends im Freien in Ihrer K\u00fcche. Mit diesem Grill aus emailliertem Gusseisen k\u00f6nnen Sie ganz einfach","robots":{"index":"index","follow":"follow","max-snippet":"max-snippet:-1","max-image-preview":"max-image-preview:large","max-video-preview":"max-video-preview:-1"},"canonical":"https:\/\/www.erresse-shop.it\/de\/shop\/toepfe-pfannen\/grillpfannen\/le-creuset-rechteckiger-gusseisengrill-32x22-cm-sea-salt\/","og_locale":"de_DE","og_type":"article","og_title":"LE CREUSET Rechteckiger Gusseisengrill 32\u00d722 cm Sea Salt","og_description":"Genie\u00dfen Sie alle D\u00fcfte und Aromen eines Grillabends im Freien in Ihrer K\u00fcche. Mit diesem Grill aus emailliertem Gusseisen k\u00f6nnen Sie ganz einfach","og_url":"https:\/\/www.erresse-shop.it\/de\/shop\/toepfe-pfannen\/grillpfannen\/le-creuset-rechteckiger-gusseisengrill-32x22-cm-sea-salt\/","og_site_name":"Erresse Shop","article_modified_time":"2026-02-23T08:49:31+00:00","og_image":[{"width":1200,"height":1200,"url":"https:\/\/www.erresse-shop.it\/wp-content\/uploads\/2025\/03\/LE-CREUSET-Griglia-Rettangolare-in-Ghisa-32\u00d722-cm-Sea-Salt.jpg","type":"image\/jpeg"}],"twitter_card":"summary_large_image","schema":{"@context":"https:\/\/schema.org","@graph":[{"@type":"WebPage","@id":"https:\/\/www.erresse-shop.it\/de\/shop\/toepfe-pfannen\/grillpfannen\/le-creuset-rechteckiger-gusseisengrill-32x22-cm-sea-salt\/","url":"https:\/\/www.erresse-shop.it\/de\/shop\/toepfe-pfannen\/grillpfannen\/le-creuset-rechteckiger-gusseisengrill-32x22-cm-sea-salt\/","name":"LE CREUSET Rechteckiger Gusseisengrill 32\u00d722 cm Sea Salt - Erresse Shop","isPartOf":{"@id":"https:\/\/www.erresse-shop.it\/de\/#website"},"datePublished":"2025-03-17T07:04:50+00:00","dateModified":"2026-02-23T08:49:31+00:00","description":"Genie\u00dfen Sie alle D\u00fcfte und Aromen eines Grillabends im Freien in Ihrer K\u00fcche. Mit diesem Grill aus emailliertem Gusseisen k\u00f6nnen Sie ganz einfach","breadcrumb":{"@id":"https:\/\/www.erresse-shop.it\/de\/shop\/toepfe-pfannen\/grillpfannen\/le-creuset-rechteckiger-gusseisengrill-32x22-cm-sea-salt\/#breadcrumb"},"inLanguage":"de-DE","potentialAction":[{"@type":"ReadAction","target":["https:\/\/www.erresse-shop.it\/de\/shop\/toepfe-pfannen\/grillpfannen\/le-creuset-rechteckiger-gusseisengrill-32x22-cm-sea-salt\/"]}]},{"@type":"BreadcrumbList","@id":"https:\/\/www.erresse-shop.it\/de\/shop\/toepfe-pfannen\/grillpfannen\/le-creuset-rechteckiger-gusseisengrill-32x22-cm-sea-salt\/#breadcrumb","itemListElement":[{"@type":"ListItem","position":1,"name":"Home","item":"https:\/\/www.erresse-shop.it\/de\/"},{"@type":"ListItem","position":2,"name":"Shop","item":"https:\/\/www.erresse-shop.it\/de\/shop\/"},{"@type":"ListItem","position":3,"name":"LE CREUSET Rechteckiger Gusseisengrill 32\u00d722 cm Sea Salt"}]},{"@type":"WebSite","@id":"https:\/\/www.erresse-shop.it\/de\/#website","url":"https:\/\/www.erresse-shop.it\/de\/","name":"Erresse Shop","description":"Articoli di qualit\u00e0 per la casa","potentialAction":[{"@type":"SearchAction","target":{"@type":"EntryPoint","urlTemplate":"https:\/\/www.erresse-shop.it\/de\/?s={search_term_string}"},"query-input":"required name=search_term_string"}],"inLanguage":"de-DE"}]}},"df_price":99.95,"df_sale_price":99.95,"df_regular_price":135,"df_image_link":"https:\/\/www.erresse-shop.it\/wp-content\/uploads\/2025\/03\/LE-CREUSET-Griglia-Rettangolare-in-Ghisa-32\u00d722-cm-Sea-Salt-300x300.jpg","_links":{"self":[{"href":"https:\/\/www.erresse-shop.it\/de\/wp-json\/wp\/v2\/product\/478265"}],"collection":[{"href":"https:\/\/www.erresse-shop.it\/de\/wp-json\/wp\/v2\/product"}],"about":[{"href":"https:\/\/www.erresse-shop.it\/de\/wp-json\/wp\/v2\/types\/product"}],"wp:featuredmedia":[{"embeddable":true,"href":"https:\/\/www.erresse-shop.it\/de\/wp-json\/wp\/v2\/media\/478292"}],"wp:attachment":[{"href":"https:\/\/www.erresse-shop.it\/de\/wp-json\/wp\/v2\/media?parent=478265"}],"wp:term":[{"taxonomy":"product_cat","embeddable":true,"href":"https:\/\/www.erresse-shop.it\/de\/wp-json\/wp\/v2\/product_cat?post=478265"},{"taxonomy":"product_tag","embeddable":true,"href":"https:\/\/www.erresse-shop.it\/de\/wp-json\/wp\/v2\/product_tag?post=478265"}],"curies":[{"name":"wp","href":"https:\/\/api.w.org\/{rel}","templated":true}]}}