{"id":478088,"date":"2025-03-14T11:54:31","date_gmt":"2025-03-14T11:54:32","guid":{"rendered":"https:\/\/www.erresse-shop.it\/?post_type=product&#038;p=478088"},"modified":"2026-02-23T08:55:04","modified_gmt":"2026-02-23T08:55:04","slug":"le-creuset-bratpfanne-evolution-doppelschnabel-23-cm-sea-salt","status":"publish","type":"product","link":"https:\/\/www.erresse-shop.it\/de\/shop\/toepfe-pfannen\/pfannen\/le-creuset-bratpfanne-evolution-doppelschnabel-23-cm-sea-salt\/","title":{"rendered":"LE CREUSET Bratpfanne Evolution Doppelschnabel 23 cm Sea Salt"},"content":{"rendered":"<p>K\u00f6che und Hobbyk\u00f6che vertrauen unserer Pfanne blind: Dank der mattschwarzen Emaille-Innenseite erzielt das Karamellisieren nie dagewesene Ergebnisse. Unverzichtbar in der K\u00fcche: Sie kann auf dem Herd, im Backofen und sogar im Grillmodus verwendet werden und eignet sich zum Anbraten, Anbraten und Br\u00e4unen.<\/p>\n<ul>\n<li class=\"mb-3\">Vielseitigkeit: Dieses Produkt ist f\u00fcr Backofen, Herd und Backofen mit Grillfunktion geeignet.<\/li>\n<li class=\"mb-3\">Hervorragender Geschmack: Das emaillierte Gusseisen speichert die W\u00e4rme f\u00fcr gleichm\u00e4\u00dfiges Garen und Br\u00e4unen. Ihre k\u00f6stlichen Kreationen bleiben l\u00e4nger warm, auch am Tisch.<\/li>\n<li class=\"mb-3\">Leicht zu greifen: Die eleganten und komfortablen Griffe erm\u00f6glichen ein sicheres Anheben Ihres Produkts.<\/li>\n<li class=\"mb-3\">Eine wertvolle Hilfe: Der praktische Griff erm\u00f6glicht Ihnen das einfache Anheben Ihres Produkts und den Transport zwischen Herd, Backofen und Tisch.<\/li>\n<li class=\"mb-3\">Bedenkenloses Ausgie\u00dfen: Die seitlichen Ausgie\u00dfer erm\u00f6glichen einfaches Ausgie\u00dfen (ohne Tropfen).<\/li>\n<li class=\"mb-3\">Ein Regenbogen voller Farben: Unsere Produkte sind in einer gro\u00dfen Farbauswahl erh\u00e4ltlich und bringen Farbe in Ihre K\u00fcche.<\/li>\n<li class=\"mb-3\">Nicht zu hei\u00df: Kochen Sie bei konstant niedriger bis mittlerer Hitze, um Ihr emailliertes Gusseisenprodukt zu schonen und k\u00f6stliche Ergebnisse zu erzielen.<\/li>\n<li class=\"mb-3\">Sie haben die Wahl: Erh\u00e4ltlich in verschiedenen Gr\u00f6\u00dfen, passend zu Ihren Kochbed\u00fcrfnissen.<\/li>\n<li class=\"mb-3\">Wird mit der Zeit immer besser: Die glasierte Innenseite entwickelt eine nat\u00fcrliche Patina, die fast wie eine Antihaftbeschichtung wirkt. Die Oberfl\u00e4che verhindert das Anhaften von Speisen selbst bei geringen \u00d6lmengen. Reinigen Sie das Produkt nur mit Wasser, damit sich die Patina bilden kann.<\/li>\n<li>Klassenbester: Unsere Produkte werden aus hochwertigsten Materialien in Fabriken weltweit hergestellt, um die Qualit\u00e4t zu gew\u00e4hrleisten, die Sie von Le Creuset erwarten.<\/li>\n<\/ul>\n<p>Material: Verglastes Gusseisen<br \/>\nHergestellt in: Frankreich<br \/>\nGarantie: Lebenslang<\/p>\n<p><strong>W\u00e4rmequelle:<\/strong><\/p>\n<ul>\n<li>Backofen<\/li>\n<li>Grillofen<\/li>\n<li>Elektroherd<\/li>\n<li>Glaskeramik<\/li>\n<li>Gasherd<\/li>\n<li>Induktionskochfeld<\/li>\n<\/ul>\n<p><strong>Reinigung und Pflege:<\/strong><\/p>\n<ul>\n<li>Warten Sie, bis das Produkt abgek\u00fchlt ist, bevor Sie mit der Reinigung beginnen.<\/li>\n<li>Wischen Sie alle R\u00fcckst\u00e4nde vom Boden und den Seiten des Produkts ab. Sollten Speisereste festsitzen, f\u00fcllen Sie das Produkt mit warmem Seifenwasser und lassen Sie es 15\u201320 Minuten einweichen, bevor Sie es wie gewohnt sp\u00fclen.<\/li>\n<li>Verwenden Sie keine Scheuermittel oder Metallschw\u00e4mme oder B\u00fcrsten auf den Oberfl\u00e4chen.<\/li>\n<li>Nach dem Sp\u00fclen gr\u00fcndlich trocknen und an einem trockenen Ort aufbewahren.<\/li>\n<\/ul>\n<p><strong>Ma\u00dfe:<\/strong><\/p>\n<div class=\"row\">\n<div class=\"col-12 d-flex\">\n<div class=\"col-6 pl-0 border-image-top-2 py-1-2 length\">L\u00e4nge: 40,7 cm<\/div>\n<\/div>\n<\/div>\n<div class=\"row\">\n<div class=\"col-12 d-flex\">\n<div class=\"col-6 pl-0 border-image-top-2 py-1-2 width\">Breite: 26,9 cm<\/div>\n<\/div>\n<\/div>\n<div class=\"row\">\n<div class=\"col-12 d-flex\">\n<div class=\"col-6 pl-0 border-image-top-2 py-1-2 height\">H\u00f6he: 5 cm<\/div>\n<\/div>\n<\/div>\n<div class=\"row\">\n<div class=\"col-12 d-flex\">\n<div class=\"col-6 pl-0 border-image-top-2 py-1-2 depth\">Tiefe: 3,4 cm<\/div>\n<\/div>\n<\/div>\n","protected":false},"excerpt":{"rendered":"<p>K\u00f6che und Hobbyk\u00f6che vertrauen unserer Pfanne blind: Dank der mattschwarzen Emaille-Innenseite erzielt das Karamellisieren nie dagewesene Ergebnisse. Unverzichtbar in der<\/p>\n","protected":false},"featured_media":478118,"template":"","meta":{"_acf_changed":false,"inline_featured_image":false},"product_cat":[6709,14801],"product_tag":[11383,11385,21533,12315,11605],"acf":[],"yoast_head":"<!-- This site is optimized with the Yoast SEO Premium plugin v18.6 (Yoast SEO v19.13) - https:\/\/yoast.com\/wordpress\/plugins\/seo\/ -->\n<title>LE CREUSET Bratpfanne Evolution Doppelschnabel 23 cm Sea Salt - Erresse Shop<\/title>\n<meta name=\"description\" content=\"K\u00f6che und Hobbyk\u00f6che vertrauen unserer Pfanne blind: Dank der mattschwarzen Emaille-Innenseite erzielt das Karamellisieren nie dagewesene Ergebnisse.\" \/>\n<meta name=\"robots\" content=\"index, follow, max-snippet:-1, max-image-preview:large, max-video-preview:-1\" \/>\n<link rel=\"canonical\" href=\"https:\/\/www.erresse-shop.it\/de\/shop\/toepfe-pfannen\/pfannen\/le-creuset-bratpfanne-evolution-doppelschnabel-23-cm-sea-salt\/\" \/>\n<meta property=\"og:locale\" content=\"de_DE\" \/>\n<meta property=\"og:type\" content=\"article\" \/>\n<meta property=\"og:title\" content=\"LE CREUSET Bratpfanne Evolution Doppelschnabel 23 cm Sea Salt\" \/>\n<meta property=\"og:description\" content=\"K\u00f6che und Hobbyk\u00f6che vertrauen unserer Pfanne blind: Dank der mattschwarzen Emaille-Innenseite erzielt das Karamellisieren nie dagewesene Ergebnisse.\" \/>\n<meta property=\"og:url\" content=\"https:\/\/www.erresse-shop.it\/de\/shop\/toepfe-pfannen\/pfannen\/le-creuset-bratpfanne-evolution-doppelschnabel-23-cm-sea-salt\/\" \/>\n<meta property=\"og:site_name\" content=\"Erresse Shop\" \/>\n<meta property=\"article:modified_time\" content=\"2026-02-23T08:55:04+00:00\" \/>\n<meta property=\"og:image\" content=\"https:\/\/www.erresse-shop.it\/wp-content\/uploads\/2025\/03\/LE-CREUSET-Padella-Evolution-Doppio-Becco-23-cm-Sea-Salt.jpg\" \/>\n\t<meta property=\"og:image:width\" content=\"1200\" \/>\n\t<meta property=\"og:image:height\" content=\"1200\" \/>\n\t<meta property=\"og:image:type\" content=\"image\/jpeg\" \/>\n<meta name=\"twitter:card\" content=\"summary_large_image\" \/>\n<script type=\"application\/ld+json\" class=\"yoast-schema-graph\">{\"@context\":\"https:\/\/schema.org\",\"@graph\":[{\"@type\":\"WebPage\",\"@id\":\"https:\/\/www.erresse-shop.it\/de\/shop\/toepfe-pfannen\/pfannen\/le-creuset-bratpfanne-evolution-doppelschnabel-23-cm-sea-salt\/\",\"url\":\"https:\/\/www.erresse-shop.it\/de\/shop\/toepfe-pfannen\/pfannen\/le-creuset-bratpfanne-evolution-doppelschnabel-23-cm-sea-salt\/\",\"name\":\"LE CREUSET Bratpfanne Evolution Doppelschnabel 23 cm Sea Salt - Erresse Shop\",\"isPartOf\":{\"@id\":\"https:\/\/www.erresse-shop.it\/de\/#website\"},\"datePublished\":\"2025-03-14T11:54:32+00:00\",\"dateModified\":\"2026-02-23T08:55:04+00:00\",\"description\":\"K\u00f6che und Hobbyk\u00f6che vertrauen unserer Pfanne blind: Dank der mattschwarzen Emaille-Innenseite erzielt das Karamellisieren nie dagewesene Ergebnisse.\",\"breadcrumb\":{\"@id\":\"https:\/\/www.erresse-shop.it\/de\/shop\/toepfe-pfannen\/pfannen\/le-creuset-bratpfanne-evolution-doppelschnabel-23-cm-sea-salt\/#breadcrumb\"},\"inLanguage\":\"de-DE\",\"potentialAction\":[{\"@type\":\"ReadAction\",\"target\":[\"https:\/\/www.erresse-shop.it\/de\/shop\/toepfe-pfannen\/pfannen\/le-creuset-bratpfanne-evolution-doppelschnabel-23-cm-sea-salt\/\"]}]},{\"@type\":\"BreadcrumbList\",\"@id\":\"https:\/\/www.erresse-shop.it\/de\/shop\/toepfe-pfannen\/pfannen\/le-creuset-bratpfanne-evolution-doppelschnabel-23-cm-sea-salt\/#breadcrumb\",\"itemListElement\":[{\"@type\":\"ListItem\",\"position\":1,\"name\":\"Home\",\"item\":\"https:\/\/www.erresse-shop.it\/de\/\"},{\"@type\":\"ListItem\",\"position\":2,\"name\":\"Shop\",\"item\":\"https:\/\/www.erresse-shop.it\/de\/shop\/\"},{\"@type\":\"ListItem\",\"position\":3,\"name\":\"LE CREUSET Bratpfanne Evolution Doppelschnabel 23 cm Sea Salt\"}]},{\"@type\":\"WebSite\",\"@id\":\"https:\/\/www.erresse-shop.it\/de\/#website\",\"url\":\"https:\/\/www.erresse-shop.it\/de\/\",\"name\":\"Erresse Shop\",\"description\":\"Articoli di qualit\u00e0 per la casa\",\"potentialAction\":[{\"@type\":\"SearchAction\",\"target\":{\"@type\":\"EntryPoint\",\"urlTemplate\":\"https:\/\/www.erresse-shop.it\/de\/?s={search_term_string}\"},\"query-input\":\"required name=search_term_string\"}],\"inLanguage\":\"de-DE\"}]}<\/script>\n<!-- \/ Yoast SEO Premium plugin. -->","yoast_head_json":{"title":"LE CREUSET Bratpfanne Evolution Doppelschnabel 23 cm Sea Salt - Erresse Shop","description":"K\u00f6che und Hobbyk\u00f6che vertrauen unserer Pfanne blind: Dank der mattschwarzen Emaille-Innenseite erzielt das Karamellisieren nie dagewesene Ergebnisse.","robots":{"index":"index","follow":"follow","max-snippet":"max-snippet:-1","max-image-preview":"max-image-preview:large","max-video-preview":"max-video-preview:-1"},"canonical":"https:\/\/www.erresse-shop.it\/de\/shop\/toepfe-pfannen\/pfannen\/le-creuset-bratpfanne-evolution-doppelschnabel-23-cm-sea-salt\/","og_locale":"de_DE","og_type":"article","og_title":"LE CREUSET Bratpfanne Evolution Doppelschnabel 23 cm Sea Salt","og_description":"K\u00f6che und Hobbyk\u00f6che vertrauen unserer Pfanne blind: Dank der mattschwarzen Emaille-Innenseite erzielt das Karamellisieren nie dagewesene Ergebnisse.","og_url":"https:\/\/www.erresse-shop.it\/de\/shop\/toepfe-pfannen\/pfannen\/le-creuset-bratpfanne-evolution-doppelschnabel-23-cm-sea-salt\/","og_site_name":"Erresse Shop","article_modified_time":"2026-02-23T08:55:04+00:00","og_image":[{"width":1200,"height":1200,"url":"https:\/\/www.erresse-shop.it\/wp-content\/uploads\/2025\/03\/LE-CREUSET-Padella-Evolution-Doppio-Becco-23-cm-Sea-Salt.jpg","type":"image\/jpeg"}],"twitter_card":"summary_large_image","schema":{"@context":"https:\/\/schema.org","@graph":[{"@type":"WebPage","@id":"https:\/\/www.erresse-shop.it\/de\/shop\/toepfe-pfannen\/pfannen\/le-creuset-bratpfanne-evolution-doppelschnabel-23-cm-sea-salt\/","url":"https:\/\/www.erresse-shop.it\/de\/shop\/toepfe-pfannen\/pfannen\/le-creuset-bratpfanne-evolution-doppelschnabel-23-cm-sea-salt\/","name":"LE CREUSET Bratpfanne Evolution Doppelschnabel 23 cm Sea Salt - Erresse Shop","isPartOf":{"@id":"https:\/\/www.erresse-shop.it\/de\/#website"},"datePublished":"2025-03-14T11:54:32+00:00","dateModified":"2026-02-23T08:55:04+00:00","description":"K\u00f6che und Hobbyk\u00f6che vertrauen unserer Pfanne blind: Dank der mattschwarzen Emaille-Innenseite erzielt das Karamellisieren nie dagewesene Ergebnisse.","breadcrumb":{"@id":"https:\/\/www.erresse-shop.it\/de\/shop\/toepfe-pfannen\/pfannen\/le-creuset-bratpfanne-evolution-doppelschnabel-23-cm-sea-salt\/#breadcrumb"},"inLanguage":"de-DE","potentialAction":[{"@type":"ReadAction","target":["https:\/\/www.erresse-shop.it\/de\/shop\/toepfe-pfannen\/pfannen\/le-creuset-bratpfanne-evolution-doppelschnabel-23-cm-sea-salt\/"]}]},{"@type":"BreadcrumbList","@id":"https:\/\/www.erresse-shop.it\/de\/shop\/toepfe-pfannen\/pfannen\/le-creuset-bratpfanne-evolution-doppelschnabel-23-cm-sea-salt\/#breadcrumb","itemListElement":[{"@type":"ListItem","position":1,"name":"Home","item":"https:\/\/www.erresse-shop.it\/de\/"},{"@type":"ListItem","position":2,"name":"Shop","item":"https:\/\/www.erresse-shop.it\/de\/shop\/"},{"@type":"ListItem","position":3,"name":"LE CREUSET Bratpfanne Evolution Doppelschnabel 23 cm Sea Salt"}]},{"@type":"WebSite","@id":"https:\/\/www.erresse-shop.it\/de\/#website","url":"https:\/\/www.erresse-shop.it\/de\/","name":"Erresse Shop","description":"Articoli di qualit\u00e0 per la casa","potentialAction":[{"@type":"SearchAction","target":{"@type":"EntryPoint","urlTemplate":"https:\/\/www.erresse-shop.it\/de\/?s={search_term_string}"},"query-input":"required name=search_term_string"}],"inLanguage":"de-DE"}]}},"df_price":112.95,"df_sale_price":112.95,"df_regular_price":175,"df_image_link":"https:\/\/www.erresse-shop.it\/wp-content\/uploads\/2025\/03\/LE-CREUSET-Padella-Evolution-Doppio-Becco-23-cm-Sea-Salt-300x300.jpg","_links":{"self":[{"href":"https:\/\/www.erresse-shop.it\/de\/wp-json\/wp\/v2\/product\/478088"}],"collection":[{"href":"https:\/\/www.erresse-shop.it\/de\/wp-json\/wp\/v2\/product"}],"about":[{"href":"https:\/\/www.erresse-shop.it\/de\/wp-json\/wp\/v2\/types\/product"}],"wp:featuredmedia":[{"embeddable":true,"href":"https:\/\/www.erresse-shop.it\/de\/wp-json\/wp\/v2\/media\/478118"}],"wp:attachment":[{"href":"https:\/\/www.erresse-shop.it\/de\/wp-json\/wp\/v2\/media?parent=478088"}],"wp:term":[{"taxonomy":"product_cat","embeddable":true,"href":"https:\/\/www.erresse-shop.it\/de\/wp-json\/wp\/v2\/product_cat?post=478088"},{"taxonomy":"product_tag","embeddable":true,"href":"https:\/\/www.erresse-shop.it\/de\/wp-json\/wp\/v2\/product_tag?post=478088"}],"curies":[{"name":"wp","href":"https:\/\/api.w.org\/{rel}","templated":true}]}}