{"id":477943,"date":"2025-03-14T10:23:11","date_gmt":"2025-03-14T10:23:13","guid":{"rendered":"https:\/\/www.erresse-shop.it\/?post_type=product&#038;p=477943"},"modified":"2025-03-14T10:33:00","modified_gmt":"2025-03-14T10:33:00","slug":"seletti-kintsugi-teetasse-mit-untertasse-n1-copia","status":"publish","type":"product","link":"https:\/\/www.erresse-shop.it\/de\/shop\/tisch\/karaffen-flaschen-kruege\/seletti-kintsugi-teetasse-mit-untertasse-n1-copia\/","title":{"rendered":"SELETTI Kintsugi Karaffe"},"content":{"rendered":"<p><strong>Seletti<\/strong>, eine Unternehmensgeschichte voller Vision und Entwicklung. Eine Geschichte, die 1964 in Cicognara (Mantua) beginnt. Heute arbeitet Seletti mit jungen italienischen und internationalen Designern zusammen, jungen Leuten, die sich schnell etablieren. Der Wille ist genau der, eine Gruppe zu bilden, die gemeinsam w\u00e4chst und sich entwickelt, eine Herausforderung, die gro\u00dfartige Ergebnisse bringt. \u201eIch arbeite auch mit Menschen und Charakteren zusammen, au\u00dferhalb der Welt des Designs im engeren Sinne: K\u00fcnstler, Vision\u00e4re, mit denen ich einige \u201eBarrieren\u201c \u00fcberwinden m\u00f6chte. Meine ungew\u00f6hnliche, nicht streng akademische Ausbildung f\u00fchrt mich nat\u00fcrlich dazu, \u201etransversal\u201c zu sein, eine Reise in die Idee von \u200b\u200b\u201eEine neue Sch\u00f6nheit\u201c. F\u00fcr uns ist das (R)Evolution.\u201c<\/p>\n<p>Die japanische Kunst <strong>Kintsugi<\/strong> nimmt zeitgen\u00f6ssische Formen an. Zartes Porzellan wird veredelt und mit Goldfragmenten angereichert, um eine Geschirrkollektion mit faszinierenden und unerwarteten Kompositionen zu schaffen.<\/p>\n<p><strong>Karaffe<\/strong><\/p>\n<p><strong>Material:<\/strong> Porzellan und echtes Gold<br \/>\n<strong>Abmessungen: <\/strong>18,99 x 14,23 x H. 25,5<br \/>\n<strong>Nicht sp\u00fclmaschinenfest und nicht mikrowellengeeignet<\/strong><\/p>\n","protected":false},"excerpt":{"rendered":"<p>Seletti, eine Unternehmensgeschichte voller Vision und Entwicklung. Eine Geschichte, die 1964 in Cicognara (Mantua) beginnt. Heute arbeitet Seletti mit jungen<\/p>\n","protected":false},"featured_media":477958,"template":"","meta":{"_acf_changed":false,"inline_featured_image":false},"product_cat":[6859,6787],"product_tag":[11543,23564,23834,12347,11567,12286,25022],"acf":[],"yoast_head":"<!-- This site is optimized with the Yoast SEO Premium plugin v18.6 (Yoast SEO v19.13) - https:\/\/yoast.com\/wordpress\/plugins\/seo\/ -->\n<title>SELETTI Kintsugi Karaffe - Erresse Shop<\/title>\n<meta name=\"description\" content=\"Seletti, eine Unternehmensgeschichte voller Vision und Entwicklung. Eine Geschichte, die 1964 in Cicognara (Mantua) beginnt. Heute arbeitet Seletti mit\" \/>\n<meta name=\"robots\" content=\"index, follow, max-snippet:-1, max-image-preview:large, max-video-preview:-1\" \/>\n<link rel=\"canonical\" href=\"https:\/\/www.erresse-shop.it\/de\/shop\/tisch\/karaffen-flaschen-kruege\/seletti-kintsugi-teetasse-mit-untertasse-n1-copia\/\" \/>\n<meta property=\"og:locale\" content=\"de_DE\" \/>\n<meta property=\"og:type\" content=\"article\" \/>\n<meta property=\"og:title\" content=\"SELETTI Kintsugi Karaffe\" \/>\n<meta property=\"og:description\" content=\"Seletti, eine Unternehmensgeschichte voller Vision und Entwicklung. Eine Geschichte, die 1964 in Cicognara (Mantua) beginnt. Heute arbeitet Seletti mit\" \/>\n<meta property=\"og:url\" content=\"https:\/\/www.erresse-shop.it\/de\/shop\/tisch\/karaffen-flaschen-kruege\/seletti-kintsugi-teetasse-mit-untertasse-n1-copia\/\" \/>\n<meta property=\"og:site_name\" content=\"Erresse Shop\" \/>\n<meta property=\"article:modified_time\" content=\"2025-03-14T10:33:00+00:00\" \/>\n<meta property=\"og:image\" content=\"https:\/\/www.erresse-shop.it\/wp-content\/uploads\/2025\/03\/SELETTI-Kintsugi-Caraffa.jpg\" \/>\n\t<meta property=\"og:image:width\" content=\"1200\" \/>\n\t<meta property=\"og:image:height\" content=\"1200\" \/>\n\t<meta property=\"og:image:type\" content=\"image\/jpeg\" \/>\n<meta name=\"twitter:card\" content=\"summary_large_image\" \/>\n<script type=\"application\/ld+json\" class=\"yoast-schema-graph\">{\"@context\":\"https:\/\/schema.org\",\"@graph\":[{\"@type\":\"WebPage\",\"@id\":\"https:\/\/www.erresse-shop.it\/de\/shop\/tisch\/karaffen-flaschen-kruege\/seletti-kintsugi-teetasse-mit-untertasse-n1-copia\/\",\"url\":\"https:\/\/www.erresse-shop.it\/de\/shop\/tisch\/karaffen-flaschen-kruege\/seletti-kintsugi-teetasse-mit-untertasse-n1-copia\/\",\"name\":\"SELETTI Kintsugi Karaffe - Erresse Shop\",\"isPartOf\":{\"@id\":\"https:\/\/www.erresse-shop.it\/de\/#website\"},\"datePublished\":\"2025-03-14T10:23:13+00:00\",\"dateModified\":\"2025-03-14T10:33:00+00:00\",\"description\":\"Seletti, eine Unternehmensgeschichte voller Vision und Entwicklung. Eine Geschichte, die 1964 in Cicognara (Mantua) beginnt. Heute arbeitet Seletti mit\",\"breadcrumb\":{\"@id\":\"https:\/\/www.erresse-shop.it\/de\/shop\/tisch\/karaffen-flaschen-kruege\/seletti-kintsugi-teetasse-mit-untertasse-n1-copia\/#breadcrumb\"},\"inLanguage\":\"de-DE\",\"potentialAction\":[{\"@type\":\"ReadAction\",\"target\":[\"https:\/\/www.erresse-shop.it\/de\/shop\/tisch\/karaffen-flaschen-kruege\/seletti-kintsugi-teetasse-mit-untertasse-n1-copia\/\"]}]},{\"@type\":\"BreadcrumbList\",\"@id\":\"https:\/\/www.erresse-shop.it\/de\/shop\/tisch\/karaffen-flaschen-kruege\/seletti-kintsugi-teetasse-mit-untertasse-n1-copia\/#breadcrumb\",\"itemListElement\":[{\"@type\":\"ListItem\",\"position\":1,\"name\":\"Home\",\"item\":\"https:\/\/www.erresse-shop.it\/de\/\"},{\"@type\":\"ListItem\",\"position\":2,\"name\":\"Shop\",\"item\":\"https:\/\/www.erresse-shop.it\/de\/shop\/\"},{\"@type\":\"ListItem\",\"position\":3,\"name\":\"SELETTI Kintsugi Karaffe\"}]},{\"@type\":\"WebSite\",\"@id\":\"https:\/\/www.erresse-shop.it\/de\/#website\",\"url\":\"https:\/\/www.erresse-shop.it\/de\/\",\"name\":\"Erresse Shop\",\"description\":\"Articoli di qualit\u00e0 per la casa\",\"potentialAction\":[{\"@type\":\"SearchAction\",\"target\":{\"@type\":\"EntryPoint\",\"urlTemplate\":\"https:\/\/www.erresse-shop.it\/de\/?s={search_term_string}\"},\"query-input\":\"required name=search_term_string\"}],\"inLanguage\":\"de-DE\"}]}<\/script>\n<!-- \/ Yoast SEO Premium plugin. -->","yoast_head_json":{"title":"SELETTI Kintsugi Karaffe - Erresse Shop","description":"Seletti, eine Unternehmensgeschichte voller Vision und Entwicklung. Eine Geschichte, die 1964 in Cicognara (Mantua) beginnt. Heute arbeitet Seletti mit","robots":{"index":"index","follow":"follow","max-snippet":"max-snippet:-1","max-image-preview":"max-image-preview:large","max-video-preview":"max-video-preview:-1"},"canonical":"https:\/\/www.erresse-shop.it\/de\/shop\/tisch\/karaffen-flaschen-kruege\/seletti-kintsugi-teetasse-mit-untertasse-n1-copia\/","og_locale":"de_DE","og_type":"article","og_title":"SELETTI Kintsugi Karaffe","og_description":"Seletti, eine Unternehmensgeschichte voller Vision und Entwicklung. Eine Geschichte, die 1964 in Cicognara (Mantua) beginnt. Heute arbeitet Seletti mit","og_url":"https:\/\/www.erresse-shop.it\/de\/shop\/tisch\/karaffen-flaschen-kruege\/seletti-kintsugi-teetasse-mit-untertasse-n1-copia\/","og_site_name":"Erresse Shop","article_modified_time":"2025-03-14T10:33:00+00:00","og_image":[{"width":1200,"height":1200,"url":"https:\/\/www.erresse-shop.it\/wp-content\/uploads\/2025\/03\/SELETTI-Kintsugi-Caraffa.jpg","type":"image\/jpeg"}],"twitter_card":"summary_large_image","schema":{"@context":"https:\/\/schema.org","@graph":[{"@type":"WebPage","@id":"https:\/\/www.erresse-shop.it\/de\/shop\/tisch\/karaffen-flaschen-kruege\/seletti-kintsugi-teetasse-mit-untertasse-n1-copia\/","url":"https:\/\/www.erresse-shop.it\/de\/shop\/tisch\/karaffen-flaschen-kruege\/seletti-kintsugi-teetasse-mit-untertasse-n1-copia\/","name":"SELETTI Kintsugi Karaffe - Erresse Shop","isPartOf":{"@id":"https:\/\/www.erresse-shop.it\/de\/#website"},"datePublished":"2025-03-14T10:23:13+00:00","dateModified":"2025-03-14T10:33:00+00:00","description":"Seletti, eine Unternehmensgeschichte voller Vision und Entwicklung. Eine Geschichte, die 1964 in Cicognara (Mantua) beginnt. Heute arbeitet Seletti mit","breadcrumb":{"@id":"https:\/\/www.erresse-shop.it\/de\/shop\/tisch\/karaffen-flaschen-kruege\/seletti-kintsugi-teetasse-mit-untertasse-n1-copia\/#breadcrumb"},"inLanguage":"de-DE","potentialAction":[{"@type":"ReadAction","target":["https:\/\/www.erresse-shop.it\/de\/shop\/tisch\/karaffen-flaschen-kruege\/seletti-kintsugi-teetasse-mit-untertasse-n1-copia\/"]}]},{"@type":"BreadcrumbList","@id":"https:\/\/www.erresse-shop.it\/de\/shop\/tisch\/karaffen-flaschen-kruege\/seletti-kintsugi-teetasse-mit-untertasse-n1-copia\/#breadcrumb","itemListElement":[{"@type":"ListItem","position":1,"name":"Home","item":"https:\/\/www.erresse-shop.it\/de\/"},{"@type":"ListItem","position":2,"name":"Shop","item":"https:\/\/www.erresse-shop.it\/de\/shop\/"},{"@type":"ListItem","position":3,"name":"SELETTI Kintsugi Karaffe"}]},{"@type":"WebSite","@id":"https:\/\/www.erresse-shop.it\/de\/#website","url":"https:\/\/www.erresse-shop.it\/de\/","name":"Erresse Shop","description":"Articoli di qualit\u00e0 per la casa","potentialAction":[{"@type":"SearchAction","target":{"@type":"EntryPoint","urlTemplate":"https:\/\/www.erresse-shop.it\/de\/?s={search_term_string}"},"query-input":"required name=search_term_string"}],"inLanguage":"de-DE"}]}},"df_price":65.25,"df_sale_price":65.25,"df_regular_price":145,"df_image_link":"https:\/\/www.erresse-shop.it\/wp-content\/uploads\/2025\/03\/SELETTI-Kintsugi-Caraffa-300x300.jpg","_links":{"self":[{"href":"https:\/\/www.erresse-shop.it\/de\/wp-json\/wp\/v2\/product\/477943"}],"collection":[{"href":"https:\/\/www.erresse-shop.it\/de\/wp-json\/wp\/v2\/product"}],"about":[{"href":"https:\/\/www.erresse-shop.it\/de\/wp-json\/wp\/v2\/types\/product"}],"wp:featuredmedia":[{"embeddable":true,"href":"https:\/\/www.erresse-shop.it\/de\/wp-json\/wp\/v2\/media\/477958"}],"wp:attachment":[{"href":"https:\/\/www.erresse-shop.it\/de\/wp-json\/wp\/v2\/media?parent=477943"}],"wp:term":[{"taxonomy":"product_cat","embeddable":true,"href":"https:\/\/www.erresse-shop.it\/de\/wp-json\/wp\/v2\/product_cat?post=477943"},{"taxonomy":"product_tag","embeddable":true,"href":"https:\/\/www.erresse-shop.it\/de\/wp-json\/wp\/v2\/product_tag?post=477943"}],"curies":[{"name":"wp","href":"https:\/\/api.w.org\/{rel}","templated":true}]}}