{"id":477615,"date":"2025-03-14T06:54:32","date_gmt":"2025-03-14T06:54:33","guid":{"rendered":"https:\/\/www.erresse-shop.it\/?post_type=product&#038;p=477615"},"modified":"2025-03-14T07:09:36","modified_gmt":"2025-03-14T07:09:36","slug":"coravin-timeless-aug-premium-copia","status":"publish","type":"product","link":"https:\/\/www.erresse-shop.it\/de\/shop\/tisch\/weinbar-korkenzieher-dekanter-eiskubel\/beluefter\/coravin-timeless-aug-premium-copia\/","title":{"rendered":"CORAVIN Nadel Standard"},"content":{"rendered":"<p><strong>CORAVIN STANDARDNADEL<\/strong><\/p>\n<p>Standardnadel aus Edelstahl mit Teflonbeschichtung f\u00fcr maximale Haltbarkeit und einfaches Einf\u00fchren f\u00fcr Hunderte von G\u00fcssen. Pr\u00e4zisionsgefertigte, d\u00fcnnwandige Nadeln gelangen an den Wein, ohne den Korken zu besch\u00e4digen.<\/p>\n<p>Coravin-Nadeln sind speziell daf\u00fcr konzipiert, <strong>nat\u00fcrliche oder agglomerierte Korken<\/strong> zu durchstechen und Wein einzuschenken, ohne die Flasche zu \u00f6ffnen.<\/p>\n<p>Die Coravin-Standardnadel ist der direkte Ersatz f\u00fcr alle Systeme au\u00dfer dem Timeless Eleven und dem Pivot-Modell.<\/p>\n<p><strong>Funktionen:<\/strong><\/p>\n<ul>\n<li>Grundfarbe Schwarz<\/li>\n<li>Tropfgeschwindigkeit 25 &#8211; 29 Sekunden<\/li>\n<li>L\u00e4nge 9,14 cm<\/li>\n<\/ul>\n","protected":false},"excerpt":{"rendered":"<p>CORAVIN STANDARDNADEL Standardnadel aus Edelstahl mit Teflonbeschichtung f\u00fcr maximale Haltbarkeit und einfaches Einf\u00fchren f\u00fcr Hunderte von G\u00fcssen. Pr\u00e4zisionsgefertigte, d\u00fcnnwandige Nadeln<\/p>\n","protected":false},"featured_media":477622,"template":"","meta":{"_acf_changed":false,"inline_featured_image":false},"product_cat":[6787,6850,25983],"product_tag":[25038,24398,25022,11969,23683],"acf":[],"yoast_head":"<!-- This site is optimized with the Yoast SEO Premium plugin v18.6 (Yoast SEO v19.13) - https:\/\/yoast.com\/wordpress\/plugins\/seo\/ -->\n<title>CORAVIN Nadel Standard - Erresse Shop<\/title>\n<meta name=\"description\" content=\"CORAVIN STANDARDNADEL Standardnadel aus Edelstahl mit Teflonbeschichtung f\u00fcr maximale Haltbarkeit und einfaches Einf\u00fchren f\u00fcr Hunderte von G\u00fcssen.\" \/>\n<meta name=\"robots\" content=\"index, follow, max-snippet:-1, max-image-preview:large, max-video-preview:-1\" \/>\n<link rel=\"canonical\" href=\"https:\/\/www.erresse-shop.it\/de\/shop\/tisch\/weinbar-korkenzieher-dekanter-eiskubel\/beluefter\/coravin-timeless-aug-premium-copia\/\" \/>\n<meta property=\"og:locale\" content=\"de_DE\" \/>\n<meta property=\"og:type\" content=\"article\" \/>\n<meta property=\"og:title\" content=\"CORAVIN Nadel Standard\" \/>\n<meta property=\"og:description\" content=\"CORAVIN STANDARDNADEL Standardnadel aus Edelstahl mit Teflonbeschichtung f\u00fcr maximale Haltbarkeit und einfaches Einf\u00fchren f\u00fcr Hunderte von G\u00fcssen.\" \/>\n<meta property=\"og:url\" content=\"https:\/\/www.erresse-shop.it\/de\/shop\/tisch\/weinbar-korkenzieher-dekanter-eiskubel\/beluefter\/coravin-timeless-aug-premium-copia\/\" \/>\n<meta property=\"og:site_name\" content=\"Erresse Shop\" \/>\n<meta property=\"article:modified_time\" content=\"2025-03-14T07:09:36+00:00\" \/>\n<meta property=\"og:image\" content=\"https:\/\/www.erresse-shop.it\/wp-content\/uploads\/2025\/03\/CORAVIN-Ago-Standard.jpg\" \/>\n\t<meta property=\"og:image:width\" content=\"1200\" \/>\n\t<meta property=\"og:image:height\" content=\"1200\" \/>\n\t<meta property=\"og:image:type\" content=\"image\/jpeg\" \/>\n<meta name=\"twitter:card\" content=\"summary_large_image\" \/>\n<script type=\"application\/ld+json\" class=\"yoast-schema-graph\">{\"@context\":\"https:\/\/schema.org\",\"@graph\":[{\"@type\":\"WebPage\",\"@id\":\"https:\/\/www.erresse-shop.it\/de\/shop\/tisch\/weinbar-korkenzieher-dekanter-eiskubel\/beluefter\/coravin-timeless-aug-premium-copia\/\",\"url\":\"https:\/\/www.erresse-shop.it\/de\/shop\/tisch\/weinbar-korkenzieher-dekanter-eiskubel\/beluefter\/coravin-timeless-aug-premium-copia\/\",\"name\":\"CORAVIN Nadel Standard - Erresse Shop\",\"isPartOf\":{\"@id\":\"https:\/\/www.erresse-shop.it\/de\/#website\"},\"datePublished\":\"2025-03-14T06:54:33+00:00\",\"dateModified\":\"2025-03-14T07:09:36+00:00\",\"description\":\"CORAVIN STANDARDNADEL Standardnadel aus Edelstahl mit Teflonbeschichtung f\u00fcr maximale Haltbarkeit und einfaches Einf\u00fchren f\u00fcr Hunderte von G\u00fcssen.\",\"breadcrumb\":{\"@id\":\"https:\/\/www.erresse-shop.it\/de\/shop\/tisch\/weinbar-korkenzieher-dekanter-eiskubel\/beluefter\/coravin-timeless-aug-premium-copia\/#breadcrumb\"},\"inLanguage\":\"de-DE\",\"potentialAction\":[{\"@type\":\"ReadAction\",\"target\":[\"https:\/\/www.erresse-shop.it\/de\/shop\/tisch\/weinbar-korkenzieher-dekanter-eiskubel\/beluefter\/coravin-timeless-aug-premium-copia\/\"]}]},{\"@type\":\"BreadcrumbList\",\"@id\":\"https:\/\/www.erresse-shop.it\/de\/shop\/tisch\/weinbar-korkenzieher-dekanter-eiskubel\/beluefter\/coravin-timeless-aug-premium-copia\/#breadcrumb\",\"itemListElement\":[{\"@type\":\"ListItem\",\"position\":1,\"name\":\"Home\",\"item\":\"https:\/\/www.erresse-shop.it\/de\/\"},{\"@type\":\"ListItem\",\"position\":2,\"name\":\"Shop\",\"item\":\"https:\/\/www.erresse-shop.it\/de\/shop\/\"},{\"@type\":\"ListItem\",\"position\":3,\"name\":\"CORAVIN Nadel Standard\"}]},{\"@type\":\"WebSite\",\"@id\":\"https:\/\/www.erresse-shop.it\/de\/#website\",\"url\":\"https:\/\/www.erresse-shop.it\/de\/\",\"name\":\"Erresse Shop\",\"description\":\"Articoli di qualit\u00e0 per la casa\",\"potentialAction\":[{\"@type\":\"SearchAction\",\"target\":{\"@type\":\"EntryPoint\",\"urlTemplate\":\"https:\/\/www.erresse-shop.it\/de\/?s={search_term_string}\"},\"query-input\":\"required name=search_term_string\"}],\"inLanguage\":\"de-DE\"}]}<\/script>\n<!-- \/ Yoast SEO Premium plugin. -->","yoast_head_json":{"title":"CORAVIN Nadel Standard - Erresse Shop","description":"CORAVIN STANDARDNADEL Standardnadel aus Edelstahl mit Teflonbeschichtung f\u00fcr maximale Haltbarkeit und einfaches Einf\u00fchren f\u00fcr Hunderte von G\u00fcssen.","robots":{"index":"index","follow":"follow","max-snippet":"max-snippet:-1","max-image-preview":"max-image-preview:large","max-video-preview":"max-video-preview:-1"},"canonical":"https:\/\/www.erresse-shop.it\/de\/shop\/tisch\/weinbar-korkenzieher-dekanter-eiskubel\/beluefter\/coravin-timeless-aug-premium-copia\/","og_locale":"de_DE","og_type":"article","og_title":"CORAVIN Nadel Standard","og_description":"CORAVIN STANDARDNADEL Standardnadel aus Edelstahl mit Teflonbeschichtung f\u00fcr maximale Haltbarkeit und einfaches Einf\u00fchren f\u00fcr Hunderte von G\u00fcssen.","og_url":"https:\/\/www.erresse-shop.it\/de\/shop\/tisch\/weinbar-korkenzieher-dekanter-eiskubel\/beluefter\/coravin-timeless-aug-premium-copia\/","og_site_name":"Erresse Shop","article_modified_time":"2025-03-14T07:09:36+00:00","og_image":[{"width":1200,"height":1200,"url":"https:\/\/www.erresse-shop.it\/wp-content\/uploads\/2025\/03\/CORAVIN-Ago-Standard.jpg","type":"image\/jpeg"}],"twitter_card":"summary_large_image","schema":{"@context":"https:\/\/schema.org","@graph":[{"@type":"WebPage","@id":"https:\/\/www.erresse-shop.it\/de\/shop\/tisch\/weinbar-korkenzieher-dekanter-eiskubel\/beluefter\/coravin-timeless-aug-premium-copia\/","url":"https:\/\/www.erresse-shop.it\/de\/shop\/tisch\/weinbar-korkenzieher-dekanter-eiskubel\/beluefter\/coravin-timeless-aug-premium-copia\/","name":"CORAVIN Nadel Standard - Erresse Shop","isPartOf":{"@id":"https:\/\/www.erresse-shop.it\/de\/#website"},"datePublished":"2025-03-14T06:54:33+00:00","dateModified":"2025-03-14T07:09:36+00:00","description":"CORAVIN STANDARDNADEL Standardnadel aus Edelstahl mit Teflonbeschichtung f\u00fcr maximale Haltbarkeit und einfaches Einf\u00fchren f\u00fcr Hunderte von G\u00fcssen.","breadcrumb":{"@id":"https:\/\/www.erresse-shop.it\/de\/shop\/tisch\/weinbar-korkenzieher-dekanter-eiskubel\/beluefter\/coravin-timeless-aug-premium-copia\/#breadcrumb"},"inLanguage":"de-DE","potentialAction":[{"@type":"ReadAction","target":["https:\/\/www.erresse-shop.it\/de\/shop\/tisch\/weinbar-korkenzieher-dekanter-eiskubel\/beluefter\/coravin-timeless-aug-premium-copia\/"]}]},{"@type":"BreadcrumbList","@id":"https:\/\/www.erresse-shop.it\/de\/shop\/tisch\/weinbar-korkenzieher-dekanter-eiskubel\/beluefter\/coravin-timeless-aug-premium-copia\/#breadcrumb","itemListElement":[{"@type":"ListItem","position":1,"name":"Home","item":"https:\/\/www.erresse-shop.it\/de\/"},{"@type":"ListItem","position":2,"name":"Shop","item":"https:\/\/www.erresse-shop.it\/de\/shop\/"},{"@type":"ListItem","position":3,"name":"CORAVIN Nadel Standard"}]},{"@type":"WebSite","@id":"https:\/\/www.erresse-shop.it\/de\/#website","url":"https:\/\/www.erresse-shop.it\/de\/","name":"Erresse Shop","description":"Articoli di qualit\u00e0 per la casa","potentialAction":[{"@type":"SearchAction","target":{"@type":"EntryPoint","urlTemplate":"https:\/\/www.erresse-shop.it\/de\/?s={search_term_string}"},"query-input":"required name=search_term_string"}],"inLanguage":"de-DE"}]}},"df_price":24.429999999999996,"df_sale_price":24.429999999999996,"df_regular_price":34.9,"df_image_link":"https:\/\/www.erresse-shop.it\/wp-content\/uploads\/2025\/03\/CORAVIN-Ago-Standard-300x300.jpg","_links":{"self":[{"href":"https:\/\/www.erresse-shop.it\/de\/wp-json\/wp\/v2\/product\/477615"}],"collection":[{"href":"https:\/\/www.erresse-shop.it\/de\/wp-json\/wp\/v2\/product"}],"about":[{"href":"https:\/\/www.erresse-shop.it\/de\/wp-json\/wp\/v2\/types\/product"}],"wp:featuredmedia":[{"embeddable":true,"href":"https:\/\/www.erresse-shop.it\/de\/wp-json\/wp\/v2\/media\/477622"}],"wp:attachment":[{"href":"https:\/\/www.erresse-shop.it\/de\/wp-json\/wp\/v2\/media?parent=477615"}],"wp:term":[{"taxonomy":"product_cat","embeddable":true,"href":"https:\/\/www.erresse-shop.it\/de\/wp-json\/wp\/v2\/product_cat?post=477615"},{"taxonomy":"product_tag","embeddable":true,"href":"https:\/\/www.erresse-shop.it\/de\/wp-json\/wp\/v2\/product_tag?post=477615"}],"curies":[{"name":"wp","href":"https:\/\/api.w.org\/{rel}","templated":true}]}}