{"id":477570,"date":"2025-03-13T14:50:11","date_gmt":"2025-03-13T14:50:13","guid":{"rendered":"https:\/\/www.erresse-shop.it\/?post_type=product&#038;p=477570"},"modified":"2025-03-13T14:59:00","modified_gmt":"2025-03-13T14:59:00","slug":"coravin-model-two-schwarz-copia","status":"publish","type":"product","link":"https:\/\/www.erresse-shop.it\/de\/shop\/tisch\/weinbar-korkenzieher-dekanter-eiskubel\/beluefter\/coravin-model-two-schwarz-copia\/","title":{"rendered":"CORAVIN Model Two Elite Piano Black"},"content":{"rendered":"<p data-start=\"138\" data-end=\"418\">Das <strong data-start=\"141\" data-end=\"169\">Coravin\u2122 Model Two Elite<\/strong> ist die intuitivste und eleganteste Art, Wein einzuschenken und zu genie\u00dfen, ohne seine Frische zu beeintr\u00e4chtigen. Dank patentierter Technologie k\u00f6nnen Sie Wein jederzeit aus jeder Flasche servieren und ihn gleichzeitig vor Oxidation sch\u00fctzen.<\/p>\n<ul data-start=\"420\" data-end=\"1202\">\n<li data-start=\"420\" data-end=\"655\"><strong data-start=\"422\" data-end=\"452\">Modernes und elegantes Design<\/strong>: Mit exklusiven Farben und brillantem Chrom vereint das <strong data-start=\"501\" data-end=\"529\">Coravin\u2122 Model Two Elite<\/strong> Luxus und Funktionalit\u00e4t und wird zum perfekten Begleiter f\u00fcr Weinliebhaber und alle, die Eleganz in der K\u00fcche zu sch\u00e4tzen wissen.<\/li>\n<li data-start=\"656\" data-end=\"864\"><strong data-start=\"658\" data-end=\"678\">Benutzerfreundlichkeit<\/strong>: Das System l\u00e4sst sich leicht \u00f6ffnen und schlie\u00dfen und gew\u00e4hrleistet einen sicheren Halt der Flasche. Die Standardnadel erm\u00f6glicht eine 20 % schnellere Weinausgabe im Vergleich zu Vorg\u00e4ngermodellen.<\/li>\n<li data-start=\"865\" data-end=\"1053\"><strong data-start=\"867\" data-end=\"888\">Luftdichter Verschluss<\/strong>: Patentierte Kapseln enthalten \u00fcber 99,99 % <strong data-start=\"942\" data-end=\"960\">reines Argongas<\/strong>, wodurch Restwein vor Oxidation gesch\u00fctzt wird und die Frische bei jeder Verwendung erhalten bleibt.<\/li>\n<li data-start=\"1054\" data-end=\"1202\"><strong data-start=\"1056\" data-end=\"1082\">Einfache Installation<\/strong>: Die Kapsel l\u00e4sst sich leicht installieren und gew\u00e4hrleistet jedes Mal eine perfekte Abdichtung f\u00fcr optimalen Weinschutz.<\/li>\n<\/ul>\n<p data-start=\"1204\" data-end=\"1402\"><strong data-start=\"1204\" data-end=\"1232\">Coravin\u2122 Model Two Elite<\/strong> ist die perfekte Verschmelzung von Luxus und Technologie, ein Muss f\u00fcr alle, die jederzeit ein Glas Wein genie\u00dfen m\u00f6chten, ohne jemals Kompromisse bei der Qualit\u00e4t einzugehen.<\/p>\n<p><strong>Produktmerkmale:<\/strong><\/p>\n<ul class=\"product__spec-list\">\n<li class=\"product__tag\">Material: BPA-freies, lebensmittelechtes Polypropylen<\/li>\n<li class=\"product__tag\">Garantie: 2 Jahre<\/li>\n<li class=\"product__tag\">Abmessungen: 6,6 x 14 x 21 cm<\/li>\n<li class=\"product__tag\">Gewicht: 445 g<\/li>\n<\/ul>\n","protected":false},"excerpt":{"rendered":"<p>Das Coravin\u2122 Model Two Elite ist die intuitivste und eleganteste Art, Wein einzuschenken und zu genie\u00dfen, ohne seine Frische zu<\/p>\n","protected":false},"featured_media":477576,"template":"","meta":{"_acf_changed":false,"inline_featured_image":false},"product_cat":[6787,6850,25983],"product_tag":[21717,11969,23683],"acf":[],"yoast_head":"<!-- This site is optimized with the Yoast SEO Premium plugin v18.6 (Yoast SEO v19.13) - https:\/\/yoast.com\/wordpress\/plugins\/seo\/ -->\n<title>CORAVIN Model Two Elite Piano Black - Erresse Shop<\/title>\n<meta name=\"description\" content=\"Das Coravin\u2122 Model Two Elite ist die intuitivste und eleganteste Art, Wein einzuschenken und zu genie\u00dfen, ohne seine Frische zu beeintr\u00e4chtigen. Dank\" \/>\n<meta name=\"robots\" content=\"index, follow, max-snippet:-1, max-image-preview:large, max-video-preview:-1\" \/>\n<link rel=\"canonical\" href=\"https:\/\/www.erresse-shop.it\/de\/shop\/tisch\/weinbar-korkenzieher-dekanter-eiskubel\/beluefter\/coravin-model-two-schwarz-copia\/\" \/>\n<meta property=\"og:locale\" content=\"de_DE\" \/>\n<meta property=\"og:type\" content=\"article\" \/>\n<meta property=\"og:title\" content=\"CORAVIN Model Two Elite Piano Black\" \/>\n<meta property=\"og:description\" content=\"Das Coravin\u2122 Model Two Elite ist die intuitivste und eleganteste Art, Wein einzuschenken und zu genie\u00dfen, ohne seine Frische zu beeintr\u00e4chtigen. Dank\" \/>\n<meta property=\"og:url\" content=\"https:\/\/www.erresse-shop.it\/de\/shop\/tisch\/weinbar-korkenzieher-dekanter-eiskubel\/beluefter\/coravin-model-two-schwarz-copia\/\" \/>\n<meta property=\"og:site_name\" content=\"Erresse Shop\" \/>\n<meta property=\"article:modified_time\" content=\"2025-03-13T14:59:00+00:00\" \/>\n<meta property=\"og:image\" content=\"https:\/\/www.erresse-shop.it\/wp-content\/uploads\/2025\/03\/CORAVIN-Model-Two-Elite-Piano-Black.jpg\" \/>\n\t<meta property=\"og:image:width\" content=\"1200\" \/>\n\t<meta property=\"og:image:height\" content=\"1200\" \/>\n\t<meta property=\"og:image:type\" content=\"image\/jpeg\" \/>\n<meta name=\"twitter:card\" content=\"summary_large_image\" \/>\n<script type=\"application\/ld+json\" class=\"yoast-schema-graph\">{\"@context\":\"https:\/\/schema.org\",\"@graph\":[{\"@type\":\"WebPage\",\"@id\":\"https:\/\/www.erresse-shop.it\/de\/shop\/tisch\/weinbar-korkenzieher-dekanter-eiskubel\/beluefter\/coravin-model-two-schwarz-copia\/\",\"url\":\"https:\/\/www.erresse-shop.it\/de\/shop\/tisch\/weinbar-korkenzieher-dekanter-eiskubel\/beluefter\/coravin-model-two-schwarz-copia\/\",\"name\":\"CORAVIN Model Two Elite Piano Black - Erresse Shop\",\"isPartOf\":{\"@id\":\"https:\/\/www.erresse-shop.it\/de\/#website\"},\"datePublished\":\"2025-03-13T14:50:13+00:00\",\"dateModified\":\"2025-03-13T14:59:00+00:00\",\"description\":\"Das Coravin\u2122 Model Two Elite ist die intuitivste und eleganteste Art, Wein einzuschenken und zu genie\u00dfen, ohne seine Frische zu beeintr\u00e4chtigen. Dank\",\"breadcrumb\":{\"@id\":\"https:\/\/www.erresse-shop.it\/de\/shop\/tisch\/weinbar-korkenzieher-dekanter-eiskubel\/beluefter\/coravin-model-two-schwarz-copia\/#breadcrumb\"},\"inLanguage\":\"de-DE\",\"potentialAction\":[{\"@type\":\"ReadAction\",\"target\":[\"https:\/\/www.erresse-shop.it\/de\/shop\/tisch\/weinbar-korkenzieher-dekanter-eiskubel\/beluefter\/coravin-model-two-schwarz-copia\/\"]}]},{\"@type\":\"BreadcrumbList\",\"@id\":\"https:\/\/www.erresse-shop.it\/de\/shop\/tisch\/weinbar-korkenzieher-dekanter-eiskubel\/beluefter\/coravin-model-two-schwarz-copia\/#breadcrumb\",\"itemListElement\":[{\"@type\":\"ListItem\",\"position\":1,\"name\":\"Home\",\"item\":\"https:\/\/www.erresse-shop.it\/de\/\"},{\"@type\":\"ListItem\",\"position\":2,\"name\":\"Shop\",\"item\":\"https:\/\/www.erresse-shop.it\/de\/shop\/\"},{\"@type\":\"ListItem\",\"position\":3,\"name\":\"CORAVIN Model Two Elite Piano Black\"}]},{\"@type\":\"WebSite\",\"@id\":\"https:\/\/www.erresse-shop.it\/de\/#website\",\"url\":\"https:\/\/www.erresse-shop.it\/de\/\",\"name\":\"Erresse Shop\",\"description\":\"Articoli di qualit\u00e0 per la casa\",\"potentialAction\":[{\"@type\":\"SearchAction\",\"target\":{\"@type\":\"EntryPoint\",\"urlTemplate\":\"https:\/\/www.erresse-shop.it\/de\/?s={search_term_string}\"},\"query-input\":\"required name=search_term_string\"}],\"inLanguage\":\"de-DE\"}]}<\/script>\n<!-- \/ Yoast SEO Premium plugin. -->","yoast_head_json":{"title":"CORAVIN Model Two Elite Piano Black - Erresse Shop","description":"Das Coravin\u2122 Model Two Elite ist die intuitivste und eleganteste Art, Wein einzuschenken und zu genie\u00dfen, ohne seine Frische zu beeintr\u00e4chtigen. Dank","robots":{"index":"index","follow":"follow","max-snippet":"max-snippet:-1","max-image-preview":"max-image-preview:large","max-video-preview":"max-video-preview:-1"},"canonical":"https:\/\/www.erresse-shop.it\/de\/shop\/tisch\/weinbar-korkenzieher-dekanter-eiskubel\/beluefter\/coravin-model-two-schwarz-copia\/","og_locale":"de_DE","og_type":"article","og_title":"CORAVIN Model Two Elite Piano Black","og_description":"Das Coravin\u2122 Model Two Elite ist die intuitivste und eleganteste Art, Wein einzuschenken und zu genie\u00dfen, ohne seine Frische zu beeintr\u00e4chtigen. Dank","og_url":"https:\/\/www.erresse-shop.it\/de\/shop\/tisch\/weinbar-korkenzieher-dekanter-eiskubel\/beluefter\/coravin-model-two-schwarz-copia\/","og_site_name":"Erresse Shop","article_modified_time":"2025-03-13T14:59:00+00:00","og_image":[{"width":1200,"height":1200,"url":"https:\/\/www.erresse-shop.it\/wp-content\/uploads\/2025\/03\/CORAVIN-Model-Two-Elite-Piano-Black.jpg","type":"image\/jpeg"}],"twitter_card":"summary_large_image","schema":{"@context":"https:\/\/schema.org","@graph":[{"@type":"WebPage","@id":"https:\/\/www.erresse-shop.it\/de\/shop\/tisch\/weinbar-korkenzieher-dekanter-eiskubel\/beluefter\/coravin-model-two-schwarz-copia\/","url":"https:\/\/www.erresse-shop.it\/de\/shop\/tisch\/weinbar-korkenzieher-dekanter-eiskubel\/beluefter\/coravin-model-two-schwarz-copia\/","name":"CORAVIN Model Two Elite Piano Black - Erresse Shop","isPartOf":{"@id":"https:\/\/www.erresse-shop.it\/de\/#website"},"datePublished":"2025-03-13T14:50:13+00:00","dateModified":"2025-03-13T14:59:00+00:00","description":"Das Coravin\u2122 Model Two Elite ist die intuitivste und eleganteste Art, Wein einzuschenken und zu genie\u00dfen, ohne seine Frische zu beeintr\u00e4chtigen. Dank","breadcrumb":{"@id":"https:\/\/www.erresse-shop.it\/de\/shop\/tisch\/weinbar-korkenzieher-dekanter-eiskubel\/beluefter\/coravin-model-two-schwarz-copia\/#breadcrumb"},"inLanguage":"de-DE","potentialAction":[{"@type":"ReadAction","target":["https:\/\/www.erresse-shop.it\/de\/shop\/tisch\/weinbar-korkenzieher-dekanter-eiskubel\/beluefter\/coravin-model-two-schwarz-copia\/"]}]},{"@type":"BreadcrumbList","@id":"https:\/\/www.erresse-shop.it\/de\/shop\/tisch\/weinbar-korkenzieher-dekanter-eiskubel\/beluefter\/coravin-model-two-schwarz-copia\/#breadcrumb","itemListElement":[{"@type":"ListItem","position":1,"name":"Home","item":"https:\/\/www.erresse-shop.it\/de\/"},{"@type":"ListItem","position":2,"name":"Shop","item":"https:\/\/www.erresse-shop.it\/de\/shop\/"},{"@type":"ListItem","position":3,"name":"CORAVIN Model Two Elite Piano Black"}]},{"@type":"WebSite","@id":"https:\/\/www.erresse-shop.it\/de\/#website","url":"https:\/\/www.erresse-shop.it\/de\/","name":"Erresse Shop","description":"Articoli di qualit\u00e0 per la casa","potentialAction":[{"@type":"SearchAction","target":{"@type":"EntryPoint","urlTemplate":"https:\/\/www.erresse-shop.it\/de\/?s={search_term_string}"},"query-input":"required name=search_term_string"}],"inLanguage":"de-DE"}]}},"df_price":244.29999999999998,"df_sale_price":244.29999999999998,"df_regular_price":349,"df_image_link":"https:\/\/www.erresse-shop.it\/wp-content\/uploads\/2025\/03\/CORAVIN-Model-Two-Elite-Piano-Black-300x300.jpg","_links":{"self":[{"href":"https:\/\/www.erresse-shop.it\/de\/wp-json\/wp\/v2\/product\/477570"}],"collection":[{"href":"https:\/\/www.erresse-shop.it\/de\/wp-json\/wp\/v2\/product"}],"about":[{"href":"https:\/\/www.erresse-shop.it\/de\/wp-json\/wp\/v2\/types\/product"}],"wp:featuredmedia":[{"embeddable":true,"href":"https:\/\/www.erresse-shop.it\/de\/wp-json\/wp\/v2\/media\/477576"}],"wp:attachment":[{"href":"https:\/\/www.erresse-shop.it\/de\/wp-json\/wp\/v2\/media?parent=477570"}],"wp:term":[{"taxonomy":"product_cat","embeddable":true,"href":"https:\/\/www.erresse-shop.it\/de\/wp-json\/wp\/v2\/product_cat?post=477570"},{"taxonomy":"product_tag","embeddable":true,"href":"https:\/\/www.erresse-shop.it\/de\/wp-json\/wp\/v2\/product_tag?post=477570"}],"curies":[{"name":"wp","href":"https:\/\/api.w.org\/{rel}","templated":true}]}}