{"id":477541,"date":"2025-03-13T14:27:18","date_gmt":"2025-03-13T14:27:22","guid":{"rendered":"https:\/\/www.erresse-shop.it\/?post_type=product&#038;p=477541"},"modified":"2025-03-13T14:48:57","modified_gmt":"2025-03-13T14:48:57","slug":"coravin-timeless-six-forest-green-copia","status":"publish","type":"product","link":"https:\/\/www.erresse-shop.it\/de\/shop\/tisch\/weinbar-korkenzieher-dekanter-eiskubel\/beluefter\/coravin-timeless-six-forest-green-copia\/","title":{"rendered":"CORAVIN Model Two Schwarz"},"content":{"rendered":"<p data-start=\"131\" data-end=\"397\">Das <strong data-start=\"134\" data-end=\"155\">Coravin Model Two<\/strong> ist das innovative System zum kompromisslosen Ausschenken und Aufbewahren von Wein. Dank der <strong data-start=\"244\" data-end=\"277\">patentierten Coravin-Technologie<\/strong> k\u00f6nnen Sie jederzeit ein Glas Wein aus jeder Flasche genie\u00dfen, ohne dass der Restwein oxidiert.<\/p>\n<ul data-start=\"399\" data-end=\"1339\">\n<li data-start=\"399\" data-end=\"590\"><strong data-start=\"401\" data-end=\"421\">Benutzerfreundlichkeit<\/strong>: Das intuitive Design macht das \u00d6ffnen und Schlie\u00dfen der Flasche einfach und sicher. Der Griff an der Flasche ist stabil und gew\u00e4hrleistet eine einfache und sichere Handhabung.<\/li>\n<li data-start=\"591\" data-end=\"776\"><strong data-start=\"593\" data-end=\"622\">D\u00fcnne und leistungsstarke Nadel<\/strong>: Die d\u00fcnne Nadel erm\u00f6glicht eine 20 % schnellere Weinausgabe im Vergleich zum Vorg\u00e4ngermodell bei sicherem Verschluss und festem Halt.<\/li>\n<li data-start=\"777\" data-end=\"958\"><strong data-start=\"779\" data-end=\"817\">Einfache Kapselinstallation<\/strong>: Coravin-Kapseln sind einfach zu installieren und gew\u00e4hrleisten bei jedem Gebrauch eine luftdichte Versiegelung, sodass Ihr Wein frisch und gesch\u00fctzt bleibt.<\/li>\n<li data-start=\"959\" data-end=\"1130\"><strong data-start=\"961\" data-end=\"984\">Optimaler Schutz<\/strong>: Patentierte Kapseln enthalten \u00fcber 99,99 % <strong data-start=\"1038\" data-end=\"1056\">reines Argongas<\/strong>, wodurch der verbleibende Wein vor Oxidation gesch\u00fctzt und seine Qualit\u00e4t erhalten wird.<\/li>\n<li data-start=\"1131\" data-end=\"1339\"><strong data-start=\"1133\" data-end=\"1170\">Ideales System f\u00fcr jeden Anlass<\/strong>: Das Coravin Model Two ist perfekt f\u00fcr alle, die ein Glas Wein genie\u00dfen m\u00f6chten, ohne die Flasche entkorken zu m\u00fcssen, und sorgt so f\u00fcr langfristige Frische und Schutz.<\/li>\n<\/ul>\n<p data-start=\"1341\" data-end=\"1453\">Mit dem <strong data-start=\"1348\" data-end=\"1369\">Coravin Model Two<\/strong> bleibt jede Flasche Wein frisch und kann jederzeit genossen werden.<\/p>\n<p><strong>Produktmerkmale:<\/strong><\/p>\n<ul class=\"product__spec-list\">\n<li class=\"product__tag\">Material: BPA-freies, lebensmittelechtes Polypropylen<\/li>\n<li class=\"product__tag\">Garantie: 2 Jahre<\/li>\n<li class=\"product__tag\">Abmessungen: 6,6 x 14 x 21 cm<\/li>\n<li class=\"product__tag\">Gewicht: 445 g<\/li>\n<\/ul>\n","protected":false},"excerpt":{"rendered":"<p>Das Coravin Model Two ist das innovative System zum kompromisslosen Ausschenken und Aufbewahren von Wein. Dank der patentierten Coravin-Technologie k\u00f6nnen<\/p>\n","protected":false},"featured_media":477565,"template":"","meta":{"_acf_changed":false,"inline_featured_image":false},"product_cat":[6787,6850,25983],"product_tag":[21717,11969,23683],"acf":[],"yoast_head":"<!-- This site is optimized with the Yoast SEO Premium plugin v18.6 (Yoast SEO v19.13) - https:\/\/yoast.com\/wordpress\/plugins\/seo\/ -->\n<title>CORAVIN Model Two Schwarz - Erresse Shop<\/title>\n<meta name=\"description\" content=\"Das Coravin Model Two ist das innovative System zum kompromisslosen Ausschenken und Aufbewahren von Wein. Dank der patentierten Coravin-Technologie k\u00f6nnen\" \/>\n<meta name=\"robots\" content=\"index, follow, max-snippet:-1, max-image-preview:large, max-video-preview:-1\" \/>\n<link rel=\"canonical\" href=\"https:\/\/www.erresse-shop.it\/de\/shop\/tisch\/weinbar-korkenzieher-dekanter-eiskubel\/beluefter\/coravin-timeless-six-forest-green-copia\/\" \/>\n<meta property=\"og:locale\" content=\"de_DE\" \/>\n<meta property=\"og:type\" content=\"article\" \/>\n<meta property=\"og:title\" content=\"CORAVIN Model Two Schwarz\" \/>\n<meta property=\"og:description\" content=\"Das Coravin Model Two ist das innovative System zum kompromisslosen Ausschenken und Aufbewahren von Wein. Dank der patentierten Coravin-Technologie k\u00f6nnen\" \/>\n<meta property=\"og:url\" content=\"https:\/\/www.erresse-shop.it\/de\/shop\/tisch\/weinbar-korkenzieher-dekanter-eiskubel\/beluefter\/coravin-timeless-six-forest-green-copia\/\" \/>\n<meta property=\"og:site_name\" content=\"Erresse Shop\" \/>\n<meta property=\"article:modified_time\" content=\"2025-03-13T14:48:57+00:00\" \/>\n<meta property=\"og:image\" content=\"https:\/\/www.erresse-shop.it\/wp-content\/uploads\/2025\/03\/CORAVIN-Model-Two-Nero.jpg\" \/>\n\t<meta property=\"og:image:width\" content=\"1200\" \/>\n\t<meta property=\"og:image:height\" content=\"1200\" \/>\n\t<meta property=\"og:image:type\" content=\"image\/jpeg\" \/>\n<meta name=\"twitter:card\" content=\"summary_large_image\" \/>\n<script type=\"application\/ld+json\" class=\"yoast-schema-graph\">{\"@context\":\"https:\/\/schema.org\",\"@graph\":[{\"@type\":\"WebPage\",\"@id\":\"https:\/\/www.erresse-shop.it\/de\/shop\/tisch\/weinbar-korkenzieher-dekanter-eiskubel\/beluefter\/coravin-timeless-six-forest-green-copia\/\",\"url\":\"https:\/\/www.erresse-shop.it\/de\/shop\/tisch\/weinbar-korkenzieher-dekanter-eiskubel\/beluefter\/coravin-timeless-six-forest-green-copia\/\",\"name\":\"CORAVIN Model Two Schwarz - Erresse Shop\",\"isPartOf\":{\"@id\":\"https:\/\/www.erresse-shop.it\/de\/#website\"},\"datePublished\":\"2025-03-13T14:27:22+00:00\",\"dateModified\":\"2025-03-13T14:48:57+00:00\",\"description\":\"Das Coravin Model Two ist das innovative System zum kompromisslosen Ausschenken und Aufbewahren von Wein. Dank der patentierten Coravin-Technologie k\u00f6nnen\",\"breadcrumb\":{\"@id\":\"https:\/\/www.erresse-shop.it\/de\/shop\/tisch\/weinbar-korkenzieher-dekanter-eiskubel\/beluefter\/coravin-timeless-six-forest-green-copia\/#breadcrumb\"},\"inLanguage\":\"de-DE\",\"potentialAction\":[{\"@type\":\"ReadAction\",\"target\":[\"https:\/\/www.erresse-shop.it\/de\/shop\/tisch\/weinbar-korkenzieher-dekanter-eiskubel\/beluefter\/coravin-timeless-six-forest-green-copia\/\"]}]},{\"@type\":\"BreadcrumbList\",\"@id\":\"https:\/\/www.erresse-shop.it\/de\/shop\/tisch\/weinbar-korkenzieher-dekanter-eiskubel\/beluefter\/coravin-timeless-six-forest-green-copia\/#breadcrumb\",\"itemListElement\":[{\"@type\":\"ListItem\",\"position\":1,\"name\":\"Home\",\"item\":\"https:\/\/www.erresse-shop.it\/de\/\"},{\"@type\":\"ListItem\",\"position\":2,\"name\":\"Shop\",\"item\":\"https:\/\/www.erresse-shop.it\/de\/shop\/\"},{\"@type\":\"ListItem\",\"position\":3,\"name\":\"CORAVIN Model Two Schwarz\"}]},{\"@type\":\"WebSite\",\"@id\":\"https:\/\/www.erresse-shop.it\/de\/#website\",\"url\":\"https:\/\/www.erresse-shop.it\/de\/\",\"name\":\"Erresse Shop\",\"description\":\"Articoli di qualit\u00e0 per la casa\",\"potentialAction\":[{\"@type\":\"SearchAction\",\"target\":{\"@type\":\"EntryPoint\",\"urlTemplate\":\"https:\/\/www.erresse-shop.it\/de\/?s={search_term_string}\"},\"query-input\":\"required name=search_term_string\"}],\"inLanguage\":\"de-DE\"}]}<\/script>\n<!-- \/ Yoast SEO Premium plugin. -->","yoast_head_json":{"title":"CORAVIN Model Two Schwarz - Erresse Shop","description":"Das Coravin Model Two ist das innovative System zum kompromisslosen Ausschenken und Aufbewahren von Wein. Dank der patentierten Coravin-Technologie k\u00f6nnen","robots":{"index":"index","follow":"follow","max-snippet":"max-snippet:-1","max-image-preview":"max-image-preview:large","max-video-preview":"max-video-preview:-1"},"canonical":"https:\/\/www.erresse-shop.it\/de\/shop\/tisch\/weinbar-korkenzieher-dekanter-eiskubel\/beluefter\/coravin-timeless-six-forest-green-copia\/","og_locale":"de_DE","og_type":"article","og_title":"CORAVIN Model Two Schwarz","og_description":"Das Coravin Model Two ist das innovative System zum kompromisslosen Ausschenken und Aufbewahren von Wein. Dank der patentierten Coravin-Technologie k\u00f6nnen","og_url":"https:\/\/www.erresse-shop.it\/de\/shop\/tisch\/weinbar-korkenzieher-dekanter-eiskubel\/beluefter\/coravin-timeless-six-forest-green-copia\/","og_site_name":"Erresse Shop","article_modified_time":"2025-03-13T14:48:57+00:00","og_image":[{"width":1200,"height":1200,"url":"https:\/\/www.erresse-shop.it\/wp-content\/uploads\/2025\/03\/CORAVIN-Model-Two-Nero.jpg","type":"image\/jpeg"}],"twitter_card":"summary_large_image","schema":{"@context":"https:\/\/schema.org","@graph":[{"@type":"WebPage","@id":"https:\/\/www.erresse-shop.it\/de\/shop\/tisch\/weinbar-korkenzieher-dekanter-eiskubel\/beluefter\/coravin-timeless-six-forest-green-copia\/","url":"https:\/\/www.erresse-shop.it\/de\/shop\/tisch\/weinbar-korkenzieher-dekanter-eiskubel\/beluefter\/coravin-timeless-six-forest-green-copia\/","name":"CORAVIN Model Two Schwarz - Erresse Shop","isPartOf":{"@id":"https:\/\/www.erresse-shop.it\/de\/#website"},"datePublished":"2025-03-13T14:27:22+00:00","dateModified":"2025-03-13T14:48:57+00:00","description":"Das Coravin Model Two ist das innovative System zum kompromisslosen Ausschenken und Aufbewahren von Wein. Dank der patentierten Coravin-Technologie k\u00f6nnen","breadcrumb":{"@id":"https:\/\/www.erresse-shop.it\/de\/shop\/tisch\/weinbar-korkenzieher-dekanter-eiskubel\/beluefter\/coravin-timeless-six-forest-green-copia\/#breadcrumb"},"inLanguage":"de-DE","potentialAction":[{"@type":"ReadAction","target":["https:\/\/www.erresse-shop.it\/de\/shop\/tisch\/weinbar-korkenzieher-dekanter-eiskubel\/beluefter\/coravin-timeless-six-forest-green-copia\/"]}]},{"@type":"BreadcrumbList","@id":"https:\/\/www.erresse-shop.it\/de\/shop\/tisch\/weinbar-korkenzieher-dekanter-eiskubel\/beluefter\/coravin-timeless-six-forest-green-copia\/#breadcrumb","itemListElement":[{"@type":"ListItem","position":1,"name":"Home","item":"https:\/\/www.erresse-shop.it\/de\/"},{"@type":"ListItem","position":2,"name":"Shop","item":"https:\/\/www.erresse-shop.it\/de\/shop\/"},{"@type":"ListItem","position":3,"name":"CORAVIN Model Two Schwarz"}]},{"@type":"WebSite","@id":"https:\/\/www.erresse-shop.it\/de\/#website","url":"https:\/\/www.erresse-shop.it\/de\/","name":"Erresse Shop","description":"Articoli di qualit\u00e0 per la casa","potentialAction":[{"@type":"SearchAction","target":{"@type":"EntryPoint","urlTemplate":"https:\/\/www.erresse-shop.it\/de\/?s={search_term_string}"},"query-input":"required name=search_term_string"}],"inLanguage":"de-DE"}]}},"df_price":209.29999999999998,"df_sale_price":209.29999999999998,"df_regular_price":299,"df_image_link":"https:\/\/www.erresse-shop.it\/wp-content\/uploads\/2025\/03\/CORAVIN-Model-Two-Nero-300x300.jpg","_links":{"self":[{"href":"https:\/\/www.erresse-shop.it\/de\/wp-json\/wp\/v2\/product\/477541"}],"collection":[{"href":"https:\/\/www.erresse-shop.it\/de\/wp-json\/wp\/v2\/product"}],"about":[{"href":"https:\/\/www.erresse-shop.it\/de\/wp-json\/wp\/v2\/types\/product"}],"wp:featuredmedia":[{"embeddable":true,"href":"https:\/\/www.erresse-shop.it\/de\/wp-json\/wp\/v2\/media\/477565"}],"wp:attachment":[{"href":"https:\/\/www.erresse-shop.it\/de\/wp-json\/wp\/v2\/media?parent=477541"}],"wp:term":[{"taxonomy":"product_cat","embeddable":true,"href":"https:\/\/www.erresse-shop.it\/de\/wp-json\/wp\/v2\/product_cat?post=477541"},{"taxonomy":"product_tag","embeddable":true,"href":"https:\/\/www.erresse-shop.it\/de\/wp-json\/wp\/v2\/product_tag?post=477541"}],"curies":[{"name":"wp","href":"https:\/\/api.w.org\/{rel}","templated":true}]}}