{"id":476981,"date":"2025-03-13T06:43:10","date_gmt":"2025-03-13T06:43:11","guid":{"rendered":"https:\/\/www.erresse-shop.it\/?post_type=product&#038;p=476981"},"modified":"2025-08-29T04:00:07","modified_gmt":"2025-08-29T04:00:07","slug":"instant-pot-pro-plus-wifi-57-l-schwarz-copia","status":"publish","type":"product","link":"https:\/\/www.erresse-shop.it\/de\/shop\/kleine-elektrogeraete\/kuechenmaschinen\/instant-pot-pro-plus-wifi-57-l-schwarz-copia\/","title":{"rendered":"INSTANT POT Multicooker Rio 5,7 L Schwarz"},"content":{"rendered":"<div class=\"metafield-rich_text_field\">\n<p><strong>Der kompakte, moderne Multikocher \u2013 perfekt f\u00fcr jedes Rezept<\/strong><\/p>\n<\/div>\n<div class=\"product__description-formated \">\n<div class=\"metafield-rich_text_field\">\n<p>Der Instant Pot\u00ae Multikocher RIO\u2122 vereint sieben Funktionen in einem Ger\u00e4t und optimiert so den Platz in der K\u00fcche, ohne Abstriche bei der Leistung zu machen. Nutzen Sie ihn als Schnellkochtopf, Bratpfanne, Dampfgarer, Reiskocher, Warmhalter, Joghurtbereiter und Schongarer: Jede Funktion liefert professionelle Ergebnisse im praktischen, kompakten Format.<\/p>\n<p><strong>Eine verbesserte Version mit platzsparendem Design<\/strong><br \/>\nDer Instant Pot\u00ae RIO\u2122 ist eine Weiterentwicklung des 5,7-Liter-Modells Duo\u2122 und \u00fcberzeugt durch sein schlankes, platzsparendes Design, das sich ideal f\u00fcr K\u00fcchen jeder Gr\u00f6\u00dfe eignet. Das kompakte Profil bewahrt eine elegante \u00c4sthetik und bietet 35 % mehr Kochfl\u00e4che, sodass Sie gr\u00f6\u00dfere Portionen in k\u00fcrzerer Zeit zubereiten k\u00f6nnen.<\/p>\n<p><strong>Vereinfachte Benutzeroberfl\u00e4che f\u00fcr stets einfache Bedienung<\/strong><br \/>\nMit seiner aktualisierten und intuitiven Benutzeroberfl\u00e4che erleichtert der RIO\u2122 die Auswahl zwischen verschiedenen Kochmodi. Dank der vier anpassbaren Voreinstellungen k\u00f6nnen Sie Ihre Lieblingsrezepte schnell einstellen, w\u00e4hrend die neue Starttaste und das optimierte Dampfventil f\u00fcr eine einfache und sichere Zubereitung sorgen.<\/p>\n<p><strong>7 intelligente One-Touch-Programme f\u00fcr jede Zubereitung<\/strong><br \/>\nMit 7 voreingestellten Programmen bietet der RIO\u2122 Multikocher eine gro\u00dfe Auswahl an Kochoptionen \u2013 von Suppen, Eint\u00f6pfen und H\u00fclsenfr\u00fcchten bis hin zu Reis, Mehrkorn und Joghurt. Dar\u00fcber hinaus erm\u00f6glichen die Funktionen Schongaren, Sautieren und Dampfgaren zahlreiche Rezepte mit pr\u00e4ziser Temperatur- und Zeitkontrolle.<\/p>\n<p><strong>Hochwertige Materialien f\u00fcr einwandfreie Leistung<\/strong><br \/>\nDer RIO\u2122 besteht aus einem hochwertigen Edelstahlgeh\u00e4use und einem Innentopf und garantiert so Langlebigkeit und Verschlei\u00dffestigkeit. Die leicht zu reinigende Konstruktion sorgt f\u00fcr eine gleichm\u00e4\u00dfige W\u00e4rmeverteilung f\u00fcr optimales Garen aller Zutaten und bewahrt so Geschmack und Qualit\u00e4t der Gerichte.<\/p>\n<p><strong>Technische Daten:<\/strong><\/p>\n<ul class=\"product__spec-list\">\n<li class=\"product__tag\">Fassungsverm\u00f6gen: 5,7 l<\/li>\n<li class=\"product__tag\">Deckel und Innentopf aus Edelstahl. Au\u00dfentopf aus geb\u00fcrstetem Edelstahl mit schwarzer Oberfl\u00e4che<\/li>\n<li class=\"product__tag\">2 Jahre Garantie<\/li>\n<li class=\"product__tag\">Abmessungen: 30,8 x 35,1 x 32 cm<\/li>\n<li class=\"product__tag\">Gewicht: 5 kg<\/li>\n<li class=\"product__tag\">Anzahl der Funktionen: 13 \u2013 One-Touch-Programme<\/li>\n<\/ul>\n<\/div>\n<\/div>\n<p><span style=\"text-decoration: underline;\"><strong>Not for sale outside Europe<\/strong><\/span><\/p>\n","protected":false},"excerpt":{"rendered":"<p>Der kompakte, moderne Multikocher \u2013 perfekt f\u00fcr jedes Rezept Der Instant Pot\u00ae Multikocher RIO\u2122 vereint sieben Funktionen in einem Ger\u00e4t<\/p>\n","protected":false},"featured_media":477009,"template":"","meta":{"_acf_changed":false,"inline_featured_image":false},"product_cat":[6703,6721],"product_tag":[12328,23661,24416,24455,21533,17938,13436,12205,21822],"acf":[],"yoast_head":"<!-- This site is optimized with the Yoast SEO Premium plugin v18.6 (Yoast SEO v19.13) - https:\/\/yoast.com\/wordpress\/plugins\/seo\/ -->\n<title>INSTANT POT Pro Plus Wifi 5,7 L Schwarz<\/title>\n<meta name=\"description\" content=\"Entdecken Sie INSTANT POT Pro Plus Wifi 5,7 L Schwarz bei ErresseShop. Qualit\u00e4t, Stil und Funktionalit\u00e4t \u2013 jetzt online bestellen!\" \/>\n<meta name=\"robots\" content=\"index, follow, max-snippet:-1, max-image-preview:large, max-video-preview:-1\" \/>\n<link rel=\"canonical\" href=\"https:\/\/www.erresse-shop.it\/de\/shop\/kleine-elektrogeraete\/kuechenmaschinen\/instant-pot-pro-plus-wifi-57-l-schwarz-copia\/\" \/>\n<meta property=\"og:locale\" content=\"de_DE\" \/>\n<meta property=\"og:type\" content=\"article\" \/>\n<meta property=\"og:title\" content=\"INSTANT POT Multicooker Rio 5,7 L Schwarz\" \/>\n<meta property=\"og:description\" content=\"Entdecken Sie INSTANT POT Pro Plus Wifi 5,7 L Schwarz bei ErresseShop. Qualit\u00e4t, Stil und Funktionalit\u00e4t \u2013 jetzt online bestellen!\" \/>\n<meta property=\"og:url\" content=\"https:\/\/www.erresse-shop.it\/de\/shop\/kleine-elektrogeraete\/kuechenmaschinen\/instant-pot-pro-plus-wifi-57-l-schwarz-copia\/\" \/>\n<meta property=\"og:site_name\" content=\"Erresse Shop\" \/>\n<meta property=\"article:modified_time\" content=\"2025-08-29T04:00:07+00:00\" \/>\n<meta property=\"og:image\" content=\"https:\/\/www.erresse-shop.it\/wp-content\/uploads\/2025\/03\/INSTANT-POT-Multicooker-Rio-57-L-Nero.jpg\" \/>\n\t<meta property=\"og:image:width\" content=\"1200\" \/>\n\t<meta property=\"og:image:height\" content=\"1200\" \/>\n\t<meta property=\"og:image:type\" content=\"image\/jpeg\" \/>\n<meta name=\"twitter:card\" content=\"summary_large_image\" \/>\n<script type=\"application\/ld+json\" class=\"yoast-schema-graph\">{\"@context\":\"https:\/\/schema.org\",\"@graph\":[{\"@type\":\"WebPage\",\"@id\":\"https:\/\/www.erresse-shop.it\/de\/shop\/kleine-elektrogeraete\/kuechenmaschinen\/instant-pot-pro-plus-wifi-57-l-schwarz-copia\/\",\"url\":\"https:\/\/www.erresse-shop.it\/de\/shop\/kleine-elektrogeraete\/kuechenmaschinen\/instant-pot-pro-plus-wifi-57-l-schwarz-copia\/\",\"name\":\"INSTANT POT Pro Plus Wifi 5,7 L Schwarz\",\"isPartOf\":{\"@id\":\"https:\/\/www.erresse-shop.it\/de\/#website\"},\"datePublished\":\"2025-03-13T06:43:11+00:00\",\"dateModified\":\"2025-08-29T04:00:07+00:00\",\"description\":\"Entdecken Sie INSTANT POT Pro Plus Wifi 5,7 L Schwarz bei ErresseShop. Qualit\u00e4t, Stil und Funktionalit\u00e4t \u2013 jetzt online bestellen!\",\"breadcrumb\":{\"@id\":\"https:\/\/www.erresse-shop.it\/de\/shop\/kleine-elektrogeraete\/kuechenmaschinen\/instant-pot-pro-plus-wifi-57-l-schwarz-copia\/#breadcrumb\"},\"inLanguage\":\"de-DE\",\"potentialAction\":[{\"@type\":\"ReadAction\",\"target\":[\"https:\/\/www.erresse-shop.it\/de\/shop\/kleine-elektrogeraete\/kuechenmaschinen\/instant-pot-pro-plus-wifi-57-l-schwarz-copia\/\"]}]},{\"@type\":\"BreadcrumbList\",\"@id\":\"https:\/\/www.erresse-shop.it\/de\/shop\/kleine-elektrogeraete\/kuechenmaschinen\/instant-pot-pro-plus-wifi-57-l-schwarz-copia\/#breadcrumb\",\"itemListElement\":[{\"@type\":\"ListItem\",\"position\":1,\"name\":\"Home\",\"item\":\"https:\/\/www.erresse-shop.it\/de\/\"},{\"@type\":\"ListItem\",\"position\":2,\"name\":\"Shop\",\"item\":\"https:\/\/www.erresse-shop.it\/de\/shop\/\"},{\"@type\":\"ListItem\",\"position\":3,\"name\":\"INSTANT POT Multicooker Rio 5,7 L Schwarz\"}]},{\"@type\":\"WebSite\",\"@id\":\"https:\/\/www.erresse-shop.it\/de\/#website\",\"url\":\"https:\/\/www.erresse-shop.it\/de\/\",\"name\":\"Erresse Shop\",\"description\":\"Articoli di qualit\u00e0 per la casa\",\"potentialAction\":[{\"@type\":\"SearchAction\",\"target\":{\"@type\":\"EntryPoint\",\"urlTemplate\":\"https:\/\/www.erresse-shop.it\/de\/?s={search_term_string}\"},\"query-input\":\"required name=search_term_string\"}],\"inLanguage\":\"de-DE\"}]}<\/script>\n<!-- \/ Yoast SEO Premium plugin. -->","yoast_head_json":{"title":"INSTANT POT Pro Plus Wifi 5,7 L Schwarz","description":"Entdecken Sie INSTANT POT Pro Plus Wifi 5,7 L Schwarz bei ErresseShop. Qualit\u00e4t, Stil und Funktionalit\u00e4t \u2013 jetzt online bestellen!","robots":{"index":"index","follow":"follow","max-snippet":"max-snippet:-1","max-image-preview":"max-image-preview:large","max-video-preview":"max-video-preview:-1"},"canonical":"https:\/\/www.erresse-shop.it\/de\/shop\/kleine-elektrogeraete\/kuechenmaschinen\/instant-pot-pro-plus-wifi-57-l-schwarz-copia\/","og_locale":"de_DE","og_type":"article","og_title":"INSTANT POT Multicooker Rio 5,7 L Schwarz","og_description":"Entdecken Sie INSTANT POT Pro Plus Wifi 5,7 L Schwarz bei ErresseShop. Qualit\u00e4t, Stil und Funktionalit\u00e4t \u2013 jetzt online bestellen!","og_url":"https:\/\/www.erresse-shop.it\/de\/shop\/kleine-elektrogeraete\/kuechenmaschinen\/instant-pot-pro-plus-wifi-57-l-schwarz-copia\/","og_site_name":"Erresse Shop","article_modified_time":"2025-08-29T04:00:07+00:00","og_image":[{"width":1200,"height":1200,"url":"https:\/\/www.erresse-shop.it\/wp-content\/uploads\/2025\/03\/INSTANT-POT-Multicooker-Rio-57-L-Nero.jpg","type":"image\/jpeg"}],"twitter_card":"summary_large_image","schema":{"@context":"https:\/\/schema.org","@graph":[{"@type":"WebPage","@id":"https:\/\/www.erresse-shop.it\/de\/shop\/kleine-elektrogeraete\/kuechenmaschinen\/instant-pot-pro-plus-wifi-57-l-schwarz-copia\/","url":"https:\/\/www.erresse-shop.it\/de\/shop\/kleine-elektrogeraete\/kuechenmaschinen\/instant-pot-pro-plus-wifi-57-l-schwarz-copia\/","name":"INSTANT POT Pro Plus Wifi 5,7 L Schwarz","isPartOf":{"@id":"https:\/\/www.erresse-shop.it\/de\/#website"},"datePublished":"2025-03-13T06:43:11+00:00","dateModified":"2025-08-29T04:00:07+00:00","description":"Entdecken Sie INSTANT POT Pro Plus Wifi 5,7 L Schwarz bei ErresseShop. Qualit\u00e4t, Stil und Funktionalit\u00e4t \u2013 jetzt online bestellen!","breadcrumb":{"@id":"https:\/\/www.erresse-shop.it\/de\/shop\/kleine-elektrogeraete\/kuechenmaschinen\/instant-pot-pro-plus-wifi-57-l-schwarz-copia\/#breadcrumb"},"inLanguage":"de-DE","potentialAction":[{"@type":"ReadAction","target":["https:\/\/www.erresse-shop.it\/de\/shop\/kleine-elektrogeraete\/kuechenmaschinen\/instant-pot-pro-plus-wifi-57-l-schwarz-copia\/"]}]},{"@type":"BreadcrumbList","@id":"https:\/\/www.erresse-shop.it\/de\/shop\/kleine-elektrogeraete\/kuechenmaschinen\/instant-pot-pro-plus-wifi-57-l-schwarz-copia\/#breadcrumb","itemListElement":[{"@type":"ListItem","position":1,"name":"Home","item":"https:\/\/www.erresse-shop.it\/de\/"},{"@type":"ListItem","position":2,"name":"Shop","item":"https:\/\/www.erresse-shop.it\/de\/shop\/"},{"@type":"ListItem","position":3,"name":"INSTANT POT Multicooker Rio 5,7 L Schwarz"}]},{"@type":"WebSite","@id":"https:\/\/www.erresse-shop.it\/de\/#website","url":"https:\/\/www.erresse-shop.it\/de\/","name":"Erresse Shop","description":"Articoli di qualit\u00e0 per la casa","potentialAction":[{"@type":"SearchAction","target":{"@type":"EntryPoint","urlTemplate":"https:\/\/www.erresse-shop.it\/de\/?s={search_term_string}"},"query-input":"required name=search_term_string"}],"inLanguage":"de-DE"}]}},"df_price":89.92500000000001,"df_sale_price":89.92500000000001,"df_regular_price":119.9,"df_image_link":"https:\/\/www.erresse-shop.it\/wp-content\/uploads\/2025\/03\/INSTANT-POT-Multicooker-Rio-57-L-Nero-300x300.jpg","_links":{"self":[{"href":"https:\/\/www.erresse-shop.it\/de\/wp-json\/wp\/v2\/product\/476981"}],"collection":[{"href":"https:\/\/www.erresse-shop.it\/de\/wp-json\/wp\/v2\/product"}],"about":[{"href":"https:\/\/www.erresse-shop.it\/de\/wp-json\/wp\/v2\/types\/product"}],"wp:featuredmedia":[{"embeddable":true,"href":"https:\/\/www.erresse-shop.it\/de\/wp-json\/wp\/v2\/media\/477009"}],"wp:attachment":[{"href":"https:\/\/www.erresse-shop.it\/de\/wp-json\/wp\/v2\/media?parent=476981"}],"wp:term":[{"taxonomy":"product_cat","embeddable":true,"href":"https:\/\/www.erresse-shop.it\/de\/wp-json\/wp\/v2\/product_cat?post=476981"},{"taxonomy":"product_tag","embeddable":true,"href":"https:\/\/www.erresse-shop.it\/de\/wp-json\/wp\/v2\/product_tag?post=476981"}],"curies":[{"name":"wp","href":"https:\/\/api.w.org\/{rel}","templated":true}]}}