{"id":476917,"date":"2025-03-12T14:03:58","date_gmt":"2025-03-12T14:04:10","guid":{"rendered":"https:\/\/www.erresse-shop.it\/?post_type=product&#038;p=476917"},"modified":"2025-03-12T14:21:37","modified_gmt":"2025-03-12T14:21:37","slug":"microplane-gourmet-star-grater-schwarz-copia","status":"publish","type":"product","link":"https:\/\/www.erresse-shop.it\/de\/shop\/kuche\/reiben\/microplane-gourmet-star-grater-schwarz-copia\/","title":{"rendered":"MICROPLANE Gourmet Reibenset mit Handschuh"},"content":{"rendered":"<p>Mit der Einf\u00fchrung der Gourmet-Serie wurden die Anforderungen von Profi- und Hobbyk\u00f6chen an Konstruktion und Design von Reiben erf\u00fcllt und die Funktionalit\u00e4t weiter verbessert. Die Reiben der Gourmet-Serie \u00fcberzeugen durch ihr elegantes Design, eine rutschfeste Gummiunterlage f\u00fcr mehr Stabilit\u00e4t, einen angenehmen Soft-Touch-Griff und eine gr\u00f6\u00dfere Reibfl\u00e4che. Dieses Design erm\u00f6glicht einerseits diagonales Arbeiten, andererseits bietet die Reibe sicheren Halt auf Sch\u00fcsseln, Tellern und T\u00f6pfen.<\/p>\n<p>Das Set besteht aus einer Reibe, einem Gem\u00fcsehobel und einem Schneidhandschuh, verpackt in einer Geschenkbox.<\/p>\n<p><strong>Reibe<\/strong><\/p>\n<p>Mit den scharfen, fotoge\u00e4tzten Klingen der Reibe \u2013 hergestellt in den USA \u2013 lassen sich Lebensmittel wie Zitrusschalen, Schokolade, Ingwer, Muskatnuss etc. m\u00fchelos und pr\u00e4zise schneiden, ohne zu rei\u00dfen.<\/p>\n<p><strong>Hobel<\/strong><\/p>\n<p>Mit dem Hobel schneiden Sie Kartoffeln, Zucchini, Karotten, Rote Bete, Zwiebeln, Gurken, Radieschen, Champignons oder \u00c4pfel in hauchd\u00fcnne Scheiben von ca. 2 Millimetern Dicke.<\/p>\n<p><strong>Handschuh<\/strong><\/p>\n<p>Der Schutzhandschuh bietet Schutz und Sicherheit beim Arbeiten mit den scharfen Microplane Reiben. Er ist sowohl f\u00fcr Rechts- als auch f\u00fcr Linksh\u00e4nder geeignet und kann hygienisch bis 60 \u00b0C in der Waschmaschine gewaschen werden.<br \/>\nMicroplane &#8211; Gourmet Serie &#8211; Eigenschaften<\/p>\n<p><strong>Eigenschaften<\/strong>:<\/p>\n<p>Langlebige, rasiermesserscharfe Edelstahlklingen \u2013 Hergestellt in den USA<br \/>\nErgonomischer, angenehm weicher Griff<br \/>\nKratzfeste Kunststofff\u00fc\u00dfe<br \/>\nSp\u00fclmaschinenfest<br \/>\nEinfach zu verstauen: Wiederverwendbare Schutzh\u00fclle inklusive (nicht sp\u00fclmaschinenfest).<\/p>\n<p>&nbsp;<\/p>\n","protected":false},"excerpt":{"rendered":"<p>Mit der Einf\u00fchrung der Gourmet-Serie wurden die Anforderungen von Profi- und Hobbyk\u00f6chen an Konstruktion und Design von Reiben erf\u00fcllt und<\/p>\n","protected":false},"featured_media":476938,"template":"","meta":{"_acf_changed":false,"inline_featured_image":false},"product_cat":[6742,26038],"product_tag":[11403,12996],"acf":[],"yoast_head":"<!-- This site is optimized with the Yoast SEO Premium plugin v18.6 (Yoast SEO v19.13) - https:\/\/yoast.com\/wordpress\/plugins\/seo\/ -->\n<title>MICROPLANE Gourmet Reibenset mit Handschuh - Erresse Shop<\/title>\n<meta name=\"description\" content=\"Mit der Einf\u00fchrung der Gourmet-Serie wurden die Anforderungen von Profi- und Hobbyk\u00f6chen an Konstruktion und Design von Reiben erf\u00fcllt und die\" \/>\n<meta name=\"robots\" content=\"index, follow, max-snippet:-1, max-image-preview:large, max-video-preview:-1\" \/>\n<link rel=\"canonical\" href=\"https:\/\/www.erresse-shop.it\/de\/shop\/kuche\/reiben\/microplane-gourmet-star-grater-schwarz-copia\/\" \/>\n<meta property=\"og:locale\" content=\"de_DE\" \/>\n<meta property=\"og:type\" content=\"article\" \/>\n<meta property=\"og:title\" content=\"MICROPLANE Gourmet Reibenset mit Handschuh\" \/>\n<meta property=\"og:description\" content=\"Mit der Einf\u00fchrung der Gourmet-Serie wurden die Anforderungen von Profi- und Hobbyk\u00f6chen an Konstruktion und Design von Reiben erf\u00fcllt und die\" \/>\n<meta property=\"og:url\" content=\"https:\/\/www.erresse-shop.it\/de\/shop\/kuche\/reiben\/microplane-gourmet-star-grater-schwarz-copia\/\" \/>\n<meta property=\"og:site_name\" content=\"Erresse Shop\" \/>\n<meta property=\"article:modified_time\" content=\"2025-03-12T14:21:37+00:00\" \/>\n<meta property=\"og:image\" content=\"https:\/\/www.erresse-shop.it\/wp-content\/uploads\/2025\/03\/MICROPLANE-Gourmet-Set-Grattugia-con-Guanto.jpg\" \/>\n\t<meta property=\"og:image:width\" content=\"1200\" \/>\n\t<meta property=\"og:image:height\" content=\"1200\" \/>\n\t<meta property=\"og:image:type\" content=\"image\/jpeg\" \/>\n<meta name=\"twitter:card\" content=\"summary_large_image\" \/>\n<script type=\"application\/ld+json\" class=\"yoast-schema-graph\">{\"@context\":\"https:\/\/schema.org\",\"@graph\":[{\"@type\":\"WebPage\",\"@id\":\"https:\/\/www.erresse-shop.it\/de\/shop\/kuche\/reiben\/microplane-gourmet-star-grater-schwarz-copia\/\",\"url\":\"https:\/\/www.erresse-shop.it\/de\/shop\/kuche\/reiben\/microplane-gourmet-star-grater-schwarz-copia\/\",\"name\":\"MICROPLANE Gourmet Reibenset mit Handschuh - Erresse Shop\",\"isPartOf\":{\"@id\":\"https:\/\/www.erresse-shop.it\/de\/#website\"},\"datePublished\":\"2025-03-12T14:04:10+00:00\",\"dateModified\":\"2025-03-12T14:21:37+00:00\",\"description\":\"Mit der Einf\u00fchrung der Gourmet-Serie wurden die Anforderungen von Profi- und Hobbyk\u00f6chen an Konstruktion und Design von Reiben erf\u00fcllt und die\",\"breadcrumb\":{\"@id\":\"https:\/\/www.erresse-shop.it\/de\/shop\/kuche\/reiben\/microplane-gourmet-star-grater-schwarz-copia\/#breadcrumb\"},\"inLanguage\":\"de-DE\",\"potentialAction\":[{\"@type\":\"ReadAction\",\"target\":[\"https:\/\/www.erresse-shop.it\/de\/shop\/kuche\/reiben\/microplane-gourmet-star-grater-schwarz-copia\/\"]}]},{\"@type\":\"BreadcrumbList\",\"@id\":\"https:\/\/www.erresse-shop.it\/de\/shop\/kuche\/reiben\/microplane-gourmet-star-grater-schwarz-copia\/#breadcrumb\",\"itemListElement\":[{\"@type\":\"ListItem\",\"position\":1,\"name\":\"Home\",\"item\":\"https:\/\/www.erresse-shop.it\/de\/\"},{\"@type\":\"ListItem\",\"position\":2,\"name\":\"Shop\",\"item\":\"https:\/\/www.erresse-shop.it\/de\/shop\/\"},{\"@type\":\"ListItem\",\"position\":3,\"name\":\"MICROPLANE Gourmet Reibenset mit Handschuh\"}]},{\"@type\":\"WebSite\",\"@id\":\"https:\/\/www.erresse-shop.it\/de\/#website\",\"url\":\"https:\/\/www.erresse-shop.it\/de\/\",\"name\":\"Erresse Shop\",\"description\":\"Articoli di qualit\u00e0 per la casa\",\"potentialAction\":[{\"@type\":\"SearchAction\",\"target\":{\"@type\":\"EntryPoint\",\"urlTemplate\":\"https:\/\/www.erresse-shop.it\/de\/?s={search_term_string}\"},\"query-input\":\"required name=search_term_string\"}],\"inLanguage\":\"de-DE\"}]}<\/script>\n<!-- \/ Yoast SEO Premium plugin. -->","yoast_head_json":{"title":"MICROPLANE Gourmet Reibenset mit Handschuh - Erresse Shop","description":"Mit der Einf\u00fchrung der Gourmet-Serie wurden die Anforderungen von Profi- und Hobbyk\u00f6chen an Konstruktion und Design von Reiben erf\u00fcllt und die","robots":{"index":"index","follow":"follow","max-snippet":"max-snippet:-1","max-image-preview":"max-image-preview:large","max-video-preview":"max-video-preview:-1"},"canonical":"https:\/\/www.erresse-shop.it\/de\/shop\/kuche\/reiben\/microplane-gourmet-star-grater-schwarz-copia\/","og_locale":"de_DE","og_type":"article","og_title":"MICROPLANE Gourmet Reibenset mit Handschuh","og_description":"Mit der Einf\u00fchrung der Gourmet-Serie wurden die Anforderungen von Profi- und Hobbyk\u00f6chen an Konstruktion und Design von Reiben erf\u00fcllt und die","og_url":"https:\/\/www.erresse-shop.it\/de\/shop\/kuche\/reiben\/microplane-gourmet-star-grater-schwarz-copia\/","og_site_name":"Erresse Shop","article_modified_time":"2025-03-12T14:21:37+00:00","og_image":[{"width":1200,"height":1200,"url":"https:\/\/www.erresse-shop.it\/wp-content\/uploads\/2025\/03\/MICROPLANE-Gourmet-Set-Grattugia-con-Guanto.jpg","type":"image\/jpeg"}],"twitter_card":"summary_large_image","schema":{"@context":"https:\/\/schema.org","@graph":[{"@type":"WebPage","@id":"https:\/\/www.erresse-shop.it\/de\/shop\/kuche\/reiben\/microplane-gourmet-star-grater-schwarz-copia\/","url":"https:\/\/www.erresse-shop.it\/de\/shop\/kuche\/reiben\/microplane-gourmet-star-grater-schwarz-copia\/","name":"MICROPLANE Gourmet Reibenset mit Handschuh - Erresse Shop","isPartOf":{"@id":"https:\/\/www.erresse-shop.it\/de\/#website"},"datePublished":"2025-03-12T14:04:10+00:00","dateModified":"2025-03-12T14:21:37+00:00","description":"Mit der Einf\u00fchrung der Gourmet-Serie wurden die Anforderungen von Profi- und Hobbyk\u00f6chen an Konstruktion und Design von Reiben erf\u00fcllt und die","breadcrumb":{"@id":"https:\/\/www.erresse-shop.it\/de\/shop\/kuche\/reiben\/microplane-gourmet-star-grater-schwarz-copia\/#breadcrumb"},"inLanguage":"de-DE","potentialAction":[{"@type":"ReadAction","target":["https:\/\/www.erresse-shop.it\/de\/shop\/kuche\/reiben\/microplane-gourmet-star-grater-schwarz-copia\/"]}]},{"@type":"BreadcrumbList","@id":"https:\/\/www.erresse-shop.it\/de\/shop\/kuche\/reiben\/microplane-gourmet-star-grater-schwarz-copia\/#breadcrumb","itemListElement":[{"@type":"ListItem","position":1,"name":"Home","item":"https:\/\/www.erresse-shop.it\/de\/"},{"@type":"ListItem","position":2,"name":"Shop","item":"https:\/\/www.erresse-shop.it\/de\/shop\/"},{"@type":"ListItem","position":3,"name":"MICROPLANE Gourmet Reibenset mit Handschuh"}]},{"@type":"WebSite","@id":"https:\/\/www.erresse-shop.it\/de\/#website","url":"https:\/\/www.erresse-shop.it\/de\/","name":"Erresse Shop","description":"Articoli di qualit\u00e0 per la casa","potentialAction":[{"@type":"SearchAction","target":{"@type":"EntryPoint","urlTemplate":"https:\/\/www.erresse-shop.it\/de\/?s={search_term_string}"},"query-input":"required name=search_term_string"}],"inLanguage":"de-DE"}]}},"df_price":60,"df_sale_price":60,"df_regular_price":60,"df_image_link":"https:\/\/www.erresse-shop.it\/wp-content\/uploads\/2025\/03\/MICROPLANE-Gourmet-Set-Grattugia-con-Guanto-300x300.jpg","_links":{"self":[{"href":"https:\/\/www.erresse-shop.it\/de\/wp-json\/wp\/v2\/product\/476917"}],"collection":[{"href":"https:\/\/www.erresse-shop.it\/de\/wp-json\/wp\/v2\/product"}],"about":[{"href":"https:\/\/www.erresse-shop.it\/de\/wp-json\/wp\/v2\/types\/product"}],"wp:featuredmedia":[{"embeddable":true,"href":"https:\/\/www.erresse-shop.it\/de\/wp-json\/wp\/v2\/media\/476938"}],"wp:attachment":[{"href":"https:\/\/www.erresse-shop.it\/de\/wp-json\/wp\/v2\/media?parent=476917"}],"wp:term":[{"taxonomy":"product_cat","embeddable":true,"href":"https:\/\/www.erresse-shop.it\/de\/wp-json\/wp\/v2\/product_cat?post=476917"},{"taxonomy":"product_tag","embeddable":true,"href":"https:\/\/www.erresse-shop.it\/de\/wp-json\/wp\/v2\/product_tag?post=476917"}],"curies":[{"name":"wp","href":"https:\/\/api.w.org\/{rel}","templated":true}]}}