{"id":476888,"date":"2025-03-12T13:49:55","date_gmt":"2025-03-12T13:49:56","guid":{"rendered":"https:\/\/www.erresse-shop.it\/?post_type=product&#038;p=476888"},"modified":"2025-03-12T14:00:45","modified_gmt":"2025-03-12T14:00:45","slug":"microplane-gourmet-grobe-reibe-schwarz-copia-2","status":"publish","type":"product","link":"https:\/\/www.erresse-shop.it\/de\/shop\/kuche\/reiben\/microplane-gourmet-grobe-reibe-schwarz-copia-2\/","title":{"rendered":"MICROPLANE Gourmet Star Grater Schwarz"},"content":{"rendered":"<p>Dieses hochwertige K\u00fcchenwerkzeug macht Kochen und Zubereiten zum Kinderspiel. Die in den USA pr\u00e4zise gefertigte Reibe vereint anspruchsvolles Design mit un\u00fcbertroffener Leistung \u2013 perfekt f\u00fcr Hobbyk\u00f6che und Profik\u00f6che. Die robuste Edelstahlkonstruktion garantiert Langlebigkeit und gleichbleibende Leistung.<\/p>\n<p>Erleben Sie die Kraft der ultrascharfen, fotoge\u00e4tzten Z\u00e4hne, die das Reiben von Hartk\u00e4se wie Parmesan m\u00fchelos und effizient machen. Mit diesem Werkzeug reiben Sie festen K\u00e4se im Handumdrehen in luftige, fein geriebene H\u00e4ufchen und verfeinern Ihre Lieblingsgerichte im Handumdrehen mit frischen Zutaten f\u00fcr eine besondere Note.<\/p>\n<p>Mit ihrer gro\u00dfen Reibfl\u00e4che eignet sich diese Reibe f\u00fcr gro\u00dfz\u00fcgige Portionen und meistert so zahlreiche kulinarische Herausforderungen. Vom Pasta-Topping bis zur Zubereitung von Backzutaten \u2013 dieses vielseitige K\u00fcchenwerkzeug begleitet Sie bei der Zubereitung exquisiter Gerichte.<\/p>\n<p>Verwandeln Sie Ihre Kochgewohnheiten mit der Microplane Gourmet Series Parmesan-Sternreibe: Anspruchsvolles Design trifft auf Langlebigkeit und Komfort auf un\u00fcbertroffene Finesse.<\/p>\n<p>Verwenden Sie die Sternreibe f\u00fcr:<\/p>\n<p>Schokolade, Zimt, Kokosnuss, Hartk\u00e4se, Knoblauch und Ingwer<\/p>\n<p><strong>Produktdetails:<\/strong><\/p>\n<ul>\n<li>Abmessungen: 32,5 L x 7,4 B x 6,4 H<\/li>\n<li>Komfortabler, ergonomischer Soft-Touch-Griff mit optionaler Aufh\u00e4nge\u00f6se<\/li>\n<li>Rutschfeste Unterseite f\u00fcr zus\u00e4tzliche Stabilit\u00e4t<\/li>\n<li>Wiederverwendbare H\u00fclle f\u00fcr sichere Aufbewahrung<\/li>\n<li>Material: Rahmen aus chirurgischem Edelstahl und ge\u00e4tzte Klingen; Griff aus TPE-Kunststoff<\/li>\n<li>Klinge hergestellt in den USA, montiert in Mexiko<\/li>\n<\/ul>\n","protected":false},"excerpt":{"rendered":"<p>Dieses hochwertige K\u00fcchenwerkzeug macht Kochen und Zubereiten zum Kinderspiel. Die in den USA pr\u00e4zise gefertigte Reibe vereint anspruchsvolles Design mit<\/p>\n","protected":false},"featured_media":476914,"template":"","meta":{"_acf_changed":false,"inline_featured_image":false},"product_cat":[6742,26038],"product_tag":[11403,12996],"acf":[],"yoast_head":"<!-- This site is optimized with the Yoast SEO Premium plugin v18.6 (Yoast SEO v19.13) - https:\/\/yoast.com\/wordpress\/plugins\/seo\/ -->\n<title>MICROPLANE Gourmet Star Grater Schwarz - Erresse Shop<\/title>\n<meta name=\"description\" content=\"Dieses hochwertige K\u00fcchenwerkzeug macht Kochen und Zubereiten zum Kinderspiel. Die in den USA pr\u00e4zise gefertigte Reibe vereint anspruchsvolles Design mit\" \/>\n<meta name=\"robots\" content=\"index, follow, max-snippet:-1, max-image-preview:large, max-video-preview:-1\" \/>\n<link rel=\"canonical\" href=\"https:\/\/www.erresse-shop.it\/de\/shop\/kuche\/reiben\/microplane-gourmet-grobe-reibe-schwarz-copia-2\/\" \/>\n<meta property=\"og:locale\" content=\"de_DE\" \/>\n<meta property=\"og:type\" content=\"article\" \/>\n<meta property=\"og:title\" content=\"MICROPLANE Gourmet Star Grater Schwarz\" \/>\n<meta property=\"og:description\" content=\"Dieses hochwertige K\u00fcchenwerkzeug macht Kochen und Zubereiten zum Kinderspiel. Die in den USA pr\u00e4zise gefertigte Reibe vereint anspruchsvolles Design mit\" \/>\n<meta property=\"og:url\" content=\"https:\/\/www.erresse-shop.it\/de\/shop\/kuche\/reiben\/microplane-gourmet-grobe-reibe-schwarz-copia-2\/\" \/>\n<meta property=\"og:site_name\" content=\"Erresse Shop\" \/>\n<meta property=\"article:modified_time\" content=\"2025-03-12T14:00:45+00:00\" \/>\n<meta property=\"og:image\" content=\"https:\/\/www.erresse-shop.it\/wp-content\/uploads\/2025\/03\/MICROPLANE-Gourmet-Grattugia-a-Stella-Nero.jpg\" \/>\n\t<meta property=\"og:image:width\" content=\"1200\" \/>\n\t<meta property=\"og:image:height\" content=\"1200\" \/>\n\t<meta property=\"og:image:type\" content=\"image\/jpeg\" \/>\n<meta name=\"twitter:card\" content=\"summary_large_image\" \/>\n<script type=\"application\/ld+json\" class=\"yoast-schema-graph\">{\"@context\":\"https:\/\/schema.org\",\"@graph\":[{\"@type\":\"WebPage\",\"@id\":\"https:\/\/www.erresse-shop.it\/de\/shop\/kuche\/reiben\/microplane-gourmet-grobe-reibe-schwarz-copia-2\/\",\"url\":\"https:\/\/www.erresse-shop.it\/de\/shop\/kuche\/reiben\/microplane-gourmet-grobe-reibe-schwarz-copia-2\/\",\"name\":\"MICROPLANE Gourmet Star Grater Schwarz - Erresse Shop\",\"isPartOf\":{\"@id\":\"https:\/\/www.erresse-shop.it\/de\/#website\"},\"datePublished\":\"2025-03-12T13:49:56+00:00\",\"dateModified\":\"2025-03-12T14:00:45+00:00\",\"description\":\"Dieses hochwertige K\u00fcchenwerkzeug macht Kochen und Zubereiten zum Kinderspiel. Die in den USA pr\u00e4zise gefertigte Reibe vereint anspruchsvolles Design mit\",\"breadcrumb\":{\"@id\":\"https:\/\/www.erresse-shop.it\/de\/shop\/kuche\/reiben\/microplane-gourmet-grobe-reibe-schwarz-copia-2\/#breadcrumb\"},\"inLanguage\":\"de-DE\",\"potentialAction\":[{\"@type\":\"ReadAction\",\"target\":[\"https:\/\/www.erresse-shop.it\/de\/shop\/kuche\/reiben\/microplane-gourmet-grobe-reibe-schwarz-copia-2\/\"]}]},{\"@type\":\"BreadcrumbList\",\"@id\":\"https:\/\/www.erresse-shop.it\/de\/shop\/kuche\/reiben\/microplane-gourmet-grobe-reibe-schwarz-copia-2\/#breadcrumb\",\"itemListElement\":[{\"@type\":\"ListItem\",\"position\":1,\"name\":\"Home\",\"item\":\"https:\/\/www.erresse-shop.it\/de\/\"},{\"@type\":\"ListItem\",\"position\":2,\"name\":\"Shop\",\"item\":\"https:\/\/www.erresse-shop.it\/de\/shop\/\"},{\"@type\":\"ListItem\",\"position\":3,\"name\":\"MICROPLANE Gourmet Star Grater Schwarz\"}]},{\"@type\":\"WebSite\",\"@id\":\"https:\/\/www.erresse-shop.it\/de\/#website\",\"url\":\"https:\/\/www.erresse-shop.it\/de\/\",\"name\":\"Erresse Shop\",\"description\":\"Articoli di qualit\u00e0 per la casa\",\"potentialAction\":[{\"@type\":\"SearchAction\",\"target\":{\"@type\":\"EntryPoint\",\"urlTemplate\":\"https:\/\/www.erresse-shop.it\/de\/?s={search_term_string}\"},\"query-input\":\"required name=search_term_string\"}],\"inLanguage\":\"de-DE\"}]}<\/script>\n<!-- \/ Yoast SEO Premium plugin. -->","yoast_head_json":{"title":"MICROPLANE Gourmet Star Grater Schwarz - Erresse Shop","description":"Dieses hochwertige K\u00fcchenwerkzeug macht Kochen und Zubereiten zum Kinderspiel. Die in den USA pr\u00e4zise gefertigte Reibe vereint anspruchsvolles Design mit","robots":{"index":"index","follow":"follow","max-snippet":"max-snippet:-1","max-image-preview":"max-image-preview:large","max-video-preview":"max-video-preview:-1"},"canonical":"https:\/\/www.erresse-shop.it\/de\/shop\/kuche\/reiben\/microplane-gourmet-grobe-reibe-schwarz-copia-2\/","og_locale":"de_DE","og_type":"article","og_title":"MICROPLANE Gourmet Star Grater Schwarz","og_description":"Dieses hochwertige K\u00fcchenwerkzeug macht Kochen und Zubereiten zum Kinderspiel. Die in den USA pr\u00e4zise gefertigte Reibe vereint anspruchsvolles Design mit","og_url":"https:\/\/www.erresse-shop.it\/de\/shop\/kuche\/reiben\/microplane-gourmet-grobe-reibe-schwarz-copia-2\/","og_site_name":"Erresse Shop","article_modified_time":"2025-03-12T14:00:45+00:00","og_image":[{"width":1200,"height":1200,"url":"https:\/\/www.erresse-shop.it\/wp-content\/uploads\/2025\/03\/MICROPLANE-Gourmet-Grattugia-a-Stella-Nero.jpg","type":"image\/jpeg"}],"twitter_card":"summary_large_image","schema":{"@context":"https:\/\/schema.org","@graph":[{"@type":"WebPage","@id":"https:\/\/www.erresse-shop.it\/de\/shop\/kuche\/reiben\/microplane-gourmet-grobe-reibe-schwarz-copia-2\/","url":"https:\/\/www.erresse-shop.it\/de\/shop\/kuche\/reiben\/microplane-gourmet-grobe-reibe-schwarz-copia-2\/","name":"MICROPLANE Gourmet Star Grater Schwarz - Erresse Shop","isPartOf":{"@id":"https:\/\/www.erresse-shop.it\/de\/#website"},"datePublished":"2025-03-12T13:49:56+00:00","dateModified":"2025-03-12T14:00:45+00:00","description":"Dieses hochwertige K\u00fcchenwerkzeug macht Kochen und Zubereiten zum Kinderspiel. Die in den USA pr\u00e4zise gefertigte Reibe vereint anspruchsvolles Design mit","breadcrumb":{"@id":"https:\/\/www.erresse-shop.it\/de\/shop\/kuche\/reiben\/microplane-gourmet-grobe-reibe-schwarz-copia-2\/#breadcrumb"},"inLanguage":"de-DE","potentialAction":[{"@type":"ReadAction","target":["https:\/\/www.erresse-shop.it\/de\/shop\/kuche\/reiben\/microplane-gourmet-grobe-reibe-schwarz-copia-2\/"]}]},{"@type":"BreadcrumbList","@id":"https:\/\/www.erresse-shop.it\/de\/shop\/kuche\/reiben\/microplane-gourmet-grobe-reibe-schwarz-copia-2\/#breadcrumb","itemListElement":[{"@type":"ListItem","position":1,"name":"Home","item":"https:\/\/www.erresse-shop.it\/de\/"},{"@type":"ListItem","position":2,"name":"Shop","item":"https:\/\/www.erresse-shop.it\/de\/shop\/"},{"@type":"ListItem","position":3,"name":"MICROPLANE Gourmet Star Grater Schwarz"}]},{"@type":"WebSite","@id":"https:\/\/www.erresse-shop.it\/de\/#website","url":"https:\/\/www.erresse-shop.it\/de\/","name":"Erresse Shop","description":"Articoli di qualit\u00e0 per la casa","potentialAction":[{"@type":"SearchAction","target":{"@type":"EntryPoint","urlTemplate":"https:\/\/www.erresse-shop.it\/de\/?s={search_term_string}"},"query-input":"required name=search_term_string"}],"inLanguage":"de-DE"}]}},"df_price":18.99,"df_sale_price":18.99,"df_regular_price":18.99,"df_image_link":"https:\/\/www.erresse-shop.it\/wp-content\/uploads\/2025\/03\/MICROPLANE-Gourmet-Grattugia-a-Stella-Nero-300x300.jpg","_links":{"self":[{"href":"https:\/\/www.erresse-shop.it\/de\/wp-json\/wp\/v2\/product\/476888"}],"collection":[{"href":"https:\/\/www.erresse-shop.it\/de\/wp-json\/wp\/v2\/product"}],"about":[{"href":"https:\/\/www.erresse-shop.it\/de\/wp-json\/wp\/v2\/types\/product"}],"wp:featuredmedia":[{"embeddable":true,"href":"https:\/\/www.erresse-shop.it\/de\/wp-json\/wp\/v2\/media\/476914"}],"wp:attachment":[{"href":"https:\/\/www.erresse-shop.it\/de\/wp-json\/wp\/v2\/media?parent=476888"}],"wp:term":[{"taxonomy":"product_cat","embeddable":true,"href":"https:\/\/www.erresse-shop.it\/de\/wp-json\/wp\/v2\/product_cat?post=476888"},{"taxonomy":"product_tag","embeddable":true,"href":"https:\/\/www.erresse-shop.it\/de\/wp-json\/wp\/v2\/product_tag?post=476888"}],"curies":[{"name":"wp","href":"https:\/\/api.w.org\/{rel}","templated":true}]}}