{"id":476859,"date":"2025-03-12T13:33:52","date_gmt":"2025-03-12T13:33:59","guid":{"rendered":"https:\/\/www.erresse-shop.it\/?post_type=product&#038;p=476859"},"modified":"2026-02-23T08:57:24","modified_gmt":"2026-02-23T08:57:24","slug":"microplane-gourmet-bandreibe-schwarz","status":"publish","type":"product","link":"https:\/\/www.erresse-shop.it\/de\/shop\/kuche\/reiben\/microplane-gourmet-bandreibe-schwarz\/","title":{"rendered":"MICROPLANE Gourmet Bandreibe Schwarz"},"content":{"rendered":"<p>Die Microplane Gourmet-Serie verf\u00fcgt \u00fcber eine gro\u00dfz\u00fcgige Klinge mit gro\u00dfen Reibfl\u00e4chen und Edelstahlklingen aus den USA. Die ultrascharfen, fotoge\u00e4tzten Z\u00e4hne reiben Kartoffeln, Karotten, Zwiebeln und K\u00e4se im Handumdrehen. Der Edelstahlrahmen ist au\u00dfergew\u00f6hnlich langlebig. Der Soft-Touch-Griff erinnert an die Premium-Reiben der Classic-Serie. Der rutschfeste Fu\u00df sorgt f\u00fcr Stabilit\u00e4t beim Reiben auf Arbeitsfl\u00e4chen und Tellern.<\/p>\n<p>Verwenden Sie eine K\u00e4sebandreibe f\u00fcr:<\/p>\n<p>\u00c4pfel, Butter, Kohl, Karotten, Chilischoten, Schokolade, Kokosnuss, Hart- und Weichk\u00e4se, Zwiebeln und Zucchini.<\/p>\n<p>Dieses Werkzeug zerkleinert Lebensmittel in Streifen, w\u00e4hrend Sie sie \u00fcber die Klingen ziehen. Das Ergebnis ist bandf\u00f6rmig und eignet sich hervorragend zum Backen oder Kochen.<\/p>\n<p><strong>Produktdetails:<\/strong><\/p>\n<ul>\n<li>Abmessungen: 32,5 L x 7,4 B x 6,4 H<\/li>\n<li>Komfortabler, ergonomischer Soft-Touch-Griff mit optionaler Aufh\u00e4ngeschlaufe<\/li>\n<li>Rutschfeste Unterseite f\u00fcr zus\u00e4tzliche Stabilit\u00e4t<\/li>\n<li>Wiederverwendbare H\u00fclle f\u00fcr sichere Aufbewahrung<\/li>\n<li>Material: Rahmen aus chirurgischem Edelstahl und ge\u00e4tzte Klingen; Griff aus TPE-Kunststoff<\/li>\n<li>Klinge hergestellt in den USA, montiert in Mexiko<\/li>\n<\/ul>\n","protected":false},"excerpt":{"rendered":"<p>Die Microplane Gourmet-Serie verf\u00fcgt \u00fcber eine gro\u00dfz\u00fcgige Klinge mit gro\u00dfen Reibfl\u00e4chen und Edelstahlklingen aus den USA. Die ultrascharfen, fotoge\u00e4tzten Z\u00e4hne<\/p>\n","protected":false},"featured_media":476885,"template":"","meta":{"_acf_changed":false,"inline_featured_image":false},"product_cat":[6742,26038],"product_tag":[11403,12996],"acf":[],"yoast_head":"<!-- This site is optimized with the Yoast SEO Premium plugin v18.6 (Yoast SEO v19.13) - https:\/\/yoast.com\/wordpress\/plugins\/seo\/ -->\n<title>MICROPLANE Gourmet Bandreibe Schwarz - Erresse Shop<\/title>\n<meta name=\"description\" content=\"Die Microplane Gourmet-Serie verf\u00fcgt \u00fcber eine gro\u00dfz\u00fcgige Klinge mit gro\u00dfen Reibfl\u00e4chen und Edelstahlklingen aus den USA. Die ultrascharfen, fotoge\u00e4tzten\" \/>\n<meta name=\"robots\" content=\"index, follow, max-snippet:-1, max-image-preview:large, max-video-preview:-1\" \/>\n<link rel=\"canonical\" href=\"https:\/\/www.erresse-shop.it\/de\/shop\/kuche\/reiben\/microplane-gourmet-bandreibe-schwarz\/\" \/>\n<meta property=\"og:locale\" content=\"de_DE\" \/>\n<meta property=\"og:type\" content=\"article\" \/>\n<meta property=\"og:title\" content=\"MICROPLANE Gourmet Bandreibe Schwarz\" \/>\n<meta property=\"og:description\" content=\"Die Microplane Gourmet-Serie verf\u00fcgt \u00fcber eine gro\u00dfz\u00fcgige Klinge mit gro\u00dfen Reibfl\u00e4chen und Edelstahlklingen aus den USA. Die ultrascharfen, fotoge\u00e4tzten\" \/>\n<meta property=\"og:url\" content=\"https:\/\/www.erresse-shop.it\/de\/shop\/kuche\/reiben\/microplane-gourmet-bandreibe-schwarz\/\" \/>\n<meta property=\"og:site_name\" content=\"Erresse Shop\" \/>\n<meta property=\"article:modified_time\" content=\"2026-02-23T08:57:24+00:00\" \/>\n<meta property=\"og:image\" content=\"https:\/\/www.erresse-shop.it\/wp-content\/uploads\/2025\/03\/MICROPLANE-Gourmet-Grattugia-a-Nastro-Nero.jpg\" \/>\n\t<meta property=\"og:image:width\" content=\"1200\" \/>\n\t<meta property=\"og:image:height\" content=\"1200\" \/>\n\t<meta property=\"og:image:type\" content=\"image\/jpeg\" \/>\n<meta name=\"twitter:card\" content=\"summary_large_image\" \/>\n<script type=\"application\/ld+json\" class=\"yoast-schema-graph\">{\"@context\":\"https:\/\/schema.org\",\"@graph\":[{\"@type\":\"WebPage\",\"@id\":\"https:\/\/www.erresse-shop.it\/de\/shop\/kuche\/reiben\/microplane-gourmet-bandreibe-schwarz\/\",\"url\":\"https:\/\/www.erresse-shop.it\/de\/shop\/kuche\/reiben\/microplane-gourmet-bandreibe-schwarz\/\",\"name\":\"MICROPLANE Gourmet Bandreibe Schwarz - Erresse Shop\",\"isPartOf\":{\"@id\":\"https:\/\/www.erresse-shop.it\/de\/#website\"},\"datePublished\":\"2025-03-12T13:33:59+00:00\",\"dateModified\":\"2026-02-23T08:57:24+00:00\",\"description\":\"Die Microplane Gourmet-Serie verf\u00fcgt \u00fcber eine gro\u00dfz\u00fcgige Klinge mit gro\u00dfen Reibfl\u00e4chen und Edelstahlklingen aus den USA. Die ultrascharfen, fotoge\u00e4tzten\",\"breadcrumb\":{\"@id\":\"https:\/\/www.erresse-shop.it\/de\/shop\/kuche\/reiben\/microplane-gourmet-bandreibe-schwarz\/#breadcrumb\"},\"inLanguage\":\"de-DE\",\"potentialAction\":[{\"@type\":\"ReadAction\",\"target\":[\"https:\/\/www.erresse-shop.it\/de\/shop\/kuche\/reiben\/microplane-gourmet-bandreibe-schwarz\/\"]}]},{\"@type\":\"BreadcrumbList\",\"@id\":\"https:\/\/www.erresse-shop.it\/de\/shop\/kuche\/reiben\/microplane-gourmet-bandreibe-schwarz\/#breadcrumb\",\"itemListElement\":[{\"@type\":\"ListItem\",\"position\":1,\"name\":\"Home\",\"item\":\"https:\/\/www.erresse-shop.it\/de\/\"},{\"@type\":\"ListItem\",\"position\":2,\"name\":\"Shop\",\"item\":\"https:\/\/www.erresse-shop.it\/de\/shop\/\"},{\"@type\":\"ListItem\",\"position\":3,\"name\":\"MICROPLANE Gourmet Bandreibe Schwarz\"}]},{\"@type\":\"WebSite\",\"@id\":\"https:\/\/www.erresse-shop.it\/de\/#website\",\"url\":\"https:\/\/www.erresse-shop.it\/de\/\",\"name\":\"Erresse Shop\",\"description\":\"Articoli di qualit\u00e0 per la casa\",\"potentialAction\":[{\"@type\":\"SearchAction\",\"target\":{\"@type\":\"EntryPoint\",\"urlTemplate\":\"https:\/\/www.erresse-shop.it\/de\/?s={search_term_string}\"},\"query-input\":\"required name=search_term_string\"}],\"inLanguage\":\"de-DE\"}]}<\/script>\n<!-- \/ Yoast SEO Premium plugin. -->","yoast_head_json":{"title":"MICROPLANE Gourmet Bandreibe Schwarz - Erresse Shop","description":"Die Microplane Gourmet-Serie verf\u00fcgt \u00fcber eine gro\u00dfz\u00fcgige Klinge mit gro\u00dfen Reibfl\u00e4chen und Edelstahlklingen aus den USA. Die ultrascharfen, fotoge\u00e4tzten","robots":{"index":"index","follow":"follow","max-snippet":"max-snippet:-1","max-image-preview":"max-image-preview:large","max-video-preview":"max-video-preview:-1"},"canonical":"https:\/\/www.erresse-shop.it\/de\/shop\/kuche\/reiben\/microplane-gourmet-bandreibe-schwarz\/","og_locale":"de_DE","og_type":"article","og_title":"MICROPLANE Gourmet Bandreibe Schwarz","og_description":"Die Microplane Gourmet-Serie verf\u00fcgt \u00fcber eine gro\u00dfz\u00fcgige Klinge mit gro\u00dfen Reibfl\u00e4chen und Edelstahlklingen aus den USA. Die ultrascharfen, fotoge\u00e4tzten","og_url":"https:\/\/www.erresse-shop.it\/de\/shop\/kuche\/reiben\/microplane-gourmet-bandreibe-schwarz\/","og_site_name":"Erresse Shop","article_modified_time":"2026-02-23T08:57:24+00:00","og_image":[{"width":1200,"height":1200,"url":"https:\/\/www.erresse-shop.it\/wp-content\/uploads\/2025\/03\/MICROPLANE-Gourmet-Grattugia-a-Nastro-Nero.jpg","type":"image\/jpeg"}],"twitter_card":"summary_large_image","schema":{"@context":"https:\/\/schema.org","@graph":[{"@type":"WebPage","@id":"https:\/\/www.erresse-shop.it\/de\/shop\/kuche\/reiben\/microplane-gourmet-bandreibe-schwarz\/","url":"https:\/\/www.erresse-shop.it\/de\/shop\/kuche\/reiben\/microplane-gourmet-bandreibe-schwarz\/","name":"MICROPLANE Gourmet Bandreibe Schwarz - Erresse Shop","isPartOf":{"@id":"https:\/\/www.erresse-shop.it\/de\/#website"},"datePublished":"2025-03-12T13:33:59+00:00","dateModified":"2026-02-23T08:57:24+00:00","description":"Die Microplane Gourmet-Serie verf\u00fcgt \u00fcber eine gro\u00dfz\u00fcgige Klinge mit gro\u00dfen Reibfl\u00e4chen und Edelstahlklingen aus den USA. Die ultrascharfen, fotoge\u00e4tzten","breadcrumb":{"@id":"https:\/\/www.erresse-shop.it\/de\/shop\/kuche\/reiben\/microplane-gourmet-bandreibe-schwarz\/#breadcrumb"},"inLanguage":"de-DE","potentialAction":[{"@type":"ReadAction","target":["https:\/\/www.erresse-shop.it\/de\/shop\/kuche\/reiben\/microplane-gourmet-bandreibe-schwarz\/"]}]},{"@type":"BreadcrumbList","@id":"https:\/\/www.erresse-shop.it\/de\/shop\/kuche\/reiben\/microplane-gourmet-bandreibe-schwarz\/#breadcrumb","itemListElement":[{"@type":"ListItem","position":1,"name":"Home","item":"https:\/\/www.erresse-shop.it\/de\/"},{"@type":"ListItem","position":2,"name":"Shop","item":"https:\/\/www.erresse-shop.it\/de\/shop\/"},{"@type":"ListItem","position":3,"name":"MICROPLANE Gourmet Bandreibe Schwarz"}]},{"@type":"WebSite","@id":"https:\/\/www.erresse-shop.it\/de\/#website","url":"https:\/\/www.erresse-shop.it\/de\/","name":"Erresse Shop","description":"Articoli di qualit\u00e0 per la casa","potentialAction":[{"@type":"SearchAction","target":{"@type":"EntryPoint","urlTemplate":"https:\/\/www.erresse-shop.it\/de\/?s={search_term_string}"},"query-input":"required name=search_term_string"}],"inLanguage":"de-DE"}]}},"df_price":15.95,"df_sale_price":15.95,"df_regular_price":18.99,"df_image_link":"https:\/\/www.erresse-shop.it\/wp-content\/uploads\/2025\/03\/MICROPLANE-Gourmet-Grattugia-a-Nastro-Nero-300x300.jpg","_links":{"self":[{"href":"https:\/\/www.erresse-shop.it\/de\/wp-json\/wp\/v2\/product\/476859"}],"collection":[{"href":"https:\/\/www.erresse-shop.it\/de\/wp-json\/wp\/v2\/product"}],"about":[{"href":"https:\/\/www.erresse-shop.it\/de\/wp-json\/wp\/v2\/types\/product"}],"wp:featuredmedia":[{"embeddable":true,"href":"https:\/\/www.erresse-shop.it\/de\/wp-json\/wp\/v2\/media\/476885"}],"wp:attachment":[{"href":"https:\/\/www.erresse-shop.it\/de\/wp-json\/wp\/v2\/media?parent=476859"}],"wp:term":[{"taxonomy":"product_cat","embeddable":true,"href":"https:\/\/www.erresse-shop.it\/de\/wp-json\/wp\/v2\/product_cat?post=476859"},{"taxonomy":"product_tag","embeddable":true,"href":"https:\/\/www.erresse-shop.it\/de\/wp-json\/wp\/v2\/product_tag?post=476859"}],"curies":[{"name":"wp","href":"https:\/\/api.w.org\/{rel}","templated":true}]}}