{"id":476829,"date":"2025-03-12T13:05:42","date_gmt":"2025-03-12T13:05:43","guid":{"rendered":"https:\/\/www.erresse-shop.it\/?post_type=product&#038;p=476829"},"modified":"2025-03-12T13:31:09","modified_gmt":"2025-03-12T13:31:09","slug":"microplane-premium-classic-reibe-dunkelgrau-copia","status":"publish","type":"product","link":"https:\/\/www.erresse-shop.it\/de\/shop\/kuche\/reiben\/microplane-premium-classic-reibe-dunkelgrau-copia\/","title":{"rendered":"MICROPLANE Gourmet Grobe Reibe Schwarz"},"content":{"rendered":"<p>Microplane K\u00e4sereiben mit grober Oberfl\u00e4che werden von K\u00f6chen und Feinschmeckern weltweit verwendet! Egal, ob Sie Karotten, Hartk\u00e4se oder Kokosnuss reiben, Ihre grobe K\u00e4sereibe ist die perfekte Wahl. Die K\u00e4sereiben der Microplane Gourmet-Serie zeichnen sich durch ultrascharfe, fotoge\u00e4tzte Z\u00e4hne, eine Edelstahlkonstruktion und Soft-Touch-Griffe aus. Die Edelstahlkonstruktion sorgt f\u00fcr au\u00dfergew\u00f6hnliche Haltbarkeit. Der Soft-Touch-Griff erinnert an die Premium-Reiben der Classic-Serie. Der rutschfeste Fu\u00df sorgt f\u00fcr Stabilit\u00e4t beim Reiben auf der Arbeitsfl\u00e4che und auf Tellern. F\u00fcllen Sie Ihre K\u00fcche mit dem Besten!<\/p>\n<p>Verwenden Sie eine grobe K\u00e4sereibe f\u00fcr:<\/p>\n<p>Karotten, Schokolade, Kokosnuss und Hartk\u00e4se. Das Ergebnis sind fein geriebene Reiben.<\/p>\n<p><strong>Produktdetails:<\/strong><\/p>\n<ul>\n<li>Abmessungen: 32,5 L x 7,4 B x 6,4 H<\/li>\n<li>Komfortabler, ergonomischer Soft-Touch-Griff mit optionaler Aufh\u00e4ngeschlaufe<\/li>\n<li>Rutschfeste Unterseite f\u00fcr zus\u00e4tzliche Stabilit\u00e4t<\/li>\n<li>Wiederverwendbare H\u00fclle f\u00fcr sichere Aufbewahrung<\/li>\n<li>Material: Rahmen aus chirurgischem Edelstahl und ge\u00e4tzte Klingen; Griff aus TPE-Kunststoff<\/li>\n<li>Klinge hergestellt in den USA, montiert in Mexiko<\/li>\n<\/ul>\n","protected":false},"excerpt":{"rendered":"<p>Microplane K\u00e4sereiben mit grober Oberfl\u00e4che werden von K\u00f6chen und Feinschmeckern weltweit verwendet! Egal, ob Sie Karotten, Hartk\u00e4se oder Kokosnuss reiben,<\/p>\n","protected":false},"featured_media":476855,"template":"","meta":{"_acf_changed":false,"inline_featured_image":false},"product_cat":[6742,26038],"product_tag":[11403,12996],"acf":[],"yoast_head":"<!-- This site is optimized with the Yoast SEO Premium plugin v18.6 (Yoast SEO v19.13) - https:\/\/yoast.com\/wordpress\/plugins\/seo\/ -->\n<title>MICROPLANE Gourmet Grobe Reibe Schwarz - Erresse Shop<\/title>\n<meta name=\"description\" content=\"Microplane K\u00e4sereiben mit grober Oberfl\u00e4che werden von K\u00f6chen und Feinschmeckern weltweit verwendet! Egal, ob Sie Karotten, Hartk\u00e4se oder Kokosnuss\" \/>\n<meta name=\"robots\" content=\"index, follow, max-snippet:-1, max-image-preview:large, max-video-preview:-1\" \/>\n<link rel=\"canonical\" href=\"https:\/\/www.erresse-shop.it\/de\/shop\/kuche\/reiben\/microplane-premium-classic-reibe-dunkelgrau-copia\/\" \/>\n<meta property=\"og:locale\" content=\"de_DE\" \/>\n<meta property=\"og:type\" content=\"article\" \/>\n<meta property=\"og:title\" content=\"MICROPLANE Gourmet Grobe Reibe Schwarz\" \/>\n<meta property=\"og:description\" content=\"Microplane K\u00e4sereiben mit grober Oberfl\u00e4che werden von K\u00f6chen und Feinschmeckern weltweit verwendet! Egal, ob Sie Karotten, Hartk\u00e4se oder Kokosnuss\" \/>\n<meta property=\"og:url\" content=\"https:\/\/www.erresse-shop.it\/de\/shop\/kuche\/reiben\/microplane-premium-classic-reibe-dunkelgrau-copia\/\" \/>\n<meta property=\"og:site_name\" content=\"Erresse Shop\" \/>\n<meta property=\"article:modified_time\" content=\"2025-03-12T13:31:09+00:00\" \/>\n<meta property=\"og:image\" content=\"https:\/\/www.erresse-shop.it\/wp-content\/uploads\/2025\/03\/MICROPLANE-Gourmet-Grattugia-grossa-Nero.jpg\" \/>\n\t<meta property=\"og:image:width\" content=\"1200\" \/>\n\t<meta property=\"og:image:height\" content=\"1200\" \/>\n\t<meta property=\"og:image:type\" content=\"image\/jpeg\" \/>\n<meta name=\"twitter:card\" content=\"summary_large_image\" \/>\n<script type=\"application\/ld+json\" class=\"yoast-schema-graph\">{\"@context\":\"https:\/\/schema.org\",\"@graph\":[{\"@type\":\"WebPage\",\"@id\":\"https:\/\/www.erresse-shop.it\/de\/shop\/kuche\/reiben\/microplane-premium-classic-reibe-dunkelgrau-copia\/\",\"url\":\"https:\/\/www.erresse-shop.it\/de\/shop\/kuche\/reiben\/microplane-premium-classic-reibe-dunkelgrau-copia\/\",\"name\":\"MICROPLANE Gourmet Grobe Reibe Schwarz - Erresse Shop\",\"isPartOf\":{\"@id\":\"https:\/\/www.erresse-shop.it\/de\/#website\"},\"datePublished\":\"2025-03-12T13:05:43+00:00\",\"dateModified\":\"2025-03-12T13:31:09+00:00\",\"description\":\"Microplane K\u00e4sereiben mit grober Oberfl\u00e4che werden von K\u00f6chen und Feinschmeckern weltweit verwendet! Egal, ob Sie Karotten, Hartk\u00e4se oder Kokosnuss\",\"breadcrumb\":{\"@id\":\"https:\/\/www.erresse-shop.it\/de\/shop\/kuche\/reiben\/microplane-premium-classic-reibe-dunkelgrau-copia\/#breadcrumb\"},\"inLanguage\":\"de-DE\",\"potentialAction\":[{\"@type\":\"ReadAction\",\"target\":[\"https:\/\/www.erresse-shop.it\/de\/shop\/kuche\/reiben\/microplane-premium-classic-reibe-dunkelgrau-copia\/\"]}]},{\"@type\":\"BreadcrumbList\",\"@id\":\"https:\/\/www.erresse-shop.it\/de\/shop\/kuche\/reiben\/microplane-premium-classic-reibe-dunkelgrau-copia\/#breadcrumb\",\"itemListElement\":[{\"@type\":\"ListItem\",\"position\":1,\"name\":\"Home\",\"item\":\"https:\/\/www.erresse-shop.it\/de\/\"},{\"@type\":\"ListItem\",\"position\":2,\"name\":\"Shop\",\"item\":\"https:\/\/www.erresse-shop.it\/de\/shop\/\"},{\"@type\":\"ListItem\",\"position\":3,\"name\":\"MICROPLANE Gourmet Grobe Reibe Schwarz\"}]},{\"@type\":\"WebSite\",\"@id\":\"https:\/\/www.erresse-shop.it\/de\/#website\",\"url\":\"https:\/\/www.erresse-shop.it\/de\/\",\"name\":\"Erresse Shop\",\"description\":\"Articoli di qualit\u00e0 per la casa\",\"potentialAction\":[{\"@type\":\"SearchAction\",\"target\":{\"@type\":\"EntryPoint\",\"urlTemplate\":\"https:\/\/www.erresse-shop.it\/de\/?s={search_term_string}\"},\"query-input\":\"required name=search_term_string\"}],\"inLanguage\":\"de-DE\"}]}<\/script>\n<!-- \/ Yoast SEO Premium plugin. -->","yoast_head_json":{"title":"MICROPLANE Gourmet Grobe Reibe Schwarz - Erresse Shop","description":"Microplane K\u00e4sereiben mit grober Oberfl\u00e4che werden von K\u00f6chen und Feinschmeckern weltweit verwendet! Egal, ob Sie Karotten, Hartk\u00e4se oder Kokosnuss","robots":{"index":"index","follow":"follow","max-snippet":"max-snippet:-1","max-image-preview":"max-image-preview:large","max-video-preview":"max-video-preview:-1"},"canonical":"https:\/\/www.erresse-shop.it\/de\/shop\/kuche\/reiben\/microplane-premium-classic-reibe-dunkelgrau-copia\/","og_locale":"de_DE","og_type":"article","og_title":"MICROPLANE Gourmet Grobe Reibe Schwarz","og_description":"Microplane K\u00e4sereiben mit grober Oberfl\u00e4che werden von K\u00f6chen und Feinschmeckern weltweit verwendet! Egal, ob Sie Karotten, Hartk\u00e4se oder Kokosnuss","og_url":"https:\/\/www.erresse-shop.it\/de\/shop\/kuche\/reiben\/microplane-premium-classic-reibe-dunkelgrau-copia\/","og_site_name":"Erresse Shop","article_modified_time":"2025-03-12T13:31:09+00:00","og_image":[{"width":1200,"height":1200,"url":"https:\/\/www.erresse-shop.it\/wp-content\/uploads\/2025\/03\/MICROPLANE-Gourmet-Grattugia-grossa-Nero.jpg","type":"image\/jpeg"}],"twitter_card":"summary_large_image","schema":{"@context":"https:\/\/schema.org","@graph":[{"@type":"WebPage","@id":"https:\/\/www.erresse-shop.it\/de\/shop\/kuche\/reiben\/microplane-premium-classic-reibe-dunkelgrau-copia\/","url":"https:\/\/www.erresse-shop.it\/de\/shop\/kuche\/reiben\/microplane-premium-classic-reibe-dunkelgrau-copia\/","name":"MICROPLANE Gourmet Grobe Reibe Schwarz - Erresse Shop","isPartOf":{"@id":"https:\/\/www.erresse-shop.it\/de\/#website"},"datePublished":"2025-03-12T13:05:43+00:00","dateModified":"2025-03-12T13:31:09+00:00","description":"Microplane K\u00e4sereiben mit grober Oberfl\u00e4che werden von K\u00f6chen und Feinschmeckern weltweit verwendet! Egal, ob Sie Karotten, Hartk\u00e4se oder Kokosnuss","breadcrumb":{"@id":"https:\/\/www.erresse-shop.it\/de\/shop\/kuche\/reiben\/microplane-premium-classic-reibe-dunkelgrau-copia\/#breadcrumb"},"inLanguage":"de-DE","potentialAction":[{"@type":"ReadAction","target":["https:\/\/www.erresse-shop.it\/de\/shop\/kuche\/reiben\/microplane-premium-classic-reibe-dunkelgrau-copia\/"]}]},{"@type":"BreadcrumbList","@id":"https:\/\/www.erresse-shop.it\/de\/shop\/kuche\/reiben\/microplane-premium-classic-reibe-dunkelgrau-copia\/#breadcrumb","itemListElement":[{"@type":"ListItem","position":1,"name":"Home","item":"https:\/\/www.erresse-shop.it\/de\/"},{"@type":"ListItem","position":2,"name":"Shop","item":"https:\/\/www.erresse-shop.it\/de\/shop\/"},{"@type":"ListItem","position":3,"name":"MICROPLANE Gourmet Grobe Reibe Schwarz"}]},{"@type":"WebSite","@id":"https:\/\/www.erresse-shop.it\/de\/#website","url":"https:\/\/www.erresse-shop.it\/de\/","name":"Erresse Shop","description":"Articoli di qualit\u00e0 per la casa","potentialAction":[{"@type":"SearchAction","target":{"@type":"EntryPoint","urlTemplate":"https:\/\/www.erresse-shop.it\/de\/?s={search_term_string}"},"query-input":"required name=search_term_string"}],"inLanguage":"de-DE"}]}},"df_price":15.95,"df_sale_price":15.95,"df_regular_price":18.99,"df_image_link":"https:\/\/www.erresse-shop.it\/wp-content\/uploads\/2025\/03\/MICROPLANE-Gourmet-Grattugia-grossa-Nero-300x300.jpg","_links":{"self":[{"href":"https:\/\/www.erresse-shop.it\/de\/wp-json\/wp\/v2\/product\/476829"}],"collection":[{"href":"https:\/\/www.erresse-shop.it\/de\/wp-json\/wp\/v2\/product"}],"about":[{"href":"https:\/\/www.erresse-shop.it\/de\/wp-json\/wp\/v2\/types\/product"}],"wp:featuredmedia":[{"embeddable":true,"href":"https:\/\/www.erresse-shop.it\/de\/wp-json\/wp\/v2\/media\/476855"}],"wp:attachment":[{"href":"https:\/\/www.erresse-shop.it\/de\/wp-json\/wp\/v2\/media?parent=476829"}],"wp:term":[{"taxonomy":"product_cat","embeddable":true,"href":"https:\/\/www.erresse-shop.it\/de\/wp-json\/wp\/v2\/product_cat?post=476829"},{"taxonomy":"product_tag","embeddable":true,"href":"https:\/\/www.erresse-shop.it\/de\/wp-json\/wp\/v2\/product_tag?post=476829"}],"curies":[{"name":"wp","href":"https:\/\/api.w.org\/{rel}","templated":true}]}}