{"id":476779,"date":"2025-03-12T11:29:02","date_gmt":"2025-03-12T11:29:03","guid":{"rendered":"https:\/\/www.erresse-shop.it\/?post_type=product&#038;p=476779"},"modified":"2025-03-13T14:13:03","modified_gmt":"2025-03-13T14:13:03","slug":"microplane-premium-classic-reibe-roter-granatapfel-copia","status":"publish","type":"product","link":"https:\/\/www.erresse-shop.it\/de\/shop\/kuche\/reiben\/microplane-premium-classic-reibe-roter-granatapfel-copia\/","title":{"rendered":"MICROPLANE Premium Classic Zester Reibe Salbeigr\u00fcn"},"content":{"rendered":"<p>Entdecken Sie die geheime Zutat f\u00fcr ein perfektes Gericht mit der Microplane Premium Classic Reibe. Dieses vielseitige K\u00fcchenwerkzeug wurde sowohl f\u00fcr Profik\u00f6che als auch f\u00fcr Hobbyk\u00f6che entwickelt und vereint m\u00fcheloses Reiben und Raspeln, um Ihre kulinarischen Kreationen zu verfeinern.<\/p>\n<p><strong>Eigenschaften:<\/strong><\/p>\n<ul>\n<li><strong>Ergonomisches Design<\/strong>: Erleben Sie unvergleichlichen Komfort mit unserem Soft-Touch-Griff. Er ist stabil und griffig und sorgt f\u00fcr pr\u00e4zise Kontrolle und Sicherheit.<\/li>\n<li><strong>Hochwertige Verarbeitung<\/strong>: Unsere Reibe aus robustem Edelstahl garantiert langanhaltende Sch\u00e4rfe und reibt selbst den h\u00e4rtesten Parmigiano Reggiano in feine, lockere Streifen.<\/li>\n<li><strong>Vielseitig einsetzbar<\/strong>: Ob Sie Ihren zitronigen Desserts einen Hauch von Zitrusgeschmack verleihen oder Ihre Lieblingspasta mit frisch geriebenem K\u00e4se verfeinern m\u00f6chten \u2013 unsere Reibe ist Ihr treuer K\u00fcchenbegleiter.<\/li>\n<li><strong>Sichere Aufbewahrung<\/strong>: Jede Microplane Premium Classic Reibe wird mit einer wiederverwendbaren Schutzh\u00fclle geliefert, die eine sichere Aufbewahrung gew\u00e4hrleistet und die Sch\u00e4rfe der Klinge erh\u00e4lt.<\/li>\n<\/ul>\n<p><strong>Warum die Microplane Premium Classic Reibe w\u00e4hlen?<\/strong><\/p>\n<p>Unsere Premium Classic Linie verbessert die Die Classic Reibe bietet intuitive Funktionen, ohne Kompromisse bei der hervorragenden Reib- und Quetschleistung einzugehen, f\u00fcr die Microplane bekannt ist. Kratzfeste Laschen sch\u00fctzen Oberfl\u00e4chen und erm\u00f6glichen nahtloses Reiben in Sch\u00fcsseln und auf Tellern.<\/p>\n<p>Die <strong>Microplane Premium Classic Reibe<\/strong> ist ein unverzichtbares Werkzeug in Ihrem K\u00fcchenalltag und eignet sich perfekt zum Verfeinern von Hartk\u00e4se mit delikaten Garnituren oder zum Verfeinern Ihrer Gerichte mit aromatischer Zitrusnote.<\/p>\n<p><strong>Produktdetails:<\/strong><\/p>\n<ul>\n<li>Ma\u00dfe: 32 x 3,5 x 3 cm<\/li>\n<li>Inklusive wiederverwendbarer Schutzh\u00fclle<\/li>\n<li>Gummif\u00fc\u00dfe f\u00fcr zus\u00e4tzlichen Halt<\/li>\n<li>Ergonomischer Soft-Touch-Griff<\/li>\n<li>Materialien: Klinge aus chirurgischem Edelstahl. Griff aus TPE-Kunststoff<\/li>\n<li>Klinge hergestellt in den USA, montiert in Mexiko.<\/li>\n<\/ul>\n","protected":false},"excerpt":{"rendered":"<p>Entdecken Sie die geheime Zutat f\u00fcr ein perfektes Gericht mit der Microplane Premium Classic Reibe. Dieses vielseitige K\u00fcchenwerkzeug wurde sowohl<\/p>\n","protected":false},"featured_media":476799,"template":"","meta":{"_acf_changed":false,"inline_featured_image":false},"product_cat":[6742,26038],"product_tag":[11403,12996],"acf":[],"yoast_head":"<!-- This site is optimized with the Yoast SEO Premium plugin v18.6 (Yoast SEO v19.13) - https:\/\/yoast.com\/wordpress\/plugins\/seo\/ -->\n<title>MICROPLANE Premium Classic Zester Reibe Salbeigr\u00fcn - Erresse Shop<\/title>\n<meta name=\"description\" content=\"Entdecken Sie die geheime Zutat f\u00fcr ein perfektes Gericht mit der Microplane Premium Classic Reibe. Dieses vielseitige K\u00fcchenwerkzeug wurde sowohl f\u00fcr\" \/>\n<meta name=\"robots\" content=\"index, follow, max-snippet:-1, max-image-preview:large, max-video-preview:-1\" \/>\n<link rel=\"canonical\" href=\"https:\/\/www.erresse-shop.it\/de\/shop\/kuche\/reiben\/microplane-premium-classic-reibe-roter-granatapfel-copia\/\" \/>\n<meta property=\"og:locale\" content=\"de_DE\" \/>\n<meta property=\"og:type\" content=\"article\" \/>\n<meta property=\"og:title\" content=\"MICROPLANE Premium Classic Zester Reibe Salbeigr\u00fcn\" \/>\n<meta property=\"og:description\" content=\"Entdecken Sie die geheime Zutat f\u00fcr ein perfektes Gericht mit der Microplane Premium Classic Reibe. Dieses vielseitige K\u00fcchenwerkzeug wurde sowohl f\u00fcr\" \/>\n<meta property=\"og:url\" content=\"https:\/\/www.erresse-shop.it\/de\/shop\/kuche\/reiben\/microplane-premium-classic-reibe-roter-granatapfel-copia\/\" \/>\n<meta property=\"og:site_name\" content=\"Erresse Shop\" \/>\n<meta property=\"article:modified_time\" content=\"2025-03-13T14:13:03+00:00\" \/>\n<meta property=\"og:image\" content=\"https:\/\/www.erresse-shop.it\/wp-content\/uploads\/2025\/03\/MICROPLANE-Premium-Classic-Grattugia-Verde-Salvia.jpg\" \/>\n\t<meta property=\"og:image:width\" content=\"1200\" \/>\n\t<meta property=\"og:image:height\" content=\"1200\" \/>\n\t<meta property=\"og:image:type\" content=\"image\/jpeg\" \/>\n<meta name=\"twitter:card\" content=\"summary_large_image\" \/>\n<script type=\"application\/ld+json\" class=\"yoast-schema-graph\">{\"@context\":\"https:\/\/schema.org\",\"@graph\":[{\"@type\":\"WebPage\",\"@id\":\"https:\/\/www.erresse-shop.it\/de\/shop\/kuche\/reiben\/microplane-premium-classic-reibe-roter-granatapfel-copia\/\",\"url\":\"https:\/\/www.erresse-shop.it\/de\/shop\/kuche\/reiben\/microplane-premium-classic-reibe-roter-granatapfel-copia\/\",\"name\":\"MICROPLANE Premium Classic Zester Reibe Salbeigr\u00fcn - Erresse Shop\",\"isPartOf\":{\"@id\":\"https:\/\/www.erresse-shop.it\/de\/#website\"},\"datePublished\":\"2025-03-12T11:29:03+00:00\",\"dateModified\":\"2025-03-13T14:13:03+00:00\",\"description\":\"Entdecken Sie die geheime Zutat f\u00fcr ein perfektes Gericht mit der Microplane Premium Classic Reibe. Dieses vielseitige K\u00fcchenwerkzeug wurde sowohl f\u00fcr\",\"breadcrumb\":{\"@id\":\"https:\/\/www.erresse-shop.it\/de\/shop\/kuche\/reiben\/microplane-premium-classic-reibe-roter-granatapfel-copia\/#breadcrumb\"},\"inLanguage\":\"de-DE\",\"potentialAction\":[{\"@type\":\"ReadAction\",\"target\":[\"https:\/\/www.erresse-shop.it\/de\/shop\/kuche\/reiben\/microplane-premium-classic-reibe-roter-granatapfel-copia\/\"]}]},{\"@type\":\"BreadcrumbList\",\"@id\":\"https:\/\/www.erresse-shop.it\/de\/shop\/kuche\/reiben\/microplane-premium-classic-reibe-roter-granatapfel-copia\/#breadcrumb\",\"itemListElement\":[{\"@type\":\"ListItem\",\"position\":1,\"name\":\"Home\",\"item\":\"https:\/\/www.erresse-shop.it\/de\/\"},{\"@type\":\"ListItem\",\"position\":2,\"name\":\"Shop\",\"item\":\"https:\/\/www.erresse-shop.it\/de\/shop\/\"},{\"@type\":\"ListItem\",\"position\":3,\"name\":\"MICROPLANE Premium Classic Zester Reibe Salbeigr\u00fcn\"}]},{\"@type\":\"WebSite\",\"@id\":\"https:\/\/www.erresse-shop.it\/de\/#website\",\"url\":\"https:\/\/www.erresse-shop.it\/de\/\",\"name\":\"Erresse Shop\",\"description\":\"Articoli di qualit\u00e0 per la casa\",\"potentialAction\":[{\"@type\":\"SearchAction\",\"target\":{\"@type\":\"EntryPoint\",\"urlTemplate\":\"https:\/\/www.erresse-shop.it\/de\/?s={search_term_string}\"},\"query-input\":\"required name=search_term_string\"}],\"inLanguage\":\"de-DE\"}]}<\/script>\n<!-- \/ Yoast SEO Premium plugin. -->","yoast_head_json":{"title":"MICROPLANE Premium Classic Zester Reibe Salbeigr\u00fcn - Erresse Shop","description":"Entdecken Sie die geheime Zutat f\u00fcr ein perfektes Gericht mit der Microplane Premium Classic Reibe. Dieses vielseitige K\u00fcchenwerkzeug wurde sowohl f\u00fcr","robots":{"index":"index","follow":"follow","max-snippet":"max-snippet:-1","max-image-preview":"max-image-preview:large","max-video-preview":"max-video-preview:-1"},"canonical":"https:\/\/www.erresse-shop.it\/de\/shop\/kuche\/reiben\/microplane-premium-classic-reibe-roter-granatapfel-copia\/","og_locale":"de_DE","og_type":"article","og_title":"MICROPLANE Premium Classic Zester Reibe Salbeigr\u00fcn","og_description":"Entdecken Sie die geheime Zutat f\u00fcr ein perfektes Gericht mit der Microplane Premium Classic Reibe. Dieses vielseitige K\u00fcchenwerkzeug wurde sowohl f\u00fcr","og_url":"https:\/\/www.erresse-shop.it\/de\/shop\/kuche\/reiben\/microplane-premium-classic-reibe-roter-granatapfel-copia\/","og_site_name":"Erresse Shop","article_modified_time":"2025-03-13T14:13:03+00:00","og_image":[{"width":1200,"height":1200,"url":"https:\/\/www.erresse-shop.it\/wp-content\/uploads\/2025\/03\/MICROPLANE-Premium-Classic-Grattugia-Verde-Salvia.jpg","type":"image\/jpeg"}],"twitter_card":"summary_large_image","schema":{"@context":"https:\/\/schema.org","@graph":[{"@type":"WebPage","@id":"https:\/\/www.erresse-shop.it\/de\/shop\/kuche\/reiben\/microplane-premium-classic-reibe-roter-granatapfel-copia\/","url":"https:\/\/www.erresse-shop.it\/de\/shop\/kuche\/reiben\/microplane-premium-classic-reibe-roter-granatapfel-copia\/","name":"MICROPLANE Premium Classic Zester Reibe Salbeigr\u00fcn - Erresse Shop","isPartOf":{"@id":"https:\/\/www.erresse-shop.it\/de\/#website"},"datePublished":"2025-03-12T11:29:03+00:00","dateModified":"2025-03-13T14:13:03+00:00","description":"Entdecken Sie die geheime Zutat f\u00fcr ein perfektes Gericht mit der Microplane Premium Classic Reibe. Dieses vielseitige K\u00fcchenwerkzeug wurde sowohl f\u00fcr","breadcrumb":{"@id":"https:\/\/www.erresse-shop.it\/de\/shop\/kuche\/reiben\/microplane-premium-classic-reibe-roter-granatapfel-copia\/#breadcrumb"},"inLanguage":"de-DE","potentialAction":[{"@type":"ReadAction","target":["https:\/\/www.erresse-shop.it\/de\/shop\/kuche\/reiben\/microplane-premium-classic-reibe-roter-granatapfel-copia\/"]}]},{"@type":"BreadcrumbList","@id":"https:\/\/www.erresse-shop.it\/de\/shop\/kuche\/reiben\/microplane-premium-classic-reibe-roter-granatapfel-copia\/#breadcrumb","itemListElement":[{"@type":"ListItem","position":1,"name":"Home","item":"https:\/\/www.erresse-shop.it\/de\/"},{"@type":"ListItem","position":2,"name":"Shop","item":"https:\/\/www.erresse-shop.it\/de\/shop\/"},{"@type":"ListItem","position":3,"name":"MICROPLANE Premium Classic Zester Reibe Salbeigr\u00fcn"}]},{"@type":"WebSite","@id":"https:\/\/www.erresse-shop.it\/de\/#website","url":"https:\/\/www.erresse-shop.it\/de\/","name":"Erresse Shop","description":"Articoli di qualit\u00e0 per la casa","potentialAction":[{"@type":"SearchAction","target":{"@type":"EntryPoint","urlTemplate":"https:\/\/www.erresse-shop.it\/de\/?s={search_term_string}"},"query-input":"required name=search_term_string"}],"inLanguage":"de-DE"}]}},"df_price":17.99,"df_sale_price":17.99,"df_regular_price":17.99,"df_image_link":"https:\/\/www.erresse-shop.it\/wp-content\/uploads\/2025\/03\/MICROPLANE-Premium-Classic-Grattugia-Verde-Salvia-300x300.jpg","_links":{"self":[{"href":"https:\/\/www.erresse-shop.it\/de\/wp-json\/wp\/v2\/product\/476779"}],"collection":[{"href":"https:\/\/www.erresse-shop.it\/de\/wp-json\/wp\/v2\/product"}],"about":[{"href":"https:\/\/www.erresse-shop.it\/de\/wp-json\/wp\/v2\/types\/product"}],"wp:featuredmedia":[{"embeddable":true,"href":"https:\/\/www.erresse-shop.it\/de\/wp-json\/wp\/v2\/media\/476799"}],"wp:attachment":[{"href":"https:\/\/www.erresse-shop.it\/de\/wp-json\/wp\/v2\/media?parent=476779"}],"wp:term":[{"taxonomy":"product_cat","embeddable":true,"href":"https:\/\/www.erresse-shop.it\/de\/wp-json\/wp\/v2\/product_cat?post=476779"},{"taxonomy":"product_tag","embeddable":true,"href":"https:\/\/www.erresse-shop.it\/de\/wp-json\/wp\/v2\/product_tag?post=476779"}],"curies":[{"name":"wp","href":"https:\/\/api.w.org\/{rel}","templated":true}]}}