{"id":476607,"date":"2025-03-12T10:05:55","date_gmt":"2025-03-12T10:05:56","guid":{"rendered":"https:\/\/www.erresse-shop.it\/?post_type=product&#038;p=476607"},"modified":"2025-03-12T10:23:25","modified_gmt":"2025-03-12T10:23:25","slug":"zwilling-fresh-save-glas-vakuum-set-8-teilig-la-mer-copia","status":"publish","type":"product","link":"https:\/\/www.erresse-shop.it\/de\/shop\/kuche\/vakuum\/zwilling-fresh-save-glas-vakuum-set-8-teilig-la-mer-copia\/","title":{"rendered":"ZWILLING Fresh&#038;Save Vakuum-Set aus Kunststoff 8-teilig La Mer"},"content":{"rendered":"<p>Mit dem Frische &#038; Vakuum Aufbewahrungsset Sparen Sie, Lebensmittel bleiben bis zu 5-mal l\u00e4nger frisch als bei herk\u00f6mmlicher Lagerung und bewahren Aromen und N\u00e4hrstoffe. Das spart nicht nur Zeit und Geld, sondern vermeidet auch Lebensmittelabf\u00e4lle.<\/p>\n<p><strong>Fresh Vacuum:<\/strong> Die FRESH &amp; Vakuumpumpe SAVE ist kabellos und leicht zu handhaben und saugt mit einem einfachen Knopfdruck in wenigen Sekunden Luft aus dem Beh\u00e4lter oder Beutel. Sobald gen\u00fcgend Luft entwichen ist, stoppt die Vakuumiermaschine automatisch.<\/p>\n<p><strong>2-in-1-Lunchbox f\u00fcr Zuhause und unterwegs:<\/strong> Praktischer herausnehmbarer Trenner zum Trennen zweier unterschiedlicher Speisen. Die Lunchbox bietet eine optimale H\u00f6he f\u00fcr belegte Br\u00f6tchen, Aufschnitt und rohes Fingerfood.<\/p>\n<p><strong>Platzsparende Vakuumbeutel:<\/strong> Mit den robusten Fresh &amp; Sicher, Lebensmittel k\u00f6nnen dank Rei\u00dfverschluss luftdicht im Gefrier- und K\u00fchlschrank aufbewahrt werden und dank der Vakuumauskleidung geh\u00f6rt Gefrierbrand der Vergangenheit an. Wiederverwendbare Frischhaltebeutel inklusive Marinierhilfe eignen sich optimal zum Sous Vide Garen und Marinieren.<\/p>\n<p><strong>Paketinhalt:<\/strong><\/p>\n<ul>\n<li>1 Vakuumpumpe (Durchmesser 4,5 cm, H\u00f6he 19,5 cm)<\/li>\n<li>1 Vakuumbeh\u00e4lter aus Kunststoff L (2 L, 22 x 15 x 12 cm)<\/li>\n<li>1 flacher Vakuumbeh\u00e4lter L (1 L, 22 x 12 cm)<\/li>\n<li>2 Vakuumbeutel S (je 1,25 L, 23 x 20 cm)<\/li>\n<li>2 Vakuumbeutel M (je 4 L, 35 x 26 cm)<\/li>\n<li>1 Vakuumbeutel L (8,5 L, 49 x 30 cm)<\/li>\n<\/ul>\n","protected":false},"excerpt":{"rendered":"<p>Mit dem Frische &#038; Vakuum Aufbewahrungsset Sparen Sie, Lebensmittel bleiben bis zu 5-mal l\u00e4nger frisch als bei herk\u00f6mmlicher Lagerung und<\/p>\n","protected":false},"featured_media":476599,"template":"","meta":{"_acf_changed":false,"inline_featured_image":false},"product_cat":[6742,26043],"product_tag":[],"acf":[],"yoast_head":"<!-- This site is optimized with the Yoast SEO Premium plugin v18.6 (Yoast SEO v19.13) - https:\/\/yoast.com\/wordpress\/plugins\/seo\/ -->\n<title>ZWILLINGLa Mer Fresh&amp;Save Glas\/Kunststoff-Vakuum-Set 16 Teile<\/title>\n<meta name=\"description\" content=\"Entdecken Sie ZWILLINGLa Mer Fresh&amp;Save Glas\/Kunststoff-Vakuum-Set 16 Teile bei ErresseShop. Qualit\u00e4t, Stil und Funktionalit\u00e4t \u2013 jetzt online bestellen!\" \/>\n<meta name=\"robots\" content=\"index, follow, max-snippet:-1, max-image-preview:large, max-video-preview:-1\" \/>\n<link rel=\"canonical\" href=\"https:\/\/www.erresse-shop.it\/de\/shop\/kuche\/vakuum\/zwilling-fresh-save-glas-vakuum-set-8-teilig-la-mer-copia\/\" \/>\n<meta property=\"og:locale\" content=\"de_DE\" \/>\n<meta property=\"og:type\" content=\"article\" \/>\n<meta property=\"og:title\" content=\"ZWILLING Fresh&amp;Save Vakuum-Set aus Kunststoff 8-teilig La Mer\" \/>\n<meta property=\"og:description\" content=\"Entdecken Sie ZWILLINGLa Mer Fresh&amp;Save Glas\/Kunststoff-Vakuum-Set 16 Teile bei ErresseShop. Qualit\u00e4t, Stil und Funktionalit\u00e4t \u2013 jetzt online bestellen!\" \/>\n<meta property=\"og:url\" content=\"https:\/\/www.erresse-shop.it\/de\/shop\/kuche\/vakuum\/zwilling-fresh-save-glas-vakuum-set-8-teilig-la-mer-copia\/\" \/>\n<meta property=\"og:site_name\" content=\"Erresse Shop\" \/>\n<meta property=\"article:modified_time\" content=\"2025-03-12T10:23:25+00:00\" \/>\n<meta property=\"og:image\" content=\"https:\/\/www.erresse-shop.it\/wp-content\/uploads\/2025\/03\/ZWILLING-Set-Sottovuoto-FreshSave-in-Vetro-8-Pezzi-La-Mer.jpg\" \/>\n\t<meta property=\"og:image:width\" content=\"1200\" \/>\n\t<meta property=\"og:image:height\" content=\"1200\" \/>\n\t<meta property=\"og:image:type\" content=\"image\/jpeg\" \/>\n<meta name=\"twitter:card\" content=\"summary_large_image\" \/>\n<script type=\"application\/ld+json\" class=\"yoast-schema-graph\">{\"@context\":\"https:\/\/schema.org\",\"@graph\":[{\"@type\":\"WebPage\",\"@id\":\"https:\/\/www.erresse-shop.it\/de\/shop\/kuche\/vakuum\/zwilling-fresh-save-glas-vakuum-set-8-teilig-la-mer-copia\/\",\"url\":\"https:\/\/www.erresse-shop.it\/de\/shop\/kuche\/vakuum\/zwilling-fresh-save-glas-vakuum-set-8-teilig-la-mer-copia\/\",\"name\":\"ZWILLINGLa Mer Fresh&Save Glas\/Kunststoff-Vakuum-Set 16 Teile\",\"isPartOf\":{\"@id\":\"https:\/\/www.erresse-shop.it\/de\/#website\"},\"datePublished\":\"2025-03-12T10:05:56+00:00\",\"dateModified\":\"2025-03-12T10:23:25+00:00\",\"description\":\"Entdecken Sie ZWILLINGLa Mer Fresh&Save Glas\/Kunststoff-Vakuum-Set 16 Teile bei ErresseShop. Qualit\u00e4t, Stil und Funktionalit\u00e4t \u2013 jetzt online bestellen!\",\"breadcrumb\":{\"@id\":\"https:\/\/www.erresse-shop.it\/de\/shop\/kuche\/vakuum\/zwilling-fresh-save-glas-vakuum-set-8-teilig-la-mer-copia\/#breadcrumb\"},\"inLanguage\":\"de-DE\",\"potentialAction\":[{\"@type\":\"ReadAction\",\"target\":[\"https:\/\/www.erresse-shop.it\/de\/shop\/kuche\/vakuum\/zwilling-fresh-save-glas-vakuum-set-8-teilig-la-mer-copia\/\"]}]},{\"@type\":\"BreadcrumbList\",\"@id\":\"https:\/\/www.erresse-shop.it\/de\/shop\/kuche\/vakuum\/zwilling-fresh-save-glas-vakuum-set-8-teilig-la-mer-copia\/#breadcrumb\",\"itemListElement\":[{\"@type\":\"ListItem\",\"position\":1,\"name\":\"Home\",\"item\":\"https:\/\/www.erresse-shop.it\/de\/\"},{\"@type\":\"ListItem\",\"position\":2,\"name\":\"Shop\",\"item\":\"https:\/\/www.erresse-shop.it\/de\/shop\/\"},{\"@type\":\"ListItem\",\"position\":3,\"name\":\"ZWILLING Fresh&#038;Save Vakuum-Set aus Kunststoff 8-teilig La Mer\"}]},{\"@type\":\"WebSite\",\"@id\":\"https:\/\/www.erresse-shop.it\/de\/#website\",\"url\":\"https:\/\/www.erresse-shop.it\/de\/\",\"name\":\"Erresse Shop\",\"description\":\"Articoli di qualit\u00e0 per la casa\",\"potentialAction\":[{\"@type\":\"SearchAction\",\"target\":{\"@type\":\"EntryPoint\",\"urlTemplate\":\"https:\/\/www.erresse-shop.it\/de\/?s={search_term_string}\"},\"query-input\":\"required name=search_term_string\"}],\"inLanguage\":\"de-DE\"}]}<\/script>\n<!-- \/ Yoast SEO Premium plugin. -->","yoast_head_json":{"title":"ZWILLINGLa Mer Fresh&Save Glas\/Kunststoff-Vakuum-Set 16 Teile","description":"Entdecken Sie ZWILLINGLa Mer Fresh&Save Glas\/Kunststoff-Vakuum-Set 16 Teile bei ErresseShop. Qualit\u00e4t, Stil und Funktionalit\u00e4t \u2013 jetzt online bestellen!","robots":{"index":"index","follow":"follow","max-snippet":"max-snippet:-1","max-image-preview":"max-image-preview:large","max-video-preview":"max-video-preview:-1"},"canonical":"https:\/\/www.erresse-shop.it\/de\/shop\/kuche\/vakuum\/zwilling-fresh-save-glas-vakuum-set-8-teilig-la-mer-copia\/","og_locale":"de_DE","og_type":"article","og_title":"ZWILLING Fresh&Save Vakuum-Set aus Kunststoff 8-teilig La Mer","og_description":"Entdecken Sie ZWILLINGLa Mer Fresh&Save Glas\/Kunststoff-Vakuum-Set 16 Teile bei ErresseShop. Qualit\u00e4t, Stil und Funktionalit\u00e4t \u2013 jetzt online bestellen!","og_url":"https:\/\/www.erresse-shop.it\/de\/shop\/kuche\/vakuum\/zwilling-fresh-save-glas-vakuum-set-8-teilig-la-mer-copia\/","og_site_name":"Erresse Shop","article_modified_time":"2025-03-12T10:23:25+00:00","og_image":[{"width":1200,"height":1200,"url":"https:\/\/www.erresse-shop.it\/wp-content\/uploads\/2025\/03\/ZWILLING-Set-Sottovuoto-FreshSave-in-Vetro-8-Pezzi-La-Mer.jpg","type":"image\/jpeg"}],"twitter_card":"summary_large_image","schema":{"@context":"https:\/\/schema.org","@graph":[{"@type":"WebPage","@id":"https:\/\/www.erresse-shop.it\/de\/shop\/kuche\/vakuum\/zwilling-fresh-save-glas-vakuum-set-8-teilig-la-mer-copia\/","url":"https:\/\/www.erresse-shop.it\/de\/shop\/kuche\/vakuum\/zwilling-fresh-save-glas-vakuum-set-8-teilig-la-mer-copia\/","name":"ZWILLINGLa Mer Fresh&Save Glas\/Kunststoff-Vakuum-Set 16 Teile","isPartOf":{"@id":"https:\/\/www.erresse-shop.it\/de\/#website"},"datePublished":"2025-03-12T10:05:56+00:00","dateModified":"2025-03-12T10:23:25+00:00","description":"Entdecken Sie ZWILLINGLa Mer Fresh&Save Glas\/Kunststoff-Vakuum-Set 16 Teile bei ErresseShop. Qualit\u00e4t, Stil und Funktionalit\u00e4t \u2013 jetzt online bestellen!","breadcrumb":{"@id":"https:\/\/www.erresse-shop.it\/de\/shop\/kuche\/vakuum\/zwilling-fresh-save-glas-vakuum-set-8-teilig-la-mer-copia\/#breadcrumb"},"inLanguage":"de-DE","potentialAction":[{"@type":"ReadAction","target":["https:\/\/www.erresse-shop.it\/de\/shop\/kuche\/vakuum\/zwilling-fresh-save-glas-vakuum-set-8-teilig-la-mer-copia\/"]}]},{"@type":"BreadcrumbList","@id":"https:\/\/www.erresse-shop.it\/de\/shop\/kuche\/vakuum\/zwilling-fresh-save-glas-vakuum-set-8-teilig-la-mer-copia\/#breadcrumb","itemListElement":[{"@type":"ListItem","position":1,"name":"Home","item":"https:\/\/www.erresse-shop.it\/de\/"},{"@type":"ListItem","position":2,"name":"Shop","item":"https:\/\/www.erresse-shop.it\/de\/shop\/"},{"@type":"ListItem","position":3,"name":"ZWILLING Fresh&#038;Save Vakuum-Set aus Kunststoff 8-teilig La Mer"}]},{"@type":"WebSite","@id":"https:\/\/www.erresse-shop.it\/de\/#website","url":"https:\/\/www.erresse-shop.it\/de\/","name":"Erresse Shop","description":"Articoli di qualit\u00e0 per la casa","potentialAction":[{"@type":"SearchAction","target":{"@type":"EntryPoint","urlTemplate":"https:\/\/www.erresse-shop.it\/de\/?s={search_term_string}"},"query-input":"required name=search_term_string"}],"inLanguage":"de-DE"}]}},"df_price":42.5,"df_sale_price":42.5,"df_regular_price":85,"df_image_link":"https:\/\/www.erresse-shop.it\/wp-content\/uploads\/2025\/03\/ZWILLING-Set-Sottovuoto-FreshSave-in-Vetro-8-Pezzi-La-Mer-300x300.jpg","_links":{"self":[{"href":"https:\/\/www.erresse-shop.it\/de\/wp-json\/wp\/v2\/product\/476607"}],"collection":[{"href":"https:\/\/www.erresse-shop.it\/de\/wp-json\/wp\/v2\/product"}],"about":[{"href":"https:\/\/www.erresse-shop.it\/de\/wp-json\/wp\/v2\/types\/product"}],"wp:featuredmedia":[{"embeddable":true,"href":"https:\/\/www.erresse-shop.it\/de\/wp-json\/wp\/v2\/media\/476599"}],"wp:attachment":[{"href":"https:\/\/www.erresse-shop.it\/de\/wp-json\/wp\/v2\/media?parent=476607"}],"wp:term":[{"taxonomy":"product_cat","embeddable":true,"href":"https:\/\/www.erresse-shop.it\/de\/wp-json\/wp\/v2\/product_cat?post=476607"},{"taxonomy":"product_tag","embeddable":true,"href":"https:\/\/www.erresse-shop.it\/de\/wp-json\/wp\/v2\/product_tag?post=476607"}],"curies":[{"name":"wp","href":"https:\/\/api.w.org\/{rel}","templated":true}]}}