{"id":476490,"date":"2025-03-12T08:57:17","date_gmt":"2025-03-12T08:57:18","guid":{"rendered":"https:\/\/www.erresse-shop.it\/?post_type=product&#038;p=476490"},"modified":"2025-03-12T09:27:25","modified_gmt":"2025-03-12T09:27:25","slug":"zwillingla-mer-freshsave-glas-kunststoff-vakuum-set-16-teile-copia","status":"publish","type":"product","link":"https:\/\/www.erresse-shop.it\/de\/shop\/kuche\/vakuum\/zwillingla-mer-freshsave-glas-kunststoff-vakuum-set-16-teile-copia\/","title":{"rendered":"ZWILLING Fresh &#038; Save Vakuum-Set aus Kunststoff 7-teilig La Mer"},"content":{"rendered":"<p><span class=\"a-list-item\"><strong>Der Zwilling Vakuumierer:<\/strong> Lebensmittel bleiben bis zu 5-mal l\u00e4nger frisch als bei herk\u00f6mmlicher Lagerung und mit der FRESH &amp; SPAREN, Aromen und N\u00e4hrstoffe bleiben erhalten. So sparen Sie nicht nur Zeit und Geld, sondern vermeiden auch Lebensmittelabf\u00e4lle.<\/span><\/p>\n<p><span class=\"a-list-item\"><strong>Frische durch Vakuumverpackung<\/strong>: Wenn Sie die Taste dr\u00fccken, beginnt die FRESH &amp; Vakuumpumpe, Lebensmittel zu versiegeln. SAVE, praktisch und kabellos, saugt in wenigen Sekunden Luft aus dem Beh\u00e4lter oder Beutel. Das Ger\u00e4t stoppt automatisch, sobald die richtige Luftmenge abgesaugt ist.<\/span><\/p>\n<p><span class=\"a-list-item\"><strong>Vakuumbeh\u00e4lter:<\/strong> FRISCHE &amp; Vakuumbeh\u00e4lter SAVE, unzerbrechlich und aus BPA-freiem Kunststoff, sind vielseitig einsetzbar. Egal, ob Sie sie in der Mikrowelle, im Gefrierschrank oder im K\u00fchlschrank verwenden, diese leichten Beh\u00e4lter lassen Sie nie im Stich und sind sp\u00fclmaschinenfest.<\/span><\/p>\n<p><span class=\"a-list-item\"><strong>Platzsparende Vakuumbeutel:<\/strong> Dank der Zip-Lock-Funktion der langlebigen FRESH &amp; Vakuumbeutel k\u00f6nnen Lebensmittel luftdicht im Gefrierschrank und K\u00fchlschrank aufbewahrt werden. SPEICHERN. Die wiederverwendbaren Frischhaltebeutel inklusive Marinierzubeh\u00f6r eignen sich optimal zum Sous-vide-Garen und Marinieren.<\/span><\/p>\n<p><strong><span class=\"a-list-item\">PAKETINHALT: <\/span><\/strong><\/p>\n<ul>\n<li><span class=\"a-list-item\">1 Vakuumpumpe (\u00d8 4,5 cm, H 19,5 cm)<\/span><\/li>\n<li><span class=\"a-list-item\">1 Vakuumbeh\u00e4lter aus Borosilikatglas, Gr\u00f6\u00dfe L (2,3 L, 22 x 15 x 12 cm), <\/span><\/li>\n<li><span class=\"a-list-item\">2 Vakuumbeutel, Gr\u00f6\u00dfe S (1,25 L, 23 x 20 cm), <\/span><\/li>\n<li><span class=\"a-list-item\">2 Vakuumbeutel, Gr\u00f6\u00dfe M (4 L, 35 x 26 cm), <\/span><\/li>\n<li><span class=\"a-list-item\">1 Vakuumbeutel, Gr\u00f6\u00dfe L (8,5 L, 49 x 30 cm), inkl. Rei\u00dfverschluss und Marinierzubeh\u00f6r<\/span><\/li>\n<\/ul>\n<p><span class=\"a-list-item\">Lebensmittel bleiben dank der Vakuumfunktion l\u00e4nger frisch<\/span><\/p>\n<p><span class=\"a-list-item\">Einfache \u00dcberwachung der Haltbarkeit von Lebensmitteln per QR-Code und App<\/span><\/p>\n","protected":false},"excerpt":{"rendered":"<p>Der Zwilling Vakuumierer: Lebensmittel bleiben bis zu 5-mal l\u00e4nger frisch als bei herk\u00f6mmlicher Lagerung und mit der FRESH &amp; SPAREN,<\/p>\n","protected":false},"featured_media":476523,"template":"","meta":{"_acf_changed":false,"inline_featured_image":false},"product_cat":[6742,26043],"product_tag":[],"acf":[],"yoast_head":"<!-- This site is optimized with the Yoast SEO Premium plugin v18.6 (Yoast SEO v19.13) - https:\/\/yoast.com\/wordpress\/plugins\/seo\/ -->\n<title>ZWILLINGLa Mer Fresh&amp;Save Glas\/Kunststoff-Vakuum-Set 16 Teile<\/title>\n<meta name=\"description\" content=\"Entdecken Sie ZWILLINGLa Mer Fresh&amp;Save Glas\/Kunststoff-Vakuum-Set 16 Teile bei ErresseShop. Qualit\u00e4t, Stil und Funktionalit\u00e4t \u2013 jetzt online bestellen!\" \/>\n<meta name=\"robots\" content=\"index, follow, max-snippet:-1, max-image-preview:large, max-video-preview:-1\" \/>\n<link rel=\"canonical\" href=\"https:\/\/www.erresse-shop.it\/de\/shop\/kuche\/vakuum\/zwillingla-mer-freshsave-glas-kunststoff-vakuum-set-16-teile-copia\/\" \/>\n<meta property=\"og:locale\" content=\"de_DE\" \/>\n<meta property=\"og:type\" content=\"article\" \/>\n<meta property=\"og:title\" content=\"ZWILLING Fresh &amp; Save Vakuum-Set aus Kunststoff 7-teilig La Mer\" \/>\n<meta property=\"og:description\" content=\"Entdecken Sie ZWILLINGLa Mer Fresh&amp;Save Glas\/Kunststoff-Vakuum-Set 16 Teile bei ErresseShop. Qualit\u00e4t, Stil und Funktionalit\u00e4t \u2013 jetzt online bestellen!\" \/>\n<meta property=\"og:url\" content=\"https:\/\/www.erresse-shop.it\/de\/shop\/kuche\/vakuum\/zwillingla-mer-freshsave-glas-kunststoff-vakuum-set-16-teile-copia\/\" \/>\n<meta property=\"og:site_name\" content=\"Erresse Shop\" \/>\n<meta property=\"article:modified_time\" content=\"2025-03-12T09:27:25+00:00\" \/>\n<meta property=\"og:image\" content=\"https:\/\/www.erresse-shop.it\/wp-content\/uploads\/2025\/03\/ZWILLING-Set-Sottovuoto-FreshSave-in-Plastica-7-Pezzi-La-Mer.jpg\" \/>\n\t<meta property=\"og:image:width\" content=\"1200\" \/>\n\t<meta property=\"og:image:height\" content=\"1200\" \/>\n\t<meta property=\"og:image:type\" content=\"image\/jpeg\" \/>\n<meta name=\"twitter:card\" content=\"summary_large_image\" \/>\n<script type=\"application\/ld+json\" class=\"yoast-schema-graph\">{\"@context\":\"https:\/\/schema.org\",\"@graph\":[{\"@type\":\"WebPage\",\"@id\":\"https:\/\/www.erresse-shop.it\/de\/shop\/kuche\/vakuum\/zwillingla-mer-freshsave-glas-kunststoff-vakuum-set-16-teile-copia\/\",\"url\":\"https:\/\/www.erresse-shop.it\/de\/shop\/kuche\/vakuum\/zwillingla-mer-freshsave-glas-kunststoff-vakuum-set-16-teile-copia\/\",\"name\":\"ZWILLINGLa Mer Fresh&Save Glas\/Kunststoff-Vakuum-Set 16 Teile\",\"isPartOf\":{\"@id\":\"https:\/\/www.erresse-shop.it\/de\/#website\"},\"datePublished\":\"2025-03-12T08:57:18+00:00\",\"dateModified\":\"2025-03-12T09:27:25+00:00\",\"description\":\"Entdecken Sie ZWILLINGLa Mer Fresh&Save Glas\/Kunststoff-Vakuum-Set 16 Teile bei ErresseShop. Qualit\u00e4t, Stil und Funktionalit\u00e4t \u2013 jetzt online bestellen!\",\"breadcrumb\":{\"@id\":\"https:\/\/www.erresse-shop.it\/de\/shop\/kuche\/vakuum\/zwillingla-mer-freshsave-glas-kunststoff-vakuum-set-16-teile-copia\/#breadcrumb\"},\"inLanguage\":\"de-DE\",\"potentialAction\":[{\"@type\":\"ReadAction\",\"target\":[\"https:\/\/www.erresse-shop.it\/de\/shop\/kuche\/vakuum\/zwillingla-mer-freshsave-glas-kunststoff-vakuum-set-16-teile-copia\/\"]}]},{\"@type\":\"BreadcrumbList\",\"@id\":\"https:\/\/www.erresse-shop.it\/de\/shop\/kuche\/vakuum\/zwillingla-mer-freshsave-glas-kunststoff-vakuum-set-16-teile-copia\/#breadcrumb\",\"itemListElement\":[{\"@type\":\"ListItem\",\"position\":1,\"name\":\"Home\",\"item\":\"https:\/\/www.erresse-shop.it\/de\/\"},{\"@type\":\"ListItem\",\"position\":2,\"name\":\"Shop\",\"item\":\"https:\/\/www.erresse-shop.it\/de\/shop\/\"},{\"@type\":\"ListItem\",\"position\":3,\"name\":\"ZWILLING Fresh &#038; Save Vakuum-Set aus Kunststoff 7-teilig La Mer\"}]},{\"@type\":\"WebSite\",\"@id\":\"https:\/\/www.erresse-shop.it\/de\/#website\",\"url\":\"https:\/\/www.erresse-shop.it\/de\/\",\"name\":\"Erresse Shop\",\"description\":\"Articoli di qualit\u00e0 per la casa\",\"potentialAction\":[{\"@type\":\"SearchAction\",\"target\":{\"@type\":\"EntryPoint\",\"urlTemplate\":\"https:\/\/www.erresse-shop.it\/de\/?s={search_term_string}\"},\"query-input\":\"required name=search_term_string\"}],\"inLanguage\":\"de-DE\"}]}<\/script>\n<!-- \/ Yoast SEO Premium plugin. -->","yoast_head_json":{"title":"ZWILLINGLa Mer Fresh&Save Glas\/Kunststoff-Vakuum-Set 16 Teile","description":"Entdecken Sie ZWILLINGLa Mer Fresh&Save Glas\/Kunststoff-Vakuum-Set 16 Teile bei ErresseShop. Qualit\u00e4t, Stil und Funktionalit\u00e4t \u2013 jetzt online bestellen!","robots":{"index":"index","follow":"follow","max-snippet":"max-snippet:-1","max-image-preview":"max-image-preview:large","max-video-preview":"max-video-preview:-1"},"canonical":"https:\/\/www.erresse-shop.it\/de\/shop\/kuche\/vakuum\/zwillingla-mer-freshsave-glas-kunststoff-vakuum-set-16-teile-copia\/","og_locale":"de_DE","og_type":"article","og_title":"ZWILLING Fresh & Save Vakuum-Set aus Kunststoff 7-teilig La Mer","og_description":"Entdecken Sie ZWILLINGLa Mer Fresh&Save Glas\/Kunststoff-Vakuum-Set 16 Teile bei ErresseShop. Qualit\u00e4t, Stil und Funktionalit\u00e4t \u2013 jetzt online bestellen!","og_url":"https:\/\/www.erresse-shop.it\/de\/shop\/kuche\/vakuum\/zwillingla-mer-freshsave-glas-kunststoff-vakuum-set-16-teile-copia\/","og_site_name":"Erresse Shop","article_modified_time":"2025-03-12T09:27:25+00:00","og_image":[{"width":1200,"height":1200,"url":"https:\/\/www.erresse-shop.it\/wp-content\/uploads\/2025\/03\/ZWILLING-Set-Sottovuoto-FreshSave-in-Plastica-7-Pezzi-La-Mer.jpg","type":"image\/jpeg"}],"twitter_card":"summary_large_image","schema":{"@context":"https:\/\/schema.org","@graph":[{"@type":"WebPage","@id":"https:\/\/www.erresse-shop.it\/de\/shop\/kuche\/vakuum\/zwillingla-mer-freshsave-glas-kunststoff-vakuum-set-16-teile-copia\/","url":"https:\/\/www.erresse-shop.it\/de\/shop\/kuche\/vakuum\/zwillingla-mer-freshsave-glas-kunststoff-vakuum-set-16-teile-copia\/","name":"ZWILLINGLa Mer Fresh&Save Glas\/Kunststoff-Vakuum-Set 16 Teile","isPartOf":{"@id":"https:\/\/www.erresse-shop.it\/de\/#website"},"datePublished":"2025-03-12T08:57:18+00:00","dateModified":"2025-03-12T09:27:25+00:00","description":"Entdecken Sie ZWILLINGLa Mer Fresh&Save Glas\/Kunststoff-Vakuum-Set 16 Teile bei ErresseShop. Qualit\u00e4t, Stil und Funktionalit\u00e4t \u2013 jetzt online bestellen!","breadcrumb":{"@id":"https:\/\/www.erresse-shop.it\/de\/shop\/kuche\/vakuum\/zwillingla-mer-freshsave-glas-kunststoff-vakuum-set-16-teile-copia\/#breadcrumb"},"inLanguage":"de-DE","potentialAction":[{"@type":"ReadAction","target":["https:\/\/www.erresse-shop.it\/de\/shop\/kuche\/vakuum\/zwillingla-mer-freshsave-glas-kunststoff-vakuum-set-16-teile-copia\/"]}]},{"@type":"BreadcrumbList","@id":"https:\/\/www.erresse-shop.it\/de\/shop\/kuche\/vakuum\/zwillingla-mer-freshsave-glas-kunststoff-vakuum-set-16-teile-copia\/#breadcrumb","itemListElement":[{"@type":"ListItem","position":1,"name":"Home","item":"https:\/\/www.erresse-shop.it\/de\/"},{"@type":"ListItem","position":2,"name":"Shop","item":"https:\/\/www.erresse-shop.it\/de\/shop\/"},{"@type":"ListItem","position":3,"name":"ZWILLING Fresh &#038; Save Vakuum-Set aus Kunststoff 7-teilig La Mer"}]},{"@type":"WebSite","@id":"https:\/\/www.erresse-shop.it\/de\/#website","url":"https:\/\/www.erresse-shop.it\/de\/","name":"Erresse Shop","description":"Articoli di qualit\u00e0 per la casa","potentialAction":[{"@type":"SearchAction","target":{"@type":"EntryPoint","urlTemplate":"https:\/\/www.erresse-shop.it\/de\/?s={search_term_string}"},"query-input":"required name=search_term_string"}],"inLanguage":"de-DE"}]}},"df_price":37.5,"df_sale_price":37.5,"df_regular_price":75,"df_image_link":"https:\/\/www.erresse-shop.it\/wp-content\/uploads\/2025\/03\/ZWILLING-Set-Sottovuoto-FreshSave-in-Plastica-7-Pezzi-La-Mer-300x300.jpg","_links":{"self":[{"href":"https:\/\/www.erresse-shop.it\/de\/wp-json\/wp\/v2\/product\/476490"}],"collection":[{"href":"https:\/\/www.erresse-shop.it\/de\/wp-json\/wp\/v2\/product"}],"about":[{"href":"https:\/\/www.erresse-shop.it\/de\/wp-json\/wp\/v2\/types\/product"}],"wp:featuredmedia":[{"embeddable":true,"href":"https:\/\/www.erresse-shop.it\/de\/wp-json\/wp\/v2\/media\/476523"}],"wp:attachment":[{"href":"https:\/\/www.erresse-shop.it\/de\/wp-json\/wp\/v2\/media?parent=476490"}],"wp:term":[{"taxonomy":"product_cat","embeddable":true,"href":"https:\/\/www.erresse-shop.it\/de\/wp-json\/wp\/v2\/product_cat?post=476490"},{"taxonomy":"product_tag","embeddable":true,"href":"https:\/\/www.erresse-shop.it\/de\/wp-json\/wp\/v2\/product_tag?post=476490"}],"curies":[{"name":"wp","href":"https:\/\/api.w.org\/{rel}","templated":true}]}}