{"id":476406,"date":"2025-03-12T07:52:41","date_gmt":"2025-03-12T07:52:42","guid":{"rendered":"https:\/\/www.erresse-shop.it\/?post_type=product&#038;p=476406"},"modified":"2025-03-12T08:09:01","modified_gmt":"2025-03-12T08:09:01","slug":"staub-cocotte-oval-27-cm-graphit-grau-copia-2","status":"publish","type":"product","link":"https:\/\/www.erresse-shop.it\/de\/shop\/toepfe-pfannen\/schalldaempfer-und-kokotten\/staub-cocotte-oval-27-cm-graphit-grau-copia-2\/","title":{"rendered":"STAUB Ovale Cocotte aus Gusseisen 27 cm Wei\u00dfer Tr\u00fcffel"},"content":{"rendered":"<p>Dieses Produkt kann kleinere M\u00e4ngel aufweisen, die jedoch seine Leistung nicht beeintr\u00e4chtigen. Zu den m\u00f6glichen M\u00e4ngeln geh\u00f6ren Verf\u00e4rbungen, Flecken oder Absplitterungen, die von der Emaille \u00fcberdeckt werden. Die Cocotte von Staub ist un\u00fcbertroffen f\u00fcr das langsame Garen von Fleisch und Gem\u00fcse bis zur perfekten Zartheit. Sie eignet sich auch ideal zum K\u00f6cheln herzhafter Eint\u00f6pfe und Suppen. Gusseisen speichert hervorragend die W\u00e4rme, wodurch die Pfanne gleichm\u00e4\u00dfig erhitzt. Der innovative Deckel verf\u00fcgt \u00fcber kleine Rillen an der Innenseite, die kondensierte Fl\u00fcssigkeit kontinuierlich auf das Gargut leiten und so f\u00fcr saftige, aromatische Ergebnisse sorgen. Die spezielle mattschwarze Emaille-Innenseite und der geriffelte Deckel mit kontinuierlicher Spr\u00fchfunktion sorgen f\u00fcr perfektes Br\u00e4unen und Schmoren \u2013 f\u00fcr k\u00f6stliches Essen. Dank der sch\u00f6nen Emaille-Oberfl\u00e4che passt jedes Teil perfekt in die K\u00fcche und auf den Tisch. Von Hausmannskost bis hin zu \u00fcppigen Dinnerpartys \u2013 jedes Gericht wird in einem Staub-Produkt zu etwas Besonderem. Emailliertes Gusseisen-Kochgeschirr von Staub ist die Wahl der Spitzenk\u00f6che der Welt. Dank seiner au\u00dfergew\u00f6hnlichen Haltbarkeit eignet es sich perfekt f\u00fcr den t\u00e4glichen Gebrauch \u2013 sowohl in der Gourmetk\u00fcche als auch in renommierten Restaurants weltweit. Diese Erbst\u00fccke sind f\u00fcr die Ewigkeit gebaut und k\u00f6nnen von Generation zu Generation weitergegeben werden. <\/p>\n<ul>\n<li>Ideal zum Anbraten und langsamen Garen von Braten und ganzen H\u00e4hnchen<\/li>\n<li>F\u00fcr ein saftiges und zartes Garergebnis dank Deckel<\/li>\n<li>Die mattschwarze Innenemaillierung ist ideal f\u00fcr besonders knuspriges Braten und sehr langlebig<\/li>\n<li>F\u00fcr alle Herdarten geeignet, inklusive Induktion, auch f\u00fcr Backofen\/Grill geeignet<\/li>\n<li>Intensive Farbe<\/li>\n<\/ul>\n<p><strong>Eigenschaften:<\/strong><\/p>\n<div class=\"dimensions-content\">\n<div class=\"product-main-attributes\">\n<ul>\n<li class=\"attribute\"><span class=\"label\">Material: <\/span><span class=\"value\">Gusseisen<\/span><\/li>\n<li class=\"attribute\"><span class=\"label\">Innenbeschichtung: <\/span><span class=\"value\">Emaille<\/span><\/li>\n<li class=\"attribute\"><span class=\"label\">Vorhandener Deckel: <\/span><span class=\"value\">Ja<\/span><\/li>\n<li class=\"attribute\"><span class=\"label\">Induktion: <\/span><span class=\"value\">Ja<\/span><\/li>\n<li class=\"attribute\"><span class=\"label\">Backofengeeignet: <\/span><span class=\"value\">Ja<\/span><\/li>\n<li class=\"attribute\"><span class=\"label\">Gefrierschrankgeeignet: <\/span><span class=\"value\">Ja<\/span><\/li>\n<li class=\"attribute\"><span class=\"label\">Herdplattengeeignet: <\/span><span class=\"value\">Ja<\/span><\/li>\n<li class=\"attribute\"><span class=\"label\">Sp\u00fclmaschinenfest: <\/span><span class=\"value\">Ja<\/span><\/li>\n<\/ul>\n<\/div>\n<\/div>\n<div class=\"dimensions-content\">\n<p><strong><span class=\"dimensions\">Abmessungen:<\/span><\/strong><\/p>\n<div class=\"product-main-attributes\">\n<ul>\n<li class=\"attribute\"><span class=\"label\">Nettogewicht: <\/span><span class=\"value\">4,61 kg<\/span><\/li>\n<li class=\"attribute\"><span class=\"label\">Fassungsverm\u00f6gen: <\/span><span class=\"value\">3,20 l<\/span><\/li>\n<li class=\"attribute\"><span class=\"label\">Produktl\u00e4nge: <\/span><span class=\"value\">33,50 cm<\/span><\/li>\n<li class=\"attribute\"><span class=\"label\">Produktbreite: <\/span><span class=\"value\">27,00 cm<\/span><\/li>\n<li class=\"attribute\"><span class=\"label\">Produkth\u00f6he: <\/span><span class=\"value\">14,40 cm<\/span><\/li>\n<li class=\"attribute\"><span class=\"label\">H\u00f6he ohne Deckel: <\/span><span class=\"value\">9,70 cm<\/span><\/li>\n<li class=\"attribute\"><span class=\"label\">Durchmesser oben: <\/span><span class=\"value\">27,00 cm<\/span><\/li>\n<li class=\"attribute\"><span class=\"label\">Durchmesser unten: <\/span><span class=\"value\">22,50 cm<\/span><\/li>\n<\/ul>\n<\/div>\n<\/div>\n","protected":false},"excerpt":{"rendered":"<p>Dieses Produkt kann kleinere M\u00e4ngel aufweisen, die jedoch seine Leistung nicht beeintr\u00e4chtigen. Zu den m\u00f6glichen M\u00e4ngeln geh\u00f6ren Verf\u00e4rbungen, Flecken oder<\/p>\n","protected":false},"featured_media":476445,"template":"","meta":{"_acf_changed":false,"inline_featured_image":false},"product_cat":[6709,14793],"product_tag":[25088,11387,11381,11385,21533,12315,25022,12205],"acf":[],"yoast_head":"<!-- This site is optimized with the Yoast SEO Premium plugin v18.6 (Yoast SEO v19.13) - https:\/\/yoast.com\/wordpress\/plugins\/seo\/ -->\n<title>STAUB Cocotte Oval 37 cm Graphit-Grau<\/title>\n<meta name=\"description\" content=\"Entdecken Sie STAUB Cocotte Oval 37 cm Graphit-Grau bei ErresseShop. Qualit\u00e4t, Stil und Funktionalit\u00e4t \u2013 jetzt online bestellen!\" \/>\n<meta name=\"robots\" content=\"index, follow, max-snippet:-1, max-image-preview:large, max-video-preview:-1\" \/>\n<link rel=\"canonical\" href=\"https:\/\/www.erresse-shop.it\/de\/shop\/toepfe-pfannen\/schalldaempfer-und-kokotten\/staub-cocotte-oval-27-cm-graphit-grau-copia-2\/\" \/>\n<meta property=\"og:locale\" content=\"de_DE\" \/>\n<meta property=\"og:type\" content=\"article\" \/>\n<meta property=\"og:title\" content=\"STAUB Ovale Cocotte aus Gusseisen 27 cm Wei\u00dfer Tr\u00fcffel\" \/>\n<meta property=\"og:description\" content=\"Entdecken Sie STAUB Cocotte Oval 37 cm Graphit-Grau bei ErresseShop. Qualit\u00e4t, Stil und Funktionalit\u00e4t \u2013 jetzt online bestellen!\" \/>\n<meta property=\"og:url\" content=\"https:\/\/www.erresse-shop.it\/de\/shop\/toepfe-pfannen\/schalldaempfer-und-kokotten\/staub-cocotte-oval-27-cm-graphit-grau-copia-2\/\" \/>\n<meta property=\"og:site_name\" content=\"Erresse Shop\" \/>\n<meta property=\"article:modified_time\" content=\"2025-03-12T08:09:01+00:00\" \/>\n<meta property=\"og:image\" content=\"https:\/\/www.erresse-shop.it\/wp-content\/uploads\/2025\/03\/STAUB-Cocotte-Ovale-Ghisa-27-cm-Bianco-Tartufo.jpg\" \/>\n\t<meta property=\"og:image:width\" content=\"1200\" \/>\n\t<meta property=\"og:image:height\" content=\"1200\" \/>\n\t<meta property=\"og:image:type\" content=\"image\/jpeg\" \/>\n<meta name=\"twitter:card\" content=\"summary_large_image\" \/>\n<script type=\"application\/ld+json\" class=\"yoast-schema-graph\">{\"@context\":\"https:\/\/schema.org\",\"@graph\":[{\"@type\":\"WebPage\",\"@id\":\"https:\/\/www.erresse-shop.it\/de\/shop\/toepfe-pfannen\/schalldaempfer-und-kokotten\/staub-cocotte-oval-27-cm-graphit-grau-copia-2\/\",\"url\":\"https:\/\/www.erresse-shop.it\/de\/shop\/toepfe-pfannen\/schalldaempfer-und-kokotten\/staub-cocotte-oval-27-cm-graphit-grau-copia-2\/\",\"name\":\"STAUB Cocotte Oval 37 cm Graphit-Grau\",\"isPartOf\":{\"@id\":\"https:\/\/www.erresse-shop.it\/de\/#website\"},\"datePublished\":\"2025-03-12T07:52:42+00:00\",\"dateModified\":\"2025-03-12T08:09:01+00:00\",\"description\":\"Entdecken Sie STAUB Cocotte Oval 37 cm Graphit-Grau bei ErresseShop. Qualit\u00e4t, Stil und Funktionalit\u00e4t \u2013 jetzt online bestellen!\",\"breadcrumb\":{\"@id\":\"https:\/\/www.erresse-shop.it\/de\/shop\/toepfe-pfannen\/schalldaempfer-und-kokotten\/staub-cocotte-oval-27-cm-graphit-grau-copia-2\/#breadcrumb\"},\"inLanguage\":\"de-DE\",\"potentialAction\":[{\"@type\":\"ReadAction\",\"target\":[\"https:\/\/www.erresse-shop.it\/de\/shop\/toepfe-pfannen\/schalldaempfer-und-kokotten\/staub-cocotte-oval-27-cm-graphit-grau-copia-2\/\"]}]},{\"@type\":\"BreadcrumbList\",\"@id\":\"https:\/\/www.erresse-shop.it\/de\/shop\/toepfe-pfannen\/schalldaempfer-und-kokotten\/staub-cocotte-oval-27-cm-graphit-grau-copia-2\/#breadcrumb\",\"itemListElement\":[{\"@type\":\"ListItem\",\"position\":1,\"name\":\"Home\",\"item\":\"https:\/\/www.erresse-shop.it\/de\/\"},{\"@type\":\"ListItem\",\"position\":2,\"name\":\"Shop\",\"item\":\"https:\/\/www.erresse-shop.it\/de\/shop\/\"},{\"@type\":\"ListItem\",\"position\":3,\"name\":\"STAUB Ovale Cocotte aus Gusseisen 27 cm Wei\u00dfer Tr\u00fcffel\"}]},{\"@type\":\"WebSite\",\"@id\":\"https:\/\/www.erresse-shop.it\/de\/#website\",\"url\":\"https:\/\/www.erresse-shop.it\/de\/\",\"name\":\"Erresse Shop\",\"description\":\"Articoli di qualit\u00e0 per la casa\",\"potentialAction\":[{\"@type\":\"SearchAction\",\"target\":{\"@type\":\"EntryPoint\",\"urlTemplate\":\"https:\/\/www.erresse-shop.it\/de\/?s={search_term_string}\"},\"query-input\":\"required name=search_term_string\"}],\"inLanguage\":\"de-DE\"}]}<\/script>\n<!-- \/ Yoast SEO Premium plugin. -->","yoast_head_json":{"title":"STAUB Cocotte Oval 37 cm Graphit-Grau","description":"Entdecken Sie STAUB Cocotte Oval 37 cm Graphit-Grau bei ErresseShop. Qualit\u00e4t, Stil und Funktionalit\u00e4t \u2013 jetzt online bestellen!","robots":{"index":"index","follow":"follow","max-snippet":"max-snippet:-1","max-image-preview":"max-image-preview:large","max-video-preview":"max-video-preview:-1"},"canonical":"https:\/\/www.erresse-shop.it\/de\/shop\/toepfe-pfannen\/schalldaempfer-und-kokotten\/staub-cocotte-oval-27-cm-graphit-grau-copia-2\/","og_locale":"de_DE","og_type":"article","og_title":"STAUB Ovale Cocotte aus Gusseisen 27 cm Wei\u00dfer Tr\u00fcffel","og_description":"Entdecken Sie STAUB Cocotte Oval 37 cm Graphit-Grau bei ErresseShop. Qualit\u00e4t, Stil und Funktionalit\u00e4t \u2013 jetzt online bestellen!","og_url":"https:\/\/www.erresse-shop.it\/de\/shop\/toepfe-pfannen\/schalldaempfer-und-kokotten\/staub-cocotte-oval-27-cm-graphit-grau-copia-2\/","og_site_name":"Erresse Shop","article_modified_time":"2025-03-12T08:09:01+00:00","og_image":[{"width":1200,"height":1200,"url":"https:\/\/www.erresse-shop.it\/wp-content\/uploads\/2025\/03\/STAUB-Cocotte-Ovale-Ghisa-27-cm-Bianco-Tartufo.jpg","type":"image\/jpeg"}],"twitter_card":"summary_large_image","schema":{"@context":"https:\/\/schema.org","@graph":[{"@type":"WebPage","@id":"https:\/\/www.erresse-shop.it\/de\/shop\/toepfe-pfannen\/schalldaempfer-und-kokotten\/staub-cocotte-oval-27-cm-graphit-grau-copia-2\/","url":"https:\/\/www.erresse-shop.it\/de\/shop\/toepfe-pfannen\/schalldaempfer-und-kokotten\/staub-cocotte-oval-27-cm-graphit-grau-copia-2\/","name":"STAUB Cocotte Oval 37 cm Graphit-Grau","isPartOf":{"@id":"https:\/\/www.erresse-shop.it\/de\/#website"},"datePublished":"2025-03-12T07:52:42+00:00","dateModified":"2025-03-12T08:09:01+00:00","description":"Entdecken Sie STAUB Cocotte Oval 37 cm Graphit-Grau bei ErresseShop. Qualit\u00e4t, Stil und Funktionalit\u00e4t \u2013 jetzt online bestellen!","breadcrumb":{"@id":"https:\/\/www.erresse-shop.it\/de\/shop\/toepfe-pfannen\/schalldaempfer-und-kokotten\/staub-cocotte-oval-27-cm-graphit-grau-copia-2\/#breadcrumb"},"inLanguage":"de-DE","potentialAction":[{"@type":"ReadAction","target":["https:\/\/www.erresse-shop.it\/de\/shop\/toepfe-pfannen\/schalldaempfer-und-kokotten\/staub-cocotte-oval-27-cm-graphit-grau-copia-2\/"]}]},{"@type":"BreadcrumbList","@id":"https:\/\/www.erresse-shop.it\/de\/shop\/toepfe-pfannen\/schalldaempfer-und-kokotten\/staub-cocotte-oval-27-cm-graphit-grau-copia-2\/#breadcrumb","itemListElement":[{"@type":"ListItem","position":1,"name":"Home","item":"https:\/\/www.erresse-shop.it\/de\/"},{"@type":"ListItem","position":2,"name":"Shop","item":"https:\/\/www.erresse-shop.it\/de\/shop\/"},{"@type":"ListItem","position":3,"name":"STAUB Ovale Cocotte aus Gusseisen 27 cm Wei\u00dfer Tr\u00fcffel"}]},{"@type":"WebSite","@id":"https:\/\/www.erresse-shop.it\/de\/#website","url":"https:\/\/www.erresse-shop.it\/de\/","name":"Erresse Shop","description":"Articoli di qualit\u00e0 per la casa","potentialAction":[{"@type":"SearchAction","target":{"@type":"EntryPoint","urlTemplate":"https:\/\/www.erresse-shop.it\/de\/?s={search_term_string}"},"query-input":"required name=search_term_string"}],"inLanguage":"de-DE"}]}},"df_price":169,"df_sale_price":169,"df_regular_price":269,"df_image_link":"https:\/\/www.erresse-shop.it\/wp-content\/uploads\/2025\/03\/STAUB-Cocotte-Ovale-Ghisa-27-cm-Bianco-Tartufo-300x300.jpg","_links":{"self":[{"href":"https:\/\/www.erresse-shop.it\/de\/wp-json\/wp\/v2\/product\/476406"}],"collection":[{"href":"https:\/\/www.erresse-shop.it\/de\/wp-json\/wp\/v2\/product"}],"about":[{"href":"https:\/\/www.erresse-shop.it\/de\/wp-json\/wp\/v2\/types\/product"}],"wp:featuredmedia":[{"embeddable":true,"href":"https:\/\/www.erresse-shop.it\/de\/wp-json\/wp\/v2\/media\/476445"}],"wp:attachment":[{"href":"https:\/\/www.erresse-shop.it\/de\/wp-json\/wp\/v2\/media?parent=476406"}],"wp:term":[{"taxonomy":"product_cat","embeddable":true,"href":"https:\/\/www.erresse-shop.it\/de\/wp-json\/wp\/v2\/product_cat?post=476406"},{"taxonomy":"product_tag","embeddable":true,"href":"https:\/\/www.erresse-shop.it\/de\/wp-json\/wp\/v2\/product_tag?post=476406"}],"curies":[{"name":"wp","href":"https:\/\/api.w.org\/{rel}","templated":true}]}}