{"id":476364,"date":"2025-03-12T07:29:24","date_gmt":"2025-03-12T07:29:25","guid":{"rendered":"https:\/\/www.erresse-shop.it\/?post_type=product&#038;p=476364"},"modified":"2025-03-12T07:49:16","modified_gmt":"2025-03-12T07:49:16","slug":"staub-runde-cocotte-22-cm-grenadine-copia","status":"publish","type":"product","link":"https:\/\/www.erresse-shop.it\/de\/shop\/toepfe-pfannen\/schalldaempfer-und-kokotten\/staub-runde-cocotte-22-cm-grenadine-copia\/","title":{"rendered":"STAUB Runde Cocotte aus Gusseisen 34 cm Schwarz"},"content":{"rendered":"<p>Die Cocotte ist ein f\u00fcr die franz\u00f6sische K\u00fcche typisches Kochgeschirr aus Gusseisen, das heute in Gourmetk\u00fcchen auf der ganzen Welt verwendet wird. Fr\u00fcher wurde es zum Kochen von H\u00fchnchen verwendet, doch schon lange findet es auch Verwendung in Braten, Ragouts, Aufl\u00e4ufen, Souffl\u00e9s und Gratins. Die Kombination aus Gusseisen und Emaille-Beschichtung eignet sich optimal zum schonenden Schmoren und Braten von Speisen. So bleiben die N\u00e4hrstoffe und Aromen der Lebensmittel optimal erhalten. Hobbyk\u00f6che und Profik\u00f6che profitieren gleicherma\u00dfen von der Langlebigkeit der runden Cocotte, die wir hier in der Variante mit 34 cm Durchmesser und 12,6 Litern Fassungsverm\u00f6gen pr\u00e4sentieren. Diese Haltbarkeit ist umso vorteilhafter, wenn man bedenkt, dass Emaille seine geschmacksverst\u00e4rkenden Eigenschaften mit der Zeit entwickelt. Diese robusten Kocht\u00f6pfe sind auf allen Herdarten, einschlie\u00dflich Induktion, verwendbar. Das Kochen wird durch die einfache Handhabung der Pfanne und die pflegeleichte Emaillierung erleichtert, die nach dem Kochen nur wenig Aufwand beim Absp\u00fclen erfordert. Der Deckel der Cocotte ist so gestaltet, dass sich das Kondenswasser gleichm\u00e4\u00dfig \u00fcber dem Braten oder anderen Gargut verteilt. So bleibt das Fleisch ansprechend und saftig und das Aroma des Gem\u00fcses kann sich noch besser entfalten. Mit dem schwarzen Topf von Staub k\u00f6nnen Sie die Freude am erfolgreichen Kochen leckerer Gerichte sowohl traditioneller als auch moderner Art nahezu m\u00fchelos genie\u00dfen.<\/p>\n<ul>\n<li>Ideal zum Anbraten und langsamen Garen von Fleisch, Fisch oder Gem\u00fcse<\/li>\n<li>F\u00fcr ein saftiges und zartes Garergebnis dank Deckel<\/li>\n<li>Die mattschwarze Innenemaillierung eignet sich optimal f\u00fcr eine besonders knusprige Br\u00e4unung und ist sehr widerstandsf\u00e4hig<\/li>\n<li>F\u00fcr alle Herdarten geeignet, auch Induktion, auch f\u00fcr den Backofen\/Grill geeignet<\/li>\n<li>Intensive Farbe<\/li>\n<\/ul>\n<p><strong>Funktionen:<\/strong><\/p>\n<div class=\"dimensions-content\">\n<div Klasse=\"Produkt-Hauptattribute\">\n<ul>\n<li class=\"attribute\"><span class=\"label\">Hitzebest\u00e4ndigkeit: <\/span><span class=\"value\">260 \u00baC<\/span><\/li>\n<li class=\"attribute\"><span class=\"label\">K\u00e4ltebest\u00e4ndigkeit: <\/span><span class=\"value\">-20 \u00baC<\/span><\/li>\n<li class=\"attribute\"><span class=\"label\">Material: <\/span><span class=\"value\">Gusseisen<\/span><\/li>\n<li class=\"attribute\"><span class=\"label\">Innenbeschichtung: <\/span><span class=\"value\">Emaille<\/span><\/li>\n<li class=\"attribute\"><span class=\"label\">Vorhandener Deckel: <\/span><span class=\"value\">ja<\/span><\/li>\n<li class=\"attribute\"><span class=\"label\">Induktion: <\/span><span class=\"value\">Ja<\/span><\/li>\n<li class=\"attribute\"><span class=\"label\">Backofenfest: <\/span><span class=\"value\">Ja<\/span><\/li>\n<li class=\"attribute\"><span class=\"label\">Gefrierschrankgeeignet: <\/span><span class=\"value\">Ja<\/span><\/li>\n<li class=\"attribute\"><span class=\"label\">Herdplattengeeignet: <\/span><span class=\"value\">Ja<\/span><\/li>\n<li class=\"attribute\"><span class=\"label\">Sp\u00fclmaschinenfest: <\/span><span class=\"value\">Ja<\/span><\/li>\n<\/ul>\n<\/div>\n<\/div>\n<div class=\"dimensions-content\">\n<p><strong><span class=\"dimensions\">Abmessungen:<\/span><\/strong><\/p>\n<div Klasse=\"Produkt-Hauptattribute\">\n<ul>\n<li class=\"attribute\"><span class=\"label\">Nettogewicht: <\/span><span class=\"value\">10,75 kg<\/span><\/li>\n<li class=\"attribute\"><span class=\"label\">Fassungsverm\u00f6gen: <\/span><span class=\"value\">12,60 l<\/span><\/li>\n<li class=\"attribute\"><span class=\"label\">Produktl\u00e4nge: 4<\/span><span class=\"value\">3,00 cm<\/span><\/li>\n<li class=\"attribute\"><span class=\"label\">Produktbreite: <\/span><span class=\"value\">34,00 cm<\/span><\/li>\n<li class=\"attribute\"><span class=\"label\">Produkth\u00f6he: <\/span><span class=\"value\">21,40 cm<\/span><\/li>\n<li class=\"attribute\"><span class=\"label\">H\u00f6he ohne Deckel: <\/span><span class=\"value\">16,40 cm<\/span><\/li>\n<li class=\"attribute\"><span class=\"label\">Oberer Durchmesser: <\/span><span class=\"value\">34,00 cm<\/span><\/li>\n<li class=\"attribute\"><span class=\"label\">Bodendurchmesser: <\/span><span class=\"value\">29,10 cm<\/span><\/li>\n<li class=\"attribute\"><span class=\"label\">Griffl\u00e4nge: <\/span><span class=\"value\">4,50 cm<\/span><\/li>\n<\/ul>\n<\/div>\n<\/div>\n","protected":false},"excerpt":{"rendered":"<p>Die Cocotte ist ein f\u00fcr die franz\u00f6sische K\u00fcche typisches Kochgeschirr aus Gusseisen, das heute in Gourmetk\u00fcchen auf der ganzen Welt<\/p>\n","protected":false},"featured_media":476397,"template":"","meta":{"_acf_changed":false,"inline_featured_image":false},"product_cat":[6709,14793],"product_tag":[11387,11381,21666,11383,11385,21533,12315,12205],"acf":[],"yoast_head":"<!-- This site is optimized with the Yoast SEO Premium plugin v18.6 (Yoast SEO v19.13) - https:\/\/yoast.com\/wordpress\/plugins\/seo\/ -->\n<title>STAUB Graue Graphit-Kasserolle 14 cm<\/title>\n<meta name=\"description\" content=\"Entdecken Sie STAUB Graue Graphit-Kasserolle 14 cm bei ErresseShop. Qualit\u00e4t, Stil und Funktionalit\u00e4t \u2013 jetzt online bestellen!\" \/>\n<meta name=\"robots\" content=\"index, follow, max-snippet:-1, max-image-preview:large, max-video-preview:-1\" \/>\n<link rel=\"canonical\" href=\"https:\/\/www.erresse-shop.it\/de\/shop\/toepfe-pfannen\/schalldaempfer-und-kokotten\/staub-runde-cocotte-22-cm-grenadine-copia\/\" \/>\n<meta property=\"og:locale\" content=\"de_DE\" \/>\n<meta property=\"og:type\" content=\"article\" \/>\n<meta property=\"og:title\" content=\"STAUB Runde Cocotte aus Gusseisen 34 cm Schwarz\" \/>\n<meta property=\"og:description\" content=\"Entdecken Sie STAUB Graue Graphit-Kasserolle 14 cm bei ErresseShop. Qualit\u00e4t, Stil und Funktionalit\u00e4t \u2013 jetzt online bestellen!\" \/>\n<meta property=\"og:url\" content=\"https:\/\/www.erresse-shop.it\/de\/shop\/toepfe-pfannen\/schalldaempfer-und-kokotten\/staub-runde-cocotte-22-cm-grenadine-copia\/\" \/>\n<meta property=\"og:site_name\" content=\"Erresse Shop\" \/>\n<meta property=\"article:modified_time\" content=\"2025-03-12T07:49:16+00:00\" \/>\n<meta property=\"og:image\" content=\"https:\/\/www.erresse-shop.it\/wp-content\/uploads\/2025\/03\/STAUB-Cocotte-Tonda-in-Ghisa-34-cm-Nero.jpg\" \/>\n\t<meta property=\"og:image:width\" content=\"1200\" \/>\n\t<meta property=\"og:image:height\" content=\"1200\" \/>\n\t<meta property=\"og:image:type\" content=\"image\/jpeg\" \/>\n<meta name=\"twitter:card\" content=\"summary_large_image\" \/>\n<script type=\"application\/ld+json\" class=\"yoast-schema-graph\">{\"@context\":\"https:\/\/schema.org\",\"@graph\":[{\"@type\":\"WebPage\",\"@id\":\"https:\/\/www.erresse-shop.it\/de\/shop\/toepfe-pfannen\/schalldaempfer-und-kokotten\/staub-runde-cocotte-22-cm-grenadine-copia\/\",\"url\":\"https:\/\/www.erresse-shop.it\/de\/shop\/toepfe-pfannen\/schalldaempfer-und-kokotten\/staub-runde-cocotte-22-cm-grenadine-copia\/\",\"name\":\"STAUB Graue Graphit-Kasserolle 14 cm\",\"isPartOf\":{\"@id\":\"https:\/\/www.erresse-shop.it\/de\/#website\"},\"datePublished\":\"2025-03-12T07:29:25+00:00\",\"dateModified\":\"2025-03-12T07:49:16+00:00\",\"description\":\"Entdecken Sie STAUB Graue Graphit-Kasserolle 14 cm bei ErresseShop. Qualit\u00e4t, Stil und Funktionalit\u00e4t \u2013 jetzt online bestellen!\",\"breadcrumb\":{\"@id\":\"https:\/\/www.erresse-shop.it\/de\/shop\/toepfe-pfannen\/schalldaempfer-und-kokotten\/staub-runde-cocotte-22-cm-grenadine-copia\/#breadcrumb\"},\"inLanguage\":\"de-DE\",\"potentialAction\":[{\"@type\":\"ReadAction\",\"target\":[\"https:\/\/www.erresse-shop.it\/de\/shop\/toepfe-pfannen\/schalldaempfer-und-kokotten\/staub-runde-cocotte-22-cm-grenadine-copia\/\"]}]},{\"@type\":\"BreadcrumbList\",\"@id\":\"https:\/\/www.erresse-shop.it\/de\/shop\/toepfe-pfannen\/schalldaempfer-und-kokotten\/staub-runde-cocotte-22-cm-grenadine-copia\/#breadcrumb\",\"itemListElement\":[{\"@type\":\"ListItem\",\"position\":1,\"name\":\"Home\",\"item\":\"https:\/\/www.erresse-shop.it\/de\/\"},{\"@type\":\"ListItem\",\"position\":2,\"name\":\"Shop\",\"item\":\"https:\/\/www.erresse-shop.it\/de\/shop\/\"},{\"@type\":\"ListItem\",\"position\":3,\"name\":\"STAUB Runde Cocotte aus Gusseisen 34 cm Schwarz\"}]},{\"@type\":\"WebSite\",\"@id\":\"https:\/\/www.erresse-shop.it\/de\/#website\",\"url\":\"https:\/\/www.erresse-shop.it\/de\/\",\"name\":\"Erresse Shop\",\"description\":\"Articoli di qualit\u00e0 per la casa\",\"potentialAction\":[{\"@type\":\"SearchAction\",\"target\":{\"@type\":\"EntryPoint\",\"urlTemplate\":\"https:\/\/www.erresse-shop.it\/de\/?s={search_term_string}\"},\"query-input\":\"required name=search_term_string\"}],\"inLanguage\":\"de-DE\"}]}<\/script>\n<!-- \/ Yoast SEO Premium plugin. -->","yoast_head_json":{"title":"STAUB Graue Graphit-Kasserolle 14 cm","description":"Entdecken Sie STAUB Graue Graphit-Kasserolle 14 cm bei ErresseShop. Qualit\u00e4t, Stil und Funktionalit\u00e4t \u2013 jetzt online bestellen!","robots":{"index":"index","follow":"follow","max-snippet":"max-snippet:-1","max-image-preview":"max-image-preview:large","max-video-preview":"max-video-preview:-1"},"canonical":"https:\/\/www.erresse-shop.it\/de\/shop\/toepfe-pfannen\/schalldaempfer-und-kokotten\/staub-runde-cocotte-22-cm-grenadine-copia\/","og_locale":"de_DE","og_type":"article","og_title":"STAUB Runde Cocotte aus Gusseisen 34 cm Schwarz","og_description":"Entdecken Sie STAUB Graue Graphit-Kasserolle 14 cm bei ErresseShop. Qualit\u00e4t, Stil und Funktionalit\u00e4t \u2013 jetzt online bestellen!","og_url":"https:\/\/www.erresse-shop.it\/de\/shop\/toepfe-pfannen\/schalldaempfer-und-kokotten\/staub-runde-cocotte-22-cm-grenadine-copia\/","og_site_name":"Erresse Shop","article_modified_time":"2025-03-12T07:49:16+00:00","og_image":[{"width":1200,"height":1200,"url":"https:\/\/www.erresse-shop.it\/wp-content\/uploads\/2025\/03\/STAUB-Cocotte-Tonda-in-Ghisa-34-cm-Nero.jpg","type":"image\/jpeg"}],"twitter_card":"summary_large_image","schema":{"@context":"https:\/\/schema.org","@graph":[{"@type":"WebPage","@id":"https:\/\/www.erresse-shop.it\/de\/shop\/toepfe-pfannen\/schalldaempfer-und-kokotten\/staub-runde-cocotte-22-cm-grenadine-copia\/","url":"https:\/\/www.erresse-shop.it\/de\/shop\/toepfe-pfannen\/schalldaempfer-und-kokotten\/staub-runde-cocotte-22-cm-grenadine-copia\/","name":"STAUB Graue Graphit-Kasserolle 14 cm","isPartOf":{"@id":"https:\/\/www.erresse-shop.it\/de\/#website"},"datePublished":"2025-03-12T07:29:25+00:00","dateModified":"2025-03-12T07:49:16+00:00","description":"Entdecken Sie STAUB Graue Graphit-Kasserolle 14 cm bei ErresseShop. Qualit\u00e4t, Stil und Funktionalit\u00e4t \u2013 jetzt online bestellen!","breadcrumb":{"@id":"https:\/\/www.erresse-shop.it\/de\/shop\/toepfe-pfannen\/schalldaempfer-und-kokotten\/staub-runde-cocotte-22-cm-grenadine-copia\/#breadcrumb"},"inLanguage":"de-DE","potentialAction":[{"@type":"ReadAction","target":["https:\/\/www.erresse-shop.it\/de\/shop\/toepfe-pfannen\/schalldaempfer-und-kokotten\/staub-runde-cocotte-22-cm-grenadine-copia\/"]}]},{"@type":"BreadcrumbList","@id":"https:\/\/www.erresse-shop.it\/de\/shop\/toepfe-pfannen\/schalldaempfer-und-kokotten\/staub-runde-cocotte-22-cm-grenadine-copia\/#breadcrumb","itemListElement":[{"@type":"ListItem","position":1,"name":"Home","item":"https:\/\/www.erresse-shop.it\/de\/"},{"@type":"ListItem","position":2,"name":"Shop","item":"https:\/\/www.erresse-shop.it\/de\/shop\/"},{"@type":"ListItem","position":3,"name":"STAUB Runde Cocotte aus Gusseisen 34 cm Schwarz"}]},{"@type":"WebSite","@id":"https:\/\/www.erresse-shop.it\/de\/#website","url":"https:\/\/www.erresse-shop.it\/de\/","name":"Erresse Shop","description":"Articoli di qualit\u00e0 per la casa","potentialAction":[{"@type":"SearchAction","target":{"@type":"EntryPoint","urlTemplate":"https:\/\/www.erresse-shop.it\/de\/?s={search_term_string}"},"query-input":"required name=search_term_string"}],"inLanguage":"de-DE"}]}},"df_price":209.5,"df_sale_price":209.5,"df_regular_price":419,"df_image_link":"https:\/\/www.erresse-shop.it\/wp-content\/uploads\/2025\/03\/STAUB-Cocotte-Tonda-in-Ghisa-34-cm-Nero-300x300.jpg","_links":{"self":[{"href":"https:\/\/www.erresse-shop.it\/de\/wp-json\/wp\/v2\/product\/476364"}],"collection":[{"href":"https:\/\/www.erresse-shop.it\/de\/wp-json\/wp\/v2\/product"}],"about":[{"href":"https:\/\/www.erresse-shop.it\/de\/wp-json\/wp\/v2\/types\/product"}],"wp:featuredmedia":[{"embeddable":true,"href":"https:\/\/www.erresse-shop.it\/de\/wp-json\/wp\/v2\/media\/476397"}],"wp:attachment":[{"href":"https:\/\/www.erresse-shop.it\/de\/wp-json\/wp\/v2\/media?parent=476364"}],"wp:term":[{"taxonomy":"product_cat","embeddable":true,"href":"https:\/\/www.erresse-shop.it\/de\/wp-json\/wp\/v2\/product_cat?post=476364"},{"taxonomy":"product_tag","embeddable":true,"href":"https:\/\/www.erresse-shop.it\/de\/wp-json\/wp\/v2\/product_tag?post=476364"}],"curies":[{"name":"wp","href":"https:\/\/api.w.org\/{rel}","templated":true}]}}