{"id":476316,"date":"2025-03-12T07:01:05","date_gmt":"2025-03-12T07:01:06","guid":{"rendered":"https:\/\/www.erresse-shop.it\/?post_type=product&#038;p=476316"},"modified":"2025-03-12T07:25:51","modified_gmt":"2025-03-12T07:25:51","slug":"staub-runde-cocotte-22-cm-salbei-copia","status":"publish","type":"product","link":"https:\/\/www.erresse-shop.it\/de\/shop\/toepfe-pfannen\/schalldaempfer-und-kokotten\/staub-runde-cocotte-22-cm-salbei-copia\/","title":{"rendered":"STAUB Runde Cocotte 22 cm Grenadine"},"content":{"rendered":"<p>In dieser emaillierten Auflaufform aus Gusseisen k\u00f6nnen Sie k\u00f6stliche Gerichte f\u00fcr Ihre G\u00e4ste zubereiten und stilvoll servieren. Diese granatrote Auflaufform wird ein echter Hingucker in Ihrer K\u00fcche sein. Die runde Cocotte macht sich hervorragend in modernen K\u00fcchen, wo dieses klassische M\u00f6belst\u00fcck durch einen Hauch Farbe aufgewertet wird. Diese Cocotte bietet noch unz\u00e4hlige weitere Vorteile. Mit einem Fassungsverm\u00f6gen von 2,6 Litern und einem Durchmesser von 22 cm ist er ideal f\u00fcr Eint\u00f6pfe aller Art. Eine Besonderheit der Cocottes aus dem Hause Staub ist die gro\u00dfe W\u00e4rmespeicherkapazit\u00e4t. Daf\u00fcr sorgt die Emaille-Beschichtung auf der Innenseite, die die W\u00e4rme lange speichert und gleichm\u00e4\u00dfig an das Gargut weitergibt. Dies gilt auch f\u00fcr kalte Gerichte, wenn Sie die Cocotte in den K\u00fchlschrank stellen. Die Cocotte eignet sich ideal zum schonenden und gesunden Kochen und Gusseisen ist zudem pflegeleicht und widerstandsf\u00e4hig. Der Innenraum der Cocotte besteht aus mattschwarzer Emaille, die f\u00fcr hervorragende Schmoreigenschaften sorgt. Dadurch wird der Geschmack der Speisen verst\u00e4rkt und es entstehen unverf\u00e4lschte Aromen. Diese Eigenschaften verbessern sich mit der Zeit. Die Cocotte aus der Serie La Cocotte ist auf allen Herdarten einsetzbar. Die zahlreichen Vorteile der Staub Cocotte, von der Beschichtung bis hin zur Verarbeitung, werden Sie begeistern.<\/p>\n<ul>\n<li>Ideal zum Anbraten und langsamen Garen von Fleisch, Fisch oder Gem\u00fcse<\/li>\n<li>F\u00fcr ein saftiges und zartes Garergebnis dank Deckel<\/li>\n<li>Die mattschwarze Innenemaillierung eignet sich optimal f\u00fcr eine besonders knusprige Br\u00e4unung und ist sehr widerstandsf\u00e4hig<\/li>\n<li>F\u00fcr alle Herdarten geeignet, auch Induktion, auch f\u00fcr den Backofen\/Grill geeignet<\/li>\n<\/ul>\n<p><strong>Funktionen:<\/strong><\/p>\n<div class=\"dimensions-content\">\n<div Klasse=\"Produkt-Hauptattribute\">\n<ul>\n<li class=\"attribute\"><span class=\"label\">Hitzebest\u00e4ndigkeit: <\/span><span class=\"value\">260 \u00baC<\/span><\/li>\n<li class=\"attribute\"><span class=\"label\">K\u00e4ltebest\u00e4ndigkeit: <\/span><span class=\"value\">-20 \u00baC<\/span><\/li>\n<li class=\"attribute\"><span class=\"label\">Material: <\/span><span class=\"value\">Gusseisen<\/span><\/li>\n<li class=\"attribute\"><span class=\"label\">Innenbeschichtung: <\/span><span class=\"value\">Emaille<\/span><\/li>\n<li class=\"attribute\"><span class=\"label\">Vorhandener Deckel: <\/span><span class=\"value\">ja<\/span><\/li>\n<li class=\"attribute\"><span class=\"label\">Induktion: <\/span><span class=\"value\">Ja<\/span><\/li>\n<li class=\"attribute\"><span class=\"label\">Backofenfest: <\/span><span class=\"value\">Ja<\/span><\/li>\n<li class=\"attribute\"><span class=\"label\">Gefrierschrankgeeignet: <\/span><span class=\"value\">Ja<\/span><\/li>\n<li class=\"attribute\"><span class=\"label\">Herdplattengeeignet: <\/span><span class=\"value\">Ja<\/span><\/li>\n<li class=\"attribute\"><span class=\"label\">Sp\u00fclmaschinenfest: <\/span><span class=\"value\">Ja<\/span><\/li>\n<\/ul>\n<\/div>\n<\/div>\n<div class=\"dimensions-content\">\n<p><strong><span class=\"dimensions\">Abmessungen:<\/span><\/strong><\/p>\n<div Klasse=\"Produkt-Hauptattribute\">\n<ul>\n<li class=\"attribute\"><span class=\"label\">Nettogewicht: <\/span><span class=\"value\">3,95 kg<\/span><\/li>\n<li class=\"attribute\"><span class=\"label\">Fassungsverm\u00f6gen: <\/span><span class=\"value\">2,60 l<\/span><\/li>\n<li class=\"attribute\"><span class=\"label\">Produktl\u00e4nge: <\/span><span class=\"value\">28,40 cm<\/span><\/li>\n<li class=\"attribute\"><span class=\"label\">Produktbreite: <\/span><span class=\"value\">22,00 cm<\/span><\/li>\n<li class=\"attribute\"><span class=\"label\">Produkth\u00f6he: <\/span><span class=\"value\">14,70 cm<\/span><\/li>\n<li class=\"attribute\"><span class=\"label\">H\u00f6he ohne Deckel: <\/span><span class=\"value\">9,90 cm<\/span><\/li>\n<li class=\"attribute\"><span class=\"label\">Oberer Durchmesser: <\/span><span class=\"value\">22,00 cm<\/span><\/li>\n<li class=\"attribute\"><span class=\"label\">Bodendurchmesser: <\/span><span class=\"value\">17,10 cm<\/span><\/li>\n<li class=\"attribute\"><span class=\"label\">Griffl\u00e4nge: <\/span><span class=\"value\">3,00 cm<\/span><\/li>\n<\/ul>\n<\/div>\n<\/div>\n","protected":false},"excerpt":{"rendered":"<p>In dieser emaillierten Auflaufform aus Gusseisen k\u00f6nnen Sie k\u00f6stliche Gerichte f\u00fcr Ihre G\u00e4ste zubereiten und stilvoll servieren. Diese granatrote Auflaufform<\/p>\n","protected":false},"featured_media":476355,"template":"","meta":{"_acf_changed":false,"inline_featured_image":false},"product_cat":[6709,14793],"product_tag":[11387,11381,21666,11383,11385,21533,12315,12205],"acf":[],"yoast_head":"<!-- This site is optimized with the Yoast SEO Premium plugin v18.6 (Yoast SEO v19.13) - https:\/\/yoast.com\/wordpress\/plugins\/seo\/ -->\n<title>STAUB Graue Graphit-Kasserolle 14 cm<\/title>\n<meta name=\"description\" content=\"Entdecken Sie STAUB Graue Graphit-Kasserolle 14 cm bei ErresseShop. Qualit\u00e4t, Stil und Funktionalit\u00e4t \u2013 jetzt online bestellen!\" \/>\n<meta name=\"robots\" content=\"index, follow, max-snippet:-1, max-image-preview:large, max-video-preview:-1\" \/>\n<link rel=\"canonical\" href=\"https:\/\/www.erresse-shop.it\/de\/shop\/toepfe-pfannen\/schalldaempfer-und-kokotten\/staub-runde-cocotte-22-cm-salbei-copia\/\" \/>\n<meta property=\"og:locale\" content=\"de_DE\" \/>\n<meta property=\"og:type\" content=\"article\" \/>\n<meta property=\"og:title\" content=\"STAUB Runde Cocotte 22 cm Grenadine\" \/>\n<meta property=\"og:description\" content=\"Entdecken Sie STAUB Graue Graphit-Kasserolle 14 cm bei ErresseShop. Qualit\u00e4t, Stil und Funktionalit\u00e4t \u2013 jetzt online bestellen!\" \/>\n<meta property=\"og:url\" content=\"https:\/\/www.erresse-shop.it\/de\/shop\/toepfe-pfannen\/schalldaempfer-und-kokotten\/staub-runde-cocotte-22-cm-salbei-copia\/\" \/>\n<meta property=\"og:site_name\" content=\"Erresse Shop\" \/>\n<meta property=\"article:modified_time\" content=\"2025-03-12T07:25:51+00:00\" \/>\n<meta property=\"og:image\" content=\"https:\/\/www.erresse-shop.it\/wp-content\/uploads\/2025\/03\/STAUB-Cocotte-Tonda-in-Ghisa-22-cm-Granatina.jpg\" \/>\n\t<meta property=\"og:image:width\" content=\"1200\" \/>\n\t<meta property=\"og:image:height\" content=\"1200\" \/>\n\t<meta property=\"og:image:type\" content=\"image\/jpeg\" \/>\n<meta name=\"twitter:card\" content=\"summary_large_image\" \/>\n<script type=\"application\/ld+json\" class=\"yoast-schema-graph\">{\"@context\":\"https:\/\/schema.org\",\"@graph\":[{\"@type\":\"WebPage\",\"@id\":\"https:\/\/www.erresse-shop.it\/de\/shop\/toepfe-pfannen\/schalldaempfer-und-kokotten\/staub-runde-cocotte-22-cm-salbei-copia\/\",\"url\":\"https:\/\/www.erresse-shop.it\/de\/shop\/toepfe-pfannen\/schalldaempfer-und-kokotten\/staub-runde-cocotte-22-cm-salbei-copia\/\",\"name\":\"STAUB Graue Graphit-Kasserolle 14 cm\",\"isPartOf\":{\"@id\":\"https:\/\/www.erresse-shop.it\/de\/#website\"},\"datePublished\":\"2025-03-12T07:01:06+00:00\",\"dateModified\":\"2025-03-12T07:25:51+00:00\",\"description\":\"Entdecken Sie STAUB Graue Graphit-Kasserolle 14 cm bei ErresseShop. Qualit\u00e4t, Stil und Funktionalit\u00e4t \u2013 jetzt online bestellen!\",\"breadcrumb\":{\"@id\":\"https:\/\/www.erresse-shop.it\/de\/shop\/toepfe-pfannen\/schalldaempfer-und-kokotten\/staub-runde-cocotte-22-cm-salbei-copia\/#breadcrumb\"},\"inLanguage\":\"de-DE\",\"potentialAction\":[{\"@type\":\"ReadAction\",\"target\":[\"https:\/\/www.erresse-shop.it\/de\/shop\/toepfe-pfannen\/schalldaempfer-und-kokotten\/staub-runde-cocotte-22-cm-salbei-copia\/\"]}]},{\"@type\":\"BreadcrumbList\",\"@id\":\"https:\/\/www.erresse-shop.it\/de\/shop\/toepfe-pfannen\/schalldaempfer-und-kokotten\/staub-runde-cocotte-22-cm-salbei-copia\/#breadcrumb\",\"itemListElement\":[{\"@type\":\"ListItem\",\"position\":1,\"name\":\"Home\",\"item\":\"https:\/\/www.erresse-shop.it\/de\/\"},{\"@type\":\"ListItem\",\"position\":2,\"name\":\"Shop\",\"item\":\"https:\/\/www.erresse-shop.it\/de\/shop\/\"},{\"@type\":\"ListItem\",\"position\":3,\"name\":\"STAUB Runde Cocotte 22 cm Grenadine\"}]},{\"@type\":\"WebSite\",\"@id\":\"https:\/\/www.erresse-shop.it\/de\/#website\",\"url\":\"https:\/\/www.erresse-shop.it\/de\/\",\"name\":\"Erresse Shop\",\"description\":\"Articoli di qualit\u00e0 per la casa\",\"potentialAction\":[{\"@type\":\"SearchAction\",\"target\":{\"@type\":\"EntryPoint\",\"urlTemplate\":\"https:\/\/www.erresse-shop.it\/de\/?s={search_term_string}\"},\"query-input\":\"required name=search_term_string\"}],\"inLanguage\":\"de-DE\"}]}<\/script>\n<!-- \/ Yoast SEO Premium plugin. -->","yoast_head_json":{"title":"STAUB Graue Graphit-Kasserolle 14 cm","description":"Entdecken Sie STAUB Graue Graphit-Kasserolle 14 cm bei ErresseShop. Qualit\u00e4t, Stil und Funktionalit\u00e4t \u2013 jetzt online bestellen!","robots":{"index":"index","follow":"follow","max-snippet":"max-snippet:-1","max-image-preview":"max-image-preview:large","max-video-preview":"max-video-preview:-1"},"canonical":"https:\/\/www.erresse-shop.it\/de\/shop\/toepfe-pfannen\/schalldaempfer-und-kokotten\/staub-runde-cocotte-22-cm-salbei-copia\/","og_locale":"de_DE","og_type":"article","og_title":"STAUB Runde Cocotte 22 cm Grenadine","og_description":"Entdecken Sie STAUB Graue Graphit-Kasserolle 14 cm bei ErresseShop. Qualit\u00e4t, Stil und Funktionalit\u00e4t \u2013 jetzt online bestellen!","og_url":"https:\/\/www.erresse-shop.it\/de\/shop\/toepfe-pfannen\/schalldaempfer-und-kokotten\/staub-runde-cocotte-22-cm-salbei-copia\/","og_site_name":"Erresse Shop","article_modified_time":"2025-03-12T07:25:51+00:00","og_image":[{"width":1200,"height":1200,"url":"https:\/\/www.erresse-shop.it\/wp-content\/uploads\/2025\/03\/STAUB-Cocotte-Tonda-in-Ghisa-22-cm-Granatina.jpg","type":"image\/jpeg"}],"twitter_card":"summary_large_image","schema":{"@context":"https:\/\/schema.org","@graph":[{"@type":"WebPage","@id":"https:\/\/www.erresse-shop.it\/de\/shop\/toepfe-pfannen\/schalldaempfer-und-kokotten\/staub-runde-cocotte-22-cm-salbei-copia\/","url":"https:\/\/www.erresse-shop.it\/de\/shop\/toepfe-pfannen\/schalldaempfer-und-kokotten\/staub-runde-cocotte-22-cm-salbei-copia\/","name":"STAUB Graue Graphit-Kasserolle 14 cm","isPartOf":{"@id":"https:\/\/www.erresse-shop.it\/de\/#website"},"datePublished":"2025-03-12T07:01:06+00:00","dateModified":"2025-03-12T07:25:51+00:00","description":"Entdecken Sie STAUB Graue Graphit-Kasserolle 14 cm bei ErresseShop. Qualit\u00e4t, Stil und Funktionalit\u00e4t \u2013 jetzt online bestellen!","breadcrumb":{"@id":"https:\/\/www.erresse-shop.it\/de\/shop\/toepfe-pfannen\/schalldaempfer-und-kokotten\/staub-runde-cocotte-22-cm-salbei-copia\/#breadcrumb"},"inLanguage":"de-DE","potentialAction":[{"@type":"ReadAction","target":["https:\/\/www.erresse-shop.it\/de\/shop\/toepfe-pfannen\/schalldaempfer-und-kokotten\/staub-runde-cocotte-22-cm-salbei-copia\/"]}]},{"@type":"BreadcrumbList","@id":"https:\/\/www.erresse-shop.it\/de\/shop\/toepfe-pfannen\/schalldaempfer-und-kokotten\/staub-runde-cocotte-22-cm-salbei-copia\/#breadcrumb","itemListElement":[{"@type":"ListItem","position":1,"name":"Home","item":"https:\/\/www.erresse-shop.it\/de\/"},{"@type":"ListItem","position":2,"name":"Shop","item":"https:\/\/www.erresse-shop.it\/de\/shop\/"},{"@type":"ListItem","position":3,"name":"STAUB Runde Cocotte 22 cm Grenadine"}]},{"@type":"WebSite","@id":"https:\/\/www.erresse-shop.it\/de\/#website","url":"https:\/\/www.erresse-shop.it\/de\/","name":"Erresse Shop","description":"Articoli di qualit\u00e0 per la casa","potentialAction":[{"@type":"SearchAction","target":{"@type":"EntryPoint","urlTemplate":"https:\/\/www.erresse-shop.it\/de\/?s={search_term_string}"},"query-input":"required name=search_term_string"}],"inLanguage":"de-DE"}]}},"df_price":134.5,"df_sale_price":134.5,"df_regular_price":269,"df_image_link":"https:\/\/www.erresse-shop.it\/wp-content\/uploads\/2025\/03\/STAUB-Cocotte-Tonda-in-Ghisa-22-cm-Granatina-300x300.jpg","_links":{"self":[{"href":"https:\/\/www.erresse-shop.it\/de\/wp-json\/wp\/v2\/product\/476316"}],"collection":[{"href":"https:\/\/www.erresse-shop.it\/de\/wp-json\/wp\/v2\/product"}],"about":[{"href":"https:\/\/www.erresse-shop.it\/de\/wp-json\/wp\/v2\/types\/product"}],"wp:featuredmedia":[{"embeddable":true,"href":"https:\/\/www.erresse-shop.it\/de\/wp-json\/wp\/v2\/media\/476355"}],"wp:attachment":[{"href":"https:\/\/www.erresse-shop.it\/de\/wp-json\/wp\/v2\/media?parent=476316"}],"wp:term":[{"taxonomy":"product_cat","embeddable":true,"href":"https:\/\/www.erresse-shop.it\/de\/wp-json\/wp\/v2\/product_cat?post=476316"},{"taxonomy":"product_tag","embeddable":true,"href":"https:\/\/www.erresse-shop.it\/de\/wp-json\/wp\/v2\/product_tag?post=476316"}],"curies":[{"name":"wp","href":"https:\/\/api.w.org\/{rel}","templated":true}]}}