{"id":476271,"date":"2025-03-11T15:01:32","date_gmt":"2025-03-11T15:01:33","guid":{"rendered":"https:\/\/www.erresse-shop.it\/?post_type=product&#038;p=476271"},"modified":"2025-03-11T15:20:11","modified_gmt":"2025-03-11T15:20:11","slug":"staub-cocotte-oval-23-cm-graphit-grau-copia","status":"publish","type":"product","link":"https:\/\/www.erresse-shop.it\/de\/shop\/toepfe-pfannen\/tajine-de\/staub-cocotte-oval-23-cm-graphit-grau-copia\/","title":{"rendered":"STAUB Tajine aus Gusseisen 28 cm Kirsche"},"content":{"rendered":"<p>Mit der Gusseisen-Tajine von STAUB holen Sie sich nordafrikanische Tradition in Ihre K\u00fcche: Ob schmackhafte Fleischgerichte oder vegetarische K\u00f6stlichkeiten mit verschiedensten Gem\u00fcsesorten, Profi- und Hobbyk\u00f6che zaubern damit aromatische und gesunde Gerichte. Die Tajine hat ihren Ursprung bei den Berberst\u00e4mmen Marokkos und spielt noch heute eine wichtige Rolle bei der Zubereitung nordafrikanischer Spezialit\u00e4ten. Nat\u00fcrlich lassen sich damit auch Rezepte aus aller Welt zubereiten und Kochbegeisterte mit kreativen Gerichten begeistern. Durch die besondere konische Form des Keramikdeckels werden Aroma und Geschmack der Speisen besonders gut hervorgehoben und gehen dank der hermetischen Abdichtung nicht verloren. Dieser gusseiserne Allrounder l\u00e4sst sich nicht nur auf allen Herdarten, sondern auch im Backofen oder auf dem Grill verwenden. Die Zutaten k\u00f6nnen zun\u00e4chst auf dem Herd angebraten und dann im Ofen k\u00f6cheln gelassen werden, damit sich ihr volles Aroma entfalten kann.<\/p>\n<ul>\n<li>Ideal f\u00fcr die Zubereitung traditioneller marokkanischer Gerichte<\/li>\n<li>F\u00fcr alle Herdarten geeignet, inklusive Induktion, auch auf dem Grill und im Backofen verwendbar<\/li>\n<li>Glatter Boden f\u00fcr schonenden Einsatz auf empfindlichen Kochfeldern<\/li>\n<li>Energiesparendes Kochen dank der besonderen Eigenschaften von Gusseisen<\/li>\n<\/ul>\n<p><strong>Produktmerkmale:<\/strong><\/p>\n<div Klasse=\"Dimensionen-Inhalt\">\n<div Klasse=\"Produkt-Hauptattribute\">\n<ul>\n<li class=\"attribute\"><span class=\"label\">Hitzebest\u00e4ndigkeit: <\/span><span class=\"value\">240 \u00baC<\/span><\/li>\n<li class=\"attribute\"><span class=\"label\">K\u00e4ltebest\u00e4ndigkeit:<\/span><span class=\"value\">&#8211; 20 \u00baC<\/span><\/li>\n<li class=\"attribute\"><span class=\"label\">Material: <\/span><span class=\"value\">Gusseisen<\/span><\/li>\n<li class=\"attribute\"><span class=\"label\">Innenbeschichtung: <\/span><span class=\"value\">Emaille<\/span><\/li>\n<li class=\"attribute\"><span class=\"label\">Vorhandener Deckel: <\/span><span class=\"value\">ja<\/span><\/li>\n<li class=\"attribute\"><span class=\"label\">Induktion: <\/span><span class=\"value\">Ja<\/span><\/li>\n<li class=\"attribute\"><span class=\"label\">Ofenfest: <\/span><span class=\"value\">Ja<\/span><\/li>\n<li class=\"attribute\"><span class=\"label\">Gefrierschrankgeeignet: <\/span><span class=\"value\">Ja<\/span><\/li>\n<li class=\"attribute\"><span class=\"label\">Herdplattengeeignet: <\/span><span class=\"value\">Ja<\/span><\/li>\n<li class=\"attribute\"><span class=\"label\">Sp\u00fclmaschinenfest: <\/span><span class=\"value\">Ja<\/span><\/li>\n<\/ul>\n<\/div>\n<\/div>\n<div Klasse=\"Dimensionen-Inhalt\">\n<p><strong>Abmessungen:<\/strong><\/p>\n<div Klasse=\"Produkt-Hauptattribute\">\n<ul>\n<li class=\"attribute\"><span class=\"label\">Nettogewicht: <\/span><span class=\"value\">3,40 kg<\/span><\/li>\n<li class=\"attribute\"><span class=\"label\">Fassungsverm\u00f6gen: <\/span><span class=\"value\">2,00 l<\/span><\/li>\n<li class=\"attribute\"><span class=\"label\">Produktl\u00e4nge: <\/span><span class=\"value\">28,00 cm<\/span><\/li>\n<li class=\"attribute\"><span class=\"label\">Produktbreite: <\/span><span class=\"value\">28,00 cm<\/span><\/li>\n<li class=\"attribute\"><span class=\"label\">Produkth\u00f6he: <\/span><span class=\"value\">20,00 cm<\/span><\/li>\n<li class=\"attribute\"><span class=\"label\">H\u00f6he ohne Deckel: <\/span><span class=\"value\">6,50 cm<\/span><\/li>\n<li class=\"attribute\"><span class=\"label\">Oberer Durchmesser: <\/span><span class=\"value\">28,00 cm<\/span><\/li>\n<li class=\"attribute\"><span class=\"label\">Oberer Durchmesser: 2<\/span><span class=\"value\">0,00 cm<\/span><\/li>\n<li class=\"attribute\"><span class=\"label\">Bodendurchmesser: <\/span><span class=\"value\">18,80 cm<\/span><\/li>\n<li class=\"attribute\"><span class=\"label\">Bodendurchmesser: 2<\/span><span class=\"value\">0,00 cm<\/span><\/li>\n<\/ul>\n<\/div>\n<\/div>\n","protected":false},"excerpt":{"rendered":"<p>Mit der Gusseisen-Tajine von STAUB holen Sie sich nordafrikanische Tradition in Ihre K\u00fcche: Ob schmackhafte Fleischgerichte oder vegetarische K\u00f6stlichkeiten mit<\/p>\n","protected":false},"featured_media":476298,"template":"","meta":{"_acf_changed":false,"inline_featured_image":false},"product_cat":[6709,14785],"product_tag":[25088,11387,11385,21533,12315,25022,13534,12205],"acf":[],"yoast_head":"<!-- This site is optimized with the Yoast SEO Premium plugin v18.6 (Yoast SEO v19.13) - https:\/\/yoast.com\/wordpress\/plugins\/seo\/ -->\n<title>STAUB Cocotte Oval 37 cm Graphit-Grau<\/title>\n<meta name=\"description\" content=\"Entdecken Sie STAUB Cocotte Oval 37 cm Graphit-Grau bei ErresseShop. Qualit\u00e4t, Stil und Funktionalit\u00e4t \u2013 jetzt online bestellen!\" \/>\n<meta name=\"robots\" content=\"index, follow, max-snippet:-1, max-image-preview:large, max-video-preview:-1\" \/>\n<link rel=\"canonical\" href=\"https:\/\/www.erresse-shop.it\/de\/shop\/toepfe-pfannen\/tajine-de\/staub-cocotte-oval-23-cm-graphit-grau-copia\/\" \/>\n<meta property=\"og:locale\" content=\"de_DE\" \/>\n<meta property=\"og:type\" content=\"article\" \/>\n<meta property=\"og:title\" content=\"STAUB Tajine aus Gusseisen 28 cm Kirsche\" \/>\n<meta property=\"og:description\" content=\"Entdecken Sie STAUB Cocotte Oval 37 cm Graphit-Grau bei ErresseShop. Qualit\u00e4t, Stil und Funktionalit\u00e4t \u2013 jetzt online bestellen!\" \/>\n<meta property=\"og:url\" content=\"https:\/\/www.erresse-shop.it\/de\/shop\/toepfe-pfannen\/tajine-de\/staub-cocotte-oval-23-cm-graphit-grau-copia\/\" \/>\n<meta property=\"og:site_name\" content=\"Erresse Shop\" \/>\n<meta property=\"article:modified_time\" content=\"2025-03-11T15:20:11+00:00\" \/>\n<meta property=\"og:image\" content=\"https:\/\/www.erresse-shop.it\/wp-content\/uploads\/2025\/03\/STAUB-Tajine-Ghisa-28-cm-Ciliegia.jpg\" \/>\n\t<meta property=\"og:image:width\" content=\"1200\" \/>\n\t<meta property=\"og:image:height\" content=\"1200\" \/>\n\t<meta property=\"og:image:type\" content=\"image\/jpeg\" \/>\n<meta name=\"twitter:card\" content=\"summary_large_image\" \/>\n<script type=\"application\/ld+json\" class=\"yoast-schema-graph\">{\"@context\":\"https:\/\/schema.org\",\"@graph\":[{\"@type\":\"WebPage\",\"@id\":\"https:\/\/www.erresse-shop.it\/de\/shop\/toepfe-pfannen\/tajine-de\/staub-cocotte-oval-23-cm-graphit-grau-copia\/\",\"url\":\"https:\/\/www.erresse-shop.it\/de\/shop\/toepfe-pfannen\/tajine-de\/staub-cocotte-oval-23-cm-graphit-grau-copia\/\",\"name\":\"STAUB Cocotte Oval 37 cm Graphit-Grau\",\"isPartOf\":{\"@id\":\"https:\/\/www.erresse-shop.it\/de\/#website\"},\"datePublished\":\"2025-03-11T15:01:33+00:00\",\"dateModified\":\"2025-03-11T15:20:11+00:00\",\"description\":\"Entdecken Sie STAUB Cocotte Oval 37 cm Graphit-Grau bei ErresseShop. Qualit\u00e4t, Stil und Funktionalit\u00e4t \u2013 jetzt online bestellen!\",\"breadcrumb\":{\"@id\":\"https:\/\/www.erresse-shop.it\/de\/shop\/toepfe-pfannen\/tajine-de\/staub-cocotte-oval-23-cm-graphit-grau-copia\/#breadcrumb\"},\"inLanguage\":\"de-DE\",\"potentialAction\":[{\"@type\":\"ReadAction\",\"target\":[\"https:\/\/www.erresse-shop.it\/de\/shop\/toepfe-pfannen\/tajine-de\/staub-cocotte-oval-23-cm-graphit-grau-copia\/\"]}]},{\"@type\":\"BreadcrumbList\",\"@id\":\"https:\/\/www.erresse-shop.it\/de\/shop\/toepfe-pfannen\/tajine-de\/staub-cocotte-oval-23-cm-graphit-grau-copia\/#breadcrumb\",\"itemListElement\":[{\"@type\":\"ListItem\",\"position\":1,\"name\":\"Home\",\"item\":\"https:\/\/www.erresse-shop.it\/de\/\"},{\"@type\":\"ListItem\",\"position\":2,\"name\":\"Shop\",\"item\":\"https:\/\/www.erresse-shop.it\/de\/shop\/\"},{\"@type\":\"ListItem\",\"position\":3,\"name\":\"STAUB Tajine aus Gusseisen 28 cm Kirsche\"}]},{\"@type\":\"WebSite\",\"@id\":\"https:\/\/www.erresse-shop.it\/de\/#website\",\"url\":\"https:\/\/www.erresse-shop.it\/de\/\",\"name\":\"Erresse Shop\",\"description\":\"Articoli di qualit\u00e0 per la casa\",\"potentialAction\":[{\"@type\":\"SearchAction\",\"target\":{\"@type\":\"EntryPoint\",\"urlTemplate\":\"https:\/\/www.erresse-shop.it\/de\/?s={search_term_string}\"},\"query-input\":\"required name=search_term_string\"}],\"inLanguage\":\"de-DE\"}]}<\/script>\n<!-- \/ Yoast SEO Premium plugin. -->","yoast_head_json":{"title":"STAUB Cocotte Oval 37 cm Graphit-Grau","description":"Entdecken Sie STAUB Cocotte Oval 37 cm Graphit-Grau bei ErresseShop. Qualit\u00e4t, Stil und Funktionalit\u00e4t \u2013 jetzt online bestellen!","robots":{"index":"index","follow":"follow","max-snippet":"max-snippet:-1","max-image-preview":"max-image-preview:large","max-video-preview":"max-video-preview:-1"},"canonical":"https:\/\/www.erresse-shop.it\/de\/shop\/toepfe-pfannen\/tajine-de\/staub-cocotte-oval-23-cm-graphit-grau-copia\/","og_locale":"de_DE","og_type":"article","og_title":"STAUB Tajine aus Gusseisen 28 cm Kirsche","og_description":"Entdecken Sie STAUB Cocotte Oval 37 cm Graphit-Grau bei ErresseShop. Qualit\u00e4t, Stil und Funktionalit\u00e4t \u2013 jetzt online bestellen!","og_url":"https:\/\/www.erresse-shop.it\/de\/shop\/toepfe-pfannen\/tajine-de\/staub-cocotte-oval-23-cm-graphit-grau-copia\/","og_site_name":"Erresse Shop","article_modified_time":"2025-03-11T15:20:11+00:00","og_image":[{"width":1200,"height":1200,"url":"https:\/\/www.erresse-shop.it\/wp-content\/uploads\/2025\/03\/STAUB-Tajine-Ghisa-28-cm-Ciliegia.jpg","type":"image\/jpeg"}],"twitter_card":"summary_large_image","schema":{"@context":"https:\/\/schema.org","@graph":[{"@type":"WebPage","@id":"https:\/\/www.erresse-shop.it\/de\/shop\/toepfe-pfannen\/tajine-de\/staub-cocotte-oval-23-cm-graphit-grau-copia\/","url":"https:\/\/www.erresse-shop.it\/de\/shop\/toepfe-pfannen\/tajine-de\/staub-cocotte-oval-23-cm-graphit-grau-copia\/","name":"STAUB Cocotte Oval 37 cm Graphit-Grau","isPartOf":{"@id":"https:\/\/www.erresse-shop.it\/de\/#website"},"datePublished":"2025-03-11T15:01:33+00:00","dateModified":"2025-03-11T15:20:11+00:00","description":"Entdecken Sie STAUB Cocotte Oval 37 cm Graphit-Grau bei ErresseShop. Qualit\u00e4t, Stil und Funktionalit\u00e4t \u2013 jetzt online bestellen!","breadcrumb":{"@id":"https:\/\/www.erresse-shop.it\/de\/shop\/toepfe-pfannen\/tajine-de\/staub-cocotte-oval-23-cm-graphit-grau-copia\/#breadcrumb"},"inLanguage":"de-DE","potentialAction":[{"@type":"ReadAction","target":["https:\/\/www.erresse-shop.it\/de\/shop\/toepfe-pfannen\/tajine-de\/staub-cocotte-oval-23-cm-graphit-grau-copia\/"]}]},{"@type":"BreadcrumbList","@id":"https:\/\/www.erresse-shop.it\/de\/shop\/toepfe-pfannen\/tajine-de\/staub-cocotte-oval-23-cm-graphit-grau-copia\/#breadcrumb","itemListElement":[{"@type":"ListItem","position":1,"name":"Home","item":"https:\/\/www.erresse-shop.it\/de\/"},{"@type":"ListItem","position":2,"name":"Shop","item":"https:\/\/www.erresse-shop.it\/de\/shop\/"},{"@type":"ListItem","position":3,"name":"STAUB Tajine aus Gusseisen 28 cm Kirsche"}]},{"@type":"WebSite","@id":"https:\/\/www.erresse-shop.it\/de\/#website","url":"https:\/\/www.erresse-shop.it\/de\/","name":"Erresse Shop","description":"Articoli di qualit\u00e0 per la casa","potentialAction":[{"@type":"SearchAction","target":{"@type":"EntryPoint","urlTemplate":"https:\/\/www.erresse-shop.it\/de\/?s={search_term_string}"},"query-input":"required name=search_term_string"}],"inLanguage":"de-DE"}]}},"df_price":99.5,"df_sale_price":99.5,"df_regular_price":199,"df_image_link":"https:\/\/www.erresse-shop.it\/wp-content\/uploads\/2025\/03\/STAUB-Tajine-Ghisa-28-cm-Ciliegia-300x300.jpg","_links":{"self":[{"href":"https:\/\/www.erresse-shop.it\/de\/wp-json\/wp\/v2\/product\/476271"}],"collection":[{"href":"https:\/\/www.erresse-shop.it\/de\/wp-json\/wp\/v2\/product"}],"about":[{"href":"https:\/\/www.erresse-shop.it\/de\/wp-json\/wp\/v2\/types\/product"}],"wp:featuredmedia":[{"embeddable":true,"href":"https:\/\/www.erresse-shop.it\/de\/wp-json\/wp\/v2\/media\/476298"}],"wp:attachment":[{"href":"https:\/\/www.erresse-shop.it\/de\/wp-json\/wp\/v2\/media?parent=476271"}],"wp:term":[{"taxonomy":"product_cat","embeddable":true,"href":"https:\/\/www.erresse-shop.it\/de\/wp-json\/wp\/v2\/product_cat?post=476271"},{"taxonomy":"product_tag","embeddable":true,"href":"https:\/\/www.erresse-shop.it\/de\/wp-json\/wp\/v2\/product_tag?post=476271"}],"curies":[{"name":"wp","href":"https:\/\/api.w.org\/{rel}","templated":true}]}}