{"id":474901,"date":"2025-03-05T15:06:32","date_gmt":"2025-03-05T15:06:33","guid":{"rendered":"https:\/\/www.erresse-shop.it\/?post_type=product&#038;p=474901"},"modified":"2026-02-23T09:05:02","modified_gmt":"2026-02-23T09:05:02","slug":"ken-hom-antihaft-wok-set-31-cm-4-teilig","status":"publish","type":"product","link":"https:\/\/www.erresse-shop.it\/de\/shop\/toepfe-pfannen\/wok-topf-pfanne\/ken-hom-antihaft-wok-set-31-cm-4-teilig\/","title":{"rendered":"KEN HOM Antihaft-Wok-Set 31 cm 4-teilig"},"content":{"rendered":"<p>Dieser Wok ist f\u00fcr Induktionskochfelder geeignet und ideal zum schnellen und einfachen Kochen. Er bietet die perfekte Kapazit\u00e4t, um leckere Mahlzeiten f\u00fcr 3\u20134 Personen zuzubereiten. Es ist leicht und verf\u00fcgt \u00fcber einen flachen Boden, sodass es problemlos auf allen Herdarten, einschlie\u00dflich Induktion, verwendet werden kann. Inklusive Deckel und Tempura-Grill, sp\u00fclmaschinenfest, mit 5 Jahren Garantie.<\/p>\n<p><strong>Hauptfunktionen<\/strong>:<\/p>\n<ul>\n<li>Leichter Wok aus Karbonstahl mit doppelter Antihaftbeschichtung<\/li>\n<li>Hergestellt aus 1,5 mm dickem Kohlenstoffstahl<\/li>\n<li>Wok, Deckel und Tempura-Rost sind sp\u00fclmaschinenfest<\/li>\n<li>Kompatibel mit Induktionskochfeldern<\/li>\n<\/ul>\n<p><strong>Gebrauch und Pflege<\/strong>:<\/p>\n<ul>\n<li>Um mit dem Kochen zu beginnen, stellen Sie den Wok in die Mitte der Kochfl\u00e4che und erhitzen Sie ihn langsam mit \u00d6l. Sobald das \u00d6l hei\u00df ist, geben Sie die Zutaten hinzu und beginnen Sie mit dem Kochen. Dank der Antihaftbeschichtung ist es nicht n\u00f6tig, die maximale Temperatur einzustellen. Durch h\u00e4ufiges Umr\u00fchren wird das Essen schnell und gleichm\u00e4\u00dfig gegart.<\/li>\n<li>Durch die hochwertige Antihaftbeschichtung wird der Wok schnell hei\u00df und ben\u00f6tigt weniger \u00d6l. Somit ist er perfekt f\u00fcr den t\u00e4glichen Gebrauch geeignet. Der lange Phenolgriff sorgt f\u00fcr eine gute Balance und erleichtert den Transport ohne Umkippgefahr.<\/li>\n<li>Es wird empfohlen, den Induktionsboost beim Arbeiten mit dem Wok nicht zu lange zu nutzen.<\/li>\n<\/ul>\n<p><strong>Au\u00dfergew\u00f6hnliche Qualit\u00e4t<\/strong>:<\/p>\n<ul>\n<li>Der Wok ist f\u00fcr schnelles, einfaches und gesundes Kochen konzipiert. Der 1,5 mm dicke Kohlenstoffstahl bietet eine gute W\u00e4rmeleitung und ist daher ideal zum Kochen bei hohen Temperaturen und schnellem Kochen geeignet, da die Temperatur konstant gehalten wird.<\/li>\n<\/ul>\n<p><strong>Leicht zu reinigen<\/strong>:<\/p>\n<ul>\n<li>Schwer zu entfernende Speisereste mit hei\u00dfem Wasser einweichen lassen. Vermeiden Sie die Verwendung von Scheuermitteln, die die Antihaftbeschichtung besch\u00e4digen k\u00f6nnten. Mit einem weichen Tuch reinigen und gr\u00fcndlich trocknen.<\/li>\n<\/ul>\n<p><strong>Einfach zu lagern<\/strong>:<\/p>\n<ul>\n<li>Am gro\u00dfen Metallring k\u00f6nnen Sie den Wok bei Nichtgebrauch einfach aufh\u00e4ngen.<\/li>\n<\/ul>\n<p><strong>Wartung<\/strong>:<\/p>\n<ul>\n<li>Die Antihaftbeschichtung ist f\u00fcr die Verwendung mit Metallutensilien geeignet. Tragen Sie gelegentlich eine d\u00fcnne Schicht Speise\u00f6l auf die Innenseite des Woks auf, um Rost vorzubeugen, falls die Beschichtung zerkratzt. Es l\u00e4sst sich auch per Hand mit hei\u00dfem Wasser leicht reinigen.<\/li>\n<\/ul>\n<p><strong>Gebrauchsanweisung<\/strong>:<\/p>\n<ul>\n<li>Entfernen Sie die gesamte Verpackung und waschen Sie den Wok mit hei\u00dfem Seifenwasser. Gr\u00fcndlich absp\u00fclen und trocknen.<\/li>\n<li>Verwenden Sie keine Metallutensilien, um Kratzer zu vermeiden. Verwenden Sie Werkzeuge aus Holz oder Nylon.<\/li>\n<li>Der Wok ist mit allen Herdarten kompatibel, es wird jedoch empfohlen, die Anweisungen des Herdherstellers zu beachten. Nicht f\u00fcr herk\u00f6mmliche \u00d6fen oder Mikrowellen geeignet. Sollte sich der Griff w\u00e4hrend des Gebrauchs l\u00f6sen, schrauben Sie ihn umgehend wieder fest.<\/li>\n<\/ul>\n<p><strong>Reinigungsanleitung<\/strong>:<\/p>\n<ul>\n<li>Lassen Sie den Wok vor dem Reinigen abk\u00fchlen. Bei hartn\u00e4ckigen Speiseresten mit warmem Seifenwasser f\u00fcllen und einweichen lassen. Verwenden Sie nur f\u00fcr Antihaftoberfl\u00e4chen empfohlene Schw\u00e4mme und vermeiden Sie die Verwendung von Metallschw\u00e4mmen oder Scheuermitteln.<\/li>\n<\/ul>\n<p><strong>Ma\u00dfe Wok: <\/strong>9,5 x 31,9 x 57 cm<br \/>\n<strong>Durchmesser Wokboden:<\/strong> 14 cm<br \/>\n<strong>Gewicht:<\/strong> 2,58 kg<\/p>\n","protected":false},"excerpt":{"rendered":"<p>Dieser Wok ist f\u00fcr Induktionskochfelder geeignet und ideal zum schnellen und einfachen Kochen. Er bietet die perfekte Kapazit\u00e4t, um leckere<\/p>\n","protected":false},"featured_media":474910,"template":"","meta":{"_acf_changed":false,"inline_featured_image":false},"product_cat":[6709,6781],"product_tag":[25027,11395,23911,24398,25022,11690],"acf":[],"yoast_head":"<!-- This site is optimized with the Yoast SEO Premium plugin v18.6 (Yoast SEO v19.13) - https:\/\/yoast.com\/wordpress\/plugins\/seo\/ -->\n<title>KEN HOM Antihaft-Wok-Set 31 cm 4-teilig - Erresse Shop<\/title>\n<meta name=\"description\" content=\"Dieser Wok ist f\u00fcr Induktionskochfelder geeignet und ideal zum schnellen und einfachen Kochen. Er bietet die perfekte Kapazit\u00e4t, um leckere Mahlzeiten f\u00fcr\" \/>\n<meta name=\"robots\" content=\"index, follow, max-snippet:-1, max-image-preview:large, max-video-preview:-1\" \/>\n<link rel=\"canonical\" href=\"https:\/\/www.erresse-shop.it\/de\/shop\/toepfe-pfannen\/wok-topf-pfanne\/ken-hom-antihaft-wok-set-31-cm-4-teilig\/\" \/>\n<meta property=\"og:locale\" content=\"de_DE\" \/>\n<meta property=\"og:type\" content=\"article\" \/>\n<meta property=\"og:title\" content=\"KEN HOM Antihaft-Wok-Set 31 cm 4-teilig\" \/>\n<meta property=\"og:description\" content=\"Dieser Wok ist f\u00fcr Induktionskochfelder geeignet und ideal zum schnellen und einfachen Kochen. Er bietet die perfekte Kapazit\u00e4t, um leckere Mahlzeiten f\u00fcr\" \/>\n<meta property=\"og:url\" content=\"https:\/\/www.erresse-shop.it\/de\/shop\/toepfe-pfannen\/wok-topf-pfanne\/ken-hom-antihaft-wok-set-31-cm-4-teilig\/\" \/>\n<meta property=\"og:site_name\" content=\"Erresse Shop\" \/>\n<meta property=\"article:modified_time\" content=\"2026-02-23T09:05:02+00:00\" \/>\n<meta property=\"og:image\" content=\"https:\/\/www.erresse-shop.it\/wp-content\/uploads\/2025\/03\/KEN-HOM-Set-Wok-Antiaderente-31-cm-4-Pezzi.jpg\" \/>\n\t<meta property=\"og:image:width\" content=\"1200\" \/>\n\t<meta property=\"og:image:height\" content=\"1200\" \/>\n\t<meta property=\"og:image:type\" content=\"image\/jpeg\" \/>\n<meta name=\"twitter:card\" content=\"summary_large_image\" \/>\n<script type=\"application\/ld+json\" class=\"yoast-schema-graph\">{\"@context\":\"https:\/\/schema.org\",\"@graph\":[{\"@type\":\"WebPage\",\"@id\":\"https:\/\/www.erresse-shop.it\/de\/shop\/toepfe-pfannen\/wok-topf-pfanne\/ken-hom-antihaft-wok-set-31-cm-4-teilig\/\",\"url\":\"https:\/\/www.erresse-shop.it\/de\/shop\/toepfe-pfannen\/wok-topf-pfanne\/ken-hom-antihaft-wok-set-31-cm-4-teilig\/\",\"name\":\"KEN HOM Antihaft-Wok-Set 31 cm 4-teilig - Erresse Shop\",\"isPartOf\":{\"@id\":\"https:\/\/www.erresse-shop.it\/de\/#website\"},\"datePublished\":\"2025-03-05T15:06:33+00:00\",\"dateModified\":\"2026-02-23T09:05:02+00:00\",\"description\":\"Dieser Wok ist f\u00fcr Induktionskochfelder geeignet und ideal zum schnellen und einfachen Kochen. Er bietet die perfekte Kapazit\u00e4t, um leckere Mahlzeiten f\u00fcr\",\"breadcrumb\":{\"@id\":\"https:\/\/www.erresse-shop.it\/de\/shop\/toepfe-pfannen\/wok-topf-pfanne\/ken-hom-antihaft-wok-set-31-cm-4-teilig\/#breadcrumb\"},\"inLanguage\":\"de-DE\",\"potentialAction\":[{\"@type\":\"ReadAction\",\"target\":[\"https:\/\/www.erresse-shop.it\/de\/shop\/toepfe-pfannen\/wok-topf-pfanne\/ken-hom-antihaft-wok-set-31-cm-4-teilig\/\"]}]},{\"@type\":\"BreadcrumbList\",\"@id\":\"https:\/\/www.erresse-shop.it\/de\/shop\/toepfe-pfannen\/wok-topf-pfanne\/ken-hom-antihaft-wok-set-31-cm-4-teilig\/#breadcrumb\",\"itemListElement\":[{\"@type\":\"ListItem\",\"position\":1,\"name\":\"Home\",\"item\":\"https:\/\/www.erresse-shop.it\/de\/\"},{\"@type\":\"ListItem\",\"position\":2,\"name\":\"Shop\",\"item\":\"https:\/\/www.erresse-shop.it\/de\/shop\/\"},{\"@type\":\"ListItem\",\"position\":3,\"name\":\"KEN HOM Antihaft-Wok-Set 31 cm 4-teilig\"}]},{\"@type\":\"WebSite\",\"@id\":\"https:\/\/www.erresse-shop.it\/de\/#website\",\"url\":\"https:\/\/www.erresse-shop.it\/de\/\",\"name\":\"Erresse Shop\",\"description\":\"Articoli di qualit\u00e0 per la casa\",\"potentialAction\":[{\"@type\":\"SearchAction\",\"target\":{\"@type\":\"EntryPoint\",\"urlTemplate\":\"https:\/\/www.erresse-shop.it\/de\/?s={search_term_string}\"},\"query-input\":\"required name=search_term_string\"}],\"inLanguage\":\"de-DE\"}]}<\/script>\n<!-- \/ Yoast SEO Premium plugin. -->","yoast_head_json":{"title":"KEN HOM Antihaft-Wok-Set 31 cm 4-teilig - Erresse Shop","description":"Dieser Wok ist f\u00fcr Induktionskochfelder geeignet und ideal zum schnellen und einfachen Kochen. Er bietet die perfekte Kapazit\u00e4t, um leckere Mahlzeiten f\u00fcr","robots":{"index":"index","follow":"follow","max-snippet":"max-snippet:-1","max-image-preview":"max-image-preview:large","max-video-preview":"max-video-preview:-1"},"canonical":"https:\/\/www.erresse-shop.it\/de\/shop\/toepfe-pfannen\/wok-topf-pfanne\/ken-hom-antihaft-wok-set-31-cm-4-teilig\/","og_locale":"de_DE","og_type":"article","og_title":"KEN HOM Antihaft-Wok-Set 31 cm 4-teilig","og_description":"Dieser Wok ist f\u00fcr Induktionskochfelder geeignet und ideal zum schnellen und einfachen Kochen. Er bietet die perfekte Kapazit\u00e4t, um leckere Mahlzeiten f\u00fcr","og_url":"https:\/\/www.erresse-shop.it\/de\/shop\/toepfe-pfannen\/wok-topf-pfanne\/ken-hom-antihaft-wok-set-31-cm-4-teilig\/","og_site_name":"Erresse Shop","article_modified_time":"2026-02-23T09:05:02+00:00","og_image":[{"width":1200,"height":1200,"url":"https:\/\/www.erresse-shop.it\/wp-content\/uploads\/2025\/03\/KEN-HOM-Set-Wok-Antiaderente-31-cm-4-Pezzi.jpg","type":"image\/jpeg"}],"twitter_card":"summary_large_image","schema":{"@context":"https:\/\/schema.org","@graph":[{"@type":"WebPage","@id":"https:\/\/www.erresse-shop.it\/de\/shop\/toepfe-pfannen\/wok-topf-pfanne\/ken-hom-antihaft-wok-set-31-cm-4-teilig\/","url":"https:\/\/www.erresse-shop.it\/de\/shop\/toepfe-pfannen\/wok-topf-pfanne\/ken-hom-antihaft-wok-set-31-cm-4-teilig\/","name":"KEN HOM Antihaft-Wok-Set 31 cm 4-teilig - Erresse Shop","isPartOf":{"@id":"https:\/\/www.erresse-shop.it\/de\/#website"},"datePublished":"2025-03-05T15:06:33+00:00","dateModified":"2026-02-23T09:05:02+00:00","description":"Dieser Wok ist f\u00fcr Induktionskochfelder geeignet und ideal zum schnellen und einfachen Kochen. Er bietet die perfekte Kapazit\u00e4t, um leckere Mahlzeiten f\u00fcr","breadcrumb":{"@id":"https:\/\/www.erresse-shop.it\/de\/shop\/toepfe-pfannen\/wok-topf-pfanne\/ken-hom-antihaft-wok-set-31-cm-4-teilig\/#breadcrumb"},"inLanguage":"de-DE","potentialAction":[{"@type":"ReadAction","target":["https:\/\/www.erresse-shop.it\/de\/shop\/toepfe-pfannen\/wok-topf-pfanne\/ken-hom-antihaft-wok-set-31-cm-4-teilig\/"]}]},{"@type":"BreadcrumbList","@id":"https:\/\/www.erresse-shop.it\/de\/shop\/toepfe-pfannen\/wok-topf-pfanne\/ken-hom-antihaft-wok-set-31-cm-4-teilig\/#breadcrumb","itemListElement":[{"@type":"ListItem","position":1,"name":"Home","item":"https:\/\/www.erresse-shop.it\/de\/"},{"@type":"ListItem","position":2,"name":"Shop","item":"https:\/\/www.erresse-shop.it\/de\/shop\/"},{"@type":"ListItem","position":3,"name":"KEN HOM Antihaft-Wok-Set 31 cm 4-teilig"}]},{"@type":"WebSite","@id":"https:\/\/www.erresse-shop.it\/de\/#website","url":"https:\/\/www.erresse-shop.it\/de\/","name":"Erresse Shop","description":"Articoli di qualit\u00e0 per la casa","potentialAction":[{"@type":"SearchAction","target":{"@type":"EntryPoint","urlTemplate":"https:\/\/www.erresse-shop.it\/de\/?s={search_term_string}"},"query-input":"required name=search_term_string"}],"inLanguage":"de-DE"}]}},"df_price":39.95,"df_sale_price":39.95,"df_regular_price":71.68,"df_image_link":"https:\/\/www.erresse-shop.it\/wp-content\/uploads\/2025\/03\/KEN-HOM-Set-Wok-Antiaderente-31-cm-4-Pezzi-300x300.jpg","_links":{"self":[{"href":"https:\/\/www.erresse-shop.it\/de\/wp-json\/wp\/v2\/product\/474901"}],"collection":[{"href":"https:\/\/www.erresse-shop.it\/de\/wp-json\/wp\/v2\/product"}],"about":[{"href":"https:\/\/www.erresse-shop.it\/de\/wp-json\/wp\/v2\/types\/product"}],"wp:featuredmedia":[{"embeddable":true,"href":"https:\/\/www.erresse-shop.it\/de\/wp-json\/wp\/v2\/media\/474910"}],"wp:attachment":[{"href":"https:\/\/www.erresse-shop.it\/de\/wp-json\/wp\/v2\/media?parent=474901"}],"wp:term":[{"taxonomy":"product_cat","embeddable":true,"href":"https:\/\/www.erresse-shop.it\/de\/wp-json\/wp\/v2\/product_cat?post=474901"},{"taxonomy":"product_tag","embeddable":true,"href":"https:\/\/www.erresse-shop.it\/de\/wp-json\/wp\/v2\/product_tag?post=474901"}],"curies":[{"name":"wp","href":"https:\/\/api.w.org\/{rel}","templated":true}]}}