{"id":474874,"date":"2025-03-05T14:52:36","date_gmt":"2025-03-05T14:52:37","guid":{"rendered":"https:\/\/www.erresse-shop.it\/?post_type=product&#038;p=474874"},"modified":"2026-02-23T09:09:20","modified_gmt":"2026-02-23T09:09:20","slug":"ken-hom-wok-excellence-36-cm","status":"publish","type":"product","link":"https:\/\/www.erresse-shop.it\/de\/shop\/toepfe-pfannen\/wok-topf-pfanne\/ken-hom-wok-excellence-36-cm\/","title":{"rendered":"KEN HOM Wok Excellence 36 cm"},"content":{"rendered":"<p>D&#8217;un diam\u00e8tre de 36 cm, ce wok compatible induction poss\u00e8de une capacit\u00e9 id\u00e9ale pour cuisiner pour 4 \u00e0 6 personnes. Sa conception vous permet de commencer \u00e0 cuisiner presque imm\u00e9diatement et la patine naturelle se d\u00e9veloppera avec l&#8217;utilisation, aidant \u00e0 pr\u00e9venir la rouille de l&#8217;acier au carbone et offrant des performances de cuisson faciles \u00e0 enlever.<\/p>\n<ul>\n<li>Wok traditionnel chinois de grande taille en acier au carbone avec une surface antiadh\u00e9sive naturelle et efficace appel\u00e9e patine qui se d\u00e9veloppera avec l&#8217;utilisation<\/li>\n<li>La base plate garantit que le wok est bien \u00e9quilibr\u00e9 et ne bascule pas lorsqu&#8217;il est plac\u00e9 sur la cuisini\u00e8re.<\/li>\n<li>Convient \u00e0 la cuisson sur tous les types de plaques de cuisson, y compris au gaz, \u00e9lectriques, vitroc\u00e9ramiques et \u00e0 induction<\/li>\n<li>Le manche en bois magnifiquement con\u00e7u est fix\u00e9 avec deux rivets pour toujours garantir un manche solide qui ne se desserrera pas. Fini avec un anneau pour une suspension et un rangement faciles<\/li>\n<li>Ne passe pas au lave-vaisselle. Pour nettoyer, laver \u00e0 la main avec de l\u2019eau ti\u00e8de et un d\u00e9tergent doux, si d\u00e9sir\u00e9. S\u00e9cher soigneusement avec un chiffon propre<\/li>\n<\/ul>\n<p><strong>Comment retirer le rev\u00eatement protecteur du wok avant utilisation\u00a0:<\/strong><\/p>\n<p>Faites tremper le bol du wok dans de l\u2019eau chaude pendant 5 minutes pour ramollir le rev\u00eatement laqu\u00e9.<br \/>\nUtilisez ensuite un tampon \u00e0 r\u00e9curer grossier ou de la laine d\u2019acier avec une quantit\u00e9 g\u00e9n\u00e9reuse de d\u00e9tergent pour frotter l\u2019int\u00e9rieur du bol pendant au moins 3 \u00e0 4 minutes jusqu\u2019\u00e0 ce que tout le rev\u00eatement protecteur transparent ait \u00e9t\u00e9 retir\u00e9.<\/p>\n<p><strong>IMPORTANT\u00a0:<\/strong> Si vous utilisez votre wok sur une plaque de cuisson en verre, y compris \u00e0 induction, r\u00e9p\u00e9tez ce processus de nettoyage sur la base ext\u00e9rieure du wok, la zone en contact direct avec la plaque de cuisson. Si elle n&#8217;est pas retir\u00e9e, la laque fondra sur le verre. Assurez-vous que l\u2019int\u00e9rieur et l\u2019ext\u00e9rieur du wok sont soigneusement lav\u00e9s et s\u00e9ch\u00e9s avant d\u2019assaisonner l\u2019int\u00e9rieur.<\/p>\n<p><strong>Nettoyage\u00a0:<\/strong><\/p>\n<p>Pour nettoyer, laver \u00e0 la main avec de l\u2019eau ti\u00e8de et un d\u00e9tergent doux, si d\u00e9sir\u00e9. S\u00e9cher soigneusement avec un chiffon propre. Pour cr\u00e9er la laque protectrice naturelle appel\u00e9e patine, \u00e9vitez d&#8217;utiliser de la poudre \u00e0 r\u00e9curer, des abrasifs ou des tampons \u00e0 r\u00e9curer m\u00e9talliques apr\u00e8s utilisation.<\/p>\n<p><strong>Dimensions du wok<\/strong> : 36 x 36 x 10 cm<br \/>\n<strong>Diam\u00e8tre de la base du wok\u00a0:<\/strong> 17 cm<br \/>\n<strong>Poids\u00a0: <\/strong>1,7 kg<\/p>\n","protected":false},"excerpt":{"rendered":"<p>D&#8217;un diam\u00e8tre de 36 cm, ce wok compatible induction poss\u00e8de une capacit\u00e9 id\u00e9ale pour cuisiner pour 4 \u00e0 6 personnes.<\/p>\n","protected":false},"featured_media":474883,"template":"","meta":{"_acf_changed":false,"inline_featured_image":false},"product_cat":[6709,6781],"product_tag":[25027,11395,23911,24398,25022,11690],"acf":[],"yoast_head":"<!-- This site is optimized with the Yoast SEO Premium plugin v18.6 (Yoast SEO v19.13) - https:\/\/yoast.com\/wordpress\/plugins\/seo\/ -->\n<title>KEN HOM Wok Excellence 36 cm - Erresse Shop<\/title>\n<meta name=\"description\" content=\"D&#039;un diam\u00e8tre de 36 cm, ce wok compatible induction poss\u00e8de une capacit\u00e9 id\u00e9ale pour cuisiner pour 4 \u00e0 6 personnes. Sa conception vous permet de commencer\" \/>\n<meta name=\"robots\" content=\"index, follow, max-snippet:-1, max-image-preview:large, max-video-preview:-1\" \/>\n<link rel=\"canonical\" href=\"https:\/\/www.erresse-shop.it\/de\/shop\/toepfe-pfannen\/wok-topf-pfanne\/ken-hom-wok-excellence-36-cm\/\" \/>\n<meta property=\"og:locale\" content=\"de_DE\" \/>\n<meta property=\"og:type\" content=\"article\" \/>\n<meta property=\"og:title\" content=\"KEN HOM Wok Excellence 36 cm\" \/>\n<meta property=\"og:description\" content=\"D&#039;un diam\u00e8tre de 36 cm, ce wok compatible induction poss\u00e8de une capacit\u00e9 id\u00e9ale pour cuisiner pour 4 \u00e0 6 personnes. Sa conception vous permet de commencer\" \/>\n<meta property=\"og:url\" content=\"https:\/\/www.erresse-shop.it\/de\/shop\/toepfe-pfannen\/wok-topf-pfanne\/ken-hom-wok-excellence-36-cm\/\" \/>\n<meta property=\"og:site_name\" content=\"Erresse Shop\" \/>\n<meta property=\"article:modified_time\" content=\"2026-02-23T09:09:20+00:00\" \/>\n<meta property=\"og:image\" content=\"https:\/\/www.erresse-shop.it\/wp-content\/uploads\/2025\/03\/KEN-HOM-Wok-Excellence-36-cm-Acciaio.jpg\" \/>\n\t<meta property=\"og:image:width\" content=\"1200\" \/>\n\t<meta property=\"og:image:height\" content=\"1200\" \/>\n\t<meta property=\"og:image:type\" content=\"image\/jpeg\" \/>\n<meta name=\"twitter:card\" content=\"summary_large_image\" \/>\n<script type=\"application\/ld+json\" class=\"yoast-schema-graph\">{\"@context\":\"https:\/\/schema.org\",\"@graph\":[{\"@type\":\"WebPage\",\"@id\":\"https:\/\/www.erresse-shop.it\/de\/shop\/toepfe-pfannen\/wok-topf-pfanne\/ken-hom-wok-excellence-36-cm\/\",\"url\":\"https:\/\/www.erresse-shop.it\/de\/shop\/toepfe-pfannen\/wok-topf-pfanne\/ken-hom-wok-excellence-36-cm\/\",\"name\":\"KEN HOM Wok Excellence 36 cm - Erresse Shop\",\"isPartOf\":{\"@id\":\"https:\/\/www.erresse-shop.it\/de\/#website\"},\"datePublished\":\"2025-03-05T14:52:37+00:00\",\"dateModified\":\"2026-02-23T09:09:20+00:00\",\"description\":\"D'un diam\u00e8tre de 36 cm, ce wok compatible induction poss\u00e8de une capacit\u00e9 id\u00e9ale pour cuisiner pour 4 \u00e0 6 personnes. Sa conception vous permet de commencer\",\"breadcrumb\":{\"@id\":\"https:\/\/www.erresse-shop.it\/de\/shop\/toepfe-pfannen\/wok-topf-pfanne\/ken-hom-wok-excellence-36-cm\/#breadcrumb\"},\"inLanguage\":\"de-DE\",\"potentialAction\":[{\"@type\":\"ReadAction\",\"target\":[\"https:\/\/www.erresse-shop.it\/de\/shop\/toepfe-pfannen\/wok-topf-pfanne\/ken-hom-wok-excellence-36-cm\/\"]}]},{\"@type\":\"BreadcrumbList\",\"@id\":\"https:\/\/www.erresse-shop.it\/de\/shop\/toepfe-pfannen\/wok-topf-pfanne\/ken-hom-wok-excellence-36-cm\/#breadcrumb\",\"itemListElement\":[{\"@type\":\"ListItem\",\"position\":1,\"name\":\"Home\",\"item\":\"https:\/\/www.erresse-shop.it\/de\/\"},{\"@type\":\"ListItem\",\"position\":2,\"name\":\"Shop\",\"item\":\"https:\/\/www.erresse-shop.it\/de\/shop\/\"},{\"@type\":\"ListItem\",\"position\":3,\"name\":\"KEN HOM Wok Excellence 36 cm\"}]},{\"@type\":\"WebSite\",\"@id\":\"https:\/\/www.erresse-shop.it\/de\/#website\",\"url\":\"https:\/\/www.erresse-shop.it\/de\/\",\"name\":\"Erresse Shop\",\"description\":\"Articoli di qualit\u00e0 per la casa\",\"potentialAction\":[{\"@type\":\"SearchAction\",\"target\":{\"@type\":\"EntryPoint\",\"urlTemplate\":\"https:\/\/www.erresse-shop.it\/de\/?s={search_term_string}\"},\"query-input\":\"required name=search_term_string\"}],\"inLanguage\":\"de-DE\"}]}<\/script>\n<!-- \/ Yoast SEO Premium plugin. -->","yoast_head_json":{"title":"KEN HOM Wok Excellence 36 cm - Erresse Shop","description":"D'un diam\u00e8tre de 36 cm, ce wok compatible induction poss\u00e8de une capacit\u00e9 id\u00e9ale pour cuisiner pour 4 \u00e0 6 personnes. Sa conception vous permet de commencer","robots":{"index":"index","follow":"follow","max-snippet":"max-snippet:-1","max-image-preview":"max-image-preview:large","max-video-preview":"max-video-preview:-1"},"canonical":"https:\/\/www.erresse-shop.it\/de\/shop\/toepfe-pfannen\/wok-topf-pfanne\/ken-hom-wok-excellence-36-cm\/","og_locale":"de_DE","og_type":"article","og_title":"KEN HOM Wok Excellence 36 cm","og_description":"D'un diam\u00e8tre de 36 cm, ce wok compatible induction poss\u00e8de une capacit\u00e9 id\u00e9ale pour cuisiner pour 4 \u00e0 6 personnes. Sa conception vous permet de commencer","og_url":"https:\/\/www.erresse-shop.it\/de\/shop\/toepfe-pfannen\/wok-topf-pfanne\/ken-hom-wok-excellence-36-cm\/","og_site_name":"Erresse Shop","article_modified_time":"2026-02-23T09:09:20+00:00","og_image":[{"width":1200,"height":1200,"url":"https:\/\/www.erresse-shop.it\/wp-content\/uploads\/2025\/03\/KEN-HOM-Wok-Excellence-36-cm-Acciaio.jpg","type":"image\/jpeg"}],"twitter_card":"summary_large_image","schema":{"@context":"https:\/\/schema.org","@graph":[{"@type":"WebPage","@id":"https:\/\/www.erresse-shop.it\/de\/shop\/toepfe-pfannen\/wok-topf-pfanne\/ken-hom-wok-excellence-36-cm\/","url":"https:\/\/www.erresse-shop.it\/de\/shop\/toepfe-pfannen\/wok-topf-pfanne\/ken-hom-wok-excellence-36-cm\/","name":"KEN HOM Wok Excellence 36 cm - Erresse Shop","isPartOf":{"@id":"https:\/\/www.erresse-shop.it\/de\/#website"},"datePublished":"2025-03-05T14:52:37+00:00","dateModified":"2026-02-23T09:09:20+00:00","description":"D'un diam\u00e8tre de 36 cm, ce wok compatible induction poss\u00e8de une capacit\u00e9 id\u00e9ale pour cuisiner pour 4 \u00e0 6 personnes. Sa conception vous permet de commencer","breadcrumb":{"@id":"https:\/\/www.erresse-shop.it\/de\/shop\/toepfe-pfannen\/wok-topf-pfanne\/ken-hom-wok-excellence-36-cm\/#breadcrumb"},"inLanguage":"de-DE","potentialAction":[{"@type":"ReadAction","target":["https:\/\/www.erresse-shop.it\/de\/shop\/toepfe-pfannen\/wok-topf-pfanne\/ken-hom-wok-excellence-36-cm\/"]}]},{"@type":"BreadcrumbList","@id":"https:\/\/www.erresse-shop.it\/de\/shop\/toepfe-pfannen\/wok-topf-pfanne\/ken-hom-wok-excellence-36-cm\/#breadcrumb","itemListElement":[{"@type":"ListItem","position":1,"name":"Home","item":"https:\/\/www.erresse-shop.it\/de\/"},{"@type":"ListItem","position":2,"name":"Shop","item":"https:\/\/www.erresse-shop.it\/de\/shop\/"},{"@type":"ListItem","position":3,"name":"KEN HOM Wok Excellence 36 cm"}]},{"@type":"WebSite","@id":"https:\/\/www.erresse-shop.it\/de\/#website","url":"https:\/\/www.erresse-shop.it\/de\/","name":"Erresse Shop","description":"Articoli di qualit\u00e0 per la casa","potentialAction":[{"@type":"SearchAction","target":{"@type":"EntryPoint","urlTemplate":"https:\/\/www.erresse-shop.it\/de\/?s={search_term_string}"},"query-input":"required name=search_term_string"}],"inLanguage":"de-DE"}]}},"df_price":32.95,"df_sale_price":32.95,"df_regular_price":48,"df_image_link":"https:\/\/www.erresse-shop.it\/wp-content\/uploads\/2025\/03\/KEN-HOM-Wok-Excellence-36-cm-Acciaio-300x300.jpg","_links":{"self":[{"href":"https:\/\/www.erresse-shop.it\/de\/wp-json\/wp\/v2\/product\/474874"}],"collection":[{"href":"https:\/\/www.erresse-shop.it\/de\/wp-json\/wp\/v2\/product"}],"about":[{"href":"https:\/\/www.erresse-shop.it\/de\/wp-json\/wp\/v2\/types\/product"}],"wp:featuredmedia":[{"embeddable":true,"href":"https:\/\/www.erresse-shop.it\/de\/wp-json\/wp\/v2\/media\/474883"}],"wp:attachment":[{"href":"https:\/\/www.erresse-shop.it\/de\/wp-json\/wp\/v2\/media?parent=474874"}],"wp:term":[{"taxonomy":"product_cat","embeddable":true,"href":"https:\/\/www.erresse-shop.it\/de\/wp-json\/wp\/v2\/product_cat?post=474874"},{"taxonomy":"product_tag","embeddable":true,"href":"https:\/\/www.erresse-shop.it\/de\/wp-json\/wp\/v2\/product_tag?post=474874"}],"curies":[{"name":"wp","href":"https:\/\/api.w.org\/{rel}","templated":true}]}}