{"id":474838,"date":"2025-03-05T14:32:56","date_gmt":"2025-03-05T14:32:57","guid":{"rendered":"https:\/\/www.erresse-shop.it\/?post_type=product&#038;p=474838"},"modified":"2026-02-23T09:27:54","modified_gmt":"2026-02-23T09:27:54","slug":"ken-hom-wok-excellence-32-cm","status":"publish","type":"product","link":"https:\/\/www.erresse-shop.it\/de\/shop\/toepfe-pfannen\/wok-topf-pfanne\/ken-hom-wok-excellence-32-cm\/","title":{"rendered":"KEN HOM Wok Excellence 32 cm"},"content":{"rendered":"<p>Mit einem Durchmesser von 32 cm bietet dieser induktionsgeeignete Wok ein ideales Fassungsverm\u00f6gen zum Kochen f\u00fcr 3\u20134 Personen. Dank seiner Konstruktion k\u00f6nnen Sie fast sofort mit dem Kochen beginnen. Mit der Zeit bildet sich auf der Oberfl\u00e4che eine sogenannte Patina, die den Kohlenstoffstahl vor Rost sch\u00fctzt und f\u00fcr eine leicht zu entfernende Kochleistung sorgt.<\/p>\n<ul>\n<li>Traditioneller chinesischer Wok aus Kohlenstoffstahl mit einer nat\u00fcrlichen Oberfl\u00e4che, der sogenannten Patina. Diese bildet sich mit der Zeit, verhindert das Rosten des Kohlenstoffstahls und erm\u00f6glicht ein leicht zu entfernendes Kochergebnis.<\/li>\n<li>Der flache Boden sorgt f\u00fcr eine gute Balance des Woks, sodass dieser beim Abstellen auf dem Herd nicht umkippt. Au\u00dferdem ist es zum Kochen auf allen Herdarten geeignet, einschlie\u00dflich Gas, Elektro, Keramik und Induktion<\/li>\n<li>Der wundersch\u00f6n gearbeitete Holzgriff ist mit drei Nieten gesichert, um stets einen stabilen Griff zu gew\u00e4hrleisten, der sich nicht l\u00f6st. Mit einem Ring zum einfachen Aufh\u00e4ngen versehen<\/li>\n<li>Nicht sp\u00fclmaschinenfest. Zum Reinigen per Hand mit warmem Wasser und ggf. einem milden Reinigungsmittel waschen. Mit einem sauberen Tuch gr\u00fcndlich abtrocknen<\/li>\n<li>Kochkapazit\u00e4t f\u00fcr 3\u20134 Personen geeignet<\/li>\n<li>F\u00fcr alle Herdarten geeignet, auch Induktion<\/li>\n<\/ul>\n<p><strong>So entfernen Sie die Schutzbeschichtung vom Wok vor dem Gebrauch:<\/strong><\/p>\n<p>Weichen Sie die Woksch\u00fcssel 5 Minuten lang in hei\u00dfem Wasser ein, um die Lackschicht aufzuweichen.<br \/>\nSchrubben Sie die Innenseite der Sch\u00fcssel dann mit einem groben Scheuerschwamm oder Stahlwolle und reichlich Reinigungsmittel mindestens 3\u20134 Minuten lang, bis die gesamte klare Schutzschicht entfernt ist.<\/p>\n<p><strong>WICHTIG:<\/strong> Wenn Sie Ihren Wok auf einem Glaskochfeld (einschlie\u00dflich Induktion) verwenden, wiederholen Sie diesen Schrubbvorgang auf dem \u00e4u\u00dferen Boden des Woks, dem Bereich, der in direktem Kontakt mit dem Kochfeld steht. Wenn der Lack nicht entfernt wird, schmilzt er auf dem Glas. Stellen Sie sicher, dass sowohl die Innen- als auch die Au\u00dfenseite des Woks gr\u00fcndlich gewaschen und getrocknet sind, bevor Sie die Innenseite einbrennen.<\/p>\n<p><strong>Reinigung:<\/strong><\/p>\n<p>Zum Reinigen per Hand mit warmem Wasser und, falls gew\u00fcnscht, einem milden Reinigungsmittel waschen. Mit einem sauberen Tuch gr\u00fcndlich trocknen. Um den nat\u00fcrlichen Schutzlack, die sogenannte Patina, zu erzeugen, vermeiden Sie nach dem Gebrauch die Verwendung von Scheuerpulver, Schleifmitteln oder Metallschw\u00e4mmen.<\/p>\n<p><strong>Ma\u00dfe Wok:<\/strong> 32 x 32 x 10 cm<br \/>\n<strong>Durchmesser Wokboden:<\/strong> 15 cm<br \/>\n<strong>Gewicht: <\/strong>1,7 kg<\/p>\n","protected":false},"excerpt":{"rendered":"<p>Mit einem Durchmesser von 32 cm bietet dieser induktionsgeeignete Wok ein ideales Fassungsverm\u00f6gen zum Kochen f\u00fcr 3\u20134 Personen. Dank seiner<\/p>\n","protected":false},"featured_media":474866,"template":"","meta":{"_acf_changed":false,"inline_featured_image":false},"product_cat":[6709,6781],"product_tag":[25027,11395,23911,24398,25022,11690],"acf":[],"yoast_head":"<!-- This site is optimized with the Yoast SEO Premium plugin v18.6 (Yoast SEO v19.13) - https:\/\/yoast.com\/wordpress\/plugins\/seo\/ -->\n<title>KEN HOM Wok Excellence 32 cm - Erresse Shop<\/title>\n<meta name=\"description\" content=\"Mit einem Durchmesser von 32 cm bietet dieser induktionsgeeignete Wok ein ideales Fassungsverm\u00f6gen zum Kochen f\u00fcr 3\u20134 Personen. Dank seiner Konstruktion\" \/>\n<meta name=\"robots\" content=\"index, follow, max-snippet:-1, max-image-preview:large, max-video-preview:-1\" \/>\n<link rel=\"canonical\" href=\"https:\/\/www.erresse-shop.it\/de\/shop\/toepfe-pfannen\/wok-topf-pfanne\/ken-hom-wok-excellence-32-cm\/\" \/>\n<meta property=\"og:locale\" content=\"de_DE\" \/>\n<meta property=\"og:type\" content=\"article\" \/>\n<meta property=\"og:title\" content=\"KEN HOM Wok Excellence 32 cm\" \/>\n<meta property=\"og:description\" content=\"Mit einem Durchmesser von 32 cm bietet dieser induktionsgeeignete Wok ein ideales Fassungsverm\u00f6gen zum Kochen f\u00fcr 3\u20134 Personen. Dank seiner Konstruktion\" \/>\n<meta property=\"og:url\" content=\"https:\/\/www.erresse-shop.it\/de\/shop\/toepfe-pfannen\/wok-topf-pfanne\/ken-hom-wok-excellence-32-cm\/\" \/>\n<meta property=\"og:site_name\" content=\"Erresse Shop\" \/>\n<meta property=\"article:modified_time\" content=\"2026-02-23T09:27:54+00:00\" \/>\n<meta property=\"og:image\" content=\"https:\/\/www.erresse-shop.it\/wp-content\/uploads\/2025\/03\/KEN-HOM-Wok-Excellence-32-cm-Acciaio.jpg\" \/>\n\t<meta property=\"og:image:width\" content=\"1200\" \/>\n\t<meta property=\"og:image:height\" content=\"1200\" \/>\n\t<meta property=\"og:image:type\" content=\"image\/jpeg\" \/>\n<meta name=\"twitter:card\" content=\"summary_large_image\" \/>\n<script type=\"application\/ld+json\" class=\"yoast-schema-graph\">{\"@context\":\"https:\/\/schema.org\",\"@graph\":[{\"@type\":\"WebPage\",\"@id\":\"https:\/\/www.erresse-shop.it\/de\/shop\/toepfe-pfannen\/wok-topf-pfanne\/ken-hom-wok-excellence-32-cm\/\",\"url\":\"https:\/\/www.erresse-shop.it\/de\/shop\/toepfe-pfannen\/wok-topf-pfanne\/ken-hom-wok-excellence-32-cm\/\",\"name\":\"KEN HOM Wok Excellence 32 cm - Erresse Shop\",\"isPartOf\":{\"@id\":\"https:\/\/www.erresse-shop.it\/de\/#website\"},\"datePublished\":\"2025-03-05T14:32:57+00:00\",\"dateModified\":\"2026-02-23T09:27:54+00:00\",\"description\":\"Mit einem Durchmesser von 32 cm bietet dieser induktionsgeeignete Wok ein ideales Fassungsverm\u00f6gen zum Kochen f\u00fcr 3\u20134 Personen. Dank seiner Konstruktion\",\"breadcrumb\":{\"@id\":\"https:\/\/www.erresse-shop.it\/de\/shop\/toepfe-pfannen\/wok-topf-pfanne\/ken-hom-wok-excellence-32-cm\/#breadcrumb\"},\"inLanguage\":\"de-DE\",\"potentialAction\":[{\"@type\":\"ReadAction\",\"target\":[\"https:\/\/www.erresse-shop.it\/de\/shop\/toepfe-pfannen\/wok-topf-pfanne\/ken-hom-wok-excellence-32-cm\/\"]}]},{\"@type\":\"BreadcrumbList\",\"@id\":\"https:\/\/www.erresse-shop.it\/de\/shop\/toepfe-pfannen\/wok-topf-pfanne\/ken-hom-wok-excellence-32-cm\/#breadcrumb\",\"itemListElement\":[{\"@type\":\"ListItem\",\"position\":1,\"name\":\"Home\",\"item\":\"https:\/\/www.erresse-shop.it\/de\/\"},{\"@type\":\"ListItem\",\"position\":2,\"name\":\"Shop\",\"item\":\"https:\/\/www.erresse-shop.it\/de\/shop\/\"},{\"@type\":\"ListItem\",\"position\":3,\"name\":\"KEN HOM Wok Excellence 32 cm\"}]},{\"@type\":\"WebSite\",\"@id\":\"https:\/\/www.erresse-shop.it\/de\/#website\",\"url\":\"https:\/\/www.erresse-shop.it\/de\/\",\"name\":\"Erresse Shop\",\"description\":\"Articoli di qualit\u00e0 per la casa\",\"potentialAction\":[{\"@type\":\"SearchAction\",\"target\":{\"@type\":\"EntryPoint\",\"urlTemplate\":\"https:\/\/www.erresse-shop.it\/de\/?s={search_term_string}\"},\"query-input\":\"required name=search_term_string\"}],\"inLanguage\":\"de-DE\"}]}<\/script>\n<!-- \/ Yoast SEO Premium plugin. -->","yoast_head_json":{"title":"KEN HOM Wok Excellence 32 cm - Erresse Shop","description":"Mit einem Durchmesser von 32 cm bietet dieser induktionsgeeignete Wok ein ideales Fassungsverm\u00f6gen zum Kochen f\u00fcr 3\u20134 Personen. Dank seiner Konstruktion","robots":{"index":"index","follow":"follow","max-snippet":"max-snippet:-1","max-image-preview":"max-image-preview:large","max-video-preview":"max-video-preview:-1"},"canonical":"https:\/\/www.erresse-shop.it\/de\/shop\/toepfe-pfannen\/wok-topf-pfanne\/ken-hom-wok-excellence-32-cm\/","og_locale":"de_DE","og_type":"article","og_title":"KEN HOM Wok Excellence 32 cm","og_description":"Mit einem Durchmesser von 32 cm bietet dieser induktionsgeeignete Wok ein ideales Fassungsverm\u00f6gen zum Kochen f\u00fcr 3\u20134 Personen. Dank seiner Konstruktion","og_url":"https:\/\/www.erresse-shop.it\/de\/shop\/toepfe-pfannen\/wok-topf-pfanne\/ken-hom-wok-excellence-32-cm\/","og_site_name":"Erresse Shop","article_modified_time":"2026-02-23T09:27:54+00:00","og_image":[{"width":1200,"height":1200,"url":"https:\/\/www.erresse-shop.it\/wp-content\/uploads\/2025\/03\/KEN-HOM-Wok-Excellence-32-cm-Acciaio.jpg","type":"image\/jpeg"}],"twitter_card":"summary_large_image","schema":{"@context":"https:\/\/schema.org","@graph":[{"@type":"WebPage","@id":"https:\/\/www.erresse-shop.it\/de\/shop\/toepfe-pfannen\/wok-topf-pfanne\/ken-hom-wok-excellence-32-cm\/","url":"https:\/\/www.erresse-shop.it\/de\/shop\/toepfe-pfannen\/wok-topf-pfanne\/ken-hom-wok-excellence-32-cm\/","name":"KEN HOM Wok Excellence 32 cm - Erresse Shop","isPartOf":{"@id":"https:\/\/www.erresse-shop.it\/de\/#website"},"datePublished":"2025-03-05T14:32:57+00:00","dateModified":"2026-02-23T09:27:54+00:00","description":"Mit einem Durchmesser von 32 cm bietet dieser induktionsgeeignete Wok ein ideales Fassungsverm\u00f6gen zum Kochen f\u00fcr 3\u20134 Personen. Dank seiner Konstruktion","breadcrumb":{"@id":"https:\/\/www.erresse-shop.it\/de\/shop\/toepfe-pfannen\/wok-topf-pfanne\/ken-hom-wok-excellence-32-cm\/#breadcrumb"},"inLanguage":"de-DE","potentialAction":[{"@type":"ReadAction","target":["https:\/\/www.erresse-shop.it\/de\/shop\/toepfe-pfannen\/wok-topf-pfanne\/ken-hom-wok-excellence-32-cm\/"]}]},{"@type":"BreadcrumbList","@id":"https:\/\/www.erresse-shop.it\/de\/shop\/toepfe-pfannen\/wok-topf-pfanne\/ken-hom-wok-excellence-32-cm\/#breadcrumb","itemListElement":[{"@type":"ListItem","position":1,"name":"Home","item":"https:\/\/www.erresse-shop.it\/de\/"},{"@type":"ListItem","position":2,"name":"Shop","item":"https:\/\/www.erresse-shop.it\/de\/shop\/"},{"@type":"ListItem","position":3,"name":"KEN HOM Wok Excellence 32 cm"}]},{"@type":"WebSite","@id":"https:\/\/www.erresse-shop.it\/de\/#website","url":"https:\/\/www.erresse-shop.it\/de\/","name":"Erresse Shop","description":"Articoli di qualit\u00e0 per la casa","potentialAction":[{"@type":"SearchAction","target":{"@type":"EntryPoint","urlTemplate":"https:\/\/www.erresse-shop.it\/de\/?s={search_term_string}"},"query-input":"required name=search_term_string"}],"inLanguage":"de-DE"}]}},"df_price":22.95,"df_sale_price":22.95,"df_regular_price":42,"df_image_link":"https:\/\/www.erresse-shop.it\/wp-content\/uploads\/2025\/03\/KEN-HOM-Wok-Excellence-32-cm-Acciaio-300x300.jpg","_links":{"self":[{"href":"https:\/\/www.erresse-shop.it\/de\/wp-json\/wp\/v2\/product\/474838"}],"collection":[{"href":"https:\/\/www.erresse-shop.it\/de\/wp-json\/wp\/v2\/product"}],"about":[{"href":"https:\/\/www.erresse-shop.it\/de\/wp-json\/wp\/v2\/types\/product"}],"wp:featuredmedia":[{"embeddable":true,"href":"https:\/\/www.erresse-shop.it\/de\/wp-json\/wp\/v2\/media\/474866"}],"wp:attachment":[{"href":"https:\/\/www.erresse-shop.it\/de\/wp-json\/wp\/v2\/media?parent=474838"}],"wp:term":[{"taxonomy":"product_cat","embeddable":true,"href":"https:\/\/www.erresse-shop.it\/de\/wp-json\/wp\/v2\/product_cat?post=474838"},{"taxonomy":"product_tag","embeddable":true,"href":"https:\/\/www.erresse-shop.it\/de\/wp-json\/wp\/v2\/product_tag?post=474838"}],"curies":[{"name":"wp","href":"https:\/\/api.w.org\/{rel}","templated":true}]}}