{"id":473921,"date":"2025-03-03T15:04:20","date_gmt":"2025-03-03T15:04:21","guid":{"rendered":"https:\/\/www.erresse-shop.it\/?post_type=product&#038;p=473921"},"modified":"2025-03-28T20:30:06","modified_gmt":"2025-03-28T20:30:06","slug":"zwilling-enfinigy-toaster-2-schlitze-schwarz-mit-warmhaltefu-copia-2","status":"publish","type":"product","link":"https:\/\/www.erresse-shop.it\/de\/shop\/kleine-elektrogeraete\/grills-und-barbecues\/zwilling-enfinigy-toaster-2-schlitze-schwarz-mit-warmhaltefu-copia-2\/","title":{"rendered":"ZWILLING Enfinigy Elektrische Platte Schwarz"},"content":{"rendered":"<p>Grillen Sie, wann immer Sie wollen. Ganz wie Sie m\u00f6chten. Wo immer Sie wollen. Vom warmen Fr\u00fchst\u00fccksbr\u00f6tchen bis zum Grillen mit Freunden. Mit dem ZWILLING ENFINIGY Kontaktgrill sind Ihnen beim Grillen keine Grenzen mehr gesetzt. Verwenden Sie ihn mit geschlossenem Deckel wie eine herk\u00f6mmliche elektrische Grillplatte oder \u00f6ffnen Sie ihn um 180\u00b0 f\u00fcr den Grillmodus: Egal, welchen Modus Sie w\u00e4hlen, Sie behalten immer die volle Kontrolle. Die einzeln einstellbaren Platten verteilen die Hitze gleichm\u00e4\u00dfig \u00fcber die gesamte Oberfl\u00e4che, ohne dass \u00dcberhitzungsstellen entstehen. Das Garen erfolgt gleichm\u00e4\u00dfig und pr\u00e4zise. Nat\u00fcrlich gibt es hier eine leicht verbesserte Version: Dank des Thermosensors, der die Temperatur im Kern des Grillguts misst, erhalten Sie immer die ideale Hitze, um Fleisch und Fisch perfekt zu grillen. Entdecken Sie die neue Art des Grillens und genie\u00dfen Sie das Vergn\u00fcgen des Kochens \u00fcberall und jederzeit.<\/p>\n<ul>\n<li>\u00d6ffnen Sie den Kontaktgrill auf 180\u00b0, um ihn im BBQ-Modus zu verwenden<\/li>\n<li>6 Automatikprogramme (Steak, Hamburger, Fisch, Wurst, Gefl\u00fcgel, Sandwiches) + Boost- und Auftaufunktion<\/li>\n<li>Perfekt gegrilltes Fleisch und Gem\u00fcse: gleichm\u00e4\u00dfige Hitzeverteilung dank flachem Heizelement<\/li>\n<li>Dank des Thermosensors haben Sie immer die ideale Temperatur im Inneren der Speisen<\/li>\n<li>Einfache Reinigung: Die keramikbeschichteten Platten sind sp\u00fclmaschinenfest<\/li>\n<li>Praktischer Tragegriff f\u00fcr sicheren Halt und einfachen Transport<\/li>\n<li>Minimalistisches Design von Matteo Thun und Antonio Rodriguez, Mailand<\/li>\n<\/ul>\n<p><span class=\"label\">Farbe:<\/span>\u00a0<span class=\"value\">schwarz<br \/>\n<\/span><span class=\"label\">Material:<\/span>\u00a0<span class=\"value\">Kunststoff<br \/>\n<\/span><span class=\"label\">Spannung:<\/span>\u00a0<span class=\"value\">220\u2013240\u00a0V<br \/>\n<\/span><span class=\"label\">Frequenz:<\/span>\u00a0<span class=\"value\">50\/60 Hz<br \/>\n<\/span><span class=\"label\">Integrierte Kabeltrommel:<\/span>\u00a0<span class=\"value\">Ja<br \/>\n<\/span><span class=\"label\">Leistungsaufnahme:<\/span>\u00a0<span class=\"value\">1.850 W<\/span><\/p>\n<p><span style=\"text-decoration: underline;\"><strong>Not for sale outside Europe<\/strong><\/span><\/p>\n","protected":false},"excerpt":{"rendered":"<p>Grillen Sie, wann immer Sie wollen. Ganz wie Sie m\u00f6chten. Wo immer Sie wollen. Vom warmen Fr\u00fchst\u00fccksbr\u00f6tchen bis zum Grillen<\/p>\n","protected":false},"featured_media":473966,"template":"","meta":{"_acf_changed":false,"inline_featured_image":false},"product_cat":[6703,13378],"product_tag":[25038,11415,11413,13723,25022,14639],"acf":[],"yoast_head":"<!-- This site is optimized with the Yoast SEO Premium plugin v18.6 (Yoast SEO v19.13) - https:\/\/yoast.com\/wordpress\/plugins\/seo\/ -->\n<title>ZWILLING Enfinigy Toaster 2 Schlitze Schwarz mit Warmhaltefu<\/title>\n<meta name=\"description\" content=\"Entdecken Sie ZWILLING Enfinigy Toaster 2 Schlitze Schwarz mit Warmhaltefu bei ErresseShop. Qualit\u00e4t, Stil und Funktionalit\u00e4t \u2013 jetzt online bestellen!\" \/>\n<meta name=\"robots\" content=\"index, follow, max-snippet:-1, max-image-preview:large, max-video-preview:-1\" \/>\n<link rel=\"canonical\" href=\"https:\/\/www.erresse-shop.it\/de\/shop\/kleine-elektrogeraete\/grills-und-barbecues\/zwilling-enfinigy-toaster-2-schlitze-schwarz-mit-warmhaltefu-copia-2\/\" \/>\n<meta property=\"og:locale\" content=\"de_DE\" \/>\n<meta property=\"og:type\" content=\"article\" \/>\n<meta property=\"og:title\" content=\"ZWILLING Enfinigy Elektrische Platte Schwarz\" \/>\n<meta property=\"og:description\" content=\"Entdecken Sie ZWILLING Enfinigy Toaster 2 Schlitze Schwarz mit Warmhaltefu bei ErresseShop. Qualit\u00e4t, Stil und Funktionalit\u00e4t \u2013 jetzt online bestellen!\" \/>\n<meta property=\"og:url\" content=\"https:\/\/www.erresse-shop.it\/de\/shop\/kleine-elektrogeraete\/grills-und-barbecues\/zwilling-enfinigy-toaster-2-schlitze-schwarz-mit-warmhaltefu-copia-2\/\" \/>\n<meta property=\"og:site_name\" content=\"Erresse Shop\" \/>\n<meta property=\"article:modified_time\" content=\"2025-03-28T20:30:06+00:00\" \/>\n<meta property=\"og:image\" content=\"https:\/\/www.erresse-shop.it\/wp-content\/uploads\/2025\/03\/ZWILLING-Enfinigy-Piastra-Elettrica-Nero.jpg\" \/>\n\t<meta property=\"og:image:width\" content=\"1200\" \/>\n\t<meta property=\"og:image:height\" content=\"1200\" \/>\n\t<meta property=\"og:image:type\" content=\"image\/jpeg\" \/>\n<meta name=\"twitter:card\" content=\"summary_large_image\" \/>\n<script type=\"application\/ld+json\" class=\"yoast-schema-graph\">{\"@context\":\"https:\/\/schema.org\",\"@graph\":[{\"@type\":\"WebPage\",\"@id\":\"https:\/\/www.erresse-shop.it\/de\/shop\/kleine-elektrogeraete\/grills-und-barbecues\/zwilling-enfinigy-toaster-2-schlitze-schwarz-mit-warmhaltefu-copia-2\/\",\"url\":\"https:\/\/www.erresse-shop.it\/de\/shop\/kleine-elektrogeraete\/grills-und-barbecues\/zwilling-enfinigy-toaster-2-schlitze-schwarz-mit-warmhaltefu-copia-2\/\",\"name\":\"ZWILLING Enfinigy Toaster 2 Schlitze Schwarz mit Warmhaltefu\",\"isPartOf\":{\"@id\":\"https:\/\/www.erresse-shop.it\/de\/#website\"},\"datePublished\":\"2025-03-03T15:04:21+00:00\",\"dateModified\":\"2025-03-28T20:30:06+00:00\",\"description\":\"Entdecken Sie ZWILLING Enfinigy Toaster 2 Schlitze Schwarz mit Warmhaltefu bei ErresseShop. Qualit\u00e4t, Stil und Funktionalit\u00e4t \u2013 jetzt online bestellen!\",\"breadcrumb\":{\"@id\":\"https:\/\/www.erresse-shop.it\/de\/shop\/kleine-elektrogeraete\/grills-und-barbecues\/zwilling-enfinigy-toaster-2-schlitze-schwarz-mit-warmhaltefu-copia-2\/#breadcrumb\"},\"inLanguage\":\"de-DE\",\"potentialAction\":[{\"@type\":\"ReadAction\",\"target\":[\"https:\/\/www.erresse-shop.it\/de\/shop\/kleine-elektrogeraete\/grills-und-barbecues\/zwilling-enfinigy-toaster-2-schlitze-schwarz-mit-warmhaltefu-copia-2\/\"]}]},{\"@type\":\"BreadcrumbList\",\"@id\":\"https:\/\/www.erresse-shop.it\/de\/shop\/kleine-elektrogeraete\/grills-und-barbecues\/zwilling-enfinigy-toaster-2-schlitze-schwarz-mit-warmhaltefu-copia-2\/#breadcrumb\",\"itemListElement\":[{\"@type\":\"ListItem\",\"position\":1,\"name\":\"Home\",\"item\":\"https:\/\/www.erresse-shop.it\/de\/\"},{\"@type\":\"ListItem\",\"position\":2,\"name\":\"Shop\",\"item\":\"https:\/\/www.erresse-shop.it\/de\/shop\/\"},{\"@type\":\"ListItem\",\"position\":3,\"name\":\"ZWILLING Enfinigy Elektrische Platte Schwarz\"}]},{\"@type\":\"WebSite\",\"@id\":\"https:\/\/www.erresse-shop.it\/de\/#website\",\"url\":\"https:\/\/www.erresse-shop.it\/de\/\",\"name\":\"Erresse Shop\",\"description\":\"Articoli di qualit\u00e0 per la casa\",\"potentialAction\":[{\"@type\":\"SearchAction\",\"target\":{\"@type\":\"EntryPoint\",\"urlTemplate\":\"https:\/\/www.erresse-shop.it\/de\/?s={search_term_string}\"},\"query-input\":\"required name=search_term_string\"}],\"inLanguage\":\"de-DE\"}]}<\/script>\n<!-- \/ Yoast SEO Premium plugin. -->","yoast_head_json":{"title":"ZWILLING Enfinigy Toaster 2 Schlitze Schwarz mit Warmhaltefu","description":"Entdecken Sie ZWILLING Enfinigy Toaster 2 Schlitze Schwarz mit Warmhaltefu bei ErresseShop. Qualit\u00e4t, Stil und Funktionalit\u00e4t \u2013 jetzt online bestellen!","robots":{"index":"index","follow":"follow","max-snippet":"max-snippet:-1","max-image-preview":"max-image-preview:large","max-video-preview":"max-video-preview:-1"},"canonical":"https:\/\/www.erresse-shop.it\/de\/shop\/kleine-elektrogeraete\/grills-und-barbecues\/zwilling-enfinigy-toaster-2-schlitze-schwarz-mit-warmhaltefu-copia-2\/","og_locale":"de_DE","og_type":"article","og_title":"ZWILLING Enfinigy Elektrische Platte Schwarz","og_description":"Entdecken Sie ZWILLING Enfinigy Toaster 2 Schlitze Schwarz mit Warmhaltefu bei ErresseShop. Qualit\u00e4t, Stil und Funktionalit\u00e4t \u2013 jetzt online bestellen!","og_url":"https:\/\/www.erresse-shop.it\/de\/shop\/kleine-elektrogeraete\/grills-und-barbecues\/zwilling-enfinigy-toaster-2-schlitze-schwarz-mit-warmhaltefu-copia-2\/","og_site_name":"Erresse Shop","article_modified_time":"2025-03-28T20:30:06+00:00","og_image":[{"width":1200,"height":1200,"url":"https:\/\/www.erresse-shop.it\/wp-content\/uploads\/2025\/03\/ZWILLING-Enfinigy-Piastra-Elettrica-Nero.jpg","type":"image\/jpeg"}],"twitter_card":"summary_large_image","schema":{"@context":"https:\/\/schema.org","@graph":[{"@type":"WebPage","@id":"https:\/\/www.erresse-shop.it\/de\/shop\/kleine-elektrogeraete\/grills-und-barbecues\/zwilling-enfinigy-toaster-2-schlitze-schwarz-mit-warmhaltefu-copia-2\/","url":"https:\/\/www.erresse-shop.it\/de\/shop\/kleine-elektrogeraete\/grills-und-barbecues\/zwilling-enfinigy-toaster-2-schlitze-schwarz-mit-warmhaltefu-copia-2\/","name":"ZWILLING Enfinigy Toaster 2 Schlitze Schwarz mit Warmhaltefu","isPartOf":{"@id":"https:\/\/www.erresse-shop.it\/de\/#website"},"datePublished":"2025-03-03T15:04:21+00:00","dateModified":"2025-03-28T20:30:06+00:00","description":"Entdecken Sie ZWILLING Enfinigy Toaster 2 Schlitze Schwarz mit Warmhaltefu bei ErresseShop. Qualit\u00e4t, Stil und Funktionalit\u00e4t \u2013 jetzt online bestellen!","breadcrumb":{"@id":"https:\/\/www.erresse-shop.it\/de\/shop\/kleine-elektrogeraete\/grills-und-barbecues\/zwilling-enfinigy-toaster-2-schlitze-schwarz-mit-warmhaltefu-copia-2\/#breadcrumb"},"inLanguage":"de-DE","potentialAction":[{"@type":"ReadAction","target":["https:\/\/www.erresse-shop.it\/de\/shop\/kleine-elektrogeraete\/grills-und-barbecues\/zwilling-enfinigy-toaster-2-schlitze-schwarz-mit-warmhaltefu-copia-2\/"]}]},{"@type":"BreadcrumbList","@id":"https:\/\/www.erresse-shop.it\/de\/shop\/kleine-elektrogeraete\/grills-und-barbecues\/zwilling-enfinigy-toaster-2-schlitze-schwarz-mit-warmhaltefu-copia-2\/#breadcrumb","itemListElement":[{"@type":"ListItem","position":1,"name":"Home","item":"https:\/\/www.erresse-shop.it\/de\/"},{"@type":"ListItem","position":2,"name":"Shop","item":"https:\/\/www.erresse-shop.it\/de\/shop\/"},{"@type":"ListItem","position":3,"name":"ZWILLING Enfinigy Elektrische Platte Schwarz"}]},{"@type":"WebSite","@id":"https:\/\/www.erresse-shop.it\/de\/#website","url":"https:\/\/www.erresse-shop.it\/de\/","name":"Erresse Shop","description":"Articoli di qualit\u00e0 per la casa","potentialAction":[{"@type":"SearchAction","target":{"@type":"EntryPoint","urlTemplate":"https:\/\/www.erresse-shop.it\/de\/?s={search_term_string}"},"query-input":"required name=search_term_string"}],"inLanguage":"de-DE"}]}},"df_price":109.5,"df_sale_price":109.5,"df_regular_price":219,"df_image_link":"https:\/\/www.erresse-shop.it\/wp-content\/uploads\/2025\/03\/ZWILLING-Enfinigy-Piastra-Elettrica-Nero-300x300.jpg","_links":{"self":[{"href":"https:\/\/www.erresse-shop.it\/de\/wp-json\/wp\/v2\/product\/473921"}],"collection":[{"href":"https:\/\/www.erresse-shop.it\/de\/wp-json\/wp\/v2\/product"}],"about":[{"href":"https:\/\/www.erresse-shop.it\/de\/wp-json\/wp\/v2\/types\/product"}],"wp:featuredmedia":[{"embeddable":true,"href":"https:\/\/www.erresse-shop.it\/de\/wp-json\/wp\/v2\/media\/473966"}],"wp:attachment":[{"href":"https:\/\/www.erresse-shop.it\/de\/wp-json\/wp\/v2\/media?parent=473921"}],"wp:term":[{"taxonomy":"product_cat","embeddable":true,"href":"https:\/\/www.erresse-shop.it\/de\/wp-json\/wp\/v2\/product_cat?post=473921"},{"taxonomy":"product_tag","embeddable":true,"href":"https:\/\/www.erresse-shop.it\/de\/wp-json\/wp\/v2\/product_tag?post=473921"}],"curies":[{"name":"wp","href":"https:\/\/api.w.org\/{rel}","templated":true}]}}