{"id":473667,"date":"2025-02-28T14:17:14","date_gmt":"2025-02-28T14:17:15","guid":{"rendered":"https:\/\/www.erresse-shop.it\/?post_type=product&#038;p=473667"},"modified":"2026-02-23T09:31:26","modified_gmt":"2026-02-23T09:31:26","slug":"alessi-plisse-weisser-briochewaermer","status":"publish","type":"product","link":"https:\/\/www.erresse-shop.it\/de\/shop\/kleine-elektrogeraete\/toaster\/alessi-plisse-weisser-briochewaermer\/","title":{"rendered":"ALESSI Pliss\u00e9 Wei\u00dfer Briochew\u00e4rmer"},"content":{"rendered":"<p>Der Pliss\u00e9 Briochew\u00e4rmer von Alessi ist ein kleines, aber unverzichtbares Accessoire, perfekt zum Aufw\u00e4rmen von Croissants, Brioches und Kuchen sowie zum Warmhalten von ger\u00f6stetem Brot. Absolut genial! Der Edelstahlgrill wird einfach \u00fcber das Ger\u00e4t gelegt und ist f\u00fcr Pliss\u00e9-Toaster in Standardgr\u00f6\u00dfe konzipiert.<\/p>\n<p>Die ikonischen Plisseestoffe der Haute Couture kleiden die von Michele De Lucchi entworfene Serie kleiner Haushaltsger\u00e4te. Die Kollektion Pliss\u00e8 verleiht dem Wohnambiente einen Hauch raffinierter Leichtigkeit.<\/p>\n<p><strong>Funktionen:<\/strong><\/p>\n<div id=\"shopify-abschnitt-produktspezifikationen\" class=\"shopify-abschnitt\">\n<ul class=\"Produktspezifikationen\">\n<li class=\"product-specifications__item\"><span class=\"product-specifications__title\">H\u00f6he (cm): 10,5<\/span><\/li>\n<li class=\"product-specifications__item\"><span class=\"product-specifications__title\">L\u00e4nge (cm):\u00a0<\/span><span class=\"product-specifications__value\">26<\/span><\/li>\n<li class=\"product-specifications__item\"><span class=\"product-specifications__title\">Breite (cm): 5,5<\/span><\/li>\n<\/ul>\n<div>\n<h2><\/h2>\n<\/div>\n<\/div>\n","protected":false},"excerpt":{"rendered":"<p>Der Pliss\u00e9 Briochew\u00e4rmer von Alessi ist ein kleines, aber unverzichtbares Accessoire, perfekt zum Aufw\u00e4rmen von Croissants, Brioches und Kuchen sowie<\/p>\n","protected":false},"featured_media":473782,"template":"","meta":{"_acf_changed":false,"inline_featured_image":false},"product_cat":[6703,6865],"product_tag":[25182,11718,25022,11411],"acf":[],"yoast_head":"<!-- This site is optimized with the Yoast SEO Premium plugin v18.6 (Yoast SEO v19.13) - https:\/\/yoast.com\/wordpress\/plugins\/seo\/ -->\n<title>ALESSI Pliss\u00e9 Wei\u00dfer Briochew\u00e4rmer - Erresse Shop<\/title>\n<meta name=\"description\" content=\"Der Pliss\u00e9 Briochew\u00e4rmer von Alessi ist ein kleines, aber unverzichtbares Accessoire, perfekt zum Aufw\u00e4rmen von Croissants, Brioches und Kuchen sowie zum\" \/>\n<meta name=\"robots\" content=\"index, follow, max-snippet:-1, max-image-preview:large, max-video-preview:-1\" \/>\n<link rel=\"canonical\" href=\"https:\/\/www.erresse-shop.it\/de\/shop\/kleine-elektrogeraete\/toaster\/alessi-plisse-weisser-briochewaermer\/\" \/>\n<meta property=\"og:locale\" content=\"de_DE\" \/>\n<meta property=\"og:type\" content=\"article\" \/>\n<meta property=\"og:title\" content=\"ALESSI Pliss\u00e9 Wei\u00dfer Briochew\u00e4rmer\" \/>\n<meta property=\"og:description\" content=\"Der Pliss\u00e9 Briochew\u00e4rmer von Alessi ist ein kleines, aber unverzichtbares Accessoire, perfekt zum Aufw\u00e4rmen von Croissants, Brioches und Kuchen sowie zum\" \/>\n<meta property=\"og:url\" content=\"https:\/\/www.erresse-shop.it\/de\/shop\/kleine-elektrogeraete\/toaster\/alessi-plisse-weisser-briochewaermer\/\" \/>\n<meta property=\"og:site_name\" content=\"Erresse Shop\" \/>\n<meta property=\"article:modified_time\" content=\"2026-02-23T09:31:26+00:00\" \/>\n<meta property=\"og:image\" content=\"https:\/\/www.erresse-shop.it\/wp-content\/uploads\/2025\/02\/ALESSI-Plisse-Scalda-Brioche-Bianco1.jpg\" \/>\n\t<meta property=\"og:image:width\" content=\"1200\" \/>\n\t<meta property=\"og:image:height\" content=\"1200\" \/>\n\t<meta property=\"og:image:type\" content=\"image\/jpeg\" \/>\n<meta name=\"twitter:card\" content=\"summary_large_image\" \/>\n<script type=\"application\/ld+json\" class=\"yoast-schema-graph\">{\"@context\":\"https:\/\/schema.org\",\"@graph\":[{\"@type\":\"WebPage\",\"@id\":\"https:\/\/www.erresse-shop.it\/de\/shop\/kleine-elektrogeraete\/toaster\/alessi-plisse-weisser-briochewaermer\/\",\"url\":\"https:\/\/www.erresse-shop.it\/de\/shop\/kleine-elektrogeraete\/toaster\/alessi-plisse-weisser-briochewaermer\/\",\"name\":\"ALESSI Pliss\u00e9 Wei\u00dfer Briochew\u00e4rmer - Erresse Shop\",\"isPartOf\":{\"@id\":\"https:\/\/www.erresse-shop.it\/de\/#website\"},\"datePublished\":\"2025-02-28T14:17:15+00:00\",\"dateModified\":\"2026-02-23T09:31:26+00:00\",\"description\":\"Der Pliss\u00e9 Briochew\u00e4rmer von Alessi ist ein kleines, aber unverzichtbares Accessoire, perfekt zum Aufw\u00e4rmen von Croissants, Brioches und Kuchen sowie zum\",\"breadcrumb\":{\"@id\":\"https:\/\/www.erresse-shop.it\/de\/shop\/kleine-elektrogeraete\/toaster\/alessi-plisse-weisser-briochewaermer\/#breadcrumb\"},\"inLanguage\":\"de-DE\",\"potentialAction\":[{\"@type\":\"ReadAction\",\"target\":[\"https:\/\/www.erresse-shop.it\/de\/shop\/kleine-elektrogeraete\/toaster\/alessi-plisse-weisser-briochewaermer\/\"]}]},{\"@type\":\"BreadcrumbList\",\"@id\":\"https:\/\/www.erresse-shop.it\/de\/shop\/kleine-elektrogeraete\/toaster\/alessi-plisse-weisser-briochewaermer\/#breadcrumb\",\"itemListElement\":[{\"@type\":\"ListItem\",\"position\":1,\"name\":\"Home\",\"item\":\"https:\/\/www.erresse-shop.it\/de\/\"},{\"@type\":\"ListItem\",\"position\":2,\"name\":\"Shop\",\"item\":\"https:\/\/www.erresse-shop.it\/de\/shop\/\"},{\"@type\":\"ListItem\",\"position\":3,\"name\":\"ALESSI Pliss\u00e9 Wei\u00dfer Briochew\u00e4rmer\"}]},{\"@type\":\"WebSite\",\"@id\":\"https:\/\/www.erresse-shop.it\/de\/#website\",\"url\":\"https:\/\/www.erresse-shop.it\/de\/\",\"name\":\"Erresse Shop\",\"description\":\"Articoli di qualit\u00e0 per la casa\",\"potentialAction\":[{\"@type\":\"SearchAction\",\"target\":{\"@type\":\"EntryPoint\",\"urlTemplate\":\"https:\/\/www.erresse-shop.it\/de\/?s={search_term_string}\"},\"query-input\":\"required name=search_term_string\"}],\"inLanguage\":\"de-DE\"}]}<\/script>\n<!-- \/ Yoast SEO Premium plugin. -->","yoast_head_json":{"title":"ALESSI Pliss\u00e9 Wei\u00dfer Briochew\u00e4rmer - Erresse Shop","description":"Der Pliss\u00e9 Briochew\u00e4rmer von Alessi ist ein kleines, aber unverzichtbares Accessoire, perfekt zum Aufw\u00e4rmen von Croissants, Brioches und Kuchen sowie zum","robots":{"index":"index","follow":"follow","max-snippet":"max-snippet:-1","max-image-preview":"max-image-preview:large","max-video-preview":"max-video-preview:-1"},"canonical":"https:\/\/www.erresse-shop.it\/de\/shop\/kleine-elektrogeraete\/toaster\/alessi-plisse-weisser-briochewaermer\/","og_locale":"de_DE","og_type":"article","og_title":"ALESSI Pliss\u00e9 Wei\u00dfer Briochew\u00e4rmer","og_description":"Der Pliss\u00e9 Briochew\u00e4rmer von Alessi ist ein kleines, aber unverzichtbares Accessoire, perfekt zum Aufw\u00e4rmen von Croissants, Brioches und Kuchen sowie zum","og_url":"https:\/\/www.erresse-shop.it\/de\/shop\/kleine-elektrogeraete\/toaster\/alessi-plisse-weisser-briochewaermer\/","og_site_name":"Erresse Shop","article_modified_time":"2026-02-23T09:31:26+00:00","og_image":[{"width":1200,"height":1200,"url":"https:\/\/www.erresse-shop.it\/wp-content\/uploads\/2025\/02\/ALESSI-Plisse-Scalda-Brioche-Bianco1.jpg","type":"image\/jpeg"}],"twitter_card":"summary_large_image","schema":{"@context":"https:\/\/schema.org","@graph":[{"@type":"WebPage","@id":"https:\/\/www.erresse-shop.it\/de\/shop\/kleine-elektrogeraete\/toaster\/alessi-plisse-weisser-briochewaermer\/","url":"https:\/\/www.erresse-shop.it\/de\/shop\/kleine-elektrogeraete\/toaster\/alessi-plisse-weisser-briochewaermer\/","name":"ALESSI Pliss\u00e9 Wei\u00dfer Briochew\u00e4rmer - Erresse Shop","isPartOf":{"@id":"https:\/\/www.erresse-shop.it\/de\/#website"},"datePublished":"2025-02-28T14:17:15+00:00","dateModified":"2026-02-23T09:31:26+00:00","description":"Der Pliss\u00e9 Briochew\u00e4rmer von Alessi ist ein kleines, aber unverzichtbares Accessoire, perfekt zum Aufw\u00e4rmen von Croissants, Brioches und Kuchen sowie zum","breadcrumb":{"@id":"https:\/\/www.erresse-shop.it\/de\/shop\/kleine-elektrogeraete\/toaster\/alessi-plisse-weisser-briochewaermer\/#breadcrumb"},"inLanguage":"de-DE","potentialAction":[{"@type":"ReadAction","target":["https:\/\/www.erresse-shop.it\/de\/shop\/kleine-elektrogeraete\/toaster\/alessi-plisse-weisser-briochewaermer\/"]}]},{"@type":"BreadcrumbList","@id":"https:\/\/www.erresse-shop.it\/de\/shop\/kleine-elektrogeraete\/toaster\/alessi-plisse-weisser-briochewaermer\/#breadcrumb","itemListElement":[{"@type":"ListItem","position":1,"name":"Home","item":"https:\/\/www.erresse-shop.it\/de\/"},{"@type":"ListItem","position":2,"name":"Shop","item":"https:\/\/www.erresse-shop.it\/de\/shop\/"},{"@type":"ListItem","position":3,"name":"ALESSI Pliss\u00e9 Wei\u00dfer Briochew\u00e4rmer"}]},{"@type":"WebSite","@id":"https:\/\/www.erresse-shop.it\/de\/#website","url":"https:\/\/www.erresse-shop.it\/de\/","name":"Erresse Shop","description":"Articoli di qualit\u00e0 per la casa","potentialAction":[{"@type":"SearchAction","target":{"@type":"EntryPoint","urlTemplate":"https:\/\/www.erresse-shop.it\/de\/?s={search_term_string}"},"query-input":"required name=search_term_string"}],"inLanguage":"de-DE"}]}},"df_price":7.5,"df_sale_price":7.5,"df_regular_price":15,"df_image_link":"https:\/\/www.erresse-shop.it\/wp-content\/uploads\/2025\/02\/ALESSI-Plisse-Scalda-Brioche-Bianco1-300x300.jpg","_links":{"self":[{"href":"https:\/\/www.erresse-shop.it\/de\/wp-json\/wp\/v2\/product\/473667"}],"collection":[{"href":"https:\/\/www.erresse-shop.it\/de\/wp-json\/wp\/v2\/product"}],"about":[{"href":"https:\/\/www.erresse-shop.it\/de\/wp-json\/wp\/v2\/types\/product"}],"wp:featuredmedia":[{"embeddable":true,"href":"https:\/\/www.erresse-shop.it\/de\/wp-json\/wp\/v2\/media\/473782"}],"wp:attachment":[{"href":"https:\/\/www.erresse-shop.it\/de\/wp-json\/wp\/v2\/media?parent=473667"}],"wp:term":[{"taxonomy":"product_cat","embeddable":true,"href":"https:\/\/www.erresse-shop.it\/de\/wp-json\/wp\/v2\/product_cat?post=473667"},{"taxonomy":"product_tag","embeddable":true,"href":"https:\/\/www.erresse-shop.it\/de\/wp-json\/wp\/v2\/product_tag?post=473667"}],"curies":[{"name":"wp","href":"https:\/\/api.w.org\/{rel}","templated":true}]}}