{"id":473635,"date":"2025-02-28T13:29:15","date_gmt":"2025-02-28T13:29:17","guid":{"rendered":"https:\/\/www.erresse-shop.it\/?post_type=product&#038;p=473635"},"modified":"2025-05-04T05:15:07","modified_gmt":"2025-05-04T05:15:07","slug":"bialetti-moka-express-2-tassen-copia","status":"publish","type":"product","link":"https:\/\/www.erresse-shop.it\/de\/shop\/kuche\/mokkas-kaffeemaschinen-espresso\/bialetti-moka-express-2-tassen-copia\/","title":{"rendered":"BIALETTI Moka Express 3 Tassen Mackenzie"},"content":{"rendered":"<p>Verbessern Sie Ihr Espresso-Erlebnis mit Bialetti und MacKenzie-Childs, dem M\u00f6belunternehmen, das f\u00fcr sein verspieltes Designgef\u00fchl bekannt ist.<\/p>\n<p>Bialetti und MacKenzie-Childs b\u00fcndeln ihre Kr\u00e4fte, um das italienische Kaffeeritual mit einer Zusammenarbeit zu zelebrieren, die die Funktionalit\u00e4t der klassischen Bialetti-Kaffeemaschine mit der Pers\u00f6nlichkeit der ikonischen Motive von MacKenzie-Childs verbindet und so eine unglaubliche Sinnesreise schafft, bei der einzigartige Details auf ein verspieltes und elegantes Design treffen.<\/p>\n<p><strong>Funktionen:<\/strong><\/p>\n<ul>\n<li>Abmessungen: 15 x 8,5 x 15,5 cm<\/li>\n<li>Fassungsverm\u00f6gen: 130 ml &#8211; 4,4 Unzen.<\/li>\n<li>Ergibt 3 Tassen italienischen Kaffee<\/li>\n<li>Geh\u00e4usematerial: Aluminium<\/li>\n<li>Griff- und Knopfmaterial: Thermoplast<\/li>\n<\/ul>\n<p>Hergestellt in Italien<br \/>\nLeicht zu reinigendes Sicherheitsventil.<br \/>\nGeeignet f\u00fcr den Einsatz auf Gas-, Elektro- und Glaskeramikkochfeldern.<br \/>\nNur in Verbindung mit dem Bialetti-Induktionskochfeld f\u00fcr den Einsatz auf Induktionskochfeldern geeignet.<\/p>\n<p>Jede einzelne Moka Express Bialetti MacKenzie-Childs zeichnet sich durch unverwechselbare Elemente aus, die mit der unterschiedlichen Position der dekorativen Motive auf dem Sammler zusammenh\u00e4ngen.<br \/>\nJede Moka-Kaffeemaschine ist ein Meisterwerk der Handwerkskunst.<\/p>\n","protected":false},"excerpt":{"rendered":"<p>Verbessern Sie Ihr Espresso-Erlebnis mit Bialetti und MacKenzie-Childs, dem M\u00f6belunternehmen, das f\u00fcr sein verspieltes Designgef\u00fchl bekannt ist. Bialetti und MacKenzie-Childs<\/p>\n","protected":false},"featured_media":473650,"template":"","meta":{"_acf_changed":false,"inline_featured_image":false},"product_cat":[6742,6835],"product_tag":[24594,11577,11573,23564,11718,11571],"acf":[],"yoast_head":"<!-- This site is optimized with the Yoast SEO Premium plugin v18.6 (Yoast SEO v19.13) - https:\/\/yoast.com\/wordpress\/plugins\/seo\/ -->\n<title>BIALETTI Moka Express 2 Tassen<\/title>\n<meta name=\"description\" content=\"Entdecken Sie BIALETTI Moka Express 2 Tassen bei ErresseShop. Qualit\u00e4t, Stil und Funktionalit\u00e4t \u2013 jetzt online bestellen!\" \/>\n<meta name=\"robots\" content=\"index, follow, max-snippet:-1, max-image-preview:large, max-video-preview:-1\" \/>\n<link rel=\"canonical\" href=\"https:\/\/www.erresse-shop.it\/de\/shop\/kuche\/mokkas-kaffeemaschinen-espresso\/bialetti-moka-express-2-tassen-copia\/\" \/>\n<meta property=\"og:locale\" content=\"de_DE\" \/>\n<meta property=\"og:type\" content=\"article\" \/>\n<meta property=\"og:title\" content=\"BIALETTI Moka Express 3 Tassen Mackenzie\" \/>\n<meta property=\"og:description\" content=\"Entdecken Sie BIALETTI Moka Express 2 Tassen bei ErresseShop. Qualit\u00e4t, Stil und Funktionalit\u00e4t \u2013 jetzt online bestellen!\" \/>\n<meta property=\"og:url\" content=\"https:\/\/www.erresse-shop.it\/de\/shop\/kuche\/mokkas-kaffeemaschinen-espresso\/bialetti-moka-express-2-tassen-copia\/\" \/>\n<meta property=\"og:site_name\" content=\"Erresse Shop\" \/>\n<meta property=\"article:modified_time\" content=\"2025-05-04T05:15:07+00:00\" \/>\n<meta property=\"og:image\" content=\"https:\/\/www.erresse-shop.it\/wp-content\/uploads\/2025\/02\/BIALETTI-Moka-Express-3-Tazze-Mackenzie.jpg\" \/>\n\t<meta property=\"og:image:width\" content=\"1200\" \/>\n\t<meta property=\"og:image:height\" content=\"1200\" \/>\n\t<meta property=\"og:image:type\" content=\"image\/jpeg\" \/>\n<meta name=\"twitter:card\" content=\"summary_large_image\" \/>\n<script type=\"application\/ld+json\" class=\"yoast-schema-graph\">{\"@context\":\"https:\/\/schema.org\",\"@graph\":[{\"@type\":\"WebPage\",\"@id\":\"https:\/\/www.erresse-shop.it\/de\/shop\/kuche\/mokkas-kaffeemaschinen-espresso\/bialetti-moka-express-2-tassen-copia\/\",\"url\":\"https:\/\/www.erresse-shop.it\/de\/shop\/kuche\/mokkas-kaffeemaschinen-espresso\/bialetti-moka-express-2-tassen-copia\/\",\"name\":\"BIALETTI Moka Express 2 Tassen\",\"isPartOf\":{\"@id\":\"https:\/\/www.erresse-shop.it\/de\/#website\"},\"datePublished\":\"2025-02-28T13:29:17+00:00\",\"dateModified\":\"2025-05-04T05:15:07+00:00\",\"description\":\"Entdecken Sie BIALETTI Moka Express 2 Tassen bei ErresseShop. Qualit\u00e4t, Stil und Funktionalit\u00e4t \u2013 jetzt online bestellen!\",\"breadcrumb\":{\"@id\":\"https:\/\/www.erresse-shop.it\/de\/shop\/kuche\/mokkas-kaffeemaschinen-espresso\/bialetti-moka-express-2-tassen-copia\/#breadcrumb\"},\"inLanguage\":\"de-DE\",\"potentialAction\":[{\"@type\":\"ReadAction\",\"target\":[\"https:\/\/www.erresse-shop.it\/de\/shop\/kuche\/mokkas-kaffeemaschinen-espresso\/bialetti-moka-express-2-tassen-copia\/\"]}]},{\"@type\":\"BreadcrumbList\",\"@id\":\"https:\/\/www.erresse-shop.it\/de\/shop\/kuche\/mokkas-kaffeemaschinen-espresso\/bialetti-moka-express-2-tassen-copia\/#breadcrumb\",\"itemListElement\":[{\"@type\":\"ListItem\",\"position\":1,\"name\":\"Home\",\"item\":\"https:\/\/www.erresse-shop.it\/de\/\"},{\"@type\":\"ListItem\",\"position\":2,\"name\":\"Shop\",\"item\":\"https:\/\/www.erresse-shop.it\/de\/shop\/\"},{\"@type\":\"ListItem\",\"position\":3,\"name\":\"BIALETTI Moka Express 3 Tassen Mackenzie\"}]},{\"@type\":\"WebSite\",\"@id\":\"https:\/\/www.erresse-shop.it\/de\/#website\",\"url\":\"https:\/\/www.erresse-shop.it\/de\/\",\"name\":\"Erresse Shop\",\"description\":\"Articoli di qualit\u00e0 per la casa\",\"potentialAction\":[{\"@type\":\"SearchAction\",\"target\":{\"@type\":\"EntryPoint\",\"urlTemplate\":\"https:\/\/www.erresse-shop.it\/de\/?s={search_term_string}\"},\"query-input\":\"required name=search_term_string\"}],\"inLanguage\":\"de-DE\"}]}<\/script>\n<!-- \/ Yoast SEO Premium plugin. -->","yoast_head_json":{"title":"BIALETTI Moka Express 2 Tassen","description":"Entdecken Sie BIALETTI Moka Express 2 Tassen bei ErresseShop. Qualit\u00e4t, Stil und Funktionalit\u00e4t \u2013 jetzt online bestellen!","robots":{"index":"index","follow":"follow","max-snippet":"max-snippet:-1","max-image-preview":"max-image-preview:large","max-video-preview":"max-video-preview:-1"},"canonical":"https:\/\/www.erresse-shop.it\/de\/shop\/kuche\/mokkas-kaffeemaschinen-espresso\/bialetti-moka-express-2-tassen-copia\/","og_locale":"de_DE","og_type":"article","og_title":"BIALETTI Moka Express 3 Tassen Mackenzie","og_description":"Entdecken Sie BIALETTI Moka Express 2 Tassen bei ErresseShop. Qualit\u00e4t, Stil und Funktionalit\u00e4t \u2013 jetzt online bestellen!","og_url":"https:\/\/www.erresse-shop.it\/de\/shop\/kuche\/mokkas-kaffeemaschinen-espresso\/bialetti-moka-express-2-tassen-copia\/","og_site_name":"Erresse Shop","article_modified_time":"2025-05-04T05:15:07+00:00","og_image":[{"width":1200,"height":1200,"url":"https:\/\/www.erresse-shop.it\/wp-content\/uploads\/2025\/02\/BIALETTI-Moka-Express-3-Tazze-Mackenzie.jpg","type":"image\/jpeg"}],"twitter_card":"summary_large_image","schema":{"@context":"https:\/\/schema.org","@graph":[{"@type":"WebPage","@id":"https:\/\/www.erresse-shop.it\/de\/shop\/kuche\/mokkas-kaffeemaschinen-espresso\/bialetti-moka-express-2-tassen-copia\/","url":"https:\/\/www.erresse-shop.it\/de\/shop\/kuche\/mokkas-kaffeemaschinen-espresso\/bialetti-moka-express-2-tassen-copia\/","name":"BIALETTI Moka Express 2 Tassen","isPartOf":{"@id":"https:\/\/www.erresse-shop.it\/de\/#website"},"datePublished":"2025-02-28T13:29:17+00:00","dateModified":"2025-05-04T05:15:07+00:00","description":"Entdecken Sie BIALETTI Moka Express 2 Tassen bei ErresseShop. Qualit\u00e4t, Stil und Funktionalit\u00e4t \u2013 jetzt online bestellen!","breadcrumb":{"@id":"https:\/\/www.erresse-shop.it\/de\/shop\/kuche\/mokkas-kaffeemaschinen-espresso\/bialetti-moka-express-2-tassen-copia\/#breadcrumb"},"inLanguage":"de-DE","potentialAction":[{"@type":"ReadAction","target":["https:\/\/www.erresse-shop.it\/de\/shop\/kuche\/mokkas-kaffeemaschinen-espresso\/bialetti-moka-express-2-tassen-copia\/"]}]},{"@type":"BreadcrumbList","@id":"https:\/\/www.erresse-shop.it\/de\/shop\/kuche\/mokkas-kaffeemaschinen-espresso\/bialetti-moka-express-2-tassen-copia\/#breadcrumb","itemListElement":[{"@type":"ListItem","position":1,"name":"Home","item":"https:\/\/www.erresse-shop.it\/de\/"},{"@type":"ListItem","position":2,"name":"Shop","item":"https:\/\/www.erresse-shop.it\/de\/shop\/"},{"@type":"ListItem","position":3,"name":"BIALETTI Moka Express 3 Tassen Mackenzie"}]},{"@type":"WebSite","@id":"https:\/\/www.erresse-shop.it\/de\/#website","url":"https:\/\/www.erresse-shop.it\/de\/","name":"Erresse Shop","description":"Articoli di qualit\u00e0 per la casa","potentialAction":[{"@type":"SearchAction","target":{"@type":"EntryPoint","urlTemplate":"https:\/\/www.erresse-shop.it\/de\/?s={search_term_string}"},"query-input":"required name=search_term_string"}],"inLanguage":"de-DE"}]}},"df_price":72,"df_sale_price":72,"df_regular_price":80,"df_image_link":"https:\/\/www.erresse-shop.it\/wp-content\/uploads\/2025\/02\/BIALETTI-Moka-Express-3-Tazze-Mackenzie-300x300.jpg","_links":{"self":[{"href":"https:\/\/www.erresse-shop.it\/de\/wp-json\/wp\/v2\/product\/473635"}],"collection":[{"href":"https:\/\/www.erresse-shop.it\/de\/wp-json\/wp\/v2\/product"}],"about":[{"href":"https:\/\/www.erresse-shop.it\/de\/wp-json\/wp\/v2\/types\/product"}],"wp:featuredmedia":[{"embeddable":true,"href":"https:\/\/www.erresse-shop.it\/de\/wp-json\/wp\/v2\/media\/473650"}],"wp:attachment":[{"href":"https:\/\/www.erresse-shop.it\/de\/wp-json\/wp\/v2\/media?parent=473635"}],"wp:term":[{"taxonomy":"product_cat","embeddable":true,"href":"https:\/\/www.erresse-shop.it\/de\/wp-json\/wp\/v2\/product_cat?post=473635"},{"taxonomy":"product_tag","embeddable":true,"href":"https:\/\/www.erresse-shop.it\/de\/wp-json\/wp\/v2\/product_tag?post=473635"}],"curies":[{"name":"wp","href":"https:\/\/api.w.org\/{rel}","templated":true}]}}