{"id":473335,"date":"2025-02-28T09:35:48","date_gmt":"2025-02-28T09:35:49","guid":{"rendered":"https:\/\/www.erresse-shop.it\/?post_type=product&#038;p=473335"},"modified":"2025-05-21T09:22:13","modified_gmt":"2025-05-21T09:22:13","slug":"alessi-plisse-elektrische-zitruspresse-weis-copia","status":"publish","type":"product","link":"https:\/\/www.erresse-shop.it\/de\/shop\/kleine-elektrogeraete\/zitruspressen\/alessi-plisse-elektrische-zitruspresse-weis-copia\/","title":{"rendered":"ALESSI Pliss\u00e9 Elektrische Zitruspresse Rot"},"content":{"rendered":"<form class=\"product-form\" action=\"https:\/\/alessi.com\/cart\/add\" enctype=\"multipart\/form-data\" method=\"post\">\n<div>\n<div>Die <strong>elektrische Designer-Zitruspresse<\/strong> Pliss\u00e9 ist viel mehr als ein einfaches Haushaltsger\u00e4t: Sie ist ein kleines h\u00e4usliches Bauwerk, das Ihrer K\u00fcche einen Hauch von Eleganz verleiht. Sein raffiniertes Design stellt eine gelungene Verbindung zwischen Mode und Design dar und verwandelt jeden Druck in ein Haute-Couture-Erlebnis. Der Pliss\u00e9-Entsafter ist praktisch in der Anwendung und leicht zu reinigen und wird zu einem unverzichtbaren Gegenstand f\u00fcr alle, die sich gerne mit Sch\u00f6nheit umgeben und auf jedes Detail ihres Zuhauses achten. Verleihen Sie Ihrem Leben einen Hauch von Stil und tun Sie etwas f\u00fcr sich mit der elektrischen Designer-Saftpresse von Pliss\u00e9.<\/div>\n<\/div>\n<\/form>\n<div>\n<p>Elektrische Zitruspresse aus thermoplastischem Harz<\/p>\n<p><strong>Funktionen:<\/strong><\/p>\n<p>Durchmesser (cm): 18,50<br \/>\nH\u00f6he (cm): 28:00<\/p>\n<\/div>\n<p><span style=\"text-decoration: underline;\"><strong>Not for sale outside Europe<\/strong><\/span><\/p>\n","protected":false},"excerpt":{"rendered":"<p>Die elektrische Designer-Zitruspresse Pliss\u00e9 ist viel mehr als ein einfaches Haushaltsger\u00e4t: Sie ist ein kleines h\u00e4usliches Bauwerk, das Ihrer K\u00fcche<\/p>\n","protected":false},"featured_media":473355,"template":"","meta":{"_acf_changed":false,"inline_featured_image":false},"product_cat":[6703,6889],"product_tag":[25182,11718,25022,11929],"acf":[],"yoast_head":"<!-- This site is optimized with the Yoast SEO Premium plugin v18.6 (Yoast SEO v19.13) - https:\/\/yoast.com\/wordpress\/plugins\/seo\/ -->\n<title>SMEG Dolce &amp; Gabbana Entsafter Blau<\/title>\n<meta name=\"description\" content=\"Entdecken Sie SMEG Dolce &amp; Gabbana Entsafter Blau bei ErresseShop. Qualit\u00e4t, Stil und Funktionalit\u00e4t \u2013 jetzt online bestellen!\" \/>\n<meta name=\"robots\" content=\"index, follow, max-snippet:-1, max-image-preview:large, max-video-preview:-1\" \/>\n<link rel=\"canonical\" href=\"https:\/\/www.erresse-shop.it\/de\/shop\/kleine-elektrogeraete\/zitruspressen\/alessi-plisse-elektrische-zitruspresse-weis-copia\/\" \/>\n<meta property=\"og:locale\" content=\"de_DE\" \/>\n<meta property=\"og:type\" content=\"article\" \/>\n<meta property=\"og:title\" content=\"ALESSI Pliss\u00e9 Elektrische Zitruspresse Rot\" \/>\n<meta property=\"og:description\" content=\"Entdecken Sie SMEG Dolce &amp; Gabbana Entsafter Blau bei ErresseShop. Qualit\u00e4t, Stil und Funktionalit\u00e4t \u2013 jetzt online bestellen!\" \/>\n<meta property=\"og:url\" content=\"https:\/\/www.erresse-shop.it\/de\/shop\/kleine-elektrogeraete\/zitruspressen\/alessi-plisse-elektrische-zitruspresse-weis-copia\/\" \/>\n<meta property=\"og:site_name\" content=\"Erresse Shop\" \/>\n<meta property=\"article:modified_time\" content=\"2025-05-21T09:22:13+00:00\" \/>\n<meta property=\"og:image\" content=\"https:\/\/www.erresse-shop.it\/wp-content\/uploads\/2025\/02\/ALESSI-Plisse-Spremiagrumi-Elettrico-Rosso.jpg\" \/>\n\t<meta property=\"og:image:width\" content=\"1200\" \/>\n\t<meta property=\"og:image:height\" content=\"1200\" \/>\n\t<meta property=\"og:image:type\" content=\"image\/jpeg\" \/>\n<meta name=\"twitter:card\" content=\"summary_large_image\" \/>\n<script type=\"application\/ld+json\" class=\"yoast-schema-graph\">{\"@context\":\"https:\/\/schema.org\",\"@graph\":[{\"@type\":\"WebPage\",\"@id\":\"https:\/\/www.erresse-shop.it\/de\/shop\/kleine-elektrogeraete\/zitruspressen\/alessi-plisse-elektrische-zitruspresse-weis-copia\/\",\"url\":\"https:\/\/www.erresse-shop.it\/de\/shop\/kleine-elektrogeraete\/zitruspressen\/alessi-plisse-elektrische-zitruspresse-weis-copia\/\",\"name\":\"SMEG Dolce & Gabbana Entsafter Blau\",\"isPartOf\":{\"@id\":\"https:\/\/www.erresse-shop.it\/de\/#website\"},\"datePublished\":\"2025-02-28T09:35:49+00:00\",\"dateModified\":\"2025-05-21T09:22:13+00:00\",\"description\":\"Entdecken Sie SMEG Dolce & Gabbana Entsafter Blau bei ErresseShop. Qualit\u00e4t, Stil und Funktionalit\u00e4t \u2013 jetzt online bestellen!\",\"breadcrumb\":{\"@id\":\"https:\/\/www.erresse-shop.it\/de\/shop\/kleine-elektrogeraete\/zitruspressen\/alessi-plisse-elektrische-zitruspresse-weis-copia\/#breadcrumb\"},\"inLanguage\":\"de-DE\",\"potentialAction\":[{\"@type\":\"ReadAction\",\"target\":[\"https:\/\/www.erresse-shop.it\/de\/shop\/kleine-elektrogeraete\/zitruspressen\/alessi-plisse-elektrische-zitruspresse-weis-copia\/\"]}]},{\"@type\":\"BreadcrumbList\",\"@id\":\"https:\/\/www.erresse-shop.it\/de\/shop\/kleine-elektrogeraete\/zitruspressen\/alessi-plisse-elektrische-zitruspresse-weis-copia\/#breadcrumb\",\"itemListElement\":[{\"@type\":\"ListItem\",\"position\":1,\"name\":\"Home\",\"item\":\"https:\/\/www.erresse-shop.it\/de\/\"},{\"@type\":\"ListItem\",\"position\":2,\"name\":\"Shop\",\"item\":\"https:\/\/www.erresse-shop.it\/de\/shop\/\"},{\"@type\":\"ListItem\",\"position\":3,\"name\":\"ALESSI Pliss\u00e9 Elektrische Zitruspresse Rot\"}]},{\"@type\":\"WebSite\",\"@id\":\"https:\/\/www.erresse-shop.it\/de\/#website\",\"url\":\"https:\/\/www.erresse-shop.it\/de\/\",\"name\":\"Erresse Shop\",\"description\":\"Articoli di qualit\u00e0 per la casa\",\"potentialAction\":[{\"@type\":\"SearchAction\",\"target\":{\"@type\":\"EntryPoint\",\"urlTemplate\":\"https:\/\/www.erresse-shop.it\/de\/?s={search_term_string}\"},\"query-input\":\"required name=search_term_string\"}],\"inLanguage\":\"de-DE\"}]}<\/script>\n<!-- \/ Yoast SEO Premium plugin. -->","yoast_head_json":{"title":"SMEG Dolce & Gabbana Entsafter Blau","description":"Entdecken Sie SMEG Dolce & Gabbana Entsafter Blau bei ErresseShop. Qualit\u00e4t, Stil und Funktionalit\u00e4t \u2013 jetzt online bestellen!","robots":{"index":"index","follow":"follow","max-snippet":"max-snippet:-1","max-image-preview":"max-image-preview:large","max-video-preview":"max-video-preview:-1"},"canonical":"https:\/\/www.erresse-shop.it\/de\/shop\/kleine-elektrogeraete\/zitruspressen\/alessi-plisse-elektrische-zitruspresse-weis-copia\/","og_locale":"de_DE","og_type":"article","og_title":"ALESSI Pliss\u00e9 Elektrische Zitruspresse Rot","og_description":"Entdecken Sie SMEG Dolce & Gabbana Entsafter Blau bei ErresseShop. Qualit\u00e4t, Stil und Funktionalit\u00e4t \u2013 jetzt online bestellen!","og_url":"https:\/\/www.erresse-shop.it\/de\/shop\/kleine-elektrogeraete\/zitruspressen\/alessi-plisse-elektrische-zitruspresse-weis-copia\/","og_site_name":"Erresse Shop","article_modified_time":"2025-05-21T09:22:13+00:00","og_image":[{"width":1200,"height":1200,"url":"https:\/\/www.erresse-shop.it\/wp-content\/uploads\/2025\/02\/ALESSI-Plisse-Spremiagrumi-Elettrico-Rosso.jpg","type":"image\/jpeg"}],"twitter_card":"summary_large_image","schema":{"@context":"https:\/\/schema.org","@graph":[{"@type":"WebPage","@id":"https:\/\/www.erresse-shop.it\/de\/shop\/kleine-elektrogeraete\/zitruspressen\/alessi-plisse-elektrische-zitruspresse-weis-copia\/","url":"https:\/\/www.erresse-shop.it\/de\/shop\/kleine-elektrogeraete\/zitruspressen\/alessi-plisse-elektrische-zitruspresse-weis-copia\/","name":"SMEG Dolce & Gabbana Entsafter Blau","isPartOf":{"@id":"https:\/\/www.erresse-shop.it\/de\/#website"},"datePublished":"2025-02-28T09:35:49+00:00","dateModified":"2025-05-21T09:22:13+00:00","description":"Entdecken Sie SMEG Dolce & Gabbana Entsafter Blau bei ErresseShop. Qualit\u00e4t, Stil und Funktionalit\u00e4t \u2013 jetzt online bestellen!","breadcrumb":{"@id":"https:\/\/www.erresse-shop.it\/de\/shop\/kleine-elektrogeraete\/zitruspressen\/alessi-plisse-elektrische-zitruspresse-weis-copia\/#breadcrumb"},"inLanguage":"de-DE","potentialAction":[{"@type":"ReadAction","target":["https:\/\/www.erresse-shop.it\/de\/shop\/kleine-elektrogeraete\/zitruspressen\/alessi-plisse-elektrische-zitruspresse-weis-copia\/"]}]},{"@type":"BreadcrumbList","@id":"https:\/\/www.erresse-shop.it\/de\/shop\/kleine-elektrogeraete\/zitruspressen\/alessi-plisse-elektrische-zitruspresse-weis-copia\/#breadcrumb","itemListElement":[{"@type":"ListItem","position":1,"name":"Home","item":"https:\/\/www.erresse-shop.it\/de\/"},{"@type":"ListItem","position":2,"name":"Shop","item":"https:\/\/www.erresse-shop.it\/de\/shop\/"},{"@type":"ListItem","position":3,"name":"ALESSI Pliss\u00e9 Elektrische Zitruspresse Rot"}]},{"@type":"WebSite","@id":"https:\/\/www.erresse-shop.it\/de\/#website","url":"https:\/\/www.erresse-shop.it\/de\/","name":"Erresse Shop","description":"Articoli di qualit\u00e0 per la casa","potentialAction":[{"@type":"SearchAction","target":{"@type":"EntryPoint","urlTemplate":"https:\/\/www.erresse-shop.it\/de\/?s={search_term_string}"},"query-input":"required name=search_term_string"}],"inLanguage":"de-DE"}]}},"df_price":57.5,"df_sale_price":57.5,"df_regular_price":115,"df_image_link":"https:\/\/www.erresse-shop.it\/wp-content\/uploads\/2025\/02\/ALESSI-Plisse-Spremiagrumi-Elettrico-Rosso-300x300.jpg","_links":{"self":[{"href":"https:\/\/www.erresse-shop.it\/de\/wp-json\/wp\/v2\/product\/473335"}],"collection":[{"href":"https:\/\/www.erresse-shop.it\/de\/wp-json\/wp\/v2\/product"}],"about":[{"href":"https:\/\/www.erresse-shop.it\/de\/wp-json\/wp\/v2\/types\/product"}],"wp:featuredmedia":[{"embeddable":true,"href":"https:\/\/www.erresse-shop.it\/de\/wp-json\/wp\/v2\/media\/473355"}],"wp:attachment":[{"href":"https:\/\/www.erresse-shop.it\/de\/wp-json\/wp\/v2\/media?parent=473335"}],"wp:term":[{"taxonomy":"product_cat","embeddable":true,"href":"https:\/\/www.erresse-shop.it\/de\/wp-json\/wp\/v2\/product_cat?post=473335"},{"taxonomy":"product_tag","embeddable":true,"href":"https:\/\/www.erresse-shop.it\/de\/wp-json\/wp\/v2\/product_tag?post=473335"}],"curies":[{"name":"wp","href":"https:\/\/api.w.org\/{rel}","templated":true}]}}