{"id":473197,"date":"2025-02-28T07:57:41","date_gmt":"2025-02-28T07:57:42","guid":{"rendered":"https:\/\/www.erresse-shop.it\/?post_type=product&#038;p=473197"},"modified":"2025-03-07T08:51:33","modified_gmt":"2025-03-07T08:51:33","slug":"alessi-plisse-langer-toaster-mit-brioche-warmer-weis-copia","status":"publish","type":"product","link":"https:\/\/www.erresse-shop.it\/de\/shop\/kleine-elektrogeraete\/toaster\/alessi-plisse-langer-toaster-mit-brioche-warmer-weis-copia\/","title":{"rendered":"ALESSI Pliss\u00e9 Langer Toaster mit Brioche-W\u00e4rmer Schwarz"},"content":{"rendered":"<p>Entdecken Sie den <strong>Design-Toaster<\/strong> aus der Pliss\u00e9-Kollektion: ein edles Kunstwerk f\u00fcr Ihre K\u00fcchenarbeitsplatte. Die eleganten Falten erinnern an die Welt der Haute Couture und verwandeln Ihre K\u00fcche in einen Haute-Couture-Laufsteg. Dieser Toaster verf\u00fcgt \u00fcber mehrere Funktionen f\u00fcr eine einfache und sichere Verwendung und bietet 6 Br\u00e4unungsstufen, perfekt f\u00fcr die Zubereitung k\u00f6stlicher Fr\u00fchst\u00fccke, Brunches und Vorspeisen. Es ist schon vor dem Geschmack ein Augenschmaus und verleiht Ihrer K\u00fcche einen Hauch von Originalit\u00e4t. Kaufen Sie es jetzt und genie\u00dfen Sie die Freude, f\u00fcr jeden Anlass K\u00f6stlichkeiten zuzubereiten.<\/p>\n<p>Langer Doppelschlitz-Toaster aus thermoplastischem Harz. Briochew\u00e4rmer aus Edelstahl 18\/10 und thermoplastischem Harz.<\/p>\n<p><strong>Funktionen:<\/strong><\/p>\n<div id=\"shopify-abschnitt-produktspezifikationen\" class=\"shopify-abschnitt\">\n<ul class=\"Produktspezifikationen\">\n<li class=\"product-specifications__item\"><span class=\"product-specifications__title\">H\u00f6he (cm):\u00a0<\/span><span class=\"product-specifications__value\">25,00<\/span><\/li>\n<li class=\"product-specifications__item\"><span class=\"product-specifications__title\">L\u00e4nge (cm):\u00a0<\/span><span class=\"product-specifications__value\">46,50<\/span><\/li>\n<li class=\"product-specifications__item\"><span class=\"product-specifications__title\">Breite (cm):\u00a0<\/span><span class=\"product-specifications__value\">18,50<\/span><\/li>\n<\/ul>\n<\/div>\n<p><span style=\"text-decoration: underline;\"><strong>Not for sale outside Europe<\/strong><\/span><\/p>\n","protected":false},"excerpt":{"rendered":"<p>Entdecken Sie den Design-Toaster aus der Pliss\u00e9-Kollektion: ein edles Kunstwerk f\u00fcr Ihre K\u00fcchenarbeitsplatte. Die eleganten Falten erinnern an die Welt<\/p>\n","protected":false},"featured_media":473212,"template":"","meta":{"_acf_changed":false,"inline_featured_image":false},"product_cat":[6703,6865],"product_tag":[25182,11718,25022,11411],"acf":[],"yoast_head":"<!-- This site is optimized with the Yoast SEO Premium plugin v18.6 (Yoast SEO v19.13) - https:\/\/yoast.com\/wordpress\/plugins\/seo\/ -->\n<title>SMEG Dolce e Gabbana 2-Scheiben-Toaster Blau<\/title>\n<meta name=\"description\" content=\"Entdecken Sie SMEG Dolce e Gabbana 2-Scheiben-Toaster Blau bei ErresseShop. Qualit\u00e4t, Stil und Funktionalit\u00e4t \u2013 jetzt online bestellen!\" \/>\n<meta name=\"robots\" content=\"index, follow, max-snippet:-1, max-image-preview:large, max-video-preview:-1\" \/>\n<link rel=\"canonical\" href=\"https:\/\/www.erresse-shop.it\/de\/shop\/kleine-elektrogeraete\/toaster\/alessi-plisse-langer-toaster-mit-brioche-warmer-weis-copia\/\" \/>\n<meta property=\"og:locale\" content=\"de_DE\" \/>\n<meta property=\"og:type\" content=\"article\" \/>\n<meta property=\"og:title\" content=\"ALESSI Pliss\u00e9 Langer Toaster mit Brioche-W\u00e4rmer Schwarz\" \/>\n<meta property=\"og:description\" content=\"Entdecken Sie SMEG Dolce e Gabbana 2-Scheiben-Toaster Blau bei ErresseShop. Qualit\u00e4t, Stil und Funktionalit\u00e4t \u2013 jetzt online bestellen!\" \/>\n<meta property=\"og:url\" content=\"https:\/\/www.erresse-shop.it\/de\/shop\/kleine-elektrogeraete\/toaster\/alessi-plisse-langer-toaster-mit-brioche-warmer-weis-copia\/\" \/>\n<meta property=\"og:site_name\" content=\"Erresse Shop\" \/>\n<meta property=\"article:modified_time\" content=\"2025-03-07T08:51:33+00:00\" \/>\n<meta property=\"og:image\" content=\"https:\/\/www.erresse-shop.it\/wp-content\/uploads\/2025\/02\/ALESSI-Plisse-Tostapane-Lungo-con-Scalda-Brioche-Nero.jpg\" \/>\n\t<meta property=\"og:image:width\" content=\"1200\" \/>\n\t<meta property=\"og:image:height\" content=\"1200\" \/>\n\t<meta property=\"og:image:type\" content=\"image\/jpeg\" \/>\n<meta name=\"twitter:card\" content=\"summary_large_image\" \/>\n<script type=\"application\/ld+json\" class=\"yoast-schema-graph\">{\"@context\":\"https:\/\/schema.org\",\"@graph\":[{\"@type\":\"WebPage\",\"@id\":\"https:\/\/www.erresse-shop.it\/de\/shop\/kleine-elektrogeraete\/toaster\/alessi-plisse-langer-toaster-mit-brioche-warmer-weis-copia\/\",\"url\":\"https:\/\/www.erresse-shop.it\/de\/shop\/kleine-elektrogeraete\/toaster\/alessi-plisse-langer-toaster-mit-brioche-warmer-weis-copia\/\",\"name\":\"SMEG Dolce e Gabbana 2-Scheiben-Toaster Blau\",\"isPartOf\":{\"@id\":\"https:\/\/www.erresse-shop.it\/de\/#website\"},\"datePublished\":\"2025-02-28T07:57:42+00:00\",\"dateModified\":\"2025-03-07T08:51:33+00:00\",\"description\":\"Entdecken Sie SMEG Dolce e Gabbana 2-Scheiben-Toaster Blau bei ErresseShop. Qualit\u00e4t, Stil und Funktionalit\u00e4t \u2013 jetzt online bestellen!\",\"breadcrumb\":{\"@id\":\"https:\/\/www.erresse-shop.it\/de\/shop\/kleine-elektrogeraete\/toaster\/alessi-plisse-langer-toaster-mit-brioche-warmer-weis-copia\/#breadcrumb\"},\"inLanguage\":\"de-DE\",\"potentialAction\":[{\"@type\":\"ReadAction\",\"target\":[\"https:\/\/www.erresse-shop.it\/de\/shop\/kleine-elektrogeraete\/toaster\/alessi-plisse-langer-toaster-mit-brioche-warmer-weis-copia\/\"]}]},{\"@type\":\"BreadcrumbList\",\"@id\":\"https:\/\/www.erresse-shop.it\/de\/shop\/kleine-elektrogeraete\/toaster\/alessi-plisse-langer-toaster-mit-brioche-warmer-weis-copia\/#breadcrumb\",\"itemListElement\":[{\"@type\":\"ListItem\",\"position\":1,\"name\":\"Home\",\"item\":\"https:\/\/www.erresse-shop.it\/de\/\"},{\"@type\":\"ListItem\",\"position\":2,\"name\":\"Shop\",\"item\":\"https:\/\/www.erresse-shop.it\/de\/shop\/\"},{\"@type\":\"ListItem\",\"position\":3,\"name\":\"ALESSI Pliss\u00e9 Langer Toaster mit Brioche-W\u00e4rmer Schwarz\"}]},{\"@type\":\"WebSite\",\"@id\":\"https:\/\/www.erresse-shop.it\/de\/#website\",\"url\":\"https:\/\/www.erresse-shop.it\/de\/\",\"name\":\"Erresse Shop\",\"description\":\"Articoli di qualit\u00e0 per la casa\",\"potentialAction\":[{\"@type\":\"SearchAction\",\"target\":{\"@type\":\"EntryPoint\",\"urlTemplate\":\"https:\/\/www.erresse-shop.it\/de\/?s={search_term_string}\"},\"query-input\":\"required name=search_term_string\"}],\"inLanguage\":\"de-DE\"}]}<\/script>\n<!-- \/ Yoast SEO Premium plugin. -->","yoast_head_json":{"title":"SMEG Dolce e Gabbana 2-Scheiben-Toaster Blau","description":"Entdecken Sie SMEG Dolce e Gabbana 2-Scheiben-Toaster Blau bei ErresseShop. Qualit\u00e4t, Stil und Funktionalit\u00e4t \u2013 jetzt online bestellen!","robots":{"index":"index","follow":"follow","max-snippet":"max-snippet:-1","max-image-preview":"max-image-preview:large","max-video-preview":"max-video-preview:-1"},"canonical":"https:\/\/www.erresse-shop.it\/de\/shop\/kleine-elektrogeraete\/toaster\/alessi-plisse-langer-toaster-mit-brioche-warmer-weis-copia\/","og_locale":"de_DE","og_type":"article","og_title":"ALESSI Pliss\u00e9 Langer Toaster mit Brioche-W\u00e4rmer Schwarz","og_description":"Entdecken Sie SMEG Dolce e Gabbana 2-Scheiben-Toaster Blau bei ErresseShop. Qualit\u00e4t, Stil und Funktionalit\u00e4t \u2013 jetzt online bestellen!","og_url":"https:\/\/www.erresse-shop.it\/de\/shop\/kleine-elektrogeraete\/toaster\/alessi-plisse-langer-toaster-mit-brioche-warmer-weis-copia\/","og_site_name":"Erresse Shop","article_modified_time":"2025-03-07T08:51:33+00:00","og_image":[{"width":1200,"height":1200,"url":"https:\/\/www.erresse-shop.it\/wp-content\/uploads\/2025\/02\/ALESSI-Plisse-Tostapane-Lungo-con-Scalda-Brioche-Nero.jpg","type":"image\/jpeg"}],"twitter_card":"summary_large_image","schema":{"@context":"https:\/\/schema.org","@graph":[{"@type":"WebPage","@id":"https:\/\/www.erresse-shop.it\/de\/shop\/kleine-elektrogeraete\/toaster\/alessi-plisse-langer-toaster-mit-brioche-warmer-weis-copia\/","url":"https:\/\/www.erresse-shop.it\/de\/shop\/kleine-elektrogeraete\/toaster\/alessi-plisse-langer-toaster-mit-brioche-warmer-weis-copia\/","name":"SMEG Dolce e Gabbana 2-Scheiben-Toaster Blau","isPartOf":{"@id":"https:\/\/www.erresse-shop.it\/de\/#website"},"datePublished":"2025-02-28T07:57:42+00:00","dateModified":"2025-03-07T08:51:33+00:00","description":"Entdecken Sie SMEG Dolce e Gabbana 2-Scheiben-Toaster Blau bei ErresseShop. Qualit\u00e4t, Stil und Funktionalit\u00e4t \u2013 jetzt online bestellen!","breadcrumb":{"@id":"https:\/\/www.erresse-shop.it\/de\/shop\/kleine-elektrogeraete\/toaster\/alessi-plisse-langer-toaster-mit-brioche-warmer-weis-copia\/#breadcrumb"},"inLanguage":"de-DE","potentialAction":[{"@type":"ReadAction","target":["https:\/\/www.erresse-shop.it\/de\/shop\/kleine-elektrogeraete\/toaster\/alessi-plisse-langer-toaster-mit-brioche-warmer-weis-copia\/"]}]},{"@type":"BreadcrumbList","@id":"https:\/\/www.erresse-shop.it\/de\/shop\/kleine-elektrogeraete\/toaster\/alessi-plisse-langer-toaster-mit-brioche-warmer-weis-copia\/#breadcrumb","itemListElement":[{"@type":"ListItem","position":1,"name":"Home","item":"https:\/\/www.erresse-shop.it\/de\/"},{"@type":"ListItem","position":2,"name":"Shop","item":"https:\/\/www.erresse-shop.it\/de\/shop\/"},{"@type":"ListItem","position":3,"name":"ALESSI Pliss\u00e9 Langer Toaster mit Brioche-W\u00e4rmer Schwarz"}]},{"@type":"WebSite","@id":"https:\/\/www.erresse-shop.it\/de\/#website","url":"https:\/\/www.erresse-shop.it\/de\/","name":"Erresse Shop","description":"Articoli di qualit\u00e0 per la casa","potentialAction":[{"@type":"SearchAction","target":{"@type":"EntryPoint","urlTemplate":"https:\/\/www.erresse-shop.it\/de\/?s={search_term_string}"},"query-input":"required name=search_term_string"}],"inLanguage":"de-DE"}]}},"df_price":70,"df_sale_price":70,"df_regular_price":140,"df_image_link":"https:\/\/www.erresse-shop.it\/wp-content\/uploads\/2025\/02\/ALESSI-Plisse-Tostapane-Lungo-con-Scalda-Brioche-Nero-300x300.jpg","_links":{"self":[{"href":"https:\/\/www.erresse-shop.it\/de\/wp-json\/wp\/v2\/product\/473197"}],"collection":[{"href":"https:\/\/www.erresse-shop.it\/de\/wp-json\/wp\/v2\/product"}],"about":[{"href":"https:\/\/www.erresse-shop.it\/de\/wp-json\/wp\/v2\/types\/product"}],"wp:featuredmedia":[{"embeddable":true,"href":"https:\/\/www.erresse-shop.it\/de\/wp-json\/wp\/v2\/media\/473212"}],"wp:attachment":[{"href":"https:\/\/www.erresse-shop.it\/de\/wp-json\/wp\/v2\/media?parent=473197"}],"wp:term":[{"taxonomy":"product_cat","embeddable":true,"href":"https:\/\/www.erresse-shop.it\/de\/wp-json\/wp\/v2\/product_cat?post=473197"},{"taxonomy":"product_tag","embeddable":true,"href":"https:\/\/www.erresse-shop.it\/de\/wp-json\/wp\/v2\/product_tag?post=473197"}],"curies":[{"name":"wp","href":"https:\/\/api.w.org\/{rel}","templated":true}]}}