{"id":473135,"date":"2025-02-28T07:10:30","date_gmt":"2025-02-28T07:10:31","guid":{"rendered":"https:\/\/www.erresse-shop.it\/?post_type=product&#038;p=473135"},"modified":"2025-02-28T07:42:31","modified_gmt":"2025-02-28T07:42:31","slug":"bamix-prime-stabmixer-rot-copia","status":"publish","type":"product","link":"https:\/\/www.erresse-shop.it\/de\/shop\/kleine-elektrogeraete\/mixer\/bamix-prime-stabmixer-rot-copia\/","title":{"rendered":"ALESSI Pliss\u00e9 Immersionsmixer Schwarz"},"content":{"rendered":"<p>Der Stabmixer der Serie Pliss\u00e9 besticht durch sein raffiniertes Design wie ein edler High-Fashion-Stoff. Einfach und handlich zu bedienen, ideal zum Verk\u00fcrzen der Kochzeiten<\/p>\n<p>Stabmixer aus thermoplastischem Harz. Messglas aus thermoplastischem Harz (PCTG).<\/p>\n<p><strong>Funktionen:<\/strong><\/p>\n<div id=\"shopify-abschnitt-produktspezifikationen\" class=\"shopify-abschnitt\">\n<ul class=\"Produktspezifikationen\">\n<li class=\"product-specifications__item\"><span class=\"product-specifications__title\">Durchmesser (cm):\u00a0<\/span><span class=\"product-specifications__value\">7,00<\/span><\/li>\n<li class=\"product-specifications__item\"><span class=\"product-specifications__title\">H\u00f6he (cm):\u00a0<\/span><span class=\"product-specifications__value\">34,00<\/span><\/li>\n<\/ul>\n<\/div>\n","protected":false},"excerpt":{"rendered":"<p>Der Stabmixer der Serie Pliss\u00e9 besticht durch sein raffiniertes Design wie ein edler High-Fashion-Stoff. Einfach und handlich zu bedienen, ideal<\/p>\n","protected":false},"featured_media":473151,"template":"","meta":{"_acf_changed":false,"inline_featured_image":false},"product_cat":[6703,6886],"product_tag":[11415,11413,11925,20851],"acf":[],"yoast_head":"<!-- This site is optimized with the Yoast SEO Premium plugin v18.6 (Yoast SEO v19.13) - https:\/\/yoast.com\/wordpress\/plugins\/seo\/ -->\n<title>BAMIX PRIME Stabmixer Rot<\/title>\n<meta name=\"description\" content=\"Entdecken Sie BAMIX PRIME Stabmixer Rot bei ErresseShop. Qualit\u00e4t, Stil und Funktionalit\u00e4t \u2013 jetzt online bestellen!\" \/>\n<meta name=\"robots\" content=\"index, follow, max-snippet:-1, max-image-preview:large, max-video-preview:-1\" \/>\n<link rel=\"canonical\" href=\"https:\/\/www.erresse-shop.it\/de\/shop\/kleine-elektrogeraete\/mixer\/bamix-prime-stabmixer-rot-copia\/\" \/>\n<meta property=\"og:locale\" content=\"de_DE\" \/>\n<meta property=\"og:type\" content=\"article\" \/>\n<meta property=\"og:title\" content=\"ALESSI Pliss\u00e9 Immersionsmixer Schwarz\" \/>\n<meta property=\"og:description\" content=\"Entdecken Sie BAMIX PRIME Stabmixer Rot bei ErresseShop. Qualit\u00e4t, Stil und Funktionalit\u00e4t \u2013 jetzt online bestellen!\" \/>\n<meta property=\"og:url\" content=\"https:\/\/www.erresse-shop.it\/de\/shop\/kleine-elektrogeraete\/mixer\/bamix-prime-stabmixer-rot-copia\/\" \/>\n<meta property=\"og:site_name\" content=\"Erresse Shop\" \/>\n<meta property=\"article:modified_time\" content=\"2025-02-28T07:42:31+00:00\" \/>\n<meta property=\"og:image\" content=\"https:\/\/www.erresse-shop.it\/wp-content\/uploads\/2025\/02\/ALESSI-Plisse-Frullatore-ad-Immersione-Nero.jpg\" \/>\n\t<meta property=\"og:image:width\" content=\"1200\" \/>\n\t<meta property=\"og:image:height\" content=\"1200\" \/>\n\t<meta property=\"og:image:type\" content=\"image\/jpeg\" \/>\n<meta name=\"twitter:card\" content=\"summary_large_image\" \/>\n<script type=\"application\/ld+json\" class=\"yoast-schema-graph\">{\"@context\":\"https:\/\/schema.org\",\"@graph\":[{\"@type\":\"WebPage\",\"@id\":\"https:\/\/www.erresse-shop.it\/de\/shop\/kleine-elektrogeraete\/mixer\/bamix-prime-stabmixer-rot-copia\/\",\"url\":\"https:\/\/www.erresse-shop.it\/de\/shop\/kleine-elektrogeraete\/mixer\/bamix-prime-stabmixer-rot-copia\/\",\"name\":\"BAMIX PRIME Stabmixer Rot\",\"isPartOf\":{\"@id\":\"https:\/\/www.erresse-shop.it\/de\/#website\"},\"datePublished\":\"2025-02-28T07:10:31+00:00\",\"dateModified\":\"2025-02-28T07:42:31+00:00\",\"description\":\"Entdecken Sie BAMIX PRIME Stabmixer Rot bei ErresseShop. Qualit\u00e4t, Stil und Funktionalit\u00e4t \u2013 jetzt online bestellen!\",\"breadcrumb\":{\"@id\":\"https:\/\/www.erresse-shop.it\/de\/shop\/kleine-elektrogeraete\/mixer\/bamix-prime-stabmixer-rot-copia\/#breadcrumb\"},\"inLanguage\":\"de-DE\",\"potentialAction\":[{\"@type\":\"ReadAction\",\"target\":[\"https:\/\/www.erresse-shop.it\/de\/shop\/kleine-elektrogeraete\/mixer\/bamix-prime-stabmixer-rot-copia\/\"]}]},{\"@type\":\"BreadcrumbList\",\"@id\":\"https:\/\/www.erresse-shop.it\/de\/shop\/kleine-elektrogeraete\/mixer\/bamix-prime-stabmixer-rot-copia\/#breadcrumb\",\"itemListElement\":[{\"@type\":\"ListItem\",\"position\":1,\"name\":\"Home\",\"item\":\"https:\/\/www.erresse-shop.it\/de\/\"},{\"@type\":\"ListItem\",\"position\":2,\"name\":\"Shop\",\"item\":\"https:\/\/www.erresse-shop.it\/de\/shop\/\"},{\"@type\":\"ListItem\",\"position\":3,\"name\":\"ALESSI Pliss\u00e9 Immersionsmixer Schwarz\"}]},{\"@type\":\"WebSite\",\"@id\":\"https:\/\/www.erresse-shop.it\/de\/#website\",\"url\":\"https:\/\/www.erresse-shop.it\/de\/\",\"name\":\"Erresse Shop\",\"description\":\"Articoli di qualit\u00e0 per la casa\",\"potentialAction\":[{\"@type\":\"SearchAction\",\"target\":{\"@type\":\"EntryPoint\",\"urlTemplate\":\"https:\/\/www.erresse-shop.it\/de\/?s={search_term_string}\"},\"query-input\":\"required name=search_term_string\"}],\"inLanguage\":\"de-DE\"}]}<\/script>\n<!-- \/ Yoast SEO Premium plugin. -->","yoast_head_json":{"title":"BAMIX PRIME Stabmixer Rot","description":"Entdecken Sie BAMIX PRIME Stabmixer Rot bei ErresseShop. Qualit\u00e4t, Stil und Funktionalit\u00e4t \u2013 jetzt online bestellen!","robots":{"index":"index","follow":"follow","max-snippet":"max-snippet:-1","max-image-preview":"max-image-preview:large","max-video-preview":"max-video-preview:-1"},"canonical":"https:\/\/www.erresse-shop.it\/de\/shop\/kleine-elektrogeraete\/mixer\/bamix-prime-stabmixer-rot-copia\/","og_locale":"de_DE","og_type":"article","og_title":"ALESSI Pliss\u00e9 Immersionsmixer Schwarz","og_description":"Entdecken Sie BAMIX PRIME Stabmixer Rot bei ErresseShop. Qualit\u00e4t, Stil und Funktionalit\u00e4t \u2013 jetzt online bestellen!","og_url":"https:\/\/www.erresse-shop.it\/de\/shop\/kleine-elektrogeraete\/mixer\/bamix-prime-stabmixer-rot-copia\/","og_site_name":"Erresse Shop","article_modified_time":"2025-02-28T07:42:31+00:00","og_image":[{"width":1200,"height":1200,"url":"https:\/\/www.erresse-shop.it\/wp-content\/uploads\/2025\/02\/ALESSI-Plisse-Frullatore-ad-Immersione-Nero.jpg","type":"image\/jpeg"}],"twitter_card":"summary_large_image","schema":{"@context":"https:\/\/schema.org","@graph":[{"@type":"WebPage","@id":"https:\/\/www.erresse-shop.it\/de\/shop\/kleine-elektrogeraete\/mixer\/bamix-prime-stabmixer-rot-copia\/","url":"https:\/\/www.erresse-shop.it\/de\/shop\/kleine-elektrogeraete\/mixer\/bamix-prime-stabmixer-rot-copia\/","name":"BAMIX PRIME Stabmixer Rot","isPartOf":{"@id":"https:\/\/www.erresse-shop.it\/de\/#website"},"datePublished":"2025-02-28T07:10:31+00:00","dateModified":"2025-02-28T07:42:31+00:00","description":"Entdecken Sie BAMIX PRIME Stabmixer Rot bei ErresseShop. Qualit\u00e4t, Stil und Funktionalit\u00e4t \u2013 jetzt online bestellen!","breadcrumb":{"@id":"https:\/\/www.erresse-shop.it\/de\/shop\/kleine-elektrogeraete\/mixer\/bamix-prime-stabmixer-rot-copia\/#breadcrumb"},"inLanguage":"de-DE","potentialAction":[{"@type":"ReadAction","target":["https:\/\/www.erresse-shop.it\/de\/shop\/kleine-elektrogeraete\/mixer\/bamix-prime-stabmixer-rot-copia\/"]}]},{"@type":"BreadcrumbList","@id":"https:\/\/www.erresse-shop.it\/de\/shop\/kleine-elektrogeraete\/mixer\/bamix-prime-stabmixer-rot-copia\/#breadcrumb","itemListElement":[{"@type":"ListItem","position":1,"name":"Home","item":"https:\/\/www.erresse-shop.it\/de\/"},{"@type":"ListItem","position":2,"name":"Shop","item":"https:\/\/www.erresse-shop.it\/de\/shop\/"},{"@type":"ListItem","position":3,"name":"ALESSI Pliss\u00e9 Immersionsmixer Schwarz"}]},{"@type":"WebSite","@id":"https:\/\/www.erresse-shop.it\/de\/#website","url":"https:\/\/www.erresse-shop.it\/de\/","name":"Erresse Shop","description":"Articoli di qualit\u00e0 per la casa","potentialAction":[{"@type":"SearchAction","target":{"@type":"EntryPoint","urlTemplate":"https:\/\/www.erresse-shop.it\/de\/?s={search_term_string}"},"query-input":"required name=search_term_string"}],"inLanguage":"de-DE"}]}},"df_price":52.5,"df_sale_price":52.5,"df_regular_price":105,"df_image_link":"https:\/\/www.erresse-shop.it\/wp-content\/uploads\/2025\/02\/ALESSI-Plisse-Frullatore-ad-Immersione-Nero-300x300.jpg","_links":{"self":[{"href":"https:\/\/www.erresse-shop.it\/de\/wp-json\/wp\/v2\/product\/473135"}],"collection":[{"href":"https:\/\/www.erresse-shop.it\/de\/wp-json\/wp\/v2\/product"}],"about":[{"href":"https:\/\/www.erresse-shop.it\/de\/wp-json\/wp\/v2\/types\/product"}],"wp:featuredmedia":[{"embeddable":true,"href":"https:\/\/www.erresse-shop.it\/de\/wp-json\/wp\/v2\/media\/473151"}],"wp:attachment":[{"href":"https:\/\/www.erresse-shop.it\/de\/wp-json\/wp\/v2\/media?parent=473135"}],"wp:term":[{"taxonomy":"product_cat","embeddable":true,"href":"https:\/\/www.erresse-shop.it\/de\/wp-json\/wp\/v2\/product_cat?post=473135"},{"taxonomy":"product_tag","embeddable":true,"href":"https:\/\/www.erresse-shop.it\/de\/wp-json\/wp\/v2\/product_tag?post=473135"}],"curies":[{"name":"wp","href":"https:\/\/api.w.org\/{rel}","templated":true}]}}