{"id":472993,"date":"2025-02-27T14:49:35","date_gmt":"2025-02-27T14:49:37","guid":{"rendered":"https:\/\/www.erresse-shop.it\/?post_type=product&#038;p=472993"},"modified":"2025-02-27T15:00:51","modified_gmt":"2025-02-27T15:00:51","slug":"alessi-plisse-digitale-kuchenwaage-copia","status":"publish","type":"product","link":"https:\/\/www.erresse-shop.it\/de\/shop\/kleine-elektrogeraete\/skalen\/alessi-plisse-digitale-kuchenwaage-copia\/","title":{"rendered":"ALESSI Pliss\u00e9 Digitale K\u00fcchenwaage Schwarz"},"content":{"rendered":"<p>Von Michele De Lucchi kommt ein neues Mitglied der Pliss\u00e9-Familie: die digitale K\u00fcchenwaage. Die pr\u00e4zisen und eleganten Linien der Dekoration versch\u00f6nern ein Objekt mit hoher funktionaler Leistung. Ein innovatives System erm\u00f6glicht es Ihnen, die Waage an die Wand zu h\u00e4ngen und sie so in ein dekoratives Element zu verwandeln. Eine neue Geste f\u00fcr ein Objekt, das zum Protagonisten der h\u00e4uslichen Landschaft wird.<\/p>\n<p>Digitale K\u00fcchenwaage aus thermoplastischem Harz und geh\u00e4rtetem Glas. Aufh\u00e4ngbar mit Wandhalterung. Wiederaufladbarer Akku.<\/p>\n<p><strong>Funktionen:<\/strong><\/p>\n<div id=\"shopify-abschnitt-produktspezifikationen\" class=\"shopify-abschnitt\">\n<ul class=\"Produktspezifikationen\">\n<li class=\"product-specifications__item\"><span class=\"product-specifications__title\">Durchmesser (cm):\u00a0<\/span><span class=\"product-specifications__value\">27,50<\/span><\/li>\n<li class=\"product-specifications__item\"><span class=\"product-specifications__title\">H\u00f6he (cm):\u00a0<\/span><span class=\"product-specifications__value\">2,80<\/span><\/li>\n<\/ul>\n<div Klasse=\"Produktspezifikationen__bottom\"><\/div>\n<\/div>\n<h2 class=\"template-product__accordion-subtitle subtitle-1\"><\/h2>\n","protected":false},"excerpt":{"rendered":"<p>Von Michele De Lucchi kommt ein neues Mitglied der Pliss\u00e9-Familie: die digitale K\u00fcchenwaage. Die pr\u00e4zisen und eleganten Linien der Dekoration<\/p>\n","protected":false},"featured_media":473002,"template":"","meta":{"_acf_changed":false,"inline_featured_image":false},"product_cat":[6703,25978],"product_tag":[13727],"acf":[],"yoast_head":"<!-- This site is optimized with the Yoast SEO Premium plugin v18.6 (Yoast SEO v19.13) - https:\/\/yoast.com\/wordpress\/plugins\/seo\/ -->\n<title>SMEG K\u00fcchenwaage Gr\u00fcn<\/title>\n<meta name=\"description\" content=\"Entdecken Sie SMEG K\u00fcchenwaage Gr\u00fcn bei ErresseShop. Qualit\u00e4t, Stil und Funktionalit\u00e4t \u2013 jetzt online bestellen!\" \/>\n<meta name=\"robots\" content=\"index, follow, max-snippet:-1, max-image-preview:large, max-video-preview:-1\" \/>\n<link rel=\"canonical\" href=\"https:\/\/www.erresse-shop.it\/de\/shop\/kleine-elektrogeraete\/skalen\/alessi-plisse-digitale-kuchenwaage-copia\/\" \/>\n<meta property=\"og:locale\" content=\"de_DE\" \/>\n<meta property=\"og:type\" content=\"article\" \/>\n<meta property=\"og:title\" content=\"ALESSI Pliss\u00e9 Digitale K\u00fcchenwaage Schwarz\" \/>\n<meta property=\"og:description\" content=\"Entdecken Sie SMEG K\u00fcchenwaage Gr\u00fcn bei ErresseShop. Qualit\u00e4t, Stil und Funktionalit\u00e4t \u2013 jetzt online bestellen!\" \/>\n<meta property=\"og:url\" content=\"https:\/\/www.erresse-shop.it\/de\/shop\/kleine-elektrogeraete\/skalen\/alessi-plisse-digitale-kuchenwaage-copia\/\" \/>\n<meta property=\"og:site_name\" content=\"Erresse Shop\" \/>\n<meta property=\"article:modified_time\" content=\"2025-02-27T15:00:51+00:00\" \/>\n<meta property=\"og:image\" content=\"https:\/\/www.erresse-shop.it\/wp-content\/uploads\/2025\/02\/ALESSI-Plisse-Bilancia-da-Cucina-Digitale-Nero.jpg\" \/>\n\t<meta property=\"og:image:width\" content=\"1200\" \/>\n\t<meta property=\"og:image:height\" content=\"1200\" \/>\n\t<meta property=\"og:image:type\" content=\"image\/jpeg\" \/>\n<meta name=\"twitter:card\" content=\"summary_large_image\" \/>\n<script type=\"application\/ld+json\" class=\"yoast-schema-graph\">{\"@context\":\"https:\/\/schema.org\",\"@graph\":[{\"@type\":\"WebPage\",\"@id\":\"https:\/\/www.erresse-shop.it\/de\/shop\/kleine-elektrogeraete\/skalen\/alessi-plisse-digitale-kuchenwaage-copia\/\",\"url\":\"https:\/\/www.erresse-shop.it\/de\/shop\/kleine-elektrogeraete\/skalen\/alessi-plisse-digitale-kuchenwaage-copia\/\",\"name\":\"SMEG K\u00fcchenwaage Gr\u00fcn\",\"isPartOf\":{\"@id\":\"https:\/\/www.erresse-shop.it\/de\/#website\"},\"datePublished\":\"2025-02-27T14:49:37+00:00\",\"dateModified\":\"2025-02-27T15:00:51+00:00\",\"description\":\"Entdecken Sie SMEG K\u00fcchenwaage Gr\u00fcn bei ErresseShop. Qualit\u00e4t, Stil und Funktionalit\u00e4t \u2013 jetzt online bestellen!\",\"breadcrumb\":{\"@id\":\"https:\/\/www.erresse-shop.it\/de\/shop\/kleine-elektrogeraete\/skalen\/alessi-plisse-digitale-kuchenwaage-copia\/#breadcrumb\"},\"inLanguage\":\"de-DE\",\"potentialAction\":[{\"@type\":\"ReadAction\",\"target\":[\"https:\/\/www.erresse-shop.it\/de\/shop\/kleine-elektrogeraete\/skalen\/alessi-plisse-digitale-kuchenwaage-copia\/\"]}]},{\"@type\":\"BreadcrumbList\",\"@id\":\"https:\/\/www.erresse-shop.it\/de\/shop\/kleine-elektrogeraete\/skalen\/alessi-plisse-digitale-kuchenwaage-copia\/#breadcrumb\",\"itemListElement\":[{\"@type\":\"ListItem\",\"position\":1,\"name\":\"Home\",\"item\":\"https:\/\/www.erresse-shop.it\/de\/\"},{\"@type\":\"ListItem\",\"position\":2,\"name\":\"Shop\",\"item\":\"https:\/\/www.erresse-shop.it\/de\/shop\/\"},{\"@type\":\"ListItem\",\"position\":3,\"name\":\"ALESSI Pliss\u00e9 Digitale K\u00fcchenwaage Schwarz\"}]},{\"@type\":\"WebSite\",\"@id\":\"https:\/\/www.erresse-shop.it\/de\/#website\",\"url\":\"https:\/\/www.erresse-shop.it\/de\/\",\"name\":\"Erresse Shop\",\"description\":\"Articoli di qualit\u00e0 per la casa\",\"potentialAction\":[{\"@type\":\"SearchAction\",\"target\":{\"@type\":\"EntryPoint\",\"urlTemplate\":\"https:\/\/www.erresse-shop.it\/de\/?s={search_term_string}\"},\"query-input\":\"required name=search_term_string\"}],\"inLanguage\":\"de-DE\"}]}<\/script>\n<!-- \/ Yoast SEO Premium plugin. -->","yoast_head_json":{"title":"SMEG K\u00fcchenwaage Gr\u00fcn","description":"Entdecken Sie SMEG K\u00fcchenwaage Gr\u00fcn bei ErresseShop. Qualit\u00e4t, Stil und Funktionalit\u00e4t \u2013 jetzt online bestellen!","robots":{"index":"index","follow":"follow","max-snippet":"max-snippet:-1","max-image-preview":"max-image-preview:large","max-video-preview":"max-video-preview:-1"},"canonical":"https:\/\/www.erresse-shop.it\/de\/shop\/kleine-elektrogeraete\/skalen\/alessi-plisse-digitale-kuchenwaage-copia\/","og_locale":"de_DE","og_type":"article","og_title":"ALESSI Pliss\u00e9 Digitale K\u00fcchenwaage Schwarz","og_description":"Entdecken Sie SMEG K\u00fcchenwaage Gr\u00fcn bei ErresseShop. Qualit\u00e4t, Stil und Funktionalit\u00e4t \u2013 jetzt online bestellen!","og_url":"https:\/\/www.erresse-shop.it\/de\/shop\/kleine-elektrogeraete\/skalen\/alessi-plisse-digitale-kuchenwaage-copia\/","og_site_name":"Erresse Shop","article_modified_time":"2025-02-27T15:00:51+00:00","og_image":[{"width":1200,"height":1200,"url":"https:\/\/www.erresse-shop.it\/wp-content\/uploads\/2025\/02\/ALESSI-Plisse-Bilancia-da-Cucina-Digitale-Nero.jpg","type":"image\/jpeg"}],"twitter_card":"summary_large_image","schema":{"@context":"https:\/\/schema.org","@graph":[{"@type":"WebPage","@id":"https:\/\/www.erresse-shop.it\/de\/shop\/kleine-elektrogeraete\/skalen\/alessi-plisse-digitale-kuchenwaage-copia\/","url":"https:\/\/www.erresse-shop.it\/de\/shop\/kleine-elektrogeraete\/skalen\/alessi-plisse-digitale-kuchenwaage-copia\/","name":"SMEG K\u00fcchenwaage Gr\u00fcn","isPartOf":{"@id":"https:\/\/www.erresse-shop.it\/de\/#website"},"datePublished":"2025-02-27T14:49:37+00:00","dateModified":"2025-02-27T15:00:51+00:00","description":"Entdecken Sie SMEG K\u00fcchenwaage Gr\u00fcn bei ErresseShop. Qualit\u00e4t, Stil und Funktionalit\u00e4t \u2013 jetzt online bestellen!","breadcrumb":{"@id":"https:\/\/www.erresse-shop.it\/de\/shop\/kleine-elektrogeraete\/skalen\/alessi-plisse-digitale-kuchenwaage-copia\/#breadcrumb"},"inLanguage":"de-DE","potentialAction":[{"@type":"ReadAction","target":["https:\/\/www.erresse-shop.it\/de\/shop\/kleine-elektrogeraete\/skalen\/alessi-plisse-digitale-kuchenwaage-copia\/"]}]},{"@type":"BreadcrumbList","@id":"https:\/\/www.erresse-shop.it\/de\/shop\/kleine-elektrogeraete\/skalen\/alessi-plisse-digitale-kuchenwaage-copia\/#breadcrumb","itemListElement":[{"@type":"ListItem","position":1,"name":"Home","item":"https:\/\/www.erresse-shop.it\/de\/"},{"@type":"ListItem","position":2,"name":"Shop","item":"https:\/\/www.erresse-shop.it\/de\/shop\/"},{"@type":"ListItem","position":3,"name":"ALESSI Pliss\u00e9 Digitale K\u00fcchenwaage Schwarz"}]},{"@type":"WebSite","@id":"https:\/\/www.erresse-shop.it\/de\/#website","url":"https:\/\/www.erresse-shop.it\/de\/","name":"Erresse Shop","description":"Articoli di qualit\u00e0 per la casa","potentialAction":[{"@type":"SearchAction","target":{"@type":"EntryPoint","urlTemplate":"https:\/\/www.erresse-shop.it\/de\/?s={search_term_string}"},"query-input":"required name=search_term_string"}],"inLanguage":"de-DE"}]}},"df_price":35,"df_sale_price":35,"df_regular_price":70,"df_image_link":"https:\/\/www.erresse-shop.it\/wp-content\/uploads\/2025\/02\/ALESSI-Plisse-Bilancia-da-Cucina-Digitale-Nero-300x300.jpg","_links":{"self":[{"href":"https:\/\/www.erresse-shop.it\/de\/wp-json\/wp\/v2\/product\/472993"}],"collection":[{"href":"https:\/\/www.erresse-shop.it\/de\/wp-json\/wp\/v2\/product"}],"about":[{"href":"https:\/\/www.erresse-shop.it\/de\/wp-json\/wp\/v2\/types\/product"}],"wp:featuredmedia":[{"embeddable":true,"href":"https:\/\/www.erresse-shop.it\/de\/wp-json\/wp\/v2\/media\/473002"}],"wp:attachment":[{"href":"https:\/\/www.erresse-shop.it\/de\/wp-json\/wp\/v2\/media?parent=472993"}],"wp:term":[{"taxonomy":"product_cat","embeddable":true,"href":"https:\/\/www.erresse-shop.it\/de\/wp-json\/wp\/v2\/product_cat?post=472993"},{"taxonomy":"product_tag","embeddable":true,"href":"https:\/\/www.erresse-shop.it\/de\/wp-json\/wp\/v2\/product_tag?post=472993"}],"curies":[{"name":"wp","href":"https:\/\/api.w.org\/{rel}","templated":true}]}}