{"id":472842,"date":"2025-02-27T11:50:32","date_gmt":"2025-02-27T11:50:33","guid":{"rendered":"https:\/\/www.erresse-shop.it\/?post_type=product&#038;p=472842"},"modified":"2025-02-27T13:08:50","modified_gmt":"2025-02-27T13:08:50","slug":"alessi-9090-espresso-kaffeemaschine-1-tasse-copia","status":"publish","type":"product","link":"https:\/\/www.erresse-shop.it\/de\/shop\/kuche\/mokkas-kaffeemaschinen-espresso\/alessi-9090-espresso-kaffeemaschine-1-tasse-copia\/","title":{"rendered":"ALESSI 9090 Espresso-Kaffeemaschine 3 Tassen"},"content":{"rendered":"<p>Die 9090 ist die erste Espressomaschine in der Geschichte von Alessi, aber auch der erste von zahlreichen Compasso d\u2019Oro-Preisen und das erste Alessi-Objekt, das im MOMA in New York ausgestellt wurde. \u201eIch wollte diesem Auto eine Leistung verleihen, die andere nicht haben.\u201c Mit diesen Worten beschrieb Richard Sapper die Idee, von der er ausging. Die 9090 ist nicht nur aufgrund ihrer besonderen Form originell, sondern auch aufgrund einiger funktionaler Neuerungen, wie etwa der verbreiterten Basis, durch die Sie die W\u00e4rme optimal nutzen k\u00f6nnen, dem tropffreien Ausguss und dem Hebelverschluss, der das \u00d6ffnen mit einer einfachen Handbewegung erm\u00f6glicht.<\/p>\n<p>Espressomaschine aus Edelstahl 18\/10. Magnetischer Stahlboden <strong>auch zum Induktionskochen geeignet. <\/strong><\/p>\n<p><strong>Achtung<\/strong>: Pr\u00fcfen Sie, ob Ihr Induktionskochfeld f\u00fcr die Aktivierung mit einem Mindestdurchmesser von 90 mm geeignet ist.<\/p>\n<p><strong>Funktionen:<\/strong><\/p>\n<ul class=\"Produktspezifikationen\">\n<li class=\"product-specifications__item\"><span class=\"product-specifications__title\">Tassen:\u00a0<\/span><span class=\"product-specifications__value\">1<\/span><\/li>\n<li class=\"product-specifications__item\"><span class=\"product-specifications__title\">Kapazit\u00e4t (cl): 15.00<\/span><\/li>\n<li class=\"product-specifications__item\"><span class=\"product-specifications__title\">Durchmesser (cm): 11.00<\/span><\/li>\n<li class=\"product-specifications__item\"><span class=\"product-specifications__title\">H\u00f6he (cm):\u00a0<\/span><span class=\"product-specifications__value\">17.50<\/span><\/li>\n<\/ul>\n","protected":false},"excerpt":{"rendered":"<p>Die 9090 ist die erste Espressomaschine in der Geschichte von Alessi, aber auch der erste von zahlreichen Compasso d\u2019Oro-Preisen und<\/p>\n","protected":false},"featured_media":472862,"template":"","meta":{"_acf_changed":false,"inline_featured_image":false},"product_cat":[6742,6835],"product_tag":[11638,11577,11573],"acf":[],"yoast_head":"<!-- This site is optimized with the Yoast SEO Premium plugin v18.6 (Yoast SEO v19.13) - https:\/\/yoast.com\/wordpress\/plugins\/seo\/ -->\n<title>ALESSI 9090 Espresso-Kaffeemaschine 3 Tassen - Erresse Shop<\/title>\n<meta name=\"description\" content=\"Die 9090 ist die erste Espressomaschine in der Geschichte von Alessi, aber auch der erste von zahlreichen Compasso d\u2019Oro-Preisen und das erste\" \/>\n<meta name=\"robots\" content=\"index, follow, max-snippet:-1, max-image-preview:large, max-video-preview:-1\" \/>\n<link rel=\"canonical\" href=\"https:\/\/www.erresse-shop.it\/de\/shop\/kuche\/mokkas-kaffeemaschinen-espresso\/alessi-9090-espresso-kaffeemaschine-1-tasse-copia\/\" \/>\n<meta property=\"og:locale\" content=\"de_DE\" \/>\n<meta property=\"og:type\" content=\"article\" \/>\n<meta property=\"og:title\" content=\"ALESSI 9090 Espresso-Kaffeemaschine 3 Tassen\" \/>\n<meta property=\"og:description\" content=\"Die 9090 ist die erste Espressomaschine in der Geschichte von Alessi, aber auch der erste von zahlreichen Compasso d\u2019Oro-Preisen und das erste\" \/>\n<meta property=\"og:url\" content=\"https:\/\/www.erresse-shop.it\/de\/shop\/kuche\/mokkas-kaffeemaschinen-espresso\/alessi-9090-espresso-kaffeemaschine-1-tasse-copia\/\" \/>\n<meta property=\"og:site_name\" content=\"Erresse Shop\" \/>\n<meta property=\"article:modified_time\" content=\"2025-02-27T13:08:50+00:00\" \/>\n<meta property=\"og:image\" content=\"https:\/\/www.erresse-shop.it\/wp-content\/uploads\/2025\/02\/ALESSI-9090-Caffettiera-Espresso-3-Tazze.jpg\" \/>\n\t<meta property=\"og:image:width\" content=\"1200\" \/>\n\t<meta property=\"og:image:height\" content=\"1200\" \/>\n\t<meta property=\"og:image:type\" content=\"image\/jpeg\" \/>\n<meta name=\"twitter:card\" content=\"summary_large_image\" \/>\n<script type=\"application\/ld+json\" class=\"yoast-schema-graph\">{\"@context\":\"https:\/\/schema.org\",\"@graph\":[{\"@type\":\"WebPage\",\"@id\":\"https:\/\/www.erresse-shop.it\/de\/shop\/kuche\/mokkas-kaffeemaschinen-espresso\/alessi-9090-espresso-kaffeemaschine-1-tasse-copia\/\",\"url\":\"https:\/\/www.erresse-shop.it\/de\/shop\/kuche\/mokkas-kaffeemaschinen-espresso\/alessi-9090-espresso-kaffeemaschine-1-tasse-copia\/\",\"name\":\"ALESSI 9090 Espresso-Kaffeemaschine 3 Tassen - Erresse Shop\",\"isPartOf\":{\"@id\":\"https:\/\/www.erresse-shop.it\/de\/#website\"},\"datePublished\":\"2025-02-27T11:50:33+00:00\",\"dateModified\":\"2025-02-27T13:08:50+00:00\",\"description\":\"Die 9090 ist die erste Espressomaschine in der Geschichte von Alessi, aber auch der erste von zahlreichen Compasso d\u2019Oro-Preisen und das erste\",\"breadcrumb\":{\"@id\":\"https:\/\/www.erresse-shop.it\/de\/shop\/kuche\/mokkas-kaffeemaschinen-espresso\/alessi-9090-espresso-kaffeemaschine-1-tasse-copia\/#breadcrumb\"},\"inLanguage\":\"de-DE\",\"potentialAction\":[{\"@type\":\"ReadAction\",\"target\":[\"https:\/\/www.erresse-shop.it\/de\/shop\/kuche\/mokkas-kaffeemaschinen-espresso\/alessi-9090-espresso-kaffeemaschine-1-tasse-copia\/\"]}]},{\"@type\":\"BreadcrumbList\",\"@id\":\"https:\/\/www.erresse-shop.it\/de\/shop\/kuche\/mokkas-kaffeemaschinen-espresso\/alessi-9090-espresso-kaffeemaschine-1-tasse-copia\/#breadcrumb\",\"itemListElement\":[{\"@type\":\"ListItem\",\"position\":1,\"name\":\"Home\",\"item\":\"https:\/\/www.erresse-shop.it\/de\/\"},{\"@type\":\"ListItem\",\"position\":2,\"name\":\"Shop\",\"item\":\"https:\/\/www.erresse-shop.it\/de\/shop\/\"},{\"@type\":\"ListItem\",\"position\":3,\"name\":\"ALESSI 9090 Espresso-Kaffeemaschine 3 Tassen\"}]},{\"@type\":\"WebSite\",\"@id\":\"https:\/\/www.erresse-shop.it\/de\/#website\",\"url\":\"https:\/\/www.erresse-shop.it\/de\/\",\"name\":\"Erresse Shop\",\"description\":\"Articoli di qualit\u00e0 per la casa\",\"potentialAction\":[{\"@type\":\"SearchAction\",\"target\":{\"@type\":\"EntryPoint\",\"urlTemplate\":\"https:\/\/www.erresse-shop.it\/de\/?s={search_term_string}\"},\"query-input\":\"required name=search_term_string\"}],\"inLanguage\":\"de-DE\"}]}<\/script>\n<!-- \/ Yoast SEO Premium plugin. -->","yoast_head_json":{"title":"ALESSI 9090 Espresso-Kaffeemaschine 3 Tassen - Erresse Shop","description":"Die 9090 ist die erste Espressomaschine in der Geschichte von Alessi, aber auch der erste von zahlreichen Compasso d\u2019Oro-Preisen und das erste","robots":{"index":"index","follow":"follow","max-snippet":"max-snippet:-1","max-image-preview":"max-image-preview:large","max-video-preview":"max-video-preview:-1"},"canonical":"https:\/\/www.erresse-shop.it\/de\/shop\/kuche\/mokkas-kaffeemaschinen-espresso\/alessi-9090-espresso-kaffeemaschine-1-tasse-copia\/","og_locale":"de_DE","og_type":"article","og_title":"ALESSI 9090 Espresso-Kaffeemaschine 3 Tassen","og_description":"Die 9090 ist die erste Espressomaschine in der Geschichte von Alessi, aber auch der erste von zahlreichen Compasso d\u2019Oro-Preisen und das erste","og_url":"https:\/\/www.erresse-shop.it\/de\/shop\/kuche\/mokkas-kaffeemaschinen-espresso\/alessi-9090-espresso-kaffeemaschine-1-tasse-copia\/","og_site_name":"Erresse Shop","article_modified_time":"2025-02-27T13:08:50+00:00","og_image":[{"width":1200,"height":1200,"url":"https:\/\/www.erresse-shop.it\/wp-content\/uploads\/2025\/02\/ALESSI-9090-Caffettiera-Espresso-3-Tazze.jpg","type":"image\/jpeg"}],"twitter_card":"summary_large_image","schema":{"@context":"https:\/\/schema.org","@graph":[{"@type":"WebPage","@id":"https:\/\/www.erresse-shop.it\/de\/shop\/kuche\/mokkas-kaffeemaschinen-espresso\/alessi-9090-espresso-kaffeemaschine-1-tasse-copia\/","url":"https:\/\/www.erresse-shop.it\/de\/shop\/kuche\/mokkas-kaffeemaschinen-espresso\/alessi-9090-espresso-kaffeemaschine-1-tasse-copia\/","name":"ALESSI 9090 Espresso-Kaffeemaschine 3 Tassen - Erresse Shop","isPartOf":{"@id":"https:\/\/www.erresse-shop.it\/de\/#website"},"datePublished":"2025-02-27T11:50:33+00:00","dateModified":"2025-02-27T13:08:50+00:00","description":"Die 9090 ist die erste Espressomaschine in der Geschichte von Alessi, aber auch der erste von zahlreichen Compasso d\u2019Oro-Preisen und das erste","breadcrumb":{"@id":"https:\/\/www.erresse-shop.it\/de\/shop\/kuche\/mokkas-kaffeemaschinen-espresso\/alessi-9090-espresso-kaffeemaschine-1-tasse-copia\/#breadcrumb"},"inLanguage":"de-DE","potentialAction":[{"@type":"ReadAction","target":["https:\/\/www.erresse-shop.it\/de\/shop\/kuche\/mokkas-kaffeemaschinen-espresso\/alessi-9090-espresso-kaffeemaschine-1-tasse-copia\/"]}]},{"@type":"BreadcrumbList","@id":"https:\/\/www.erresse-shop.it\/de\/shop\/kuche\/mokkas-kaffeemaschinen-espresso\/alessi-9090-espresso-kaffeemaschine-1-tasse-copia\/#breadcrumb","itemListElement":[{"@type":"ListItem","position":1,"name":"Home","item":"https:\/\/www.erresse-shop.it\/de\/"},{"@type":"ListItem","position":2,"name":"Shop","item":"https:\/\/www.erresse-shop.it\/de\/shop\/"},{"@type":"ListItem","position":3,"name":"ALESSI 9090 Espresso-Kaffeemaschine 3 Tassen"}]},{"@type":"WebSite","@id":"https:\/\/www.erresse-shop.it\/de\/#website","url":"https:\/\/www.erresse-shop.it\/de\/","name":"Erresse Shop","description":"Articoli di qualit\u00e0 per la casa","potentialAction":[{"@type":"SearchAction","target":{"@type":"EntryPoint","urlTemplate":"https:\/\/www.erresse-shop.it\/de\/?s={search_term_string}"},"query-input":"required name=search_term_string"}],"inLanguage":"de-DE"}]}},"df_price":87.5,"df_sale_price":87.5,"df_regular_price":175,"df_image_link":"https:\/\/www.erresse-shop.it\/wp-content\/uploads\/2025\/02\/ALESSI-9090-Caffettiera-Espresso-3-Tazze-300x300.jpg","_links":{"self":[{"href":"https:\/\/www.erresse-shop.it\/de\/wp-json\/wp\/v2\/product\/472842"}],"collection":[{"href":"https:\/\/www.erresse-shop.it\/de\/wp-json\/wp\/v2\/product"}],"about":[{"href":"https:\/\/www.erresse-shop.it\/de\/wp-json\/wp\/v2\/types\/product"}],"wp:featuredmedia":[{"embeddable":true,"href":"https:\/\/www.erresse-shop.it\/de\/wp-json\/wp\/v2\/media\/472862"}],"wp:attachment":[{"href":"https:\/\/www.erresse-shop.it\/de\/wp-json\/wp\/v2\/media?parent=472842"}],"wp:term":[{"taxonomy":"product_cat","embeddable":true,"href":"https:\/\/www.erresse-shop.it\/de\/wp-json\/wp\/v2\/product_cat?post=472842"},{"taxonomy":"product_tag","embeddable":true,"href":"https:\/\/www.erresse-shop.it\/de\/wp-json\/wp\/v2\/product_tag?post=472842"}],"curies":[{"name":"wp","href":"https:\/\/api.w.org\/{rel}","templated":true}]}}