{"id":472766,"date":"2025-02-27T10:30:53","date_gmt":"2025-02-27T10:30:54","guid":{"rendered":"https:\/\/www.erresse-shop.it\/?post_type=product&#038;p=472766"},"modified":"2025-02-27T10:38:44","modified_gmt":"2025-02-27T10:38:44","slug":"alessi-alessandro-m-korkenzieher-hellblau-rot-copia","status":"publish","type":"product","link":"https:\/\/www.erresse-shop.it\/de\/shop\/tisch\/weinbar-korkenzieher-dekanter-eiskubel\/korkenzieher\/alessi-alessandro-m-korkenzieher-hellblau-rot-copia\/","title":{"rendered":"ALESSI Alessandro M. Korkenzieher Gelb Schwarz"},"content":{"rendered":"<p>Der Korkenzieher Alessandro M., ein Selbstportr\u00e4t des Designers Alessandro Mendini, kehrt in der Kollektion Colour Tales in einer Reihe von schillernden Kleidern zur\u00fcck, eine Hommage an die chromatische Forschung seines Sch\u00f6pfers. Gewidmet den Sammlern von Alessandro Mendini und seinen transformistischen Korkenziehern und all jenen, die einen guten Wein mit einem Instrument entkorken m\u00f6chten, in dem Funktion und Emotion verschmelzen.<\/p>\n<p>Korkenzieher aus thermoplastischem Harz und verchromtem Zamak<\/p>\n<p>Merkmale<br \/>\n&#8211; Durchmesser: 6 cm<br \/>\n&#8211; H\u00f6he: 21 cm<\/p>\n","protected":false},"excerpt":{"rendered":"<p>Der Korkenzieher Alessandro M., ein Selbstportr\u00e4t des Designers Alessandro Mendini, kehrt in der Kollektion Colour Tales in einer Reihe von<\/p>\n","protected":false},"featured_media":472781,"template":"","meta":{"_acf_changed":false,"inline_featured_image":false},"product_cat":[6787,6850,14462],"product_tag":[13068,11969],"acf":[],"yoast_head":"<!-- This site is optimized with the Yoast SEO Premium plugin v18.6 (Yoast SEO v19.13) - https:\/\/yoast.com\/wordpress\/plugins\/seo\/ -->\n<title>ALESSI Alessandro M. Korkenzieher Gelb Schwarz - Erresse Shop<\/title>\n<meta name=\"description\" content=\"Der Korkenzieher Alessandro M., ein Selbstportr\u00e4t des Designers Alessandro Mendini, kehrt in der Kollektion Colour Tales in einer Reihe von schillernden\" \/>\n<meta name=\"robots\" content=\"index, follow, max-snippet:-1, max-image-preview:large, max-video-preview:-1\" \/>\n<link rel=\"canonical\" href=\"https:\/\/www.erresse-shop.it\/de\/shop\/tisch\/weinbar-korkenzieher-dekanter-eiskubel\/korkenzieher\/alessi-alessandro-m-korkenzieher-hellblau-rot-copia\/\" \/>\n<meta property=\"og:locale\" content=\"de_DE\" \/>\n<meta property=\"og:type\" content=\"article\" \/>\n<meta property=\"og:title\" content=\"ALESSI Alessandro M. Korkenzieher Gelb Schwarz\" \/>\n<meta property=\"og:description\" content=\"Der Korkenzieher Alessandro M., ein Selbstportr\u00e4t des Designers Alessandro Mendini, kehrt in der Kollektion Colour Tales in einer Reihe von schillernden\" \/>\n<meta property=\"og:url\" content=\"https:\/\/www.erresse-shop.it\/de\/shop\/tisch\/weinbar-korkenzieher-dekanter-eiskubel\/korkenzieher\/alessi-alessandro-m-korkenzieher-hellblau-rot-copia\/\" \/>\n<meta property=\"og:site_name\" content=\"Erresse Shop\" \/>\n<meta property=\"article:modified_time\" content=\"2025-02-27T10:38:44+00:00\" \/>\n<meta property=\"og:image\" content=\"https:\/\/www.erresse-shop.it\/wp-content\/uploads\/2025\/02\/ALESSI-Alessandro-M.-Cavatappi-Giallo-Nero.jpg\" \/>\n\t<meta property=\"og:image:width\" content=\"1200\" \/>\n\t<meta property=\"og:image:height\" content=\"1200\" \/>\n\t<meta property=\"og:image:type\" content=\"image\/jpeg\" \/>\n<meta name=\"twitter:card\" content=\"summary_large_image\" \/>\n<script type=\"application\/ld+json\" class=\"yoast-schema-graph\">{\"@context\":\"https:\/\/schema.org\",\"@graph\":[{\"@type\":\"WebPage\",\"@id\":\"https:\/\/www.erresse-shop.it\/de\/shop\/tisch\/weinbar-korkenzieher-dekanter-eiskubel\/korkenzieher\/alessi-alessandro-m-korkenzieher-hellblau-rot-copia\/\",\"url\":\"https:\/\/www.erresse-shop.it\/de\/shop\/tisch\/weinbar-korkenzieher-dekanter-eiskubel\/korkenzieher\/alessi-alessandro-m-korkenzieher-hellblau-rot-copia\/\",\"name\":\"ALESSI Alessandro M. Korkenzieher Gelb Schwarz - Erresse Shop\",\"isPartOf\":{\"@id\":\"https:\/\/www.erresse-shop.it\/de\/#website\"},\"datePublished\":\"2025-02-27T10:30:54+00:00\",\"dateModified\":\"2025-02-27T10:38:44+00:00\",\"description\":\"Der Korkenzieher Alessandro M., ein Selbstportr\u00e4t des Designers Alessandro Mendini, kehrt in der Kollektion Colour Tales in einer Reihe von schillernden\",\"breadcrumb\":{\"@id\":\"https:\/\/www.erresse-shop.it\/de\/shop\/tisch\/weinbar-korkenzieher-dekanter-eiskubel\/korkenzieher\/alessi-alessandro-m-korkenzieher-hellblau-rot-copia\/#breadcrumb\"},\"inLanguage\":\"de-DE\",\"potentialAction\":[{\"@type\":\"ReadAction\",\"target\":[\"https:\/\/www.erresse-shop.it\/de\/shop\/tisch\/weinbar-korkenzieher-dekanter-eiskubel\/korkenzieher\/alessi-alessandro-m-korkenzieher-hellblau-rot-copia\/\"]}]},{\"@type\":\"BreadcrumbList\",\"@id\":\"https:\/\/www.erresse-shop.it\/de\/shop\/tisch\/weinbar-korkenzieher-dekanter-eiskubel\/korkenzieher\/alessi-alessandro-m-korkenzieher-hellblau-rot-copia\/#breadcrumb\",\"itemListElement\":[{\"@type\":\"ListItem\",\"position\":1,\"name\":\"Home\",\"item\":\"https:\/\/www.erresse-shop.it\/de\/\"},{\"@type\":\"ListItem\",\"position\":2,\"name\":\"Shop\",\"item\":\"https:\/\/www.erresse-shop.it\/de\/shop\/\"},{\"@type\":\"ListItem\",\"position\":3,\"name\":\"ALESSI Alessandro M. Korkenzieher Gelb Schwarz\"}]},{\"@type\":\"WebSite\",\"@id\":\"https:\/\/www.erresse-shop.it\/de\/#website\",\"url\":\"https:\/\/www.erresse-shop.it\/de\/\",\"name\":\"Erresse Shop\",\"description\":\"Articoli di qualit\u00e0 per la casa\",\"potentialAction\":[{\"@type\":\"SearchAction\",\"target\":{\"@type\":\"EntryPoint\",\"urlTemplate\":\"https:\/\/www.erresse-shop.it\/de\/?s={search_term_string}\"},\"query-input\":\"required name=search_term_string\"}],\"inLanguage\":\"de-DE\"}]}<\/script>\n<!-- \/ Yoast SEO Premium plugin. -->","yoast_head_json":{"title":"ALESSI Alessandro M. Korkenzieher Gelb Schwarz - Erresse Shop","description":"Der Korkenzieher Alessandro M., ein Selbstportr\u00e4t des Designers Alessandro Mendini, kehrt in der Kollektion Colour Tales in einer Reihe von schillernden","robots":{"index":"index","follow":"follow","max-snippet":"max-snippet:-1","max-image-preview":"max-image-preview:large","max-video-preview":"max-video-preview:-1"},"canonical":"https:\/\/www.erresse-shop.it\/de\/shop\/tisch\/weinbar-korkenzieher-dekanter-eiskubel\/korkenzieher\/alessi-alessandro-m-korkenzieher-hellblau-rot-copia\/","og_locale":"de_DE","og_type":"article","og_title":"ALESSI Alessandro M. Korkenzieher Gelb Schwarz","og_description":"Der Korkenzieher Alessandro M., ein Selbstportr\u00e4t des Designers Alessandro Mendini, kehrt in der Kollektion Colour Tales in einer Reihe von schillernden","og_url":"https:\/\/www.erresse-shop.it\/de\/shop\/tisch\/weinbar-korkenzieher-dekanter-eiskubel\/korkenzieher\/alessi-alessandro-m-korkenzieher-hellblau-rot-copia\/","og_site_name":"Erresse Shop","article_modified_time":"2025-02-27T10:38:44+00:00","og_image":[{"width":1200,"height":1200,"url":"https:\/\/www.erresse-shop.it\/wp-content\/uploads\/2025\/02\/ALESSI-Alessandro-M.-Cavatappi-Giallo-Nero.jpg","type":"image\/jpeg"}],"twitter_card":"summary_large_image","schema":{"@context":"https:\/\/schema.org","@graph":[{"@type":"WebPage","@id":"https:\/\/www.erresse-shop.it\/de\/shop\/tisch\/weinbar-korkenzieher-dekanter-eiskubel\/korkenzieher\/alessi-alessandro-m-korkenzieher-hellblau-rot-copia\/","url":"https:\/\/www.erresse-shop.it\/de\/shop\/tisch\/weinbar-korkenzieher-dekanter-eiskubel\/korkenzieher\/alessi-alessandro-m-korkenzieher-hellblau-rot-copia\/","name":"ALESSI Alessandro M. Korkenzieher Gelb Schwarz - Erresse Shop","isPartOf":{"@id":"https:\/\/www.erresse-shop.it\/de\/#website"},"datePublished":"2025-02-27T10:30:54+00:00","dateModified":"2025-02-27T10:38:44+00:00","description":"Der Korkenzieher Alessandro M., ein Selbstportr\u00e4t des Designers Alessandro Mendini, kehrt in der Kollektion Colour Tales in einer Reihe von schillernden","breadcrumb":{"@id":"https:\/\/www.erresse-shop.it\/de\/shop\/tisch\/weinbar-korkenzieher-dekanter-eiskubel\/korkenzieher\/alessi-alessandro-m-korkenzieher-hellblau-rot-copia\/#breadcrumb"},"inLanguage":"de-DE","potentialAction":[{"@type":"ReadAction","target":["https:\/\/www.erresse-shop.it\/de\/shop\/tisch\/weinbar-korkenzieher-dekanter-eiskubel\/korkenzieher\/alessi-alessandro-m-korkenzieher-hellblau-rot-copia\/"]}]},{"@type":"BreadcrumbList","@id":"https:\/\/www.erresse-shop.it\/de\/shop\/tisch\/weinbar-korkenzieher-dekanter-eiskubel\/korkenzieher\/alessi-alessandro-m-korkenzieher-hellblau-rot-copia\/#breadcrumb","itemListElement":[{"@type":"ListItem","position":1,"name":"Home","item":"https:\/\/www.erresse-shop.it\/de\/"},{"@type":"ListItem","position":2,"name":"Shop","item":"https:\/\/www.erresse-shop.it\/de\/shop\/"},{"@type":"ListItem","position":3,"name":"ALESSI Alessandro M. Korkenzieher Gelb Schwarz"}]},{"@type":"WebSite","@id":"https:\/\/www.erresse-shop.it\/de\/#website","url":"https:\/\/www.erresse-shop.it\/de\/","name":"Erresse Shop","description":"Articoli di qualit\u00e0 per la casa","potentialAction":[{"@type":"SearchAction","target":{"@type":"EntryPoint","urlTemplate":"https:\/\/www.erresse-shop.it\/de\/?s={search_term_string}"},"query-input":"required name=search_term_string"}],"inLanguage":"de-DE"}]}},"df_price":25,"df_sale_price":25,"df_regular_price":50,"df_image_link":"https:\/\/www.erresse-shop.it\/wp-content\/uploads\/2025\/02\/ALESSI-Alessandro-M.-Cavatappi-Giallo-Nero-300x300.jpg","_links":{"self":[{"href":"https:\/\/www.erresse-shop.it\/de\/wp-json\/wp\/v2\/product\/472766"}],"collection":[{"href":"https:\/\/www.erresse-shop.it\/de\/wp-json\/wp\/v2\/product"}],"about":[{"href":"https:\/\/www.erresse-shop.it\/de\/wp-json\/wp\/v2\/types\/product"}],"wp:featuredmedia":[{"embeddable":true,"href":"https:\/\/www.erresse-shop.it\/de\/wp-json\/wp\/v2\/media\/472781"}],"wp:attachment":[{"href":"https:\/\/www.erresse-shop.it\/de\/wp-json\/wp\/v2\/media?parent=472766"}],"wp:term":[{"taxonomy":"product_cat","embeddable":true,"href":"https:\/\/www.erresse-shop.it\/de\/wp-json\/wp\/v2\/product_cat?post=472766"},{"taxonomy":"product_tag","embeddable":true,"href":"https:\/\/www.erresse-shop.it\/de\/wp-json\/wp\/v2\/product_tag?post=472766"}],"curies":[{"name":"wp","href":"https:\/\/api.w.org\/{rel}","templated":true}]}}