{"id":472717,"date":"2025-02-27T09:53:20","date_gmt":"2025-02-27T09:53:26","guid":{"rendered":"https:\/\/www.erresse-shop.it\/?post_type=product&#038;p=472717"},"modified":"2026-02-23T09:42:24","modified_gmt":"2026-02-23T09:42:24","slug":"alessi-3909-kessel","status":"publish","type":"product","link":"https:\/\/www.erresse-shop.it\/de\/shop\/kuche\/wasserkocher\/alessi-3909-kessel\/","title":{"rendered":"ALESSI 3909 Kessel"},"content":{"rendered":"<p>Mit einer Mischung aus verschiedenen kulturellen Aspekten entf\u00fchrt der Design-Wasserkessel 3909 direkt nach Amerika. Das Ph\u00e4nomen des Basketballs und seine multikulturelle Symbolik, die ein wesentlicher Bestandteil von Ablohs pers\u00f6nlicher Geschichte ist, mit der Welt des Designs und seinen kodifizierten Referenzen. Die komplett neu gestaltete Pfeife nimmt die Form eines Basketballspielers an, der kraftvoll in den Korb dunkt, w\u00e4hrend die Farben des Griffs und des Knaufs in einem tiefen Violett leuchten.<\/p>\n<p>Wasserkocher aus Edelstahl 18\/10 mit Griff und Pfeife aus PA, lila. Magnetischer Stahlboden, geeignet f\u00fcr Induktionskochfelder.<br \/>\nProduziert in einer nummerierten Auflage von 9.999 St\u00fcck.<\/p>\n<p>Eigenschaften<br \/>\n&#8211; Fassungsverm\u00f6gen: 2 L<br \/>\n&#8211; Durchmesser: 22 cm<br \/>\n&#8211; H\u00f6he: 22,50 cm<\/p>\n<p><strong>Geeignet f\u00fcr Induktion<\/strong><\/p>\n","protected":false},"excerpt":{"rendered":"<p>Mit einer Mischung aus verschiedenen kulturellen Aspekten entf\u00fchrt der Design-Wasserkessel 3909 direkt nach Amerika. Das Ph\u00e4nomen des Basketballs und seine<\/p>\n","protected":false},"featured_media":472744,"template":"","meta":{"_acf_changed":false,"inline_featured_image":false},"product_cat":[6742,21074],"product_tag":[11652,11385],"acf":[],"yoast_head":"<!-- This site is optimized with the Yoast SEO Premium plugin v18.6 (Yoast SEO v19.13) - https:\/\/yoast.com\/wordpress\/plugins\/seo\/ -->\n<title>ALESSI 3909 Kessel - Erresse Shop<\/title>\n<meta name=\"description\" content=\"Mit einer Mischung aus verschiedenen kulturellen Aspekten entf\u00fchrt der Design-Wasserkessel 3909 direkt nach Amerika. Das Ph\u00e4nomen des Basketballs und\" \/>\n<meta name=\"robots\" content=\"index, follow, max-snippet:-1, max-image-preview:large, max-video-preview:-1\" \/>\n<link rel=\"canonical\" href=\"https:\/\/www.erresse-shop.it\/de\/shop\/kuche\/wasserkocher\/alessi-3909-kessel\/\" \/>\n<meta property=\"og:locale\" content=\"de_DE\" \/>\n<meta property=\"og:type\" content=\"article\" \/>\n<meta property=\"og:title\" content=\"ALESSI 3909 Kessel\" \/>\n<meta property=\"og:description\" content=\"Mit einer Mischung aus verschiedenen kulturellen Aspekten entf\u00fchrt der Design-Wasserkessel 3909 direkt nach Amerika. Das Ph\u00e4nomen des Basketballs und\" \/>\n<meta property=\"og:url\" content=\"https:\/\/www.erresse-shop.it\/de\/shop\/kuche\/wasserkocher\/alessi-3909-kessel\/\" \/>\n<meta property=\"og:site_name\" content=\"Erresse Shop\" \/>\n<meta property=\"article:modified_time\" content=\"2026-02-23T09:42:24+00:00\" \/>\n<meta property=\"og:image\" content=\"https:\/\/www.erresse-shop.it\/wp-content\/uploads\/2025\/02\/ALESSI-3909-Bollitore.jpg\" \/>\n\t<meta property=\"og:image:width\" content=\"1200\" \/>\n\t<meta property=\"og:image:height\" content=\"1200\" \/>\n\t<meta property=\"og:image:type\" content=\"image\/jpeg\" \/>\n<meta name=\"twitter:card\" content=\"summary_large_image\" \/>\n<script type=\"application\/ld+json\" class=\"yoast-schema-graph\">{\"@context\":\"https:\/\/schema.org\",\"@graph\":[{\"@type\":\"WebPage\",\"@id\":\"https:\/\/www.erresse-shop.it\/de\/shop\/kuche\/wasserkocher\/alessi-3909-kessel\/\",\"url\":\"https:\/\/www.erresse-shop.it\/de\/shop\/kuche\/wasserkocher\/alessi-3909-kessel\/\",\"name\":\"ALESSI 3909 Kessel - Erresse Shop\",\"isPartOf\":{\"@id\":\"https:\/\/www.erresse-shop.it\/de\/#website\"},\"datePublished\":\"2025-02-27T09:53:26+00:00\",\"dateModified\":\"2026-02-23T09:42:24+00:00\",\"description\":\"Mit einer Mischung aus verschiedenen kulturellen Aspekten entf\u00fchrt der Design-Wasserkessel 3909 direkt nach Amerika. Das Ph\u00e4nomen des Basketballs und\",\"breadcrumb\":{\"@id\":\"https:\/\/www.erresse-shop.it\/de\/shop\/kuche\/wasserkocher\/alessi-3909-kessel\/#breadcrumb\"},\"inLanguage\":\"de-DE\",\"potentialAction\":[{\"@type\":\"ReadAction\",\"target\":[\"https:\/\/www.erresse-shop.it\/de\/shop\/kuche\/wasserkocher\/alessi-3909-kessel\/\"]}]},{\"@type\":\"BreadcrumbList\",\"@id\":\"https:\/\/www.erresse-shop.it\/de\/shop\/kuche\/wasserkocher\/alessi-3909-kessel\/#breadcrumb\",\"itemListElement\":[{\"@type\":\"ListItem\",\"position\":1,\"name\":\"Home\",\"item\":\"https:\/\/www.erresse-shop.it\/de\/\"},{\"@type\":\"ListItem\",\"position\":2,\"name\":\"Shop\",\"item\":\"https:\/\/www.erresse-shop.it\/de\/shop\/\"},{\"@type\":\"ListItem\",\"position\":3,\"name\":\"ALESSI 3909 Kessel\"}]},{\"@type\":\"WebSite\",\"@id\":\"https:\/\/www.erresse-shop.it\/de\/#website\",\"url\":\"https:\/\/www.erresse-shop.it\/de\/\",\"name\":\"Erresse Shop\",\"description\":\"Articoli di qualit\u00e0 per la casa\",\"potentialAction\":[{\"@type\":\"SearchAction\",\"target\":{\"@type\":\"EntryPoint\",\"urlTemplate\":\"https:\/\/www.erresse-shop.it\/de\/?s={search_term_string}\"},\"query-input\":\"required name=search_term_string\"}],\"inLanguage\":\"de-DE\"}]}<\/script>\n<!-- \/ Yoast SEO Premium plugin. -->","yoast_head_json":{"title":"ALESSI 3909 Kessel - Erresse Shop","description":"Mit einer Mischung aus verschiedenen kulturellen Aspekten entf\u00fchrt der Design-Wasserkessel 3909 direkt nach Amerika. Das Ph\u00e4nomen des Basketballs und","robots":{"index":"index","follow":"follow","max-snippet":"max-snippet:-1","max-image-preview":"max-image-preview:large","max-video-preview":"max-video-preview:-1"},"canonical":"https:\/\/www.erresse-shop.it\/de\/shop\/kuche\/wasserkocher\/alessi-3909-kessel\/","og_locale":"de_DE","og_type":"article","og_title":"ALESSI 3909 Kessel","og_description":"Mit einer Mischung aus verschiedenen kulturellen Aspekten entf\u00fchrt der Design-Wasserkessel 3909 direkt nach Amerika. Das Ph\u00e4nomen des Basketballs und","og_url":"https:\/\/www.erresse-shop.it\/de\/shop\/kuche\/wasserkocher\/alessi-3909-kessel\/","og_site_name":"Erresse Shop","article_modified_time":"2026-02-23T09:42:24+00:00","og_image":[{"width":1200,"height":1200,"url":"https:\/\/www.erresse-shop.it\/wp-content\/uploads\/2025\/02\/ALESSI-3909-Bollitore.jpg","type":"image\/jpeg"}],"twitter_card":"summary_large_image","schema":{"@context":"https:\/\/schema.org","@graph":[{"@type":"WebPage","@id":"https:\/\/www.erresse-shop.it\/de\/shop\/kuche\/wasserkocher\/alessi-3909-kessel\/","url":"https:\/\/www.erresse-shop.it\/de\/shop\/kuche\/wasserkocher\/alessi-3909-kessel\/","name":"ALESSI 3909 Kessel - Erresse Shop","isPartOf":{"@id":"https:\/\/www.erresse-shop.it\/de\/#website"},"datePublished":"2025-02-27T09:53:26+00:00","dateModified":"2026-02-23T09:42:24+00:00","description":"Mit einer Mischung aus verschiedenen kulturellen Aspekten entf\u00fchrt der Design-Wasserkessel 3909 direkt nach Amerika. Das Ph\u00e4nomen des Basketballs und","breadcrumb":{"@id":"https:\/\/www.erresse-shop.it\/de\/shop\/kuche\/wasserkocher\/alessi-3909-kessel\/#breadcrumb"},"inLanguage":"de-DE","potentialAction":[{"@type":"ReadAction","target":["https:\/\/www.erresse-shop.it\/de\/shop\/kuche\/wasserkocher\/alessi-3909-kessel\/"]}]},{"@type":"BreadcrumbList","@id":"https:\/\/www.erresse-shop.it\/de\/shop\/kuche\/wasserkocher\/alessi-3909-kessel\/#breadcrumb","itemListElement":[{"@type":"ListItem","position":1,"name":"Home","item":"https:\/\/www.erresse-shop.it\/de\/"},{"@type":"ListItem","position":2,"name":"Shop","item":"https:\/\/www.erresse-shop.it\/de\/shop\/"},{"@type":"ListItem","position":3,"name":"ALESSI 3909 Kessel"}]},{"@type":"WebSite","@id":"https:\/\/www.erresse-shop.it\/de\/#website","url":"https:\/\/www.erresse-shop.it\/de\/","name":"Erresse Shop","description":"Articoli di qualit\u00e0 per la casa","potentialAction":[{"@type":"SearchAction","target":{"@type":"EntryPoint","urlTemplate":"https:\/\/www.erresse-shop.it\/de\/?s={search_term_string}"},"query-input":"required name=search_term_string"}],"inLanguage":"de-DE"}]}},"df_price":109.95,"df_sale_price":109.95,"df_regular_price":190,"df_image_link":"https:\/\/www.erresse-shop.it\/wp-content\/uploads\/2025\/02\/ALESSI-3909-Bollitore-300x300.jpg","_links":{"self":[{"href":"https:\/\/www.erresse-shop.it\/de\/wp-json\/wp\/v2\/product\/472717"}],"collection":[{"href":"https:\/\/www.erresse-shop.it\/de\/wp-json\/wp\/v2\/product"}],"about":[{"href":"https:\/\/www.erresse-shop.it\/de\/wp-json\/wp\/v2\/types\/product"}],"wp:featuredmedia":[{"embeddable":true,"href":"https:\/\/www.erresse-shop.it\/de\/wp-json\/wp\/v2\/media\/472744"}],"wp:attachment":[{"href":"https:\/\/www.erresse-shop.it\/de\/wp-json\/wp\/v2\/media?parent=472717"}],"wp:term":[{"taxonomy":"product_cat","embeddable":true,"href":"https:\/\/www.erresse-shop.it\/de\/wp-json\/wp\/v2\/product_cat?post=472717"},{"taxonomy":"product_tag","embeddable":true,"href":"https:\/\/www.erresse-shop.it\/de\/wp-json\/wp\/v2\/product_tag?post=472717"}],"curies":[{"name":"wp","href":"https:\/\/api.w.org\/{rel}","templated":true}]}}